{"id":1732,"date":"2024-11-21T08:33:33","date_gmt":"2024-11-21T08:33:33","guid":{"rendered":"https:\/\/kw-pcb-machine.com\/?post_type=product&#038;p=1732"},"modified":"2024-12-24T08:42:51","modified_gmt":"2024-12-24T08:42:51","slug":"laminator-suchych-folii-na-desky-plosnych-spoju","status":"publish","type":"product","link":"https:\/\/kw-pcb-machine.com\/cs\/vyrobce\/laminator-suchych-folii-na-desky-plosnych-spoju\/","title":{"rendered":"Lamin\u00e1tor such\u00fdch f\u00f3li\u00ed na PCB"},"content":{"rendered":"<p><strong>Pou\u017eit\u00ed: pro laminov\u00e1n\u00ed such\u00fdch f\u00f3li\u00ed \uff08C SUN Brand\uff09<\/strong><\/p>\n\n<table id=\"tablepress-8\" class=\"tablepress tablepress-id-8\">\n<thead>\n<tr class=\"row-1\">\n\t<th class=\"column-1\">Polo\u017eka<\/th><th class=\"column-2\">Velikost<\/th>\n<\/tr>\n<\/thead>\n<tbody class=\"row-striping row-hover\">\n<tr class=\"row-2\">\n\t<td class=\"column-1\">Rozm\u011br panelu<\/td><td class=\"column-2\">D\u00e9lka: 250 a\u017e 640 mm (10\" a\u017e 25\")<br \/>\n\u0160\u00ed\u0159ka: 250 a\u017e 640 mm (10\" a\u017e 25\")<br \/>\nTlou\u0161\u0165ka: 0,05 mm (bez m\u011bdi) a\u017e 3,2 mm (0,002-0,12\")<\/td>\n<\/tr>\n<tr class=\"row-3\">\n\t<td class=\"column-1\">Rozm\u011br such\u00e9ho filmu<\/td><td class=\"column-2\">\u0160\u00ed\u0159ka: 250 a\u017e 610 mm (10\" a\u017e 24\")<br \/>\nTlou\u0161\u0165ka: 15 a\u017e 76um (0,6 a\u017e 3,0mil)<br \/>\nPr\u016fm\u011br p\u0159\u00edvodn\u00ed role: max. 160-250 mm (voliteln\u011b: 1000 stop)<\/td>\n<\/tr>\n<tr class=\"row-4\">\n\t<td class=\"column-1\">Proces laminace<\/td><td class=\"column-2\">Nastaviteln\u00e1 rychlost dopravn\u00edku:1-4 m\/min (39,37-157,48in\/min)<br \/>\nTlak: 2-5kg\/cm2 (40-70psi)<br \/>\nVelikost p\u0159\u00edtla\u010dn\u00e9ho v\u00e1lce: p78,6 x760 mm<\/td>\n<\/tr>\n<tr class=\"row-5\">\n\t<td class=\"column-1\">Zp\u016fsob vyt\u00e1p\u011bn\u00ed<\/td><td class=\"column-2\">Topn\u00e1 patrona 2,0 kW x 2 \/ <br \/>\nInduk\u010dn\u00ed oh\u0159\u00edva\u010d 1,5 kW x 2<\/td>\n<\/tr>\n<tr class=\"row-6\">\n\t<td class=\"column-1\">Komun\u00e1ln\u00ed slu\u017eby<\/td><td class=\"column-2\">P\u0159\u00edvod vzduchu: Stla\u010den\u00fd vzduch: 6 kgf\/cm?(90psi), 2 l\/min.<br \/>\nV\u00fdkon: AC220V 1p60Hz (k dispozici jsou r\u016fzn\u00e9 mo\u017enosti nap\u00e1jen\u00ed)<\/td>\n<\/tr>\n<tr class=\"row-7\">\n\t<td class=\"column-1\">Rozm\u011br<\/td><td class=\"column-2\">Vn\u011bj\u0161\u00ed rozm\u011bry: D1190 x \u0160775 x V1235 mm (bez podstavce)<br \/>\nD1190 x\u0160775 xH1740mm (s podstavcem)<\/td>\n<\/tr>\n<tr class=\"row-8\">\n\t<td class=\"column-1\">V\u00fdfuk<\/td><td class=\"column-2\">\u03c64 \"x1(4CMM)<\/td>\n<\/tr>\n<\/tbody>\n<\/table>\n<!-- #tablepress-8 from cache -->\n<a href=\"https:\/\/kw-pcb-machine.com\/cs\/kontakt\/\" class=\"button primary is-shade box-shadow-3 box-shadow-5-hover\"  style=\"border-radius:5px;\">\n    <span>\u017d\u00e1dost o cenovou nab\u00eddku<\/span>\n  <\/a>","protected":false},"excerpt":{"rendered":"<ul>\n<li><strong>Vysoce p\u0159esn\u00e9 laminov\u00e1n\u00ed<\/strong>: Zaji\u0161\u0165uje rovnom\u011brn\u00e9 nan\u00e1\u0161en\u00ed such\u00fdch f\u00f3li\u00ed bez bublin a zlep\u0161uje kvalitu v\u00fdroby desek plo\u0161n\u00fdch spoj\u016f.<\/li>\n<li><strong>Zv\u00fd\u0161en\u00ed efektivity<\/strong>: Urychluje proces laminace, zkracuje v\u00fdrobn\u00ed \u010das a zvy\u0161uje produktivitu pr\u00e1ce.<\/li>\n<li><strong>N\u00e1kladov\u00e1 efektivita<\/strong>: Minimalizuje pl\u00fdtv\u00e1n\u00ed materi\u00e1lem a eliminuje pot\u0159ebu slo\u017eit\u00fdch manu\u00e1ln\u00edch proces\u016f, \u010d\u00edm\u017e \u0161et\u0159\u00ed provozn\u00ed n\u00e1klady.<\/li>\n<li><strong>V\u0161estrannost<\/strong>: Podporuje r\u016fzn\u00e9 such\u00e9 f\u00f3lie a velikosti desek plo\u0161n\u00fdch spoj\u016f, tak\u017ee je vhodn\u00fd jak pro mal\u00e9 prototypy, tak pro velkov\u00fdrobu.<\/li>\n<\/ul>","protected":false},"featured_media":1733,"comment_status":"open","ping_status":"closed","template":"","meta":[],"product_brand":[],"product_cat":[51,38],"product_tag":[],"class_list":{"0":"post-1732","1":"product","2":"type-product","3":"status-publish","4":"has-post-thumbnail","6":"product_cat-used-pcb-fabrication-machine","7":"product_cat-laminator","9":"first","10":"instock","11":"shipping-taxable","12":"product-type-simple"},"yoast_head":"<!-- This site is optimized with the Yoast SEO plugin v25.5 - https:\/\/yoast.com\/wordpress\/plugins\/seo\/ -->\n<title>Affordable and Efficient Dry Film Laminators for PCB Production<\/title>\n<meta name=\"description\" content=\"Streamline your lamination process with our cost-effective dry film laminators. Featuring user-friendly controls and durable construction, these machines help you achieve excellent lamination quality with reduced downtime. Perfect for businesses aiming to enhance productivity and maintain competitive edge.\" \/>\n<meta name=\"robots\" content=\"index, follow, max-snippet:-1, max-image-preview:large, max-video-preview:-1\" \/>\n<link rel=\"canonical\" href=\"https:\/\/kw-pcb-machine.com\/cs\/vyrobce\/laminator-suchych-folii-na-desky-plosnych-spoju\/\" \/>\n<meta property=\"og:locale\" content=\"cs_CZ\" \/>\n<meta property=\"og:type\" content=\"article\" \/>\n<meta property=\"og:title\" content=\"Affordable and Efficient Dry Film Laminators for PCB Production\" \/>\n<meta property=\"og:description\" content=\"Streamline your lamination process with our cost-effective dry film laminators. Featuring user-friendly controls and durable construction, these machines help you achieve excellent lamination quality with reduced downtime. Perfect for businesses aiming to enhance productivity and maintain competitive edge.\" \/>\n<meta property=\"og:url\" content=\"https:\/\/kw-pcb-machine.com\/cs\/vyrobce\/laminator-suchych-folii-na-desky-plosnych-spoju\/\" \/>\n<meta property=\"og:site_name\" content=\"Kewei Industries HK limited\" \/>\n<meta property=\"article:modified_time\" content=\"2024-12-24T08:42:51+00:00\" \/>\n<meta property=\"og:image\" content=\"https:\/\/kw-pcb-machine.com\/wp-content\/uploads\/2024\/11\/dry-film-laminator.webp\" \/>\n\t<meta property=\"og:image:width\" content=\"600\" \/>\n\t<meta property=\"og:image:height\" content=\"681\" \/>\n\t<meta property=\"og:image:type\" content=\"image\/webp\" \/>\n<meta name=\"twitter:card\" content=\"summary_large_image\" \/>\n<meta name=\"twitter:label1\" content=\"Odhadovan\u00e1 doba \u010dten\u00ed\" \/>\n\t<meta name=\"twitter:data1\" content=\"1 minuta\" \/>\n<script type=\"application\/ld+json\" class=\"yoast-schema-graph\">{\"@context\":\"https:\/\/schema.org\",\"@graph\":[{\"@type\":\"WebPage\",\"@id\":\"https:\/\/kw-pcb-machine.com\/manufacturer\/pcb-dry-film-laminator\/\",\"url\":\"https:\/\/kw-pcb-machine.com\/manufacturer\/pcb-dry-film-laminator\/\",\"name\":\"Affordable and Efficient Dry Film Laminators for PCB Production\",\"isPartOf\":{\"@id\":\"https:\/\/kw-pcb-machine.com\/#website\"},\"primaryImageOfPage\":{\"@id\":\"https:\/\/kw-pcb-machine.com\/manufacturer\/pcb-dry-film-laminator\/#primaryimage\"},\"image\":{\"@id\":\"https:\/\/kw-pcb-machine.com\/manufacturer\/pcb-dry-film-laminator\/#primaryimage\"},\"thumbnailUrl\":\"https:\/\/kw-pcb-machine.com\/wp-content\/uploads\/2024\/11\/dry-film-laminator.webp\",\"datePublished\":\"2024-11-21T08:33:33+00:00\",\"dateModified\":\"2024-12-24T08:42:51+00:00\",\"description\":\"Streamline your lamination process with our cost-effective dry film laminators. Featuring user-friendly controls and durable construction, these machines help you achieve excellent lamination quality with reduced downtime. Perfect for businesses aiming to enhance productivity and maintain competitive edge.\",\"breadcrumb\":{\"@id\":\"https:\/\/kw-pcb-machine.com\/manufacturer\/pcb-dry-film-laminator\/#breadcrumb\"},\"inLanguage\":\"cs\",\"potentialAction\":[{\"@type\":\"ReadAction\",\"target\":[\"https:\/\/kw-pcb-machine.com\/manufacturer\/pcb-dry-film-laminator\/\"]}]},{\"@type\":\"ImageObject\",\"inLanguage\":\"cs\",\"@id\":\"https:\/\/kw-pcb-machine.com\/manufacturer\/pcb-dry-film-laminator\/#primaryimage\",\"url\":\"https:\/\/kw-pcb-machine.com\/wp-content\/uploads\/2024\/11\/dry-film-laminator.webp\",\"contentUrl\":\"https:\/\/kw-pcb-machine.com\/wp-content\/uploads\/2024\/11\/dry-film-laminator.webp\",\"width\":600,\"height\":681,\"caption\":\"dry film laminator\"},{\"@type\":\"BreadcrumbList\",\"@id\":\"https:\/\/kw-pcb-machine.com\/manufacturer\/pcb-dry-film-laminator\/#breadcrumb\",\"itemListElement\":[{\"@type\":\"ListItem\",\"position\":1,\"name\":\"Home\",\"item\":\"https:\/\/kw-pcb-machine.com\/\"},{\"@type\":\"ListItem\",\"position\":2,\"name\":\"Products\",\"item\":\"https:\/\/kw-pcb-machine.com\/shop\/\"},{\"@type\":\"ListItem\",\"position\":3,\"name\":\"PCB Dry Film Laminator\"}]},{\"@type\":\"WebSite\",\"@id\":\"https:\/\/kw-pcb-machine.com\/#website\",\"url\":\"https:\/\/kw-pcb-machine.com\/\",\"name\":\"Kewei Industries HK limited\",\"description\":\"Printed Circuit Board (PCB) Making Machine Supplier\",\"potentialAction\":[{\"@type\":\"SearchAction\",\"target\":{\"@type\":\"EntryPoint\",\"urlTemplate\":\"https:\/\/kw-pcb-machine.com\/?s={search_term_string}\"},\"query-input\":{\"@type\":\"PropertyValueSpecification\",\"valueRequired\":true,\"valueName\":\"search_term_string\"}}],\"inLanguage\":\"cs\"}]}<\/script>\n<!-- \/ Yoast SEO plugin. -->","yoast_head_json":{"title":"Cenov\u011b dostupn\u00e9 a efektivn\u00ed lamin\u00e1tory pro v\u00fdrobu desek plo\u0161n\u00fdch spoj\u016f za sucha","description":"Zjednodu\u0161te sv\u016fj proces laminov\u00e1n\u00ed pomoc\u00ed na\u0161ich cenov\u011b v\u00fdhodn\u00fdch lamin\u00e1tor\u016f such\u00fdch f\u00f3li\u00ed. Tyto stroje s u\u017eivatelsky p\u0159\u00edv\u011btiv\u00fdm ovl\u00e1d\u00e1n\u00edm a odolnou konstrukc\u00ed v\u00e1m pomohou dos\u00e1hnout vynikaj\u00edc\u00ed kvality laminace s krat\u0161\u00edmi prostoji. Jsou ide\u00e1ln\u00ed pro podniky, kter\u00e9 usiluj\u00ed o zv\u00fd\u0161en\u00ed produktivity a udr\u017een\u00ed konkuren\u010dn\u00ed v\u00fdhody.","robots":{"index":"index","follow":"follow","max-snippet":"max-snippet:-1","max-image-preview":"max-image-preview:large","max-video-preview":"max-video-preview:-1"},"canonical":"https:\/\/kw-pcb-machine.com\/cs\/vyrobce\/laminator-suchych-folii-na-desky-plosnych-spoju\/","og_locale":"cs_CZ","og_type":"article","og_title":"Affordable and Efficient Dry Film Laminators for PCB Production","og_description":"Streamline your lamination process with our cost-effective dry film laminators. Featuring user-friendly controls and durable construction, these machines help you achieve excellent lamination quality with reduced downtime. Perfect for businesses aiming to enhance productivity and maintain competitive edge.","og_url":"https:\/\/kw-pcb-machine.com\/cs\/vyrobce\/laminator-suchych-folii-na-desky-plosnych-spoju\/","og_site_name":"Kewei Industries HK limited","article_modified_time":"2024-12-24T08:42:51+00:00","og_image":[{"width":600,"height":681,"url":"https:\/\/kw-pcb-machine.com\/wp-content\/uploads\/2024\/11\/dry-film-laminator.webp","type":"image\/webp"}],"twitter_card":"summary_large_image","twitter_misc":{"Odhadovan\u00e1 doba \u010dten\u00ed":"1 minuta"},"schema":{"@context":"https:\/\/schema.org","@graph":[{"@type":"WebPage","@id":"https:\/\/kw-pcb-machine.com\/manufacturer\/pcb-dry-film-laminator\/","url":"https:\/\/kw-pcb-machine.com\/manufacturer\/pcb-dry-film-laminator\/","name":"Cenov\u011b dostupn\u00e9 a efektivn\u00ed lamin\u00e1tory pro v\u00fdrobu desek plo\u0161n\u00fdch spoj\u016f za sucha","isPartOf":{"@id":"https:\/\/kw-pcb-machine.com\/#website"},"primaryImageOfPage":{"@id":"https:\/\/kw-pcb-machine.com\/manufacturer\/pcb-dry-film-laminator\/#primaryimage"},"image":{"@id":"https:\/\/kw-pcb-machine.com\/manufacturer\/pcb-dry-film-laminator\/#primaryimage"},"thumbnailUrl":"https:\/\/kw-pcb-machine.com\/wp-content\/uploads\/2024\/11\/dry-film-laminator.webp","datePublished":"2024-11-21T08:33:33+00:00","dateModified":"2024-12-24T08:42:51+00:00","description":"Zjednodu\u0161te sv\u016fj proces laminov\u00e1n\u00ed pomoc\u00ed na\u0161ich cenov\u011b v\u00fdhodn\u00fdch lamin\u00e1tor\u016f such\u00fdch f\u00f3li\u00ed. Tyto stroje s u\u017eivatelsky p\u0159\u00edv\u011btiv\u00fdm ovl\u00e1d\u00e1n\u00edm a odolnou konstrukc\u00ed v\u00e1m pomohou dos\u00e1hnout vynikaj\u00edc\u00ed kvality laminace s krat\u0161\u00edmi prostoji. Jsou ide\u00e1ln\u00ed pro podniky, kter\u00e9 usiluj\u00ed o zv\u00fd\u0161en\u00ed produktivity a udr\u017een\u00ed konkuren\u010dn\u00ed v\u00fdhody.","breadcrumb":{"@id":"https:\/\/kw-pcb-machine.com\/manufacturer\/pcb-dry-film-laminator\/#breadcrumb"},"inLanguage":"cs","potentialAction":[{"@type":"ReadAction","target":["https:\/\/kw-pcb-machine.com\/manufacturer\/pcb-dry-film-laminator\/"]}]},{"@type":"ImageObject","inLanguage":"cs","@id":"https:\/\/kw-pcb-machine.com\/manufacturer\/pcb-dry-film-laminator\/#primaryimage","url":"https:\/\/kw-pcb-machine.com\/wp-content\/uploads\/2024\/11\/dry-film-laminator.webp","contentUrl":"https:\/\/kw-pcb-machine.com\/wp-content\/uploads\/2024\/11\/dry-film-laminator.webp","width":600,"height":681,"caption":"dry film laminator"},{"@type":"BreadcrumbList","@id":"https:\/\/kw-pcb-machine.com\/manufacturer\/pcb-dry-film-laminator\/#breadcrumb","itemListElement":[{"@type":"ListItem","position":1,"name":"Home","item":"https:\/\/kw-pcb-machine.com\/"},{"@type":"ListItem","position":2,"name":"Products","item":"https:\/\/kw-pcb-machine.com\/shop\/"},{"@type":"ListItem","position":3,"name":"PCB Dry Film Laminator"}]},{"@type":"WebSite","@id":"https:\/\/kw-pcb-machine.com\/#website","url":"https:\/\/kw-pcb-machine.com\/","name":"Kewei Industries HK limited","description":"Dodavatel stroj\u016f na v\u00fdrobu desek s plo\u0161n\u00fdmi spoji (PCB)","potentialAction":[{"@type":"SearchAction","target":{"@type":"EntryPoint","urlTemplate":"https:\/\/kw-pcb-machine.com\/?s={search_term_string}"},"query-input":{"@type":"PropertyValueSpecification","valueRequired":true,"valueName":"search_term_string"}}],"inLanguage":"cs"}]}},"_links":{"self":[{"href":"https:\/\/kw-pcb-machine.com\/cs\/wp-json\/wp\/v2\/product\/1732","targetHints":{"allow":["GET"]}}],"collection":[{"href":"https:\/\/kw-pcb-machine.com\/cs\/wp-json\/wp\/v2\/product"}],"about":[{"href":"https:\/\/kw-pcb-machine.com\/cs\/wp-json\/wp\/v2\/types\/product"}],"replies":[{"embeddable":true,"href":"https:\/\/kw-pcb-machine.com\/cs\/wp-json\/wp\/v2\/comments?post=1732"}],"wp:featuredmedia":[{"embeddable":true,"href":"https:\/\/kw-pcb-machine.com\/cs\/wp-json\/wp\/v2\/media\/1733"}],"wp:attachment":[{"href":"https:\/\/kw-pcb-machine.com\/cs\/wp-json\/wp\/v2\/media?parent=1732"}],"wp:term":[{"taxonomy":"product_brand","embeddable":true,"href":"https:\/\/kw-pcb-machine.com\/cs\/wp-json\/wp\/v2\/product_brand?post=1732"},{"taxonomy":"product_cat","embeddable":true,"href":"https:\/\/kw-pcb-machine.com\/cs\/wp-json\/wp\/v2\/product_cat?post=1732"},{"taxonomy":"product_tag","embeddable":true,"href":"https:\/\/kw-pcb-machine.com\/cs\/wp-json\/wp\/v2\/product_tag?post=1732"}],"curies":[{"name":"wp","href":"https:\/\/api.w.org\/{rel}","templated":true}]}}