{"id":1736,"date":"2024-11-21T08:53:31","date_gmt":"2024-11-21T08:53:31","guid":{"rendered":"https:\/\/kw-pcb-machine.com\/?post_type=product&#038;p=1736"},"modified":"2024-12-24T08:42:06","modified_gmt":"2024-12-24T08:42:06","slug":"stroj-na-osvit-desek-plosnych-spoju","status":"publish","type":"product","link":"https:\/\/kw-pcb-machine.com\/cs\/vyrobce\/stroj-na-osvit-desek-plosnych-spoju\/","title":{"rendered":"Expozi\u010dn\u00ed stroj na PCB"},"content":{"rendered":"<p><strong>Pou\u017eit\u00ed: pro expozici desek s plo\u0161n\u00fdmi spoji (PCB) \uff08CBTech Brand\uff09<\/strong><\/p>\n\n<table id=\"tablepress-9\" class=\"tablepress tablepress-id-9\">\n<thead>\n<tr class=\"row-1\">\n\t<th class=\"column-1\">Polo\u017eka<\/th><th class=\"column-2\">Velikost<\/th>\n<\/tr>\n<\/thead>\n<tbody class=\"row-striping row-hover\">\n<tr class=\"row-2\">\n\t<td class=\"column-1\">Expozice:<\/td><td class=\"column-2\">Jednostrann\u00fd, dvojit\u00fd z\u00e1sobn\u00edk<\/td>\n<\/tr>\n<tr class=\"row-3\">\n\t<td class=\"column-1\">Sv\u011btlo:<\/td><td class=\"column-2\">Rozpt\u00fdlen\u00e9 sv\u011btlo<\/td>\n<\/tr>\n<tr class=\"row-4\">\n\t<td class=\"column-1\">Propustnost:<\/td><td class=\"column-2\">&gt;2,0 stran\/min<\/td>\n<\/tr>\n<tr class=\"row-5\">\n\t<td class=\"column-1\">Velikost panelu:<\/td><td class=\"column-2\">250mm\u00d7305mm~534mm\u00d7610mm\/610\u00d7712mm(Increase)<\/td>\n<\/tr>\n<tr class=\"row-6\">\n\t<td class=\"column-1\">Rozhran\u00ed:<\/td><td class=\"column-2\">\u010c\u00edn\u0161tina\/angli\u010dtina + dotykov\u00e1 obrazovka<\/td>\n<\/tr>\n<tr class=\"row-7\">\n\t<td class=\"column-1\">Tlou\u0161\u0165ka:<\/td><td class=\"column-2\">0,1 mm ~ 3,2 mm\/0,05 mm (voliteln\u011b)<\/td>\n<\/tr>\n<tr class=\"row-8\">\n\t<td class=\"column-1\">Warp and Twist:<\/td><td class=\"column-2\">Max. 1 mm<\/td>\n<\/tr>\n<tr class=\"row-9\">\n\t<td class=\"column-1\">Velikost um\u011bleck\u00e9ho d\u00edla:<\/td><td class=\"column-2\">610mm\u00d7660mm(24\u201d\u00d726\u201d) \/660\u00d7762mm(26\u201d\u00d730\u201d,Increase)<\/td>\n<\/tr>\n<tr class=\"row-10\">\n\t<td class=\"column-1\">Odolat:<\/td><td class=\"column-2\">Tekut\u00fd odpor<\/td>\n<\/tr>\n<tr class=\"row-11\">\n\t<td class=\"column-1\">Energie:<\/td><td class=\"column-2\">70mw\/cm\u00b2<\/td>\n<\/tr>\n<tr class=\"row-12\">\n\t<td class=\"column-1\">Vyrovn\u00e1n\u00ed \/ kontrola:<\/td><td class=\"column-2\">Automatick\u00e9 zarovn\u00e1n\u00ed kresby na panel<\/td>\n<\/tr>\n<tr class=\"row-13\">\n\t<td class=\"column-1\">Po\u010det kamer:<\/td><td class=\"column-2\">4<\/td>\n<\/tr>\n<tr class=\"row-14\">\n\t<td class=\"column-1\">P\u0159esnost zarovn\u00e1n\u00ed:<\/td><td class=\"column-2\">3\u03c3\u226410\u03bcm<\/td>\n<\/tr>\n<tr class=\"row-15\">\n\t<td class=\"column-1\">Pohyb kamer v ose X-Y:<\/td><td class=\"column-2\">Automaticky<\/td>\n<\/tr>\n<tr class=\"row-16\">\n\t<td class=\"column-1\">Okno fotoapar\u00e1tu:<\/td><td class=\"column-2\">7,8 \u00d7 7,2 mm<\/td>\n<\/tr>\n<tr class=\"row-17\">\n\t<td class=\"column-1\">Kontrola:<\/td><td class=\"column-2\">Pr\u016fmyslov\u00fd po\u010d\u00edta\u010d + Windows<\/td>\n<\/tr>\n<tr class=\"row-18\">\n\t<td class=\"column-1\">\u010cist\u00e1 m\u00edstnost:<\/td><td class=\"column-2\">pokoj: T\u0159\u00edda 10 000<\/td>\n<\/tr>\n<tr class=\"row-19\">\n\t<td class=\"column-1\">Teplota:<\/td><td class=\"column-2\">Maxim\u00e1ln\u00ed rozd\u00edl + 3 \u00b0C<\/td>\n<\/tr>\n<tr class=\"row-20\">\n\t<td class=\"column-1\">Jednotnost:<\/td><td class=\"column-2\">534\u00d7610mm\uff1e85% ; 610\u00d7712mm\uff1e85%(Zv\u00fd\u0161en\u00ed)<\/td>\n<\/tr>\n<tr class=\"row-21\">\n\t<td class=\"column-1\">P\u0159edb\u011b\u017en\u00e1 registrace:<\/td><td class=\"column-2\">Hrana<\/td>\n<\/tr>\n<tr class=\"row-22\">\n\t<td class=\"column-1\">PAD Shrink:<\/td><td class=\"column-2\">18 \u03bcm (akryl) ; 25,4 \u03bcm (sklo)<\/td>\n<\/tr>\n<tr class=\"row-23\">\n\t<td class=\"column-1\">T\u011bsn\u011bn\u00ed r\u00e1mu:<\/td><td class=\"column-2\">Tlak vzduchu<\/td>\n<\/tr>\n<tr class=\"row-24\">\n\t<td class=\"column-1\">Sklo:<\/td><td class=\"column-2\">Tvrzen\u00e9 sklo<\/td>\n<\/tr>\n<tr class=\"row-25\">\n\t<td class=\"column-1\">Expozice panelu:<\/td><td class=\"column-2\">expozice: nutn\u00e1 distan\u010dn\u00ed podlo\u017eka<\/td>\n<\/tr>\n<tr class=\"row-26\">\n\t<td class=\"column-1\">D\u00e9lka\/\u0161\u00ed\u0159ka\/v\u00fd\u0161ka:<\/td><td class=\"column-2\">2962 mm\/1400 mm\/2167 mm<\/td>\n<\/tr>\n<tr class=\"row-27\">\n\t<td class=\"column-1\">D\u00e9lka\/\u0161\u00ed\u0159ka\/v\u00fd\u0161ka (chladic\u00ed za\u0159\u00edzen\u00ed):<\/td><td class=\"column-2\">760 mm\/1020 mm\/1800 mm<\/td>\n<\/tr>\n<tr class=\"row-28\">\n\t<td class=\"column-1\">Elektrick\u00e1 za\u0159\u00edzen\u00ed:<\/td><td class=\"column-2\">220V\/380V,60\/50Hz,3\u03c64W,30KVA+7.5KVA(chiller)<\/td>\n<\/tr>\n<tr class=\"row-29\">\n\t<td class=\"column-1\">Chladic\u00ed voda: Tlak:<\/td><td class=\"column-2\">Tlak: 2,5 ~ 3KG, 7-12 \u00b0C Pr\u016ftok, 60 l\/min, 1 \"PIPE<\/td>\n<\/tr>\n<tr class=\"row-30\">\n\t<td class=\"column-1\">Zdroj vzduchu:<\/td><td class=\"column-2\">Flow 150~200L\/min,\u03c612mm,5.5kg\/cm\u00b2<\/td>\n<\/tr>\n<tr class=\"row-31\">\n\t<td class=\"column-1\">V\u00fdfuk:<\/td><td class=\"column-2\">4\"\u00d71<\/td>\n<\/tr>\n<\/tbody>\n<\/table>\n\n<a href=\"https:\/\/kw-pcb-machine.com\/cs\/kontakt\/\" class=\"button primary is-shade box-shadow-3 box-shadow-5-hover\"  style=\"border-radius:5px;\">\n    <span>\u017d\u00e1dost o cenovou nab\u00eddku<\/span>\n  <\/a>","protected":false},"excerpt":{"rendered":"<ul>\n<li><strong>Vysok\u00e1 p\u0159esnost<\/strong>: Zaji\u0161\u0165uje p\u0159esn\u00fd a detailn\u00ed p\u0159enos obrazu a vytv\u00e1\u0159\u00ed vysoce kvalitn\u00ed obvodov\u00e9 vzory s ostr\u00fdmi hranami.<\/li>\n<li><strong>Zv\u00fd\u0161en\u00ed efektivity<\/strong>: Urychluje proces osvit\u016f, zkracuje v\u00fdrobn\u00ed \u010das a zvy\u0161uje produktivitu pr\u00e1ce.<\/li>\n<li><strong>V\u0161estrannost<\/strong>: Kompatibiln\u00ed s r\u016fzn\u00fdmi fotorezistov\u00fdmi materi\u00e1ly a velikostmi desek plo\u0161n\u00fdch spoj\u016f, tak\u017ee je vhodn\u00fd jak pro prototypov\u00e1n\u00ed, tak pro s\u00e9riovou v\u00fdrobu.<\/li>\n<li><strong>U\u017eivatelsky p\u0159\u00edv\u011btiv\u00fd design<\/strong>: Nab\u00edz\u00ed intuitivn\u00ed ovl\u00e1d\u00e1n\u00ed a nastaviteln\u00e9 parametry, kter\u00e9 umo\u017e\u0148uj\u00ed snadn\u00e9 ovl\u00e1d\u00e1n\u00ed a p\u0159izp\u016fsoben\u00ed specifick\u00fdm v\u00fdrobn\u00edm pot\u0159eb\u00e1m.<\/li>\n<\/ul>","protected":false},"featured_media":1737,"comment_status":"open","ping_status":"closed","template":"","meta":[],"product_brand":[],"product_cat":[51,40],"product_tag":[],"class_list":{"0":"post-1736","1":"product","2":"type-product","3":"status-publish","4":"has-post-thumbnail","6":"product_cat-used-pcb-fabrication-machine","7":"product_cat-exposure-ldi","9":"first","10":"instock","11":"shipping-taxable","12":"product-type-simple"},"yoast_head":"<!-- This site is optimized with the Yoast SEO plugin v25.5 - https:\/\/yoast.com\/wordpress\/plugins\/seo\/ -->\n<title>Efficient PCB Exposure Machines for Your PCB Production<\/title>\n<meta name=\"description\" content=\"Upgrade your PCB manufacturing with our reliable PCB exposure machines. Engineered for fast operation and precise light exposure, these machines guarantee accurate image transfer and high production yields. Perfect for businesses aiming to optimize performance and reduce production time.&quot;\" \/>\n<meta name=\"robots\" content=\"index, follow, max-snippet:-1, max-image-preview:large, max-video-preview:-1\" \/>\n<link rel=\"canonical\" href=\"https:\/\/kw-pcb-machine.com\/cs\/vyrobce\/stroj-na-osvit-desek-plosnych-spoju\/\" \/>\n<meta property=\"og:locale\" content=\"cs_CZ\" \/>\n<meta property=\"og:type\" content=\"article\" \/>\n<meta property=\"og:title\" content=\"Efficient PCB Exposure Machines for Your PCB Production\" \/>\n<meta property=\"og:description\" content=\"Upgrade your PCB manufacturing with our reliable PCB exposure machines. Engineered for fast operation and precise light exposure, these machines guarantee accurate image transfer and high production yields. Perfect for businesses aiming to optimize performance and reduce production time.&quot;\" \/>\n<meta property=\"og:url\" content=\"https:\/\/kw-pcb-machine.com\/cs\/vyrobce\/stroj-na-osvit-desek-plosnych-spoju\/\" \/>\n<meta property=\"og:site_name\" content=\"Kewei Industries HK limited\" \/>\n<meta property=\"article:modified_time\" content=\"2024-12-24T08:42:06+00:00\" \/>\n<meta property=\"og:image\" content=\"https:\/\/kw-pcb-machine.com\/wp-content\/uploads\/2024\/11\/pcb-exposure-machine.webp\" \/>\n\t<meta property=\"og:image:width\" content=\"600\" \/>\n\t<meta property=\"og:image:height\" content=\"512\" \/>\n\t<meta property=\"og:image:type\" content=\"image\/webp\" \/>\n<meta name=\"twitter:card\" content=\"summary_large_image\" \/>\n<meta name=\"twitter:label1\" content=\"Odhadovan\u00e1 doba \u010dten\u00ed\" \/>\n\t<meta name=\"twitter:data1\" content=\"1 minuta\" \/>\n<script type=\"application\/ld+json\" class=\"yoast-schema-graph\">{\"@context\":\"https:\/\/schema.org\",\"@graph\":[{\"@type\":\"WebPage\",\"@id\":\"https:\/\/kw-pcb-machine.com\/manufacturer\/pcb-exposure-machine\/\",\"url\":\"https:\/\/kw-pcb-machine.com\/manufacturer\/pcb-exposure-machine\/\",\"name\":\"Efficient PCB Exposure Machines for Your PCB Production\",\"isPartOf\":{\"@id\":\"https:\/\/kw-pcb-machine.com\/#website\"},\"primaryImageOfPage\":{\"@id\":\"https:\/\/kw-pcb-machine.com\/manufacturer\/pcb-exposure-machine\/#primaryimage\"},\"image\":{\"@id\":\"https:\/\/kw-pcb-machine.com\/manufacturer\/pcb-exposure-machine\/#primaryimage\"},\"thumbnailUrl\":\"https:\/\/kw-pcb-machine.com\/wp-content\/uploads\/2024\/11\/pcb-exposure-machine.webp\",\"datePublished\":\"2024-11-21T08:53:31+00:00\",\"dateModified\":\"2024-12-24T08:42:06+00:00\",\"description\":\"Upgrade your PCB manufacturing with our reliable PCB exposure machines. Engineered for fast operation and precise light exposure, these machines guarantee accurate image transfer and high production yields. Perfect for businesses aiming to optimize performance and reduce production time.\\\"\",\"breadcrumb\":{\"@id\":\"https:\/\/kw-pcb-machine.com\/manufacturer\/pcb-exposure-machine\/#breadcrumb\"},\"inLanguage\":\"cs\",\"potentialAction\":[{\"@type\":\"ReadAction\",\"target\":[\"https:\/\/kw-pcb-machine.com\/manufacturer\/pcb-exposure-machine\/\"]}]},{\"@type\":\"ImageObject\",\"inLanguage\":\"cs\",\"@id\":\"https:\/\/kw-pcb-machine.com\/manufacturer\/pcb-exposure-machine\/#primaryimage\",\"url\":\"https:\/\/kw-pcb-machine.com\/wp-content\/uploads\/2024\/11\/pcb-exposure-machine.webp\",\"contentUrl\":\"https:\/\/kw-pcb-machine.com\/wp-content\/uploads\/2024\/11\/pcb-exposure-machine.webp\",\"width\":600,\"height\":512,\"caption\":\"pcb exposure machine\"},{\"@type\":\"BreadcrumbList\",\"@id\":\"https:\/\/kw-pcb-machine.com\/manufacturer\/pcb-exposure-machine\/#breadcrumb\",\"itemListElement\":[{\"@type\":\"ListItem\",\"position\":1,\"name\":\"Home\",\"item\":\"https:\/\/kw-pcb-machine.com\/\"},{\"@type\":\"ListItem\",\"position\":2,\"name\":\"Products\",\"item\":\"https:\/\/kw-pcb-machine.com\/shop\/\"},{\"@type\":\"ListItem\",\"position\":3,\"name\":\"PCB Exposure Machine\"}]},{\"@type\":\"WebSite\",\"@id\":\"https:\/\/kw-pcb-machine.com\/#website\",\"url\":\"https:\/\/kw-pcb-machine.com\/\",\"name\":\"Kewei Industries HK limited\",\"description\":\"Printed Circuit Board (PCB) Making Machine Supplier\",\"potentialAction\":[{\"@type\":\"SearchAction\",\"target\":{\"@type\":\"EntryPoint\",\"urlTemplate\":\"https:\/\/kw-pcb-machine.com\/?s={search_term_string}\"},\"query-input\":{\"@type\":\"PropertyValueSpecification\",\"valueRequired\":true,\"valueName\":\"search_term_string\"}}],\"inLanguage\":\"cs\"}]}<\/script>\n<!-- \/ Yoast SEO plugin. -->","yoast_head_json":{"title":"Efektivn\u00ed stroje na osvit desek plo\u0161n\u00fdch spoj\u016f pro va\u0161i v\u00fdrobu desek plo\u0161n\u00fdch spoj\u016f","description":"Vylep\u0161ete svou v\u00fdrobu desek plo\u0161n\u00fdch spoj\u016f pomoc\u00ed na\u0161ich spolehliv\u00fdch stroj\u016f pro osvit desek plo\u0161n\u00fdch spoj\u016f. Tyto stroje jsou navr\u017eeny pro rychl\u00fd provoz a p\u0159esnou expozici sv\u011btlem a zaru\u010duj\u00ed p\u0159esn\u00fd p\u0159enos obrazu a vysokou v\u00fdt\u011b\u017enost v\u00fdroby. Jsou ide\u00e1ln\u00ed pro podniky, kter\u00e9 usiluj\u00ed o optimalizaci v\u00fdkonu a zkr\u00e1cen\u00ed doby v\u00fdroby.\"","robots":{"index":"index","follow":"follow","max-snippet":"max-snippet:-1","max-image-preview":"max-image-preview:large","max-video-preview":"max-video-preview:-1"},"canonical":"https:\/\/kw-pcb-machine.com\/cs\/vyrobce\/stroj-na-osvit-desek-plosnych-spoju\/","og_locale":"cs_CZ","og_type":"article","og_title":"Efficient PCB Exposure Machines for Your PCB Production","og_description":"Upgrade your PCB manufacturing with our reliable PCB exposure machines. Engineered for fast operation and precise light exposure, these machines guarantee accurate image transfer and high production yields. Perfect for businesses aiming to optimize performance and reduce production time.\"","og_url":"https:\/\/kw-pcb-machine.com\/cs\/vyrobce\/stroj-na-osvit-desek-plosnych-spoju\/","og_site_name":"Kewei Industries HK limited","article_modified_time":"2024-12-24T08:42:06+00:00","og_image":[{"width":600,"height":512,"url":"https:\/\/kw-pcb-machine.com\/wp-content\/uploads\/2024\/11\/pcb-exposure-machine.webp","type":"image\/webp"}],"twitter_card":"summary_large_image","twitter_misc":{"Odhadovan\u00e1 doba \u010dten\u00ed":"1 minuta"},"schema":{"@context":"https:\/\/schema.org","@graph":[{"@type":"WebPage","@id":"https:\/\/kw-pcb-machine.com\/manufacturer\/pcb-exposure-machine\/","url":"https:\/\/kw-pcb-machine.com\/manufacturer\/pcb-exposure-machine\/","name":"Efektivn\u00ed stroje na osvit desek plo\u0161n\u00fdch spoj\u016f pro va\u0161i v\u00fdrobu desek plo\u0161n\u00fdch spoj\u016f","isPartOf":{"@id":"https:\/\/kw-pcb-machine.com\/#website"},"primaryImageOfPage":{"@id":"https:\/\/kw-pcb-machine.com\/manufacturer\/pcb-exposure-machine\/#primaryimage"},"image":{"@id":"https:\/\/kw-pcb-machine.com\/manufacturer\/pcb-exposure-machine\/#primaryimage"},"thumbnailUrl":"https:\/\/kw-pcb-machine.com\/wp-content\/uploads\/2024\/11\/pcb-exposure-machine.webp","datePublished":"2024-11-21T08:53:31+00:00","dateModified":"2024-12-24T08:42:06+00:00","description":"Vylep\u0161ete svou v\u00fdrobu desek plo\u0161n\u00fdch spoj\u016f pomoc\u00ed na\u0161ich spolehliv\u00fdch stroj\u016f pro osvit desek plo\u0161n\u00fdch spoj\u016f. Tyto stroje jsou navr\u017eeny pro rychl\u00fd provoz a p\u0159esnou expozici sv\u011btlem a zaru\u010duj\u00ed p\u0159esn\u00fd p\u0159enos obrazu a vysokou v\u00fdt\u011b\u017enost v\u00fdroby. Jsou ide\u00e1ln\u00ed pro podniky, kter\u00e9 usiluj\u00ed o optimalizaci v\u00fdkonu a zkr\u00e1cen\u00ed doby v\u00fdroby.\"","breadcrumb":{"@id":"https:\/\/kw-pcb-machine.com\/manufacturer\/pcb-exposure-machine\/#breadcrumb"},"inLanguage":"cs","potentialAction":[{"@type":"ReadAction","target":["https:\/\/kw-pcb-machine.com\/manufacturer\/pcb-exposure-machine\/"]}]},{"@type":"ImageObject","inLanguage":"cs","@id":"https:\/\/kw-pcb-machine.com\/manufacturer\/pcb-exposure-machine\/#primaryimage","url":"https:\/\/kw-pcb-machine.com\/wp-content\/uploads\/2024\/11\/pcb-exposure-machine.webp","contentUrl":"https:\/\/kw-pcb-machine.com\/wp-content\/uploads\/2024\/11\/pcb-exposure-machine.webp","width":600,"height":512,"caption":"pcb exposure machine"},{"@type":"BreadcrumbList","@id":"https:\/\/kw-pcb-machine.com\/manufacturer\/pcb-exposure-machine\/#breadcrumb","itemListElement":[{"@type":"ListItem","position":1,"name":"Home","item":"https:\/\/kw-pcb-machine.com\/"},{"@type":"ListItem","position":2,"name":"Products","item":"https:\/\/kw-pcb-machine.com\/shop\/"},{"@type":"ListItem","position":3,"name":"PCB Exposure Machine"}]},{"@type":"WebSite","@id":"https:\/\/kw-pcb-machine.com\/#website","url":"https:\/\/kw-pcb-machine.com\/","name":"Kewei Industries HK limited","description":"Dodavatel stroj\u016f na v\u00fdrobu desek s plo\u0161n\u00fdmi spoji (PCB)","potentialAction":[{"@type":"SearchAction","target":{"@type":"EntryPoint","urlTemplate":"https:\/\/kw-pcb-machine.com\/?s={search_term_string}"},"query-input":{"@type":"PropertyValueSpecification","valueRequired":true,"valueName":"search_term_string"}}],"inLanguage":"cs"}]}},"_links":{"self":[{"href":"https:\/\/kw-pcb-machine.com\/cs\/wp-json\/wp\/v2\/product\/1736","targetHints":{"allow":["GET"]}}],"collection":[{"href":"https:\/\/kw-pcb-machine.com\/cs\/wp-json\/wp\/v2\/product"}],"about":[{"href":"https:\/\/kw-pcb-machine.com\/cs\/wp-json\/wp\/v2\/types\/product"}],"replies":[{"embeddable":true,"href":"https:\/\/kw-pcb-machine.com\/cs\/wp-json\/wp\/v2\/comments?post=1736"}],"wp:featuredmedia":[{"embeddable":true,"href":"https:\/\/kw-pcb-machine.com\/cs\/wp-json\/wp\/v2\/media\/1737"}],"wp:attachment":[{"href":"https:\/\/kw-pcb-machine.com\/cs\/wp-json\/wp\/v2\/media?parent=1736"}],"wp:term":[{"taxonomy":"product_brand","embeddable":true,"href":"https:\/\/kw-pcb-machine.com\/cs\/wp-json\/wp\/v2\/product_brand?post=1736"},{"taxonomy":"product_cat","embeddable":true,"href":"https:\/\/kw-pcb-machine.com\/cs\/wp-json\/wp\/v2\/product_cat?post=1736"},{"taxonomy":"product_tag","embeddable":true,"href":"https:\/\/kw-pcb-machine.com\/cs\/wp-json\/wp\/v2\/product_tag?post=1736"}],"curies":[{"name":"wp","href":"https:\/\/api.w.org\/{rel}","templated":true}]}}