{"id":1740,"date":"2024-11-21T09:08:00","date_gmt":"2024-11-21T09:08:00","guid":{"rendered":"https:\/\/kw-pcb-machine.com\/?post_type=product&#038;p=1740"},"modified":"2024-12-24T08:41:25","modified_gmt":"2024-12-24T08:41:25","slug":"schmoll-pcb-driller","status":"publish","type":"product","link":"https:\/\/kw-pcb-machine.com\/cs\/vyrobce\/schmoll-pcb-driller\/","title":{"rendered":"Schmoll PCB Driller"},"content":{"rendered":"<p><strong>Pou\u017eit\u00ed: pro vrt\u00e1n\u00ed otvor\u016f do desek s plo\u0161n\u00fdmi spoji (PCB) \uff08zna\u010dka Schmoll\uff09<\/strong><\/p>\n\n<table id=\"tablepress-10\" class=\"tablepress tablepress-id-10\">\n<thead>\n<tr class=\"row-1\">\n\t<th class=\"column-1\">Polo\u017eka<\/th><th class=\"column-2\">Velikost<\/th>\n<\/tr>\n<\/thead>\n<tbody class=\"row-striping row-hover\">\n<tr class=\"row-2\">\n\t<td class=\"column-1\">Model:<\/td><td class=\"column-2\">N 6<\/td>\n<\/tr>\n<tr class=\"row-3\">\n\t<td class=\"column-1\">Po\u010det v\u0159eten:<\/td><td class=\"column-2\">6<\/td>\n<\/tr>\n<tr class=\"row-4\">\n\t<td class=\"column-1\">V\u0159eteno spped:<\/td><td class=\"column-2\">180 ot\u00e1\u010dek za minutu<\/td>\n<\/tr>\n<tr class=\"row-5\">\n\t<td class=\"column-1\">Panel pro zpracov\u00e1n\u00ed:<\/td><td class=\"column-2\">558*650 mm<\/td>\n<\/tr>\n<tr class=\"row-6\">\n\t<td class=\"column-1\">Pou\u017eit\u00ed:<\/td><td class=\"column-2\">jednostrann\u00fd. oboustrann\u00fd, v\u00edcevrstv\u00fd PCB<\/td>\n<\/tr>\n<tr class=\"row-7\">\n\t<td class=\"column-1\">Rozsah n\u00e1stroj\u016f:<\/td><td class=\"column-2\">0,2 ~ 6,50 mm<\/td>\n<\/tr>\n<tr class=\"row-8\">\n\t<td class=\"column-1\">P\u0159esnost:<\/td><td class=\"column-2\">+\/-18um<\/td>\n<\/tr>\n<tr class=\"row-9\">\n\t<td class=\"column-1\">Funkce CBD:<\/td><td class=\"column-2\">Detekce po\u0161kozen\u00e9ho bitu v re\u00e1ln\u00e9m \u010dase, funkce rychl\u00e9ho vrt\u00e1n\u00ed - optimalizace Z-\u00faderu]<\/td>\n<\/tr>\n<tr class=\"row-10\">\n\t<td class=\"column-1\">PFIS:<\/td><td class=\"column-2\">P\u0159ep\u00edna\u010d p\u0159\u00edtla\u010dn\u00e9 patky mezi otvorem 8 mm a otvorem 2 mm<\/td>\n<\/tr>\n<tr class=\"row-11\">\n\t<td class=\"column-1\">V\u00fdkon:<\/td><td class=\"column-2\">380\/400V\u00b15% (vstupn\u00ed v\u00fdkon stroje), 50\/60 Hz, 3 f\u00e1ze, 30 KVA<\/td>\n<\/tr>\n<tr class=\"row-12\">\n\t<td class=\"column-1\">Rozm\u011bry stroje D x \u0160 x V:<\/td><td class=\"column-2\">4 050x1 920x1 775 mm<\/td>\n<\/tr>\n<tr class=\"row-13\">\n\t<td class=\"column-1\">Hmotnost stroje (netto\/brutto):<\/td><td class=\"column-2\">p\u0159ibli\u017en\u011b 10 600 kg<\/td>\n<\/tr>\n<\/tbody>\n<\/table>\n\n<a href=\"https:\/\/kw-pcb-machine.com\/cs\/kontakt\/\" class=\"button primary is-shade box-shadow-3 box-shadow-5-hover\"  style=\"border-radius:5px;\">\n    <span>\u017d\u00e1dost o cenovou nab\u00eddku<\/span>\n  <\/a>","protected":false},"excerpt":{"rendered":"<ul>\n<li><strong>Vysok\u00e1 p\u0159esnost<\/strong>: Je vybaven pokro\u010dilou technologi\u00ed, kter\u00e1 zaji\u0161\u0165uje p\u0159esn\u00e9 um\u00edst\u011bn\u00ed otvor\u016f a vysoce kvalitn\u00ed vrt\u00e1n\u00ed, co\u017e je nezbytn\u00e9 pro slo\u017eit\u00e9 n\u00e1vrhy desek plo\u0161n\u00fdch spoj\u016f.<\/li>\n<li><strong>Rychl\u00e9 zpracov\u00e1n\u00ed<\/strong>: Tyto stroje jsou navr\u017eeny pro vysokou v\u00fdkonnost a v\u00fdrazn\u011b zkracuj\u00ed dobu vrt\u00e1n\u00ed, \u010d\u00edm\u017e zvy\u0161uj\u00ed celkovou efektivitu v\u00fdroby.<\/li>\n<li><strong>Flexibiln\u00ed p\u0159izp\u016fsoben\u00ed<\/strong>: Nab\u00edz\u00ed nastaviteln\u00e1 nastaven\u00ed pro \u0161irokou \u0161k\u00e1lu velikost\u00ed desek plo\u0161n\u00fdch spoj\u016f, materi\u00e1l\u016f a typ\u016f otvor\u016f, \u010d\u00edm\u017e poskytuje univerz\u00e1lnost pro r\u016fzn\u00e9 v\u00fdrobn\u00ed pot\u0159eby.<\/li>\n<li><strong>Trvanlivost a spolehlivost<\/strong>: Vrta\u010dky Schmoll jsou vyrobeny z robustn\u00edch komponent\u016f pro dlouhou \u017eivotnost a jsou konstruov\u00e1ny tak, aby vydr\u017eely velkoobjemovou v\u00fdrobu a minim\u00e1ln\u00ed \u00fadr\u017ebu.<\/li>\n<\/ul>","protected":false},"featured_media":1742,"comment_status":"open","ping_status":"closed","template":"","meta":[],"product_brand":[],"product_cat":[51,36],"product_tag":[],"class_list":{"0":"post-1740","1":"product","2":"type-product","3":"status-publish","4":"has-post-thumbnail","6":"product_cat-used-pcb-fabrication-machine","7":"product_cat-driller-router-cnc","9":"first","10":"instock","11":"shipping-taxable","12":"product-type-simple"},"yoast_head":"<!-- This site is optimized with the Yoast SEO plugin v25.5 - https:\/\/yoast.com\/wordpress\/plugins\/seo\/ -->\n<title>High-Precision Schmoll PCB Drilling Machines for Accurate Hole Placement<\/title>\n<meta name=\"description\" content=\"Upgrade your PCB production with Schmoll PCB drilling machines, renowned for their exceptional precision and reliability. These advanced machines ensure accurate hole placement, improving the quality and performance of your circuit boards. Perfect for both small-batch and large-scale production, they deliver consistent results every time.&quot;\" \/>\n<meta name=\"robots\" content=\"index, follow, max-snippet:-1, max-image-preview:large, max-video-preview:-1\" \/>\n<link rel=\"canonical\" href=\"https:\/\/kw-pcb-machine.com\/cs\/vyrobce\/schmoll-pcb-driller\/\" \/>\n<meta property=\"og:locale\" content=\"cs_CZ\" \/>\n<meta property=\"og:type\" content=\"article\" \/>\n<meta property=\"og:title\" content=\"High-Precision Schmoll PCB Drilling Machines for Accurate Hole Placement\" \/>\n<meta property=\"og:description\" content=\"Upgrade your PCB production with Schmoll PCB drilling machines, renowned for their exceptional precision and reliability. These advanced machines ensure accurate hole placement, improving the quality and performance of your circuit boards. Perfect for both small-batch and large-scale production, they deliver consistent results every time.&quot;\" \/>\n<meta property=\"og:url\" content=\"https:\/\/kw-pcb-machine.com\/cs\/vyrobce\/schmoll-pcb-driller\/\" \/>\n<meta property=\"og:site_name\" content=\"Kewei Industries HK limited\" \/>\n<meta property=\"article:modified_time\" content=\"2024-12-24T08:41:25+00:00\" \/>\n<meta property=\"og:image\" content=\"https:\/\/kw-pcb-machine.com\/wp-content\/uploads\/2024\/11\/Schmoll-PCB-Drilling-Machine.webp\" \/>\n\t<meta property=\"og:image:width\" content=\"600\" \/>\n\t<meta property=\"og:image:height\" content=\"457\" \/>\n\t<meta property=\"og:image:type\" content=\"image\/webp\" \/>\n<meta name=\"twitter:card\" content=\"summary_large_image\" \/>\n<meta name=\"twitter:label1\" content=\"Odhadovan\u00e1 doba \u010dten\u00ed\" \/>\n\t<meta name=\"twitter:data1\" content=\"1 minuta\" \/>\n<script type=\"application\/ld+json\" class=\"yoast-schema-graph\">{\"@context\":\"https:\/\/schema.org\",\"@graph\":[{\"@type\":\"WebPage\",\"@id\":\"https:\/\/kw-pcb-machine.com\/manufacturer\/schmoll-pcb-driller\/\",\"url\":\"https:\/\/kw-pcb-machine.com\/manufacturer\/schmoll-pcb-driller\/\",\"name\":\"High-Precision Schmoll PCB Drilling Machines for Accurate Hole Placement\",\"isPartOf\":{\"@id\":\"https:\/\/kw-pcb-machine.com\/#website\"},\"primaryImageOfPage\":{\"@id\":\"https:\/\/kw-pcb-machine.com\/manufacturer\/schmoll-pcb-driller\/#primaryimage\"},\"image\":{\"@id\":\"https:\/\/kw-pcb-machine.com\/manufacturer\/schmoll-pcb-driller\/#primaryimage\"},\"thumbnailUrl\":\"https:\/\/kw-pcb-machine.com\/wp-content\/uploads\/2024\/11\/Schmoll-PCB-Drilling-Machine.webp\",\"datePublished\":\"2024-11-21T09:08:00+00:00\",\"dateModified\":\"2024-12-24T08:41:25+00:00\",\"description\":\"Upgrade your PCB production with Schmoll PCB drilling machines, renowned for their exceptional precision and reliability. These advanced machines ensure accurate hole placement, improving the quality and performance of your circuit boards. Perfect for both small-batch and large-scale production, they deliver consistent results every time.\\\"\",\"breadcrumb\":{\"@id\":\"https:\/\/kw-pcb-machine.com\/manufacturer\/schmoll-pcb-driller\/#breadcrumb\"},\"inLanguage\":\"cs\",\"potentialAction\":[{\"@type\":\"ReadAction\",\"target\":[\"https:\/\/kw-pcb-machine.com\/manufacturer\/schmoll-pcb-driller\/\"]}]},{\"@type\":\"ImageObject\",\"inLanguage\":\"cs\",\"@id\":\"https:\/\/kw-pcb-machine.com\/manufacturer\/schmoll-pcb-driller\/#primaryimage\",\"url\":\"https:\/\/kw-pcb-machine.com\/wp-content\/uploads\/2024\/11\/Schmoll-PCB-Drilling-Machine.webp\",\"contentUrl\":\"https:\/\/kw-pcb-machine.com\/wp-content\/uploads\/2024\/11\/Schmoll-PCB-Drilling-Machine.webp\",\"width\":600,\"height\":457,\"caption\":\"Schmoll PCB Drilling Machine\"},{\"@type\":\"BreadcrumbList\",\"@id\":\"https:\/\/kw-pcb-machine.com\/manufacturer\/schmoll-pcb-driller\/#breadcrumb\",\"itemListElement\":[{\"@type\":\"ListItem\",\"position\":1,\"name\":\"Home\",\"item\":\"https:\/\/kw-pcb-machine.com\/\"},{\"@type\":\"ListItem\",\"position\":2,\"name\":\"Products\",\"item\":\"https:\/\/kw-pcb-machine.com\/shop\/\"},{\"@type\":\"ListItem\",\"position\":3,\"name\":\"Schmoll PCB Driller\"}]},{\"@type\":\"WebSite\",\"@id\":\"https:\/\/kw-pcb-machine.com\/#website\",\"url\":\"https:\/\/kw-pcb-machine.com\/\",\"name\":\"Kewei Industries HK limited\",\"description\":\"Printed Circuit Board (PCB) Making Machine Supplier\",\"potentialAction\":[{\"@type\":\"SearchAction\",\"target\":{\"@type\":\"EntryPoint\",\"urlTemplate\":\"https:\/\/kw-pcb-machine.com\/?s={search_term_string}\"},\"query-input\":{\"@type\":\"PropertyValueSpecification\",\"valueRequired\":true,\"valueName\":\"search_term_string\"}}],\"inLanguage\":\"cs\"}]}<\/script>\n<!-- \/ Yoast SEO plugin. -->","yoast_head_json":{"title":"Vysoce p\u0159esn\u00e9 vrtac\u00ed stroje Schmoll pro p\u0159esn\u00e9 um\u00edst\u011bn\u00ed otvor\u016f do desek plo\u0161n\u00fdch spoj\u016f","description":"Upgradujte svou v\u00fdrobu desek plo\u0161n\u00fdch spoj\u016f pomoc\u00ed vrtac\u00edch stroj\u016f Schmoll, kter\u00e9 jsou proslul\u00e9 svou v\u00fdjime\u010dnou p\u0159esnost\u00ed a spolehlivost\u00ed. Tyto pokro\u010dil\u00e9 stroje zaji\u0161\u0165uj\u00ed p\u0159esn\u00e9 um\u00edst\u011bn\u00ed otvor\u016f, \u010d\u00edm\u017e zlep\u0161uj\u00ed kvalitu a v\u00fdkon va\u0161ich desek plo\u0161n\u00fdch spoj\u016f. Jsou ide\u00e1ln\u00ed pro malos\u00e9riovou i velkos\u00e9riovou v\u00fdrobu a poka\u017ed\u00e9 poskytuj\u00ed konzistentn\u00ed v\u00fdsledky.\"","robots":{"index":"index","follow":"follow","max-snippet":"max-snippet:-1","max-image-preview":"max-image-preview:large","max-video-preview":"max-video-preview:-1"},"canonical":"https:\/\/kw-pcb-machine.com\/cs\/vyrobce\/schmoll-pcb-driller\/","og_locale":"cs_CZ","og_type":"article","og_title":"High-Precision Schmoll PCB Drilling Machines for Accurate Hole Placement","og_description":"Upgrade your PCB production with Schmoll PCB drilling machines, renowned for their exceptional precision and reliability. These advanced machines ensure accurate hole placement, improving the quality and performance of your circuit boards. Perfect for both small-batch and large-scale production, they deliver consistent results every time.\"","og_url":"https:\/\/kw-pcb-machine.com\/cs\/vyrobce\/schmoll-pcb-driller\/","og_site_name":"Kewei Industries HK limited","article_modified_time":"2024-12-24T08:41:25+00:00","og_image":[{"width":600,"height":457,"url":"https:\/\/kw-pcb-machine.com\/wp-content\/uploads\/2024\/11\/Schmoll-PCB-Drilling-Machine.webp","type":"image\/webp"}],"twitter_card":"summary_large_image","twitter_misc":{"Odhadovan\u00e1 doba \u010dten\u00ed":"1 minuta"},"schema":{"@context":"https:\/\/schema.org","@graph":[{"@type":"WebPage","@id":"https:\/\/kw-pcb-machine.com\/manufacturer\/schmoll-pcb-driller\/","url":"https:\/\/kw-pcb-machine.com\/manufacturer\/schmoll-pcb-driller\/","name":"Vysoce p\u0159esn\u00e9 vrtac\u00ed stroje Schmoll pro p\u0159esn\u00e9 um\u00edst\u011bn\u00ed otvor\u016f do desek plo\u0161n\u00fdch spoj\u016f","isPartOf":{"@id":"https:\/\/kw-pcb-machine.com\/#website"},"primaryImageOfPage":{"@id":"https:\/\/kw-pcb-machine.com\/manufacturer\/schmoll-pcb-driller\/#primaryimage"},"image":{"@id":"https:\/\/kw-pcb-machine.com\/manufacturer\/schmoll-pcb-driller\/#primaryimage"},"thumbnailUrl":"https:\/\/kw-pcb-machine.com\/wp-content\/uploads\/2024\/11\/Schmoll-PCB-Drilling-Machine.webp","datePublished":"2024-11-21T09:08:00+00:00","dateModified":"2024-12-24T08:41:25+00:00","description":"Upgradujte svou v\u00fdrobu desek plo\u0161n\u00fdch spoj\u016f pomoc\u00ed vrtac\u00edch stroj\u016f Schmoll, kter\u00e9 jsou proslul\u00e9 svou v\u00fdjime\u010dnou p\u0159esnost\u00ed a spolehlivost\u00ed. Tyto pokro\u010dil\u00e9 stroje zaji\u0161\u0165uj\u00ed p\u0159esn\u00e9 um\u00edst\u011bn\u00ed otvor\u016f, \u010d\u00edm\u017e zlep\u0161uj\u00ed kvalitu a v\u00fdkon va\u0161ich desek plo\u0161n\u00fdch spoj\u016f. Jsou ide\u00e1ln\u00ed pro malos\u00e9riovou i velkos\u00e9riovou v\u00fdrobu a poka\u017ed\u00e9 poskytuj\u00ed konzistentn\u00ed v\u00fdsledky.\"","breadcrumb":{"@id":"https:\/\/kw-pcb-machine.com\/manufacturer\/schmoll-pcb-driller\/#breadcrumb"},"inLanguage":"cs","potentialAction":[{"@type":"ReadAction","target":["https:\/\/kw-pcb-machine.com\/manufacturer\/schmoll-pcb-driller\/"]}]},{"@type":"ImageObject","inLanguage":"cs","@id":"https:\/\/kw-pcb-machine.com\/manufacturer\/schmoll-pcb-driller\/#primaryimage","url":"https:\/\/kw-pcb-machine.com\/wp-content\/uploads\/2024\/11\/Schmoll-PCB-Drilling-Machine.webp","contentUrl":"https:\/\/kw-pcb-machine.com\/wp-content\/uploads\/2024\/11\/Schmoll-PCB-Drilling-Machine.webp","width":600,"height":457,"caption":"Schmoll PCB Drilling Machine"},{"@type":"BreadcrumbList","@id":"https:\/\/kw-pcb-machine.com\/manufacturer\/schmoll-pcb-driller\/#breadcrumb","itemListElement":[{"@type":"ListItem","position":1,"name":"Home","item":"https:\/\/kw-pcb-machine.com\/"},{"@type":"ListItem","position":2,"name":"Products","item":"https:\/\/kw-pcb-machine.com\/shop\/"},{"@type":"ListItem","position":3,"name":"Schmoll PCB Driller"}]},{"@type":"WebSite","@id":"https:\/\/kw-pcb-machine.com\/#website","url":"https:\/\/kw-pcb-machine.com\/","name":"Kewei Industries HK limited","description":"Dodavatel stroj\u016f na v\u00fdrobu desek s plo\u0161n\u00fdmi spoji (PCB)","potentialAction":[{"@type":"SearchAction","target":{"@type":"EntryPoint","urlTemplate":"https:\/\/kw-pcb-machine.com\/?s={search_term_string}"},"query-input":{"@type":"PropertyValueSpecification","valueRequired":true,"valueName":"search_term_string"}}],"inLanguage":"cs"}]}},"_links":{"self":[{"href":"https:\/\/kw-pcb-machine.com\/cs\/wp-json\/wp\/v2\/product\/1740","targetHints":{"allow":["GET"]}}],"collection":[{"href":"https:\/\/kw-pcb-machine.com\/cs\/wp-json\/wp\/v2\/product"}],"about":[{"href":"https:\/\/kw-pcb-machine.com\/cs\/wp-json\/wp\/v2\/types\/product"}],"replies":[{"embeddable":true,"href":"https:\/\/kw-pcb-machine.com\/cs\/wp-json\/wp\/v2\/comments?post=1740"}],"wp:featuredmedia":[{"embeddable":true,"href":"https:\/\/kw-pcb-machine.com\/cs\/wp-json\/wp\/v2\/media\/1742"}],"wp:attachment":[{"href":"https:\/\/kw-pcb-machine.com\/cs\/wp-json\/wp\/v2\/media?parent=1740"}],"wp:term":[{"taxonomy":"product_brand","embeddable":true,"href":"https:\/\/kw-pcb-machine.com\/cs\/wp-json\/wp\/v2\/product_brand?post=1740"},{"taxonomy":"product_cat","embeddable":true,"href":"https:\/\/kw-pcb-machine.com\/cs\/wp-json\/wp\/v2\/product_cat?post=1740"},{"taxonomy":"product_tag","embeddable":true,"href":"https:\/\/kw-pcb-machine.com\/cs\/wp-json\/wp\/v2\/product_tag?post=1740"}],"curies":[{"name":"wp","href":"https:\/\/api.w.org\/{rel}","templated":true}]}}