{"id":1756,"date":"2024-11-21T10:07:16","date_gmt":"2024-11-21T10:07:16","guid":{"rendered":"https:\/\/kw-pcb-machine.com\/?post_type=product&#038;p=1756"},"modified":"2024-12-24T08:39:30","modified_gmt":"2024-12-24T08:39:30","slug":"desky-plosnych-spoju-ldi","status":"publish","type":"product","link":"https:\/\/kw-pcb-machine.com\/cs\/vyrobce\/desky-plosnych-spoju-ldi\/","title":{"rendered":"PCB LDI"},"content":{"rendered":"<p><strong>Pou\u017eit\u00ed: Laserov\u00fd zobrazovac\u00ed stroj pro PCB (zna\u010dka Orbotech\uff09<\/strong><\/p>\n\n<table id=\"tablepress-13\" class=\"tablepress tablepress-id-13\">\n<thead>\n<tr class=\"row-1\">\n\t<th class=\"column-1\">Polo\u017eka<\/th><th class=\"column-2\">Velikost<\/th>\n<\/tr>\n<\/thead>\n<tbody class=\"row-striping row-hover\">\n<tr class=\"row-2\">\n\t<td class=\"column-1\">Model:<\/td><td class=\"column-2\">Paragon-SM 20<\/td>\n<\/tr>\n<tr class=\"row-3\">\n\t<td class=\"column-1\">Usnesen\u00ed:<\/td><td class=\"column-2\">8000 dpi<\/td>\n<\/tr>\n<tr class=\"row-4\">\n\t<td class=\"column-1\">V\u00fdkon*(max. v\u00fdtisk\/hodinu 18\" x 24\")\uff1a<\/td><td class=\"column-2\">@10mJ\/cm2 SR: 160<br \/>\n@100mJ\/cm2 SR: 80<\/td>\n<\/tr>\n<tr class=\"row-5\">\n\t<td class=\"column-1\">Minim\u00e1ln\u00ed velikost prvku:<\/td><td class=\"column-2\">1 milion<\/td>\n<\/tr>\n<tr class=\"row-6\">\n\t<td class=\"column-1\">Drsnost hran:<\/td><td class=\"column-2\">+\/-0,1mil<\/td>\n<\/tr>\n<tr class=\"row-7\">\n\t<td class=\"column-1\">Vlnov\u00e1 d\u00e9lka expozice:<\/td><td class=\"column-2\">Rozsah UV z\u00e1\u0159en\u00ed, 355 nm, 16 W<\/td>\n<\/tr>\n<tr class=\"row-8\">\n\t<td class=\"column-1\">Energetick\u00fd rozsah (mJ\/cm2):<\/td><td class=\"column-2\">10-2200<\/td>\n<\/tr>\n<tr class=\"row-9\">\n\t<td class=\"column-1\">P\u0159esnost ur\u010den\u00ed polohy (FTG):<\/td><td class=\"column-2\">+\/-0,5 milionu<\/td>\n<\/tr>\n<tr class=\"row-10\">\n\t<td class=\"column-1\">Registrace ze strany na stranu:<\/td><td class=\"column-2\">1 milion<\/td>\n<\/tr>\n<tr class=\"row-11\">\n\t<td class=\"column-1\">Max. Velikost substr\u00e1tu:<\/td><td class=\"column-2\">25*32''<\/td>\n<\/tr>\n<tr class=\"row-12\">\n\t<td class=\"column-1\">Max. Expozi\u010dn\u00ed plocha:<\/td><td class=\"column-2\">24*32''<\/td>\n<\/tr>\n<tr class=\"row-13\">\n\t<td class=\"column-1\">Tlou\u0161\u0165ka substr\u00e1tu:<\/td><td class=\"column-2\">0.001''-0.315''<\/td>\n<\/tr>\n<tr class=\"row-14\">\n\t<td class=\"column-1\">Aplikace:<\/td><td class=\"column-2\">P\u00e1jec\u00ed maska\/vnit\u0159n\u00ed vrstvy a vn\u011bj\u0161\u00ed vrstvy\/sekven\u010dn\u00ed vrstvy\/Flex a Rigid-Flex desky plo\u0161n\u00fdch spoj\u016f<\/td>\n<\/tr>\n<\/tbody>\n<\/table>\n<!-- #tablepress-13 from cache -->\n<a href=\"https:\/\/kw-pcb-machine.com\/cs\/kontakt\/\" class=\"button primary is-shade box-shadow-3 box-shadow-5-hover\"  style=\"border-radius:5px;\">\n    <span>\u017d\u00e1dost o cenovou nab\u00eddku<\/span>\n  <\/a>","protected":false},"excerpt":{"rendered":"<ul>\n<li><strong>Vysoce p\u0159esn\u00e9 zobrazov\u00e1n\u00ed<\/strong><br \/>\nSyst\u00e9my LDI pro desky plo\u0161n\u00fdch spoj\u016f vyu\u017e\u00edvaj\u00ed laserovou technologii k p\u0159\u00edm\u00e9mu vystaven\u00ed fotorezistov\u00e9 vrstvy na desce plo\u0161n\u00fdch spoj\u016f, co\u017e umo\u017e\u0148uje vzorov\u00e1n\u00ed s vysok\u00fdm rozli\u0161en\u00edm, jemn\u00fdmi liniemi a mal\u00fdmi tolerancemi. To zaji\u0161\u0165uje p\u0159esnou replikaci slo\u017eit\u00fdch n\u00e1vrh\u016f obvod\u016f.<\/li>\n<li><strong>Sn\u00ed\u017een\u00ed v\u00fdrobn\u00edch n\u00e1klad\u016f<\/strong><br \/>\nD\u00edky eliminaci pot\u0159eby fotomasek a tradi\u010dn\u00edch osvitov\u00fdch za\u0159\u00edzen\u00ed sni\u017euje technologie PCB LDI v\u00fdznamn\u011b n\u00e1klady na materi\u00e1l a dobu p\u0159\u00edpravy. Rovn\u011b\u017e minimalizuje chyby, co\u017e vede k men\u0161\u00edmu po\u010dtu p\u0159ed\u011bl\u00e1vek a ni\u017e\u0161\u00edm celkov\u00fdm v\u00fdrobn\u00edm n\u00e1klad\u016fm.<\/li>\n<li><strong>Rychlej\u0161\u00ed doba vy\u0159\u00edzen\u00ed<\/strong><br \/>\nSyst\u00e9my LDI poskytuj\u00ed vy\u0161\u0161\u00ed rychlost zobrazov\u00e1n\u00ed a zpracov\u00e1n\u00ed ve srovn\u00e1n\u00ed s tradi\u010dn\u00edmi metodami, co\u017e urychluje proces v\u00fdroby desek plo\u0161n\u00fdch spoj\u016f. To je v\u00fdhodn\u00e9 zejm\u00e9na pro velkos\u00e9riovou nebo \u010dasov\u011b n\u00e1ro\u010dnou v\u00fdrobu.<\/li>\n<li><strong>Zv\u00fd\u0161en\u00e1 flexibilita designu<\/strong><br \/>\nD\u00edky PCB LDI mohou v\u00fdrobci snadno p\u0159ech\u00e1zet mezi r\u016fzn\u00fdmi n\u00e1vrhy, ani\u017e by pot\u0159ebovali nov\u00e9 masky, co\u017e umo\u017e\u0148uje v\u011bt\u0161\u00ed flexibilitu p\u0159i v\u00fdrob\u011b n\u00edzk\u00fdch a\u017e st\u0159edn\u00edch s\u00e9ri\u00ed r\u016fzn\u00fdch n\u00e1vrh\u016f PCB. Umo\u017e\u0148uje tak\u00e9 vytv\u00e1\u0159et slo\u017eit\u011bj\u0161\u00ed a komplexn\u011bj\u0161\u00ed vzory obvod\u016f, kter\u00e9 jsou p\u0159i tradi\u010dn\u00ed fotolitografii obt\u00ed\u017en\u011b dosa\u017eiteln\u00e9.<\/li>\n<\/ul>","protected":false},"featured_media":1758,"comment_status":"open","ping_status":"closed","template":"","meta":[],"product_brand":[],"product_cat":[51,40],"product_tag":[],"class_list":{"0":"post-1756","1":"product","2":"type-product","3":"status-publish","4":"has-post-thumbnail","6":"product_cat-used-pcb-fabrication-machine","7":"product_cat-exposure-ldi","9":"first","10":"instock","11":"shipping-taxable","12":"product-type-simple"},"yoast_head":"<!-- This site is optimized with the Yoast SEO plugin v25.5 - https:\/\/yoast.com\/wordpress\/plugins\/seo\/ -->\n<title>Leading PCB LDI Machines for High-Resolution Circuit Board Imaging<\/title>\n<meta name=\"description\" content=\"Upgrade your PCB fabrication process with our state-of-the-art LDI machines. Designed for high-resolution, fast imaging, and consistent results, our Laser Direct Imaging technology ensures your PCBs meet the highest industry standards. Improve your production line\u2019s speed and accuracy with our top-tier LDI solutions.\" \/>\n<meta name=\"robots\" content=\"index, follow, max-snippet:-1, max-image-preview:large, max-video-preview:-1\" \/>\n<link rel=\"canonical\" href=\"https:\/\/kw-pcb-machine.com\/cs\/vyrobce\/desky-plosnych-spoju-ldi\/\" \/>\n<meta property=\"og:locale\" content=\"cs_CZ\" \/>\n<meta property=\"og:type\" content=\"article\" \/>\n<meta property=\"og:title\" content=\"Leading PCB LDI Machines for High-Resolution Circuit Board Imaging\" \/>\n<meta property=\"og:description\" content=\"Upgrade your PCB fabrication process with our state-of-the-art LDI machines. Designed for high-resolution, fast imaging, and consistent results, our Laser Direct Imaging technology ensures your PCBs meet the highest industry standards. Improve your production line\u2019s speed and accuracy with our top-tier LDI solutions.\" \/>\n<meta property=\"og:url\" content=\"https:\/\/kw-pcb-machine.com\/cs\/vyrobce\/desky-plosnych-spoju-ldi\/\" \/>\n<meta property=\"og:site_name\" content=\"Kewei Industries HK limited\" \/>\n<meta property=\"article:modified_time\" content=\"2024-12-24T08:39:30+00:00\" \/>\n<meta property=\"og:image\" content=\"https:\/\/kw-pcb-machine.com\/wp-content\/uploads\/2024\/11\/LDI-Orbotech-Prargon-SM20.webp\" \/>\n\t<meta property=\"og:image:width\" content=\"600\" \/>\n\t<meta property=\"og:image:height\" content=\"513\" \/>\n\t<meta property=\"og:image:type\" content=\"image\/webp\" \/>\n<meta name=\"twitter:card\" content=\"summary_large_image\" \/>\n<meta name=\"twitter:label1\" content=\"Odhadovan\u00e1 doba \u010dten\u00ed\" \/>\n\t<meta name=\"twitter:data1\" content=\"1 minuta\" \/>\n<script type=\"application\/ld+json\" class=\"yoast-schema-graph\">{\"@context\":\"https:\/\/schema.org\",\"@graph\":[{\"@type\":\"WebPage\",\"@id\":\"https:\/\/kw-pcb-machine.com\/manufacturer\/pcb-ldi\/\",\"url\":\"https:\/\/kw-pcb-machine.com\/manufacturer\/pcb-ldi\/\",\"name\":\"Leading PCB LDI Machines for High-Resolution Circuit Board Imaging\",\"isPartOf\":{\"@id\":\"https:\/\/kw-pcb-machine.com\/#website\"},\"primaryImageOfPage\":{\"@id\":\"https:\/\/kw-pcb-machine.com\/manufacturer\/pcb-ldi\/#primaryimage\"},\"image\":{\"@id\":\"https:\/\/kw-pcb-machine.com\/manufacturer\/pcb-ldi\/#primaryimage\"},\"thumbnailUrl\":\"https:\/\/kw-pcb-machine.com\/wp-content\/uploads\/2024\/11\/LDI-Orbotech-Prargon-SM20.webp\",\"datePublished\":\"2024-11-21T10:07:16+00:00\",\"dateModified\":\"2024-12-24T08:39:30+00:00\",\"description\":\"Upgrade your PCB fabrication process with our state-of-the-art LDI machines. Designed for high-resolution, fast imaging, and consistent results, our Laser Direct Imaging technology ensures your PCBs meet the highest industry standards. Improve your production line\u2019s speed and accuracy with our top-tier LDI solutions.\",\"breadcrumb\":{\"@id\":\"https:\/\/kw-pcb-machine.com\/manufacturer\/pcb-ldi\/#breadcrumb\"},\"inLanguage\":\"cs\",\"potentialAction\":[{\"@type\":\"ReadAction\",\"target\":[\"https:\/\/kw-pcb-machine.com\/manufacturer\/pcb-ldi\/\"]}]},{\"@type\":\"ImageObject\",\"inLanguage\":\"cs\",\"@id\":\"https:\/\/kw-pcb-machine.com\/manufacturer\/pcb-ldi\/#primaryimage\",\"url\":\"https:\/\/kw-pcb-machine.com\/wp-content\/uploads\/2024\/11\/LDI-Orbotech-Prargon-SM20.webp\",\"contentUrl\":\"https:\/\/kw-pcb-machine.com\/wp-content\/uploads\/2024\/11\/LDI-Orbotech-Prargon-SM20.webp\",\"width\":600,\"height\":513,\"caption\":\"LDI Orbotech Prargon\"},{\"@type\":\"BreadcrumbList\",\"@id\":\"https:\/\/kw-pcb-machine.com\/manufacturer\/pcb-ldi\/#breadcrumb\",\"itemListElement\":[{\"@type\":\"ListItem\",\"position\":1,\"name\":\"Home\",\"item\":\"https:\/\/kw-pcb-machine.com\/\"},{\"@type\":\"ListItem\",\"position\":2,\"name\":\"Products\",\"item\":\"https:\/\/kw-pcb-machine.com\/shop\/\"},{\"@type\":\"ListItem\",\"position\":3,\"name\":\"PCB LDI\"}]},{\"@type\":\"WebSite\",\"@id\":\"https:\/\/kw-pcb-machine.com\/#website\",\"url\":\"https:\/\/kw-pcb-machine.com\/\",\"name\":\"Kewei Industries HK limited\",\"description\":\"Printed Circuit Board (PCB) Making Machine Supplier\",\"potentialAction\":[{\"@type\":\"SearchAction\",\"target\":{\"@type\":\"EntryPoint\",\"urlTemplate\":\"https:\/\/kw-pcb-machine.com\/?s={search_term_string}\"},\"query-input\":{\"@type\":\"PropertyValueSpecification\",\"valueRequired\":true,\"valueName\":\"search_term_string\"}}],\"inLanguage\":\"cs\"}]}<\/script>\n<!-- \/ Yoast SEO plugin. -->","yoast_head_json":{"title":"P\u0159edn\u00ed stroje LDI pro zobrazov\u00e1n\u00ed desek plo\u0161n\u00fdch spoj\u016f s vysok\u00fdm rozli\u0161en\u00edm","description":"Vylep\u0161ete sv\u016fj proces v\u00fdroby desek plo\u0161n\u00fdch spoj\u016f pomoc\u00ed na\u0161ich nejmodern\u011bj\u0161\u00edch stroj\u016f LDI. Na\u0161e technologie p\u0159\u00edm\u00e9ho laserov\u00e9ho zobrazov\u00e1n\u00ed, navr\u017een\u00e1 pro vysok\u00e9 rozli\u0161en\u00ed, rychl\u00e9 zobrazov\u00e1n\u00ed a konzistentn\u00ed v\u00fdsledky, zaji\u0161\u0165uje, \u017ee va\u0161e desky plo\u0161n\u00fdch spoj\u016f spl\u0148uj\u00ed nejvy\u0161\u0161\u00ed pr\u016fmyslov\u00e9 standardy. Zvy\u0161te rychlost a p\u0159esnost sv\u00e9 v\u00fdrobn\u00ed linky pomoc\u00ed na\u0161ich \u0161pi\u010dkov\u00fdch \u0159e\u0161en\u00ed LDI.","robots":{"index":"index","follow":"follow","max-snippet":"max-snippet:-1","max-image-preview":"max-image-preview:large","max-video-preview":"max-video-preview:-1"},"canonical":"https:\/\/kw-pcb-machine.com\/cs\/vyrobce\/desky-plosnych-spoju-ldi\/","og_locale":"cs_CZ","og_type":"article","og_title":"Leading PCB LDI Machines for High-Resolution Circuit Board Imaging","og_description":"Upgrade your PCB fabrication process with our state-of-the-art LDI machines. Designed for high-resolution, fast imaging, and consistent results, our Laser Direct Imaging technology ensures your PCBs meet the highest industry standards. Improve your production line\u2019s speed and accuracy with our top-tier LDI solutions.","og_url":"https:\/\/kw-pcb-machine.com\/cs\/vyrobce\/desky-plosnych-spoju-ldi\/","og_site_name":"Kewei Industries HK limited","article_modified_time":"2024-12-24T08:39:30+00:00","og_image":[{"width":600,"height":513,"url":"https:\/\/kw-pcb-machine.com\/wp-content\/uploads\/2024\/11\/LDI-Orbotech-Prargon-SM20.webp","type":"image\/webp"}],"twitter_card":"summary_large_image","twitter_misc":{"Odhadovan\u00e1 doba \u010dten\u00ed":"1 minuta"},"schema":{"@context":"https:\/\/schema.org","@graph":[{"@type":"WebPage","@id":"https:\/\/kw-pcb-machine.com\/manufacturer\/pcb-ldi\/","url":"https:\/\/kw-pcb-machine.com\/manufacturer\/pcb-ldi\/","name":"P\u0159edn\u00ed stroje LDI pro zobrazov\u00e1n\u00ed desek plo\u0161n\u00fdch spoj\u016f s vysok\u00fdm rozli\u0161en\u00edm","isPartOf":{"@id":"https:\/\/kw-pcb-machine.com\/#website"},"primaryImageOfPage":{"@id":"https:\/\/kw-pcb-machine.com\/manufacturer\/pcb-ldi\/#primaryimage"},"image":{"@id":"https:\/\/kw-pcb-machine.com\/manufacturer\/pcb-ldi\/#primaryimage"},"thumbnailUrl":"https:\/\/kw-pcb-machine.com\/wp-content\/uploads\/2024\/11\/LDI-Orbotech-Prargon-SM20.webp","datePublished":"2024-11-21T10:07:16+00:00","dateModified":"2024-12-24T08:39:30+00:00","description":"Vylep\u0161ete sv\u016fj proces v\u00fdroby desek plo\u0161n\u00fdch spoj\u016f pomoc\u00ed na\u0161ich nejmodern\u011bj\u0161\u00edch stroj\u016f LDI. Na\u0161e technologie p\u0159\u00edm\u00e9ho laserov\u00e9ho zobrazov\u00e1n\u00ed, navr\u017een\u00e1 pro vysok\u00e9 rozli\u0161en\u00ed, rychl\u00e9 zobrazov\u00e1n\u00ed a konzistentn\u00ed v\u00fdsledky, zaji\u0161\u0165uje, \u017ee va\u0161e desky plo\u0161n\u00fdch spoj\u016f spl\u0148uj\u00ed nejvy\u0161\u0161\u00ed pr\u016fmyslov\u00e9 standardy. Zvy\u0161te rychlost a p\u0159esnost sv\u00e9 v\u00fdrobn\u00ed linky pomoc\u00ed na\u0161ich \u0161pi\u010dkov\u00fdch \u0159e\u0161en\u00ed LDI.","breadcrumb":{"@id":"https:\/\/kw-pcb-machine.com\/manufacturer\/pcb-ldi\/#breadcrumb"},"inLanguage":"cs","potentialAction":[{"@type":"ReadAction","target":["https:\/\/kw-pcb-machine.com\/manufacturer\/pcb-ldi\/"]}]},{"@type":"ImageObject","inLanguage":"cs","@id":"https:\/\/kw-pcb-machine.com\/manufacturer\/pcb-ldi\/#primaryimage","url":"https:\/\/kw-pcb-machine.com\/wp-content\/uploads\/2024\/11\/LDI-Orbotech-Prargon-SM20.webp","contentUrl":"https:\/\/kw-pcb-machine.com\/wp-content\/uploads\/2024\/11\/LDI-Orbotech-Prargon-SM20.webp","width":600,"height":513,"caption":"LDI Orbotech Prargon"},{"@type":"BreadcrumbList","@id":"https:\/\/kw-pcb-machine.com\/manufacturer\/pcb-ldi\/#breadcrumb","itemListElement":[{"@type":"ListItem","position":1,"name":"Home","item":"https:\/\/kw-pcb-machine.com\/"},{"@type":"ListItem","position":2,"name":"Products","item":"https:\/\/kw-pcb-machine.com\/shop\/"},{"@type":"ListItem","position":3,"name":"PCB LDI"}]},{"@type":"WebSite","@id":"https:\/\/kw-pcb-machine.com\/#website","url":"https:\/\/kw-pcb-machine.com\/","name":"Kewei Industries HK limited","description":"Dodavatel stroj\u016f na v\u00fdrobu desek s plo\u0161n\u00fdmi spoji (PCB)","potentialAction":[{"@type":"SearchAction","target":{"@type":"EntryPoint","urlTemplate":"https:\/\/kw-pcb-machine.com\/?s={search_term_string}"},"query-input":{"@type":"PropertyValueSpecification","valueRequired":true,"valueName":"search_term_string"}}],"inLanguage":"cs"}]}},"_links":{"self":[{"href":"https:\/\/kw-pcb-machine.com\/cs\/wp-json\/wp\/v2\/product\/1756","targetHints":{"allow":["GET"]}}],"collection":[{"href":"https:\/\/kw-pcb-machine.com\/cs\/wp-json\/wp\/v2\/product"}],"about":[{"href":"https:\/\/kw-pcb-machine.com\/cs\/wp-json\/wp\/v2\/types\/product"}],"replies":[{"embeddable":true,"href":"https:\/\/kw-pcb-machine.com\/cs\/wp-json\/wp\/v2\/comments?post=1756"}],"wp:featuredmedia":[{"embeddable":true,"href":"https:\/\/kw-pcb-machine.com\/cs\/wp-json\/wp\/v2\/media\/1758"}],"wp:attachment":[{"href":"https:\/\/kw-pcb-machine.com\/cs\/wp-json\/wp\/v2\/media?parent=1756"}],"wp:term":[{"taxonomy":"product_brand","embeddable":true,"href":"https:\/\/kw-pcb-machine.com\/cs\/wp-json\/wp\/v2\/product_brand?post=1756"},{"taxonomy":"product_cat","embeddable":true,"href":"https:\/\/kw-pcb-machine.com\/cs\/wp-json\/wp\/v2\/product_cat?post=1756"},{"taxonomy":"product_tag","embeddable":true,"href":"https:\/\/kw-pcb-machine.com\/cs\/wp-json\/wp\/v2\/product_tag?post=1756"}],"curies":[{"name":"wp","href":"https:\/\/api.w.org\/{rel}","templated":true}]}}