{"id":1784,"date":"2024-11-21T11:54:57","date_gmt":"2024-11-21T11:54:57","guid":{"rendered":"https:\/\/kw-pcb-machine.com\/?post_type=product&#038;p=1784"},"modified":"2024-12-24T08:36:24","modified_gmt":"2024-12-24T08:36:24","slug":"pokovovani-enig","status":"publish","type":"product","link":"https:\/\/kw-pcb-machine.com\/cs\/vyrobce\/pokovovani-enig\/","title":{"rendered":"Zlat\u00edc\u00ed linka Immerison"},"content":{"rendered":"<p><strong>Pou\u017eit\u00ed: pro bezniklov\u00e9 pono\u0159en\u00ed do zlata\u00a0<\/strong><\/p>\n\n<table id=\"tablepress-18\" class=\"tablepress tablepress-id-18\">\n<thead>\n<tr class=\"row-1\">\n\t<th class=\"column-1\">Polo\u017eka<\/th><th class=\"column-2\">Detail<\/th>\n<\/tr>\n<\/thead>\n<tbody class=\"row-striping row-hover\">\n<tr class=\"row-2\">\n\t<td class=\"column-1\">Model<\/td><td class=\"column-2\">Zlato pono\u0159en\u00e9 do bezniklov\u00e9ho niklu <\/td>\n<\/tr>\n<tr class=\"row-3\">\n\t<td class=\"column-1\">Objem n\u00e1dr\u017ee<\/td><td class=\"column-2\">Velikost n\u00e1dr\u017ee 1250 mm<\/td>\n<\/tr>\n<tr class=\"row-4\">\n\t<td class=\"column-1\">Celkov\u00e1 d\u00e9lka<\/td><td class=\"column-2\">20 metr\u016f<\/td>\n<\/tr>\n<tr class=\"row-5\">\n\t<td class=\"column-1\">Stav<\/td><td class=\"column-2\">99% nov\u00fd a dobr\u00fd funk\u010dn\u00ed stav<\/td>\n<\/tr>\n<\/tbody>\n<\/table>\n<!-- #tablepress-18 from cache -->\n<a href=\"https:\/\/kw-pcb-machine.com\/cs\/kontakt\/\" class=\"button primary is-shade box-shadow-3 box-shadow-5-hover\"  style=\"border-radius:5px;\">\n    <span>\u017d\u00e1dost o cenovou nab\u00eddku<\/span>\n  <\/a>","protected":false},"excerpt":{"rendered":"<ul>\n<li><strong>vy\u0161\u0161\u00ed odolnost proti korozi<\/strong><br \/>\nPovlakov\u00e1n\u00ed ENIG poskytuje vynikaj\u00edc\u00ed ochranu proti korozi, zejm\u00e9na proti oxidaci, d\u00edky kombinaci elektrolytick\u00e9ho niklu a imerzn\u00edho zlata. D\u00edky tomu je ide\u00e1ln\u00ed pro aplikace, kde je d\u016fle\u017eit\u00e1 dlouhodob\u00e1 spolehlivost a v\u00fdkon.<\/li>\n<li><strong>Zv\u00fd\u0161en\u00e1 p\u00e1jec\u00ed schopnost<\/strong><br \/>\nHladk\u00fd, zlat\u00fd povrch pokoven\u00ed ENIG zaji\u0161\u0165uje vynikaj\u00edc\u00ed p\u00e1jitelnost. To m\u00e1 z\u00e1sadn\u00ed v\u00fdznam pro dosa\u017een\u00ed pevn\u00fdch a spolehliv\u00fdch p\u00e1jec\u00edch spoj\u016f v desk\u00e1ch plo\u0161n\u00fdch spoj\u016f, zejm\u00e9na u sou\u010d\u00e1stek s malou rozte\u010d\u00ed nebo slo\u017eit\u00fdch konstrukc\u00ed, kde je p\u0159esnost prvo\u0159ad\u00e1.<\/li>\n<li><strong>Ploch\u00fd a rovnom\u011brn\u00fd povrch<\/strong><br \/>\nV\u00fdsledkem pokovov\u00e1n\u00ed ENIG je vysoce rovn\u00fd a jednotn\u00fd povrch, kter\u00fd je nezbytn\u00fd pro desky s vysokou hustotou propojen\u00ed (HDI). Konzistence povrchov\u00e9 \u00fapravy zlep\u0161uje kvalitu kone\u010dn\u00e9ho v\u00fdrobku, zejm\u00e9na u mal\u00fdch sou\u010d\u00e1stek s jemnou rozte\u010d\u00ed.<\/li>\n<li><strong>Dobr\u00e1 elektrick\u00e1 vodivost<\/strong><br \/>\nElektrolyticky nan\u00e1\u0161en\u00e1 vrstva niklu v pokoven\u00ed ENIG nab\u00edz\u00ed dobrou elektrickou vodivost, zat\u00edmco zlat\u00e1 vrstva zvy\u0161uje v\u00fdkon ve vysokofrekven\u010dn\u00edch aplikac\u00edch. D\u00edky tomu je pokovov\u00e1n\u00ed ENIG preferovanou volbou pro vysoce v\u00fdkonn\u00e9 a pokro\u010dil\u00e9 elektronick\u00e9 aplikace, jako jsou telekomunikace a letectv\u00ed.<\/li>\n<\/ul>","protected":false},"featured_media":1786,"comment_status":"open","ping_status":"closed","template":"","meta":[],"product_brand":[],"product_cat":[51,47],"product_tag":[],"class_list":{"0":"post-1784","1":"product","2":"type-product","3":"status-publish","4":"has-post-thumbnail","6":"product_cat-used-pcb-fabrication-machine","7":"product_cat-wet-process","9":"first","10":"instock","11":"shipping-taxable","12":"product-type-simple"},"yoast_head":"<!-- This site is optimized with the Yoast SEO plugin v25.5 - https:\/\/yoast.com\/wordpress\/plugins\/seo\/ -->\n<title>High-Quality ENIG Plating for Reliable PCB Surface Finishing<\/title>\n<meta name=\"description\" content=\"Ensure superior durability and electrical performance with our ENIG plating services. Our Electroless Nickel\/Immersion Gold (ENIG) plating offers excellent corrosion resistance, flatness, and superior conductivity, making it an ideal choice for high-performance PCBs in demanding industries.\" \/>\n<meta name=\"robots\" content=\"index, follow, max-snippet:-1, max-image-preview:large, max-video-preview:-1\" \/>\n<link rel=\"canonical\" href=\"https:\/\/kw-pcb-machine.com\/cs\/vyrobce\/pokovovani-enig\/\" \/>\n<meta property=\"og:locale\" content=\"cs_CZ\" \/>\n<meta property=\"og:type\" content=\"article\" \/>\n<meta property=\"og:title\" content=\"High-Quality ENIG Plating for Reliable PCB Surface Finishing\" \/>\n<meta property=\"og:description\" content=\"Ensure superior durability and electrical performance with our ENIG plating services. Our Electroless Nickel\/Immersion Gold (ENIG) plating offers excellent corrosion resistance, flatness, and superior conductivity, making it an ideal choice for high-performance PCBs in demanding industries.\" \/>\n<meta property=\"og:url\" content=\"https:\/\/kw-pcb-machine.com\/cs\/vyrobce\/pokovovani-enig\/\" \/>\n<meta property=\"og:site_name\" content=\"Kewei Industries HK limited\" \/>\n<meta property=\"article:modified_time\" content=\"2024-12-24T08:36:24+00:00\" \/>\n<meta property=\"og:image\" content=\"https:\/\/kw-pcb-machine.com\/wp-content\/uploads\/2024\/11\/enig-plating.webp\" \/>\n\t<meta property=\"og:image:width\" content=\"600\" \/>\n\t<meta property=\"og:image:height\" content=\"450\" \/>\n\t<meta property=\"og:image:type\" content=\"image\/webp\" \/>\n<meta name=\"twitter:card\" content=\"summary_large_image\" \/>\n<meta name=\"twitter:label1\" content=\"Odhadovan\u00e1 doba \u010dten\u00ed\" \/>\n\t<meta name=\"twitter:data1\" content=\"1 minuta\" \/>\n<script type=\"application\/ld+json\" class=\"yoast-schema-graph\">{\"@context\":\"https:\/\/schema.org\",\"@graph\":[{\"@type\":\"WebPage\",\"@id\":\"https:\/\/kw-pcb-machine.com\/manufacturer\/enig-plating\/\",\"url\":\"https:\/\/kw-pcb-machine.com\/manufacturer\/enig-plating\/\",\"name\":\"High-Quality ENIG Plating for Reliable PCB Surface Finishing\",\"isPartOf\":{\"@id\":\"https:\/\/kw-pcb-machine.com\/#website\"},\"primaryImageOfPage\":{\"@id\":\"https:\/\/kw-pcb-machine.com\/manufacturer\/enig-plating\/#primaryimage\"},\"image\":{\"@id\":\"https:\/\/kw-pcb-machine.com\/manufacturer\/enig-plating\/#primaryimage\"},\"thumbnailUrl\":\"https:\/\/kw-pcb-machine.com\/wp-content\/uploads\/2024\/11\/enig-plating.webp\",\"datePublished\":\"2024-11-21T11:54:57+00:00\",\"dateModified\":\"2024-12-24T08:36:24+00:00\",\"description\":\"Ensure superior durability and electrical performance with our ENIG plating services. Our Electroless Nickel\/Immersion Gold (ENIG) plating offers excellent corrosion resistance, flatness, and superior conductivity, making it an ideal choice for high-performance PCBs in demanding industries.\",\"breadcrumb\":{\"@id\":\"https:\/\/kw-pcb-machine.com\/manufacturer\/enig-plating\/#breadcrumb\"},\"inLanguage\":\"cs\",\"potentialAction\":[{\"@type\":\"ReadAction\",\"target\":[\"https:\/\/kw-pcb-machine.com\/manufacturer\/enig-plating\/\"]}]},{\"@type\":\"ImageObject\",\"inLanguage\":\"cs\",\"@id\":\"https:\/\/kw-pcb-machine.com\/manufacturer\/enig-plating\/#primaryimage\",\"url\":\"https:\/\/kw-pcb-machine.com\/wp-content\/uploads\/2024\/11\/enig-plating.webp\",\"contentUrl\":\"https:\/\/kw-pcb-machine.com\/wp-content\/uploads\/2024\/11\/enig-plating.webp\",\"width\":600,\"height\":450,\"caption\":\"enig plating\"},{\"@type\":\"BreadcrumbList\",\"@id\":\"https:\/\/kw-pcb-machine.com\/manufacturer\/enig-plating\/#breadcrumb\",\"itemListElement\":[{\"@type\":\"ListItem\",\"position\":1,\"name\":\"Home\",\"item\":\"https:\/\/kw-pcb-machine.com\/\"},{\"@type\":\"ListItem\",\"position\":2,\"name\":\"Products\",\"item\":\"https:\/\/kw-pcb-machine.com\/shop\/\"},{\"@type\":\"ListItem\",\"position\":3,\"name\":\"Immerison Gold Plating Line\"}]},{\"@type\":\"WebSite\",\"@id\":\"https:\/\/kw-pcb-machine.com\/#website\",\"url\":\"https:\/\/kw-pcb-machine.com\/\",\"name\":\"Kewei Industries HK limited\",\"description\":\"Printed Circuit Board (PCB) Making Machine Supplier\",\"potentialAction\":[{\"@type\":\"SearchAction\",\"target\":{\"@type\":\"EntryPoint\",\"urlTemplate\":\"https:\/\/kw-pcb-machine.com\/?s={search_term_string}\"},\"query-input\":{\"@type\":\"PropertyValueSpecification\",\"valueRequired\":true,\"valueName\":\"search_term_string\"}}],\"inLanguage\":\"cs\"}]}<\/script>\n<!-- \/ Yoast SEO plugin. -->","yoast_head_json":{"title":"Vysoce kvalitn\u00ed pokovov\u00e1n\u00ed ENIG pro spolehlivou povrchovou \u00fapravu desek plo\u0161n\u00fdch spoj\u016f","description":"Zajist\u011bte si vynikaj\u00edc\u00ed odolnost a elektrick\u00fd v\u00fdkon d\u00edky na\u0161im slu\u017eb\u00e1m pokovov\u00e1n\u00ed ENIG. Na\u0161e pokovov\u00e1n\u00ed elektrolytick\u00fdm niklem a imerzn\u00edm zlatem (ENIG) nab\u00edz\u00ed vynikaj\u00edc\u00ed odolnost proti korozi, rovinnost a vynikaj\u00edc\u00ed vodivost, co\u017e z n\u011bj \u010din\u00ed ide\u00e1ln\u00ed volbu pro vysoce v\u00fdkonn\u00e9 desky plo\u0161n\u00fdch spoj\u016f v n\u00e1ro\u010dn\u00fdch pr\u016fmyslov\u00fdch odv\u011btv\u00edch.","robots":{"index":"index","follow":"follow","max-snippet":"max-snippet:-1","max-image-preview":"max-image-preview:large","max-video-preview":"max-video-preview:-1"},"canonical":"https:\/\/kw-pcb-machine.com\/cs\/vyrobce\/pokovovani-enig\/","og_locale":"cs_CZ","og_type":"article","og_title":"High-Quality ENIG Plating for Reliable PCB Surface Finishing","og_description":"Ensure superior durability and electrical performance with our ENIG plating services. Our Electroless Nickel\/Immersion Gold (ENIG) plating offers excellent corrosion resistance, flatness, and superior conductivity, making it an ideal choice for high-performance PCBs in demanding industries.","og_url":"https:\/\/kw-pcb-machine.com\/cs\/vyrobce\/pokovovani-enig\/","og_site_name":"Kewei Industries HK limited","article_modified_time":"2024-12-24T08:36:24+00:00","og_image":[{"width":600,"height":450,"url":"https:\/\/kw-pcb-machine.com\/wp-content\/uploads\/2024\/11\/enig-plating.webp","type":"image\/webp"}],"twitter_card":"summary_large_image","twitter_misc":{"Odhadovan\u00e1 doba \u010dten\u00ed":"1 minuta"},"schema":{"@context":"https:\/\/schema.org","@graph":[{"@type":"WebPage","@id":"https:\/\/kw-pcb-machine.com\/manufacturer\/enig-plating\/","url":"https:\/\/kw-pcb-machine.com\/manufacturer\/enig-plating\/","name":"Vysoce kvalitn\u00ed pokovov\u00e1n\u00ed ENIG pro spolehlivou povrchovou \u00fapravu desek plo\u0161n\u00fdch spoj\u016f","isPartOf":{"@id":"https:\/\/kw-pcb-machine.com\/#website"},"primaryImageOfPage":{"@id":"https:\/\/kw-pcb-machine.com\/manufacturer\/enig-plating\/#primaryimage"},"image":{"@id":"https:\/\/kw-pcb-machine.com\/manufacturer\/enig-plating\/#primaryimage"},"thumbnailUrl":"https:\/\/kw-pcb-machine.com\/wp-content\/uploads\/2024\/11\/enig-plating.webp","datePublished":"2024-11-21T11:54:57+00:00","dateModified":"2024-12-24T08:36:24+00:00","description":"Zajist\u011bte si vynikaj\u00edc\u00ed odolnost a elektrick\u00fd v\u00fdkon d\u00edky na\u0161im slu\u017eb\u00e1m pokovov\u00e1n\u00ed ENIG. Na\u0161e pokovov\u00e1n\u00ed elektrolytick\u00fdm niklem a imerzn\u00edm zlatem (ENIG) nab\u00edz\u00ed vynikaj\u00edc\u00ed odolnost proti korozi, rovinnost a vynikaj\u00edc\u00ed vodivost, co\u017e z n\u011bj \u010din\u00ed ide\u00e1ln\u00ed volbu pro vysoce v\u00fdkonn\u00e9 desky plo\u0161n\u00fdch spoj\u016f v n\u00e1ro\u010dn\u00fdch pr\u016fmyslov\u00fdch odv\u011btv\u00edch.","breadcrumb":{"@id":"https:\/\/kw-pcb-machine.com\/manufacturer\/enig-plating\/#breadcrumb"},"inLanguage":"cs","potentialAction":[{"@type":"ReadAction","target":["https:\/\/kw-pcb-machine.com\/manufacturer\/enig-plating\/"]}]},{"@type":"ImageObject","inLanguage":"cs","@id":"https:\/\/kw-pcb-machine.com\/manufacturer\/enig-plating\/#primaryimage","url":"https:\/\/kw-pcb-machine.com\/wp-content\/uploads\/2024\/11\/enig-plating.webp","contentUrl":"https:\/\/kw-pcb-machine.com\/wp-content\/uploads\/2024\/11\/enig-plating.webp","width":600,"height":450,"caption":"enig plating"},{"@type":"BreadcrumbList","@id":"https:\/\/kw-pcb-machine.com\/manufacturer\/enig-plating\/#breadcrumb","itemListElement":[{"@type":"ListItem","position":1,"name":"Home","item":"https:\/\/kw-pcb-machine.com\/"},{"@type":"ListItem","position":2,"name":"Products","item":"https:\/\/kw-pcb-machine.com\/shop\/"},{"@type":"ListItem","position":3,"name":"Immerison Gold Plating Line"}]},{"@type":"WebSite","@id":"https:\/\/kw-pcb-machine.com\/#website","url":"https:\/\/kw-pcb-machine.com\/","name":"Kewei Industries HK limited","description":"Dodavatel stroj\u016f na v\u00fdrobu desek s plo\u0161n\u00fdmi spoji (PCB)","potentialAction":[{"@type":"SearchAction","target":{"@type":"EntryPoint","urlTemplate":"https:\/\/kw-pcb-machine.com\/?s={search_term_string}"},"query-input":{"@type":"PropertyValueSpecification","valueRequired":true,"valueName":"search_term_string"}}],"inLanguage":"cs"}]}},"_links":{"self":[{"href":"https:\/\/kw-pcb-machine.com\/cs\/wp-json\/wp\/v2\/product\/1784","targetHints":{"allow":["GET"]}}],"collection":[{"href":"https:\/\/kw-pcb-machine.com\/cs\/wp-json\/wp\/v2\/product"}],"about":[{"href":"https:\/\/kw-pcb-machine.com\/cs\/wp-json\/wp\/v2\/types\/product"}],"replies":[{"embeddable":true,"href":"https:\/\/kw-pcb-machine.com\/cs\/wp-json\/wp\/v2\/comments?post=1784"}],"wp:featuredmedia":[{"embeddable":true,"href":"https:\/\/kw-pcb-machine.com\/cs\/wp-json\/wp\/v2\/media\/1786"}],"wp:attachment":[{"href":"https:\/\/kw-pcb-machine.com\/cs\/wp-json\/wp\/v2\/media?parent=1784"}],"wp:term":[{"taxonomy":"product_brand","embeddable":true,"href":"https:\/\/kw-pcb-machine.com\/cs\/wp-json\/wp\/v2\/product_brand?post=1784"},{"taxonomy":"product_cat","embeddable":true,"href":"https:\/\/kw-pcb-machine.com\/cs\/wp-json\/wp\/v2\/product_cat?post=1784"},{"taxonomy":"product_tag","embeddable":true,"href":"https:\/\/kw-pcb-machine.com\/cs\/wp-json\/wp\/v2\/product_tag?post=1784"}],"curies":[{"name":"wp","href":"https:\/\/api.w.org\/{rel}","templated":true}]}}