{"id":1790,"date":"2024-11-22T10:11:27","date_gmt":"2024-11-22T10:11:27","guid":{"rendered":"https:\/\/kw-pcb-machine.com\/?post_type=product&#038;p=1790"},"modified":"2024-12-25T03:42:03","modified_gmt":"2024-12-25T03:42:03","slug":"frezka-na-desky-plosnych-spoju-se-2-vreteny","status":"publish","type":"product","link":"https:\/\/kw-pcb-machine.com\/cs\/vyrobce\/frezka-na-desky-plosnych-spoju-se-2-vreteny\/","title":{"rendered":"Dvouv\u0159etenov\u00e1 fr\u00e9zka na PCB"},"content":{"rendered":"<p><iframe loading=\"lazy\" title=\"Dvouv\u0159etenov\u00fd CNC vrtac\u00ed a fr\u00e9zovac\u00ed stroj na PCB\" width=\"1020\" height=\"574\" src=\"https:\/\/www.youtube.com\/embed\/1M12_yUSYwQ?feature=oembed\" frameborder=\"0\" allow=\"accelerometer; autoplay; clipboard-write; encrypted-media; gyroscope; picture-in-picture; web-share\" referrerpolicy=\"strict-origin-when-cross-origin\" allowfullscreen><\/iframe><\/p>\n<p><strong>Pou\u017eit\u00ed: pro fr\u00e9zov\u00e1n\u00ed a fr\u00e9zov\u00e1n\u00ed desek s plo\u0161n\u00fdmi spoji (PCB)\u00a0<\/strong><\/p>\n\n<table id=\"tablepress-19\" class=\"tablepress tablepress-id-19\">\n<thead>\n<tr class=\"row-1\">\n\t<th class=\"column-1\">Polo\u017eka<\/th><th class=\"column-2\">Detail<\/th>\n<\/tr>\n<\/thead>\n<tbody class=\"row-striping row-hover\">\n<tr class=\"row-2\">\n\t<td class=\"column-1\">Model stroje:<\/td><td class=\"column-2\">5363-1X2<\/td>\n<\/tr>\n<tr class=\"row-3\">\n\t<td class=\"column-1\">\u010c\u00edslo v\u0159etena:<\/td><td class=\"column-2\">2<\/td>\n<\/tr>\n<tr class=\"row-4\">\n\t<td class=\"column-1\">\u010c\u00edslo servomotoru v ose Z:<\/td><td class=\"column-2\">1<\/td>\n<\/tr>\n<tr class=\"row-5\">\n\t<td class=\"column-1\">Zna\u010dka servomotoru:<\/td><td class=\"column-2\">Delta<\/td>\n<\/tr>\n<tr class=\"row-6\">\n\t<td class=\"column-1\">Pracovn\u00ed rozsah na v\u0159eteno:<\/td><td class=\"column-2\">535*635<\/td>\n<\/tr>\n<tr class=\"row-7\">\n\t<td class=\"column-1\">Rozsah pohybu X\/ Y\/ Z:<\/td><td class=\"column-2\">535\/ 635\/ 80 mm<\/td>\n<\/tr>\n<tr class=\"row-8\">\n\t<td class=\"column-1\">V\u00fdm\u011bna n\u00e1stroje:<\/td><td class=\"column-2\">Automatick\u00e1 v\u00fdm\u011bna n\u00e1stroj\u016f<\/td>\n<\/tr>\n<tr class=\"row-9\">\n\t<td class=\"column-1\">\u010c\u00edslo p\u0159\u00edsp\u011bvku n\u00e1stroje:<\/td><td class=\"column-2\">10\/ V\u0159eteno<\/td>\n<\/tr>\n<tr class=\"row-10\">\n\t<td class=\"column-1\">V\u0159eteno:<\/td><td class=\"column-2\">60000RMP 1,8KW v\u0159eteno<\/td>\n<\/tr>\n<tr class=\"row-11\">\n\t<td class=\"column-1\">M\u011bni\u010d:<\/td><td class=\"column-2\">Delta<\/td>\n<\/tr>\n<tr class=\"row-12\">\n\t<td class=\"column-1\">Velikost sm\u011brov\u00e1n\u00ed bit\u016f:<\/td><td class=\"column-2\">0,8 ~ 3,175 mm<\/td>\n<\/tr>\n<tr class=\"row-13\">\n\t<td class=\"column-1\">\u0158\u00eddic\u00ed syst\u00e9m:<\/td><td class=\"column-2\">Anglick\u00fd CNC fr\u00e9zovac\u00ed syst\u00e9m<\/td>\n<\/tr>\n<tr class=\"row-14\">\n\t<td class=\"column-1\">Ovlada\u010d:<\/td><td class=\"column-2\">Googletech<\/td>\n<\/tr>\n<tr class=\"row-15\">\n\t<td class=\"column-1\">Rychlost pohybu X\/Y:<\/td><td class=\"column-2\">14 m\/min (voliteln\u011b 24 m\/min)<\/td>\n<\/tr>\n<tr class=\"row-16\">\n\t<td class=\"column-1\">P\u0159esnost polohov\u00e1n\u00ed:<\/td><td class=\"column-2\">\u00b10,075 mm\/300 mm<\/td>\n<\/tr>\n<tr class=\"row-17\">\n\t<td class=\"column-1\">P\u0159esnost opakov\u00e1n\u00ed:<\/td><td class=\"column-2\">\u00b10,05 mm\/300 mm<\/td>\n<\/tr>\n<tr class=\"row-18\">\n\t<td class=\"column-1\">Form\u00e1t vrt\u00e1n\u00ed:<\/td><td class=\"column-2\">Excellon, WK, Protel, S&amp;M1000\/300\/5000,TXT.NC.ROU.<\/td>\n<\/tr>\n<tr class=\"row-19\">\n\t<td class=\"column-1\">Dal\u0161\u00ed funkce:<\/td><td class=\"column-2\">Tlakov\u00e1 regulace vzduchu, tlakov\u00e1 regulace vody, p\u0159ep\u00edn\u00e1n\u00ed vakua v n\u00e1stroji, regulace proudu v\u0159etena.<\/td>\n<\/tr>\n<tr class=\"row-20\">\n\t<td class=\"column-1\">Rozm\u011br stroje:<\/td><td class=\"column-2\">1700*\u01601700*V1600 mm<\/td>\n<\/tr>\n<tr class=\"row-21\">\n\t<td class=\"column-1\">Hmotnost stroje:<\/td><td class=\"column-2\">1800 kg<\/td>\n<\/tr>\n<\/tbody>\n<\/table>\n<!-- #tablepress-19 from cache -->\n<a href=\"https:\/\/kw-pcb-machine.com\/cs\/kontakt\/\" class=\"button primary is-shade box-shadow-3 box-shadow-5-hover\"  style=\"border-radius:5px;\">\n    <span>\u017d\u00e1dost o cenovou nab\u00eddku<\/span>\n  <\/a>","protected":false},"excerpt":{"rendered":"<ul>\n<li><strong>Vysoce p\u0159esn\u00e9 \u0159ez\u00e1n\u00ed<\/strong>: Zaji\u0161\u0165uje p\u0159esn\u00e9 sm\u011brov\u00e1n\u00ed slo\u017eit\u00fdch n\u00e1vrh\u016f desek plo\u0161n\u00fdch spoj\u016f s minim\u00e1ln\u00ed chybovost\u00ed.<\/li>\n<li><strong>P\u0159izp\u016fsobiteln\u00e9 nastaven\u00ed sm\u011brov\u00e1n\u00ed<\/strong>: Nastaviteln\u00e1 rychlost, hloubka a konfigurace n\u00e1stroj\u016f pro r\u016fzn\u00e9 v\u00fdrobn\u00ed pot\u0159eby.<\/li>\n<li><strong>Odoln\u00e1 konstrukce a dlouh\u00e1 \u017eivotnost<\/strong>: Vyrobeno z robustn\u00edch materi\u00e1l\u016f pro konzistentn\u00ed v\u00fdkon ve velkos\u00e9riov\u00e9 v\u00fdrob\u011b.<\/li>\n<li><strong>U\u017eivatelsky p\u0159\u00edv\u011btiv\u00e9 rozhran\u00ed<\/strong>: Intuitivn\u00ed ovl\u00e1d\u00e1n\u00ed a integrace softwaru pro snadn\u00e9 ovl\u00e1d\u00e1n\u00ed a krat\u0161\u00ed dobu nastaven\u00ed.<\/li>\n<\/ul>","protected":false},"featured_media":1795,"comment_status":"open","ping_status":"closed","template":"","meta":[],"product_brand":[],"product_cat":[51,36],"product_tag":[],"class_list":{"0":"post-1790","1":"product","2":"type-product","3":"status-publish","4":"has-post-thumbnail","6":"product_cat-used-pcb-fabrication-machine","7":"product_cat-driller-router-cnc","9":"first","10":"instock","11":"shipping-taxable","12":"product-type-simple"},"yoast_head":"<!-- This site is optimized with the Yoast SEO plugin v25.5 - https:\/\/yoast.com\/wordpress\/plugins\/seo\/ -->\n<title>Top-Quality PCB Router Machines: Boost Your Production Speed and Accuracy<\/title>\n<meta name=\"description\" content=\"Upgrade your production line with top-quality PCB router machines. Deliver faster, more accurate PCB prototyping and assembly today!\" \/>\n<meta name=\"robots\" content=\"index, follow, max-snippet:-1, max-image-preview:large, max-video-preview:-1\" \/>\n<link rel=\"canonical\" href=\"https:\/\/kw-pcb-machine.com\/cs\/vyrobce\/frezka-na-desky-plosnych-spoju-se-2-vreteny\/\" \/>\n<meta property=\"og:locale\" content=\"cs_CZ\" \/>\n<meta property=\"og:type\" content=\"article\" \/>\n<meta property=\"og:title\" content=\"Top-Quality PCB Router Machines: Boost Your Production Speed and Accuracy\" \/>\n<meta property=\"og:description\" content=\"Upgrade your production line with top-quality PCB router machines. Deliver faster, more accurate PCB prototyping and assembly today!\" \/>\n<meta property=\"og:url\" content=\"https:\/\/kw-pcb-machine.com\/cs\/vyrobce\/frezka-na-desky-plosnych-spoju-se-2-vreteny\/\" \/>\n<meta property=\"og:site_name\" content=\"Kewei Industries HK limited\" \/>\n<meta property=\"article:modified_time\" content=\"2024-12-25T03:42:03+00:00\" \/>\n<meta property=\"og:image\" content=\"https:\/\/kw-pcb-machine.com\/wp-content\/uploads\/2024\/11\/pcb-router-machine-2.webp\" \/>\n\t<meta property=\"og:image:width\" content=\"600\" \/>\n\t<meta property=\"og:image:height\" content=\"544\" \/>\n\t<meta property=\"og:image:type\" content=\"image\/webp\" \/>\n<meta name=\"twitter:card\" content=\"summary_large_image\" \/>\n<meta name=\"twitter:label1\" content=\"Odhadovan\u00e1 doba \u010dten\u00ed\" \/>\n\t<meta name=\"twitter:data1\" content=\"1 minuta\" \/>\n<script type=\"application\/ld+json\" class=\"yoast-schema-graph\">{\"@context\":\"https:\/\/schema.org\",\"@graph\":[{\"@type\":\"WebPage\",\"@id\":\"https:\/\/kw-pcb-machine.com\/manufacturer\/pcb-2-spindle-router-machine\/\",\"url\":\"https:\/\/kw-pcb-machine.com\/manufacturer\/pcb-2-spindle-router-machine\/\",\"name\":\"Top-Quality PCB Router Machines: Boost Your Production Speed and Accuracy\",\"isPartOf\":{\"@id\":\"https:\/\/kw-pcb-machine.com\/#website\"},\"primaryImageOfPage\":{\"@id\":\"https:\/\/kw-pcb-machine.com\/manufacturer\/pcb-2-spindle-router-machine\/#primaryimage\"},\"image\":{\"@id\":\"https:\/\/kw-pcb-machine.com\/manufacturer\/pcb-2-spindle-router-machine\/#primaryimage\"},\"thumbnailUrl\":\"https:\/\/kw-pcb-machine.com\/wp-content\/uploads\/2024\/11\/pcb-router-machine-2.webp\",\"datePublished\":\"2024-11-22T10:11:27+00:00\",\"dateModified\":\"2024-12-25T03:42:03+00:00\",\"description\":\"Upgrade your production line with top-quality PCB router machines. Deliver faster, more accurate PCB prototyping and assembly today!\",\"breadcrumb\":{\"@id\":\"https:\/\/kw-pcb-machine.com\/manufacturer\/pcb-2-spindle-router-machine\/#breadcrumb\"},\"inLanguage\":\"cs\",\"potentialAction\":[{\"@type\":\"ReadAction\",\"target\":[\"https:\/\/kw-pcb-machine.com\/manufacturer\/pcb-2-spindle-router-machine\/\"]}]},{\"@type\":\"ImageObject\",\"inLanguage\":\"cs\",\"@id\":\"https:\/\/kw-pcb-machine.com\/manufacturer\/pcb-2-spindle-router-machine\/#primaryimage\",\"url\":\"https:\/\/kw-pcb-machine.com\/wp-content\/uploads\/2024\/11\/pcb-router-machine-2.webp\",\"contentUrl\":\"https:\/\/kw-pcb-machine.com\/wp-content\/uploads\/2024\/11\/pcb-router-machine-2.webp\",\"width\":600,\"height\":544,\"caption\":\"pcb router machine\"},{\"@type\":\"BreadcrumbList\",\"@id\":\"https:\/\/kw-pcb-machine.com\/manufacturer\/pcb-2-spindle-router-machine\/#breadcrumb\",\"itemListElement\":[{\"@type\":\"ListItem\",\"position\":1,\"name\":\"Home\",\"item\":\"https:\/\/kw-pcb-machine.com\/\"},{\"@type\":\"ListItem\",\"position\":2,\"name\":\"Products\",\"item\":\"https:\/\/kw-pcb-machine.com\/shop\/\"},{\"@type\":\"ListItem\",\"position\":3,\"name\":\"PCB 2-Spindle Router Machine\"}]},{\"@type\":\"WebSite\",\"@id\":\"https:\/\/kw-pcb-machine.com\/#website\",\"url\":\"https:\/\/kw-pcb-machine.com\/\",\"name\":\"Kewei Industries HK limited\",\"description\":\"Printed Circuit Board (PCB) Making Machine Supplier\",\"potentialAction\":[{\"@type\":\"SearchAction\",\"target\":{\"@type\":\"EntryPoint\",\"urlTemplate\":\"https:\/\/kw-pcb-machine.com\/?s={search_term_string}\"},\"query-input\":{\"@type\":\"PropertyValueSpecification\",\"valueRequired\":true,\"valueName\":\"search_term_string\"}}],\"inLanguage\":\"cs\"}]}<\/script>\n<!-- \/ Yoast SEO plugin. -->","yoast_head_json":{"title":"\u0160pi\u010dkov\u00e9 fr\u00e9zky na PCB: Zvy\u0161te rychlost a p\u0159esnost v\u00fdroby","description":"Vylep\u0161ete svou v\u00fdrobn\u00ed linku pomoc\u00ed \u0161pi\u010dkov\u00fdch fr\u00e9zovac\u00edch stroj\u016f na desky plo\u0161n\u00fdch spoj\u016f. Zajist\u011bte si rychlej\u0161\u00ed a p\u0159esn\u011bj\u0161\u00ed prototypov\u00e1n\u00ed a mont\u00e1\u017e desek plo\u0161n\u00fdch spoj\u016f je\u0161t\u011b dnes!","robots":{"index":"index","follow":"follow","max-snippet":"max-snippet:-1","max-image-preview":"max-image-preview:large","max-video-preview":"max-video-preview:-1"},"canonical":"https:\/\/kw-pcb-machine.com\/cs\/vyrobce\/frezka-na-desky-plosnych-spoju-se-2-vreteny\/","og_locale":"cs_CZ","og_type":"article","og_title":"Top-Quality PCB Router Machines: Boost Your Production Speed and Accuracy","og_description":"Upgrade your production line with top-quality PCB router machines. Deliver faster, more accurate PCB prototyping and assembly today!","og_url":"https:\/\/kw-pcb-machine.com\/cs\/vyrobce\/frezka-na-desky-plosnych-spoju-se-2-vreteny\/","og_site_name":"Kewei Industries HK limited","article_modified_time":"2024-12-25T03:42:03+00:00","og_image":[{"width":600,"height":544,"url":"https:\/\/kw-pcb-machine.com\/wp-content\/uploads\/2024\/11\/pcb-router-machine-2.webp","type":"image\/webp"}],"twitter_card":"summary_large_image","twitter_misc":{"Odhadovan\u00e1 doba \u010dten\u00ed":"1 minuta"},"schema":{"@context":"https:\/\/schema.org","@graph":[{"@type":"WebPage","@id":"https:\/\/kw-pcb-machine.com\/manufacturer\/pcb-2-spindle-router-machine\/","url":"https:\/\/kw-pcb-machine.com\/manufacturer\/pcb-2-spindle-router-machine\/","name":"\u0160pi\u010dkov\u00e9 fr\u00e9zky na PCB: Zvy\u0161te rychlost a p\u0159esnost v\u00fdroby","isPartOf":{"@id":"https:\/\/kw-pcb-machine.com\/#website"},"primaryImageOfPage":{"@id":"https:\/\/kw-pcb-machine.com\/manufacturer\/pcb-2-spindle-router-machine\/#primaryimage"},"image":{"@id":"https:\/\/kw-pcb-machine.com\/manufacturer\/pcb-2-spindle-router-machine\/#primaryimage"},"thumbnailUrl":"https:\/\/kw-pcb-machine.com\/wp-content\/uploads\/2024\/11\/pcb-router-machine-2.webp","datePublished":"2024-11-22T10:11:27+00:00","dateModified":"2024-12-25T03:42:03+00:00","description":"Vylep\u0161ete svou v\u00fdrobn\u00ed linku pomoc\u00ed \u0161pi\u010dkov\u00fdch fr\u00e9zovac\u00edch stroj\u016f na desky plo\u0161n\u00fdch spoj\u016f. Zajist\u011bte si rychlej\u0161\u00ed a p\u0159esn\u011bj\u0161\u00ed prototypov\u00e1n\u00ed a mont\u00e1\u017e desek plo\u0161n\u00fdch spoj\u016f je\u0161t\u011b dnes!","breadcrumb":{"@id":"https:\/\/kw-pcb-machine.com\/manufacturer\/pcb-2-spindle-router-machine\/#breadcrumb"},"inLanguage":"cs","potentialAction":[{"@type":"ReadAction","target":["https:\/\/kw-pcb-machine.com\/manufacturer\/pcb-2-spindle-router-machine\/"]}]},{"@type":"ImageObject","inLanguage":"cs","@id":"https:\/\/kw-pcb-machine.com\/manufacturer\/pcb-2-spindle-router-machine\/#primaryimage","url":"https:\/\/kw-pcb-machine.com\/wp-content\/uploads\/2024\/11\/pcb-router-machine-2.webp","contentUrl":"https:\/\/kw-pcb-machine.com\/wp-content\/uploads\/2024\/11\/pcb-router-machine-2.webp","width":600,"height":544,"caption":"pcb router machine"},{"@type":"BreadcrumbList","@id":"https:\/\/kw-pcb-machine.com\/manufacturer\/pcb-2-spindle-router-machine\/#breadcrumb","itemListElement":[{"@type":"ListItem","position":1,"name":"Home","item":"https:\/\/kw-pcb-machine.com\/"},{"@type":"ListItem","position":2,"name":"Products","item":"https:\/\/kw-pcb-machine.com\/shop\/"},{"@type":"ListItem","position":3,"name":"PCB 2-Spindle Router Machine"}]},{"@type":"WebSite","@id":"https:\/\/kw-pcb-machine.com\/#website","url":"https:\/\/kw-pcb-machine.com\/","name":"Kewei Industries HK limited","description":"Dodavatel stroj\u016f na v\u00fdrobu desek s plo\u0161n\u00fdmi spoji (PCB)","potentialAction":[{"@type":"SearchAction","target":{"@type":"EntryPoint","urlTemplate":"https:\/\/kw-pcb-machine.com\/?s={search_term_string}"},"query-input":{"@type":"PropertyValueSpecification","valueRequired":true,"valueName":"search_term_string"}}],"inLanguage":"cs"}]}},"_links":{"self":[{"href":"https:\/\/kw-pcb-machine.com\/cs\/wp-json\/wp\/v2\/product\/1790","targetHints":{"allow":["GET"]}}],"collection":[{"href":"https:\/\/kw-pcb-machine.com\/cs\/wp-json\/wp\/v2\/product"}],"about":[{"href":"https:\/\/kw-pcb-machine.com\/cs\/wp-json\/wp\/v2\/types\/product"}],"replies":[{"embeddable":true,"href":"https:\/\/kw-pcb-machine.com\/cs\/wp-json\/wp\/v2\/comments?post=1790"}],"wp:featuredmedia":[{"embeddable":true,"href":"https:\/\/kw-pcb-machine.com\/cs\/wp-json\/wp\/v2\/media\/1795"}],"wp:attachment":[{"href":"https:\/\/kw-pcb-machine.com\/cs\/wp-json\/wp\/v2\/media?parent=1790"}],"wp:term":[{"taxonomy":"product_brand","embeddable":true,"href":"https:\/\/kw-pcb-machine.com\/cs\/wp-json\/wp\/v2\/product_brand?post=1790"},{"taxonomy":"product_cat","embeddable":true,"href":"https:\/\/kw-pcb-machine.com\/cs\/wp-json\/wp\/v2\/product_cat?post=1790"},{"taxonomy":"product_tag","embeddable":true,"href":"https:\/\/kw-pcb-machine.com\/cs\/wp-json\/wp\/v2\/product_tag?post=1790"}],"curies":[{"name":"wp","href":"https:\/\/api.w.org\/{rel}","templated":true}]}}