{"id":1799,"date":"2024-11-23T06:33:14","date_gmt":"2024-11-23T06:33:14","guid":{"rendered":"https:\/\/kw-pcb-machine.com\/?post_type=product&#038;p=1799"},"modified":"2024-12-24T08:35:07","modified_gmt":"2024-12-24T08:35:07","slug":"hans-pcb-vrtacka","status":"publish","type":"product","link":"https:\/\/kw-pcb-machine.com\/cs\/vyrobce\/hans-pcb-vrtacka\/","title":{"rendered":"Hans PCB Driller"},"content":{"rendered":"<p><strong>Pou\u017eit\u00ed: pro vrt\u00e1n\u00ed otvor\u016f do desek s plo\u0161n\u00fdmi spoji (zna\u010dka Hans)<\/strong><\/p>\n\n<table id=\"tablepress-20\" class=\"tablepress tablepress-id-20\">\n<thead>\n<tr class=\"row-1\">\n\t<th class=\"column-1\">Polo\u017eka<\/th><th class=\"column-2\">Detail<\/th>\n<\/tr>\n<\/thead>\n<tbody class=\"row-striping row-hover\">\n<tr class=\"row-2\">\n\t<td class=\"column-1\">Model:<\/td><td class=\"column-2\">HANS-F6MH<\/td>\n<\/tr>\n<tr class=\"row-3\">\n\t<td class=\"column-1\">Oblast procesu:<\/td><td class=\"column-2\">622*755 mm<\/td>\n<\/tr>\n<tr class=\"row-4\">\n\t<td class=\"column-1\">Rychlost pohybu osy XY:<\/td><td class=\"column-2\">80 m\/min<\/td>\n<\/tr>\n<tr class=\"row-5\">\n\t<td class=\"column-1\">Rychlost pohybu osy Z:<\/td><td class=\"column-2\">35 m\/min<\/td>\n<\/tr>\n<tr class=\"row-6\">\n\t<td class=\"column-1\">P\u0159esnost polohov\u00e1n\u00ed:<\/td><td class=\"column-2\">+\/-0,004 mm<\/td>\n<\/tr>\n<tr class=\"row-7\">\n\t<td class=\"column-1\">Opakovan\u00e1 p\u0159esnost:<\/td><td class=\"column-2\">+\/-0,0025 mm<\/td>\n<\/tr>\n<tr class=\"row-8\">\n\t<td class=\"column-1\">Ot\u00e1\u010dky v\u0159etena:<\/td><td class=\"column-2\">20K~200Krpm<\/td>\n<\/tr>\n<tr class=\"row-9\">\n\t<td class=\"column-1\">Syst\u00e9m m\u011b\u0159en\u00ed v ose XYZ:<\/td><td class=\"column-2\">stupnice, min. rozli\u0161en\u00ed 0,5um<\/td>\n<\/tr>\n<tr class=\"row-10\">\n\t<td class=\"column-1\">Detekce po\u0161kozen\u00e9ho n\u00e1stroje:<\/td><td class=\"column-2\">Kapacitn\u00ed detekce p\u0159eru\u0161en\u00ed n\u00e1stroje<\/td>\n<\/tr>\n<tr class=\"row-11\">\n\t<td class=\"column-1\">Rozsah vrt\u00e1n\u00ed:<\/td><td class=\"column-2\">0,1 ~ 6,5 mm<\/td>\n<\/tr>\n<tr class=\"row-12\">\n\t<td class=\"column-1\">P\u0159esnost vrt\u00e1n\u00ed:<\/td><td class=\"column-2\">+\/-0,018 (stav Hans)<\/td>\n<\/tr>\n<tr class=\"row-13\">\n\t<td class=\"column-1\">Velikost stroje:<\/td><td class=\"column-2\">4700*2000*1610 mm<\/td>\n<\/tr>\n<tr class=\"row-14\">\n\t<td class=\"column-1\">Hmotnost stroje:<\/td><td class=\"column-2\">12300 kg<\/td>\n<\/tr>\n<\/tbody>\n<\/table>\n<!-- #tablepress-20 from cache -->\n<a href=\"https:\/\/kw-pcb-machine.com\/cs\/kontakt\/\" class=\"button primary is-shade box-shadow-3 box-shadow-5-hover\"  style=\"border-radius:5px;\">\n    <span>\u017d\u00e1dost o cenovou nab\u00eddku<\/span>\n  <\/a>","protected":false},"excerpt":{"rendered":"<ul>\n<li><strong>Vysoce p\u0159esn\u00e9 vrt\u00e1n\u00ed<\/strong>: Zaji\u0161\u0165uje p\u0159esn\u00e9 um\u00edst\u011bn\u00ed otvor\u016f s minim\u00e1ln\u00ed odchylkou, ide\u00e1ln\u00ed pro slo\u017eit\u00e9 n\u00e1vrhy desek plo\u0161n\u00fdch spoj\u016f.<\/li>\n<li><strong>Vysokorychlostn\u00ed v\u00fdkon<\/strong>: Dok\u00e1\u017ee vyvrtat tis\u00edce otvor\u016f za minutu, \u010d\u00edm\u017e zvy\u0161uje efektivitu v\u00fdroby.<\/li>\n<li><strong>Odoln\u00fd a spolehliv\u00fd design<\/strong>: Vyrobeno z robustn\u00edch materi\u00e1l\u016f, kter\u00e9 vydr\u017e\u00ed nep\u0159etr\u017eit\u00fd provoz v n\u00e1ro\u010dn\u00fdch v\u00fdrobn\u00edch podm\u00ednk\u00e1ch.<\/li>\n<li><strong>P\u0159izp\u016fsobiteln\u00e9 mo\u017enosti<\/strong>: Podporuje r\u016fzn\u00e9 velikosti vrt\u00e1k\u016f, tlou\u0161\u0165ky desek a pokro\u010dilou automatizaci pro p\u0159izp\u016fsoben\u00ed v\u00fdrobn\u00edch pot\u0159eb.<\/li>\n<\/ul>","protected":false},"featured_media":1802,"comment_status":"open","ping_status":"closed","template":"","meta":[],"product_brand":[],"product_cat":[51,36],"product_tag":[],"class_list":{"0":"post-1799","1":"product","2":"type-product","3":"status-publish","4":"has-post-thumbnail","6":"product_cat-used-pcb-fabrication-machine","7":"product_cat-driller-router-cnc","9":"first","10":"instock","11":"shipping-taxable","12":"product-type-simple"},"yoast_head":"<!-- This site is optimized with the Yoast SEO plugin v25.5 - https:\/\/yoast.com\/wordpress\/plugins\/seo\/ -->\n<title>High-Precision PCB Drilling Machines for Your PCB Manufacturing Needs<\/title>\n<meta name=\"description\" content=\"Explore our advanced PCB drilling machines designed for accuracy and efficiency. Perfect for electronics manufacturing, our solutions ensure reliable performance and seamless integration into your production line.\" \/>\n<meta name=\"robots\" content=\"index, follow, max-snippet:-1, max-image-preview:large, max-video-preview:-1\" \/>\n<link rel=\"canonical\" href=\"https:\/\/kw-pcb-machine.com\/cs\/vyrobce\/hans-pcb-vrtacka\/\" \/>\n<meta property=\"og:locale\" content=\"cs_CZ\" \/>\n<meta property=\"og:type\" content=\"article\" \/>\n<meta property=\"og:title\" content=\"High-Precision PCB Drilling Machines for Your PCB Manufacturing Needs\" \/>\n<meta property=\"og:description\" content=\"Explore our advanced PCB drilling machines designed for accuracy and efficiency. Perfect for electronics manufacturing, our solutions ensure reliable performance and seamless integration into your production line.\" \/>\n<meta property=\"og:url\" content=\"https:\/\/kw-pcb-machine.com\/cs\/vyrobce\/hans-pcb-vrtacka\/\" \/>\n<meta property=\"og:site_name\" content=\"Kewei Industries HK limited\" \/>\n<meta property=\"article:modified_time\" content=\"2024-12-24T08:35:07+00:00\" \/>\n<meta property=\"og:image\" content=\"https:\/\/kw-pcb-machine.com\/wp-content\/uploads\/2024\/11\/pcb-drilling-machine-2.webp\" \/>\n\t<meta property=\"og:image:width\" content=\"600\" \/>\n\t<meta property=\"og:image:height\" content=\"549\" \/>\n\t<meta property=\"og:image:type\" content=\"image\/webp\" \/>\n<meta name=\"twitter:card\" content=\"summary_large_image\" \/>\n<meta name=\"twitter:label1\" content=\"Odhadovan\u00e1 doba \u010dten\u00ed\" \/>\n\t<meta name=\"twitter:data1\" content=\"1 minuta\" \/>\n<script type=\"application\/ld+json\" class=\"yoast-schema-graph\">{\"@context\":\"https:\/\/schema.org\",\"@graph\":[{\"@type\":\"WebPage\",\"@id\":\"https:\/\/kw-pcb-machine.com\/manufacturer\/hans-pcb-drilling-machine\/\",\"url\":\"https:\/\/kw-pcb-machine.com\/manufacturer\/hans-pcb-drilling-machine\/\",\"name\":\"High-Precision PCB Drilling Machines for Your PCB Manufacturing Needs\",\"isPartOf\":{\"@id\":\"https:\/\/kw-pcb-machine.com\/#website\"},\"primaryImageOfPage\":{\"@id\":\"https:\/\/kw-pcb-machine.com\/manufacturer\/hans-pcb-drilling-machine\/#primaryimage\"},\"image\":{\"@id\":\"https:\/\/kw-pcb-machine.com\/manufacturer\/hans-pcb-drilling-machine\/#primaryimage\"},\"thumbnailUrl\":\"https:\/\/kw-pcb-machine.com\/wp-content\/uploads\/2024\/11\/pcb-drilling-machine-2.webp\",\"datePublished\":\"2024-11-23T06:33:14+00:00\",\"dateModified\":\"2024-12-24T08:35:07+00:00\",\"description\":\"Explore our advanced PCB drilling machines designed for accuracy and efficiency. Perfect for electronics manufacturing, our solutions ensure reliable performance and seamless integration into your production line.\",\"breadcrumb\":{\"@id\":\"https:\/\/kw-pcb-machine.com\/manufacturer\/hans-pcb-drilling-machine\/#breadcrumb\"},\"inLanguage\":\"cs\",\"potentialAction\":[{\"@type\":\"ReadAction\",\"target\":[\"https:\/\/kw-pcb-machine.com\/manufacturer\/hans-pcb-drilling-machine\/\"]}]},{\"@type\":\"ImageObject\",\"inLanguage\":\"cs\",\"@id\":\"https:\/\/kw-pcb-machine.com\/manufacturer\/hans-pcb-drilling-machine\/#primaryimage\",\"url\":\"https:\/\/kw-pcb-machine.com\/wp-content\/uploads\/2024\/11\/pcb-drilling-machine-2.webp\",\"contentUrl\":\"https:\/\/kw-pcb-machine.com\/wp-content\/uploads\/2024\/11\/pcb-drilling-machine-2.webp\",\"width\":600,\"height\":549,\"caption\":\"pcb drilling machine\"},{\"@type\":\"BreadcrumbList\",\"@id\":\"https:\/\/kw-pcb-machine.com\/manufacturer\/hans-pcb-drilling-machine\/#breadcrumb\",\"itemListElement\":[{\"@type\":\"ListItem\",\"position\":1,\"name\":\"Home\",\"item\":\"https:\/\/kw-pcb-machine.com\/\"},{\"@type\":\"ListItem\",\"position\":2,\"name\":\"Products\",\"item\":\"https:\/\/kw-pcb-machine.com\/shop\/\"},{\"@type\":\"ListItem\",\"position\":3,\"name\":\"Hans PCB Driller\"}]},{\"@type\":\"WebSite\",\"@id\":\"https:\/\/kw-pcb-machine.com\/#website\",\"url\":\"https:\/\/kw-pcb-machine.com\/\",\"name\":\"Kewei Industries HK limited\",\"description\":\"Printed Circuit Board (PCB) Making Machine Supplier\",\"potentialAction\":[{\"@type\":\"SearchAction\",\"target\":{\"@type\":\"EntryPoint\",\"urlTemplate\":\"https:\/\/kw-pcb-machine.com\/?s={search_term_string}\"},\"query-input\":{\"@type\":\"PropertyValueSpecification\",\"valueRequired\":true,\"valueName\":\"search_term_string\"}}],\"inLanguage\":\"cs\"}]}<\/script>\n<!-- \/ Yoast SEO plugin. -->","yoast_head_json":{"title":"Vysoce p\u0159esn\u00e9 vrtac\u00ed stroje na PCB pro va\u0161e pot\u0159eby v\u00fdroby PCB","description":"Prozkoumejte na\u0161e pokro\u010dil\u00e9 stroje na vrt\u00e1n\u00ed desek plo\u0161n\u00fdch spoj\u016f navr\u017een\u00e9 pro p\u0159esnost a efektivitu. Na\u0161e \u0159e\u0161en\u00ed jsou ide\u00e1ln\u00ed pro v\u00fdrobu elektroniky a zaji\u0161\u0165uj\u00ed spolehliv\u00fd v\u00fdkon a bezprobl\u00e9movou integraci do va\u0161\u00ed v\u00fdrobn\u00ed linky.","robots":{"index":"index","follow":"follow","max-snippet":"max-snippet:-1","max-image-preview":"max-image-preview:large","max-video-preview":"max-video-preview:-1"},"canonical":"https:\/\/kw-pcb-machine.com\/cs\/vyrobce\/hans-pcb-vrtacka\/","og_locale":"cs_CZ","og_type":"article","og_title":"High-Precision PCB Drilling Machines for Your PCB Manufacturing Needs","og_description":"Explore our advanced PCB drilling machines designed for accuracy and efficiency. Perfect for electronics manufacturing, our solutions ensure reliable performance and seamless integration into your production line.","og_url":"https:\/\/kw-pcb-machine.com\/cs\/vyrobce\/hans-pcb-vrtacka\/","og_site_name":"Kewei Industries HK limited","article_modified_time":"2024-12-24T08:35:07+00:00","og_image":[{"width":600,"height":549,"url":"https:\/\/kw-pcb-machine.com\/wp-content\/uploads\/2024\/11\/pcb-drilling-machine-2.webp","type":"image\/webp"}],"twitter_card":"summary_large_image","twitter_misc":{"Odhadovan\u00e1 doba \u010dten\u00ed":"1 minuta"},"schema":{"@context":"https:\/\/schema.org","@graph":[{"@type":"WebPage","@id":"https:\/\/kw-pcb-machine.com\/manufacturer\/hans-pcb-drilling-machine\/","url":"https:\/\/kw-pcb-machine.com\/manufacturer\/hans-pcb-drilling-machine\/","name":"Vysoce p\u0159esn\u00e9 vrtac\u00ed stroje na PCB pro va\u0161e pot\u0159eby v\u00fdroby PCB","isPartOf":{"@id":"https:\/\/kw-pcb-machine.com\/#website"},"primaryImageOfPage":{"@id":"https:\/\/kw-pcb-machine.com\/manufacturer\/hans-pcb-drilling-machine\/#primaryimage"},"image":{"@id":"https:\/\/kw-pcb-machine.com\/manufacturer\/hans-pcb-drilling-machine\/#primaryimage"},"thumbnailUrl":"https:\/\/kw-pcb-machine.com\/wp-content\/uploads\/2024\/11\/pcb-drilling-machine-2.webp","datePublished":"2024-11-23T06:33:14+00:00","dateModified":"2024-12-24T08:35:07+00:00","description":"Prozkoumejte na\u0161e pokro\u010dil\u00e9 stroje na vrt\u00e1n\u00ed desek plo\u0161n\u00fdch spoj\u016f navr\u017een\u00e9 pro p\u0159esnost a efektivitu. Na\u0161e \u0159e\u0161en\u00ed jsou ide\u00e1ln\u00ed pro v\u00fdrobu elektroniky a zaji\u0161\u0165uj\u00ed spolehliv\u00fd v\u00fdkon a bezprobl\u00e9movou integraci do va\u0161\u00ed v\u00fdrobn\u00ed linky.","breadcrumb":{"@id":"https:\/\/kw-pcb-machine.com\/manufacturer\/hans-pcb-drilling-machine\/#breadcrumb"},"inLanguage":"cs","potentialAction":[{"@type":"ReadAction","target":["https:\/\/kw-pcb-machine.com\/manufacturer\/hans-pcb-drilling-machine\/"]}]},{"@type":"ImageObject","inLanguage":"cs","@id":"https:\/\/kw-pcb-machine.com\/manufacturer\/hans-pcb-drilling-machine\/#primaryimage","url":"https:\/\/kw-pcb-machine.com\/wp-content\/uploads\/2024\/11\/pcb-drilling-machine-2.webp","contentUrl":"https:\/\/kw-pcb-machine.com\/wp-content\/uploads\/2024\/11\/pcb-drilling-machine-2.webp","width":600,"height":549,"caption":"pcb drilling machine"},{"@type":"BreadcrumbList","@id":"https:\/\/kw-pcb-machine.com\/manufacturer\/hans-pcb-drilling-machine\/#breadcrumb","itemListElement":[{"@type":"ListItem","position":1,"name":"Home","item":"https:\/\/kw-pcb-machine.com\/"},{"@type":"ListItem","position":2,"name":"Products","item":"https:\/\/kw-pcb-machine.com\/shop\/"},{"@type":"ListItem","position":3,"name":"Hans PCB Driller"}]},{"@type":"WebSite","@id":"https:\/\/kw-pcb-machine.com\/#website","url":"https:\/\/kw-pcb-machine.com\/","name":"Kewei Industries HK limited","description":"Dodavatel stroj\u016f na v\u00fdrobu desek s plo\u0161n\u00fdmi spoji (PCB)","potentialAction":[{"@type":"SearchAction","target":{"@type":"EntryPoint","urlTemplate":"https:\/\/kw-pcb-machine.com\/?s={search_term_string}"},"query-input":{"@type":"PropertyValueSpecification","valueRequired":true,"valueName":"search_term_string"}}],"inLanguage":"cs"}]}},"_links":{"self":[{"href":"https:\/\/kw-pcb-machine.com\/cs\/wp-json\/wp\/v2\/product\/1799","targetHints":{"allow":["GET"]}}],"collection":[{"href":"https:\/\/kw-pcb-machine.com\/cs\/wp-json\/wp\/v2\/product"}],"about":[{"href":"https:\/\/kw-pcb-machine.com\/cs\/wp-json\/wp\/v2\/types\/product"}],"replies":[{"embeddable":true,"href":"https:\/\/kw-pcb-machine.com\/cs\/wp-json\/wp\/v2\/comments?post=1799"}],"wp:featuredmedia":[{"embeddable":true,"href":"https:\/\/kw-pcb-machine.com\/cs\/wp-json\/wp\/v2\/media\/1802"}],"wp:attachment":[{"href":"https:\/\/kw-pcb-machine.com\/cs\/wp-json\/wp\/v2\/media?parent=1799"}],"wp:term":[{"taxonomy":"product_brand","embeddable":true,"href":"https:\/\/kw-pcb-machine.com\/cs\/wp-json\/wp\/v2\/product_brand?post=1799"},{"taxonomy":"product_cat","embeddable":true,"href":"https:\/\/kw-pcb-machine.com\/cs\/wp-json\/wp\/v2\/product_cat?post=1799"},{"taxonomy":"product_tag","embeddable":true,"href":"https:\/\/kw-pcb-machine.com\/cs\/wp-json\/wp\/v2\/product_tag?post=1799"}],"curies":[{"name":"wp","href":"https:\/\/api.w.org\/{rel}","templated":true}]}}