{"id":1803,"date":"2024-11-23T06:55:31","date_gmt":"2024-11-23T06:55:31","guid":{"rendered":"https:\/\/kw-pcb-machine.com\/?post_type=product&#038;p=1803"},"modified":"2024-12-24T08:34:36","modified_gmt":"2024-12-24T08:34:36","slug":"cnc-drazkovaci-stroj-pro-desky-s-plosnymi-spoji","status":"publish","type":"product","link":"https:\/\/kw-pcb-machine.com\/cs\/vyrobce\/cnc-drazkovaci-stroj-pro-desky-s-plosnymi-spoji\/","title":{"rendered":"CNC dr\u00e1\u017ekovac\u00ed stroj na PCB"},"content":{"rendered":"<p><strong>Pou\u017eit\u00ed: pro desky s plo\u0161n\u00fdmi spoji (PCB) V Scoring<\/strong><\/p>\n\n<table id=\"tablepress-21\" class=\"tablepress tablepress-id-21\">\n<thead>\n<tr class=\"row-1\">\n\t<th class=\"column-1\">Polo\u017eka<\/th><th class=\"column-2\">Detail<\/th>\n<\/tr>\n<\/thead>\n<tbody class=\"row-striping row-hover\">\n<tr class=\"row-2\">\n\t<td class=\"column-1\">Velikost panelu:<\/td><td class=\"column-2\">Max. 720 mm*630 mm;<br \/>\n Min. 100 mm*100 mm<\/td>\n<\/tr>\n<tr class=\"row-3\">\n\t<td class=\"column-1\">Tlou\u0161\u0165ka panelu:<\/td><td class=\"column-2\">0,3 ~ 3,2 mm<\/td>\n<\/tr>\n<tr class=\"row-4\">\n\t<td class=\"column-1\">P\u0159esnost:<\/td><td class=\"column-2\">P\u0159esnost rozte\u010de +\/-0,05 mm<br \/>\nRovnob\u011b\u017enost rozte\u010de +\/-0,05 mm<br \/>\nTlou\u0161\u0165ka p\u00e1su +\/- 0,05 mm<br \/>\n(Podle 1,6t nepl\u00e1tovan\u00e9ho panelu; z\u00e1vis\u00ed na stavu panelu)<\/td>\n<\/tr>\n<tr class=\"row-5\">\n\t<td class=\"column-1\">Bodovac\u00ed oblast:<\/td><td class=\"column-2\">Jak\u00e9koli m\u00edsto krom\u011b 5 mm od ka\u017ed\u00e9ho okraje.<\/td>\n<\/tr>\n<tr class=\"row-6\">\n\t<td class=\"column-1\">Rozm\u011br stroje:<\/td><td class=\"column-2\">L2990*W2443*H1618<\/td>\n<\/tr>\n<tr class=\"row-7\">\n\t<td class=\"column-1\">Hmotnost stroje:<\/td><td class=\"column-2\">p\u0159ibli\u017en\u011b 2650 kg<\/td>\n<\/tr>\n<\/tbody>\n<\/table>\n<!-- #tablepress-21 from cache -->\n<a href=\"https:\/\/kw-pcb-machine.com\/cs\/kontakt\/\" class=\"button primary is-shade box-shadow-3 box-shadow-5-hover\"  style=\"border-radius:5px;\">\n    <span>\u017d\u00e1dost o cenovou nab\u00eddku<\/span>\n  <\/a>","protected":false},"excerpt":{"rendered":"<ul>\n<li><strong>P\u0159esn\u00e9 bodov\u00e1n\u00ed<\/strong>: Poskytuje p\u0159esn\u00e9 V-dr\u00e1\u017eky pro \u010dist\u00e9 a spolehliv\u00e9 odd\u011blen\u00ed desek plo\u0161n\u00fdch spoj\u016f.<\/li>\n<li><strong>Nastaviteln\u00e1 nastaven\u00ed<\/strong>: Podporuje p\u0159izp\u016fsobitelnou hloubku dr\u00e1\u017ekov\u00e1n\u00ed a tlou\u0161\u0165ku desky pro r\u016fzn\u00e9 v\u00fdrobn\u00ed pot\u0159eby.<\/li>\n<li><strong>Vysokorychlostn\u00ed provoz<\/strong>: Dok\u00e1\u017ee efektivn\u011b zvl\u00e1dnout rozs\u00e1hlou v\u00fdrobu a zkr\u00e1tit prostoje.<\/li>\n<li><strong>Odoln\u00e1 konstrukce<\/strong>: Vyvinuto z odoln\u00fdch materi\u00e1l\u016f pro dlouhodob\u00fd v\u00fdkon v n\u00e1ro\u010dn\u00fdch v\u00fdrobn\u00edch prost\u0159ed\u00edch.<\/li>\n<\/ul>","protected":false},"featured_media":1804,"comment_status":"open","ping_status":"closed","template":"","meta":[],"product_brand":[],"product_cat":[51,36],"product_tag":[],"class_list":{"0":"post-1803","1":"product","2":"type-product","3":"status-publish","4":"has-post-thumbnail","6":"product_cat-used-pcb-fabrication-machine","7":"product_cat-driller-router-cnc","9":"first","10":"instock","11":"shipping-taxable","12":"product-type-simple"},"yoast_head":"<!-- This site is optimized with the Yoast SEO plugin v25.5 - https:\/\/yoast.com\/wordpress\/plugins\/seo\/ -->\n<title>High-Precision PCB V-Scoring Machines for Accurate PCB Cutting<\/title>\n<meta name=\"description\" content=\"Upgrade your manufacturing process with our PCB V-scoring machines. Designed for precise groove cutting, they ensure clean separation of PCB panels with minimal waste and maximum efficiency.\" \/>\n<meta name=\"robots\" content=\"index, follow, max-snippet:-1, max-image-preview:large, max-video-preview:-1\" \/>\n<link rel=\"canonical\" href=\"https:\/\/kw-pcb-machine.com\/cs\/vyrobce\/cnc-drazkovaci-stroj-pro-desky-s-plosnymi-spoji\/\" \/>\n<meta property=\"og:locale\" content=\"cs_CZ\" \/>\n<meta property=\"og:type\" content=\"article\" \/>\n<meta property=\"og:title\" content=\"High-Precision PCB V-Scoring Machines for Accurate PCB Cutting\" \/>\n<meta property=\"og:description\" content=\"Upgrade your manufacturing process with our PCB V-scoring machines. Designed for precise groove cutting, they ensure clean separation of PCB panels with minimal waste and maximum efficiency.\" \/>\n<meta property=\"og:url\" content=\"https:\/\/kw-pcb-machine.com\/cs\/vyrobce\/cnc-drazkovaci-stroj-pro-desky-s-plosnymi-spoji\/\" \/>\n<meta property=\"og:site_name\" content=\"Kewei Industries HK limited\" \/>\n<meta property=\"article:modified_time\" content=\"2024-12-24T08:34:36+00:00\" \/>\n<meta property=\"og:image\" content=\"https:\/\/kw-pcb-machine.com\/wp-content\/uploads\/2024\/11\/pcb-v-grooving-machine.webp\" \/>\n\t<meta property=\"og:image:width\" content=\"600\" \/>\n\t<meta property=\"og:image:height\" content=\"394\" \/>\n\t<meta property=\"og:image:type\" content=\"image\/webp\" \/>\n<meta name=\"twitter:card\" content=\"summary_large_image\" \/>\n<meta name=\"twitter:label1\" content=\"Odhadovan\u00e1 doba \u010dten\u00ed\" \/>\n\t<meta name=\"twitter:data1\" content=\"1 minuta\" \/>\n<script type=\"application\/ld+json\" class=\"yoast-schema-graph\">{\"@context\":\"https:\/\/schema.org\",\"@graph\":[{\"@type\":\"WebPage\",\"@id\":\"https:\/\/kw-pcb-machine.com\/manufacturer\/pcb-cnc-v-grooving-machine\/\",\"url\":\"https:\/\/kw-pcb-machine.com\/manufacturer\/pcb-cnc-v-grooving-machine\/\",\"name\":\"High-Precision PCB V-Scoring Machines for Accurate PCB Cutting\",\"isPartOf\":{\"@id\":\"https:\/\/kw-pcb-machine.com\/#website\"},\"primaryImageOfPage\":{\"@id\":\"https:\/\/kw-pcb-machine.com\/manufacturer\/pcb-cnc-v-grooving-machine\/#primaryimage\"},\"image\":{\"@id\":\"https:\/\/kw-pcb-machine.com\/manufacturer\/pcb-cnc-v-grooving-machine\/#primaryimage\"},\"thumbnailUrl\":\"https:\/\/kw-pcb-machine.com\/wp-content\/uploads\/2024\/11\/pcb-v-grooving-machine.webp\",\"datePublished\":\"2024-11-23T06:55:31+00:00\",\"dateModified\":\"2024-12-24T08:34:36+00:00\",\"description\":\"Upgrade your manufacturing process with our PCB V-scoring machines. Designed for precise groove cutting, they ensure clean separation of PCB panels with minimal waste and maximum efficiency.\",\"breadcrumb\":{\"@id\":\"https:\/\/kw-pcb-machine.com\/manufacturer\/pcb-cnc-v-grooving-machine\/#breadcrumb\"},\"inLanguage\":\"cs\",\"potentialAction\":[{\"@type\":\"ReadAction\",\"target\":[\"https:\/\/kw-pcb-machine.com\/manufacturer\/pcb-cnc-v-grooving-machine\/\"]}]},{\"@type\":\"ImageObject\",\"inLanguage\":\"cs\",\"@id\":\"https:\/\/kw-pcb-machine.com\/manufacturer\/pcb-cnc-v-grooving-machine\/#primaryimage\",\"url\":\"https:\/\/kw-pcb-machine.com\/wp-content\/uploads\/2024\/11\/pcb-v-grooving-machine.webp\",\"contentUrl\":\"https:\/\/kw-pcb-machine.com\/wp-content\/uploads\/2024\/11\/pcb-v-grooving-machine.webp\",\"width\":600,\"height\":394,\"caption\":\"pcb v-grooving machine\"},{\"@type\":\"BreadcrumbList\",\"@id\":\"https:\/\/kw-pcb-machine.com\/manufacturer\/pcb-cnc-v-grooving-machine\/#breadcrumb\",\"itemListElement\":[{\"@type\":\"ListItem\",\"position\":1,\"name\":\"Home\",\"item\":\"https:\/\/kw-pcb-machine.com\/\"},{\"@type\":\"ListItem\",\"position\":2,\"name\":\"Products\",\"item\":\"https:\/\/kw-pcb-machine.com\/shop\/\"},{\"@type\":\"ListItem\",\"position\":3,\"name\":\"PCB CNC V-Grooving Machine\"}]},{\"@type\":\"WebSite\",\"@id\":\"https:\/\/kw-pcb-machine.com\/#website\",\"url\":\"https:\/\/kw-pcb-machine.com\/\",\"name\":\"Kewei Industries HK limited\",\"description\":\"Printed Circuit Board (PCB) Making Machine Supplier\",\"potentialAction\":[{\"@type\":\"SearchAction\",\"target\":{\"@type\":\"EntryPoint\",\"urlTemplate\":\"https:\/\/kw-pcb-machine.com\/?s={search_term_string}\"},\"query-input\":{\"@type\":\"PropertyValueSpecification\",\"valueRequired\":true,\"valueName\":\"search_term_string\"}}],\"inLanguage\":\"cs\"}]}<\/script>\n<!-- \/ Yoast SEO plugin. -->","yoast_head_json":{"title":"Vysoce p\u0159esn\u00e9 stroje na dr\u00e1\u017ekov\u00e1n\u00ed do V pro p\u0159esn\u00e9 \u0159ez\u00e1n\u00ed desek plo\u0161n\u00fdch spoj\u016f","description":"Vylep\u0161ete sv\u016fj v\u00fdrobn\u00ed proces pomoc\u00ed na\u0161ich stroj\u016f pro V-\u0159ez\u00e1n\u00ed desek plo\u0161n\u00fdch spoj\u016f. Jsou navr\u017eeny pro p\u0159esn\u00e9 \u0159ez\u00e1n\u00ed dr\u00e1\u017eek a zaji\u0161\u0165uj\u00ed \u010dist\u00e9 odd\u011blen\u00ed desek plo\u0161n\u00fdch spoj\u016f s minim\u00e1ln\u00edm odpadem a maxim\u00e1ln\u00ed efektivitou.","robots":{"index":"index","follow":"follow","max-snippet":"max-snippet:-1","max-image-preview":"max-image-preview:large","max-video-preview":"max-video-preview:-1"},"canonical":"https:\/\/kw-pcb-machine.com\/cs\/vyrobce\/cnc-drazkovaci-stroj-pro-desky-s-plosnymi-spoji\/","og_locale":"cs_CZ","og_type":"article","og_title":"High-Precision PCB V-Scoring Machines for Accurate PCB Cutting","og_description":"Upgrade your manufacturing process with our PCB V-scoring machines. Designed for precise groove cutting, they ensure clean separation of PCB panels with minimal waste and maximum efficiency.","og_url":"https:\/\/kw-pcb-machine.com\/cs\/vyrobce\/cnc-drazkovaci-stroj-pro-desky-s-plosnymi-spoji\/","og_site_name":"Kewei Industries HK limited","article_modified_time":"2024-12-24T08:34:36+00:00","og_image":[{"width":600,"height":394,"url":"https:\/\/kw-pcb-machine.com\/wp-content\/uploads\/2024\/11\/pcb-v-grooving-machine.webp","type":"image\/webp"}],"twitter_card":"summary_large_image","twitter_misc":{"Odhadovan\u00e1 doba \u010dten\u00ed":"1 minuta"},"schema":{"@context":"https:\/\/schema.org","@graph":[{"@type":"WebPage","@id":"https:\/\/kw-pcb-machine.com\/manufacturer\/pcb-cnc-v-grooving-machine\/","url":"https:\/\/kw-pcb-machine.com\/manufacturer\/pcb-cnc-v-grooving-machine\/","name":"Vysoce p\u0159esn\u00e9 stroje na dr\u00e1\u017ekov\u00e1n\u00ed do V pro p\u0159esn\u00e9 \u0159ez\u00e1n\u00ed desek plo\u0161n\u00fdch spoj\u016f","isPartOf":{"@id":"https:\/\/kw-pcb-machine.com\/#website"},"primaryImageOfPage":{"@id":"https:\/\/kw-pcb-machine.com\/manufacturer\/pcb-cnc-v-grooving-machine\/#primaryimage"},"image":{"@id":"https:\/\/kw-pcb-machine.com\/manufacturer\/pcb-cnc-v-grooving-machine\/#primaryimage"},"thumbnailUrl":"https:\/\/kw-pcb-machine.com\/wp-content\/uploads\/2024\/11\/pcb-v-grooving-machine.webp","datePublished":"2024-11-23T06:55:31+00:00","dateModified":"2024-12-24T08:34:36+00:00","description":"Vylep\u0161ete sv\u016fj v\u00fdrobn\u00ed proces pomoc\u00ed na\u0161ich stroj\u016f pro V-\u0159ez\u00e1n\u00ed desek plo\u0161n\u00fdch spoj\u016f. Jsou navr\u017eeny pro p\u0159esn\u00e9 \u0159ez\u00e1n\u00ed dr\u00e1\u017eek a zaji\u0161\u0165uj\u00ed \u010dist\u00e9 odd\u011blen\u00ed desek plo\u0161n\u00fdch spoj\u016f s minim\u00e1ln\u00edm odpadem a maxim\u00e1ln\u00ed efektivitou.","breadcrumb":{"@id":"https:\/\/kw-pcb-machine.com\/manufacturer\/pcb-cnc-v-grooving-machine\/#breadcrumb"},"inLanguage":"cs","potentialAction":[{"@type":"ReadAction","target":["https:\/\/kw-pcb-machine.com\/manufacturer\/pcb-cnc-v-grooving-machine\/"]}]},{"@type":"ImageObject","inLanguage":"cs","@id":"https:\/\/kw-pcb-machine.com\/manufacturer\/pcb-cnc-v-grooving-machine\/#primaryimage","url":"https:\/\/kw-pcb-machine.com\/wp-content\/uploads\/2024\/11\/pcb-v-grooving-machine.webp","contentUrl":"https:\/\/kw-pcb-machine.com\/wp-content\/uploads\/2024\/11\/pcb-v-grooving-machine.webp","width":600,"height":394,"caption":"pcb v-grooving machine"},{"@type":"BreadcrumbList","@id":"https:\/\/kw-pcb-machine.com\/manufacturer\/pcb-cnc-v-grooving-machine\/#breadcrumb","itemListElement":[{"@type":"ListItem","position":1,"name":"Home","item":"https:\/\/kw-pcb-machine.com\/"},{"@type":"ListItem","position":2,"name":"Products","item":"https:\/\/kw-pcb-machine.com\/shop\/"},{"@type":"ListItem","position":3,"name":"PCB CNC V-Grooving Machine"}]},{"@type":"WebSite","@id":"https:\/\/kw-pcb-machine.com\/#website","url":"https:\/\/kw-pcb-machine.com\/","name":"Kewei Industries HK limited","description":"Dodavatel stroj\u016f na v\u00fdrobu desek s plo\u0161n\u00fdmi spoji (PCB)","potentialAction":[{"@type":"SearchAction","target":{"@type":"EntryPoint","urlTemplate":"https:\/\/kw-pcb-machine.com\/?s={search_term_string}"},"query-input":{"@type":"PropertyValueSpecification","valueRequired":true,"valueName":"search_term_string"}}],"inLanguage":"cs"}]}},"_links":{"self":[{"href":"https:\/\/kw-pcb-machine.com\/cs\/wp-json\/wp\/v2\/product\/1803","targetHints":{"allow":["GET"]}}],"collection":[{"href":"https:\/\/kw-pcb-machine.com\/cs\/wp-json\/wp\/v2\/product"}],"about":[{"href":"https:\/\/kw-pcb-machine.com\/cs\/wp-json\/wp\/v2\/types\/product"}],"replies":[{"embeddable":true,"href":"https:\/\/kw-pcb-machine.com\/cs\/wp-json\/wp\/v2\/comments?post=1803"}],"wp:featuredmedia":[{"embeddable":true,"href":"https:\/\/kw-pcb-machine.com\/cs\/wp-json\/wp\/v2\/media\/1804"}],"wp:attachment":[{"href":"https:\/\/kw-pcb-machine.com\/cs\/wp-json\/wp\/v2\/media?parent=1803"}],"wp:term":[{"taxonomy":"product_brand","embeddable":true,"href":"https:\/\/kw-pcb-machine.com\/cs\/wp-json\/wp\/v2\/product_brand?post=1803"},{"taxonomy":"product_cat","embeddable":true,"href":"https:\/\/kw-pcb-machine.com\/cs\/wp-json\/wp\/v2\/product_cat?post=1803"},{"taxonomy":"product_tag","embeddable":true,"href":"https:\/\/kw-pcb-machine.com\/cs\/wp-json\/wp\/v2\/product_tag?post=1803"}],"curies":[{"name":"wp","href":"https:\/\/api.w.org\/{rel}","templated":true}]}}