{"id":1819,"date":"2024-12-02T11:54:28","date_gmt":"2024-12-02T11:54:28","guid":{"rendered":"https:\/\/kw-pcb-machine.com\/?post_type=product&#038;p=1819"},"modified":"2024-12-25T11:49:56","modified_gmt":"2024-12-25T11:49:56","slug":"inkoustova-tiskarna-na-desky-plosnych-spoju","status":"publish","type":"product","link":"https:\/\/kw-pcb-machine.com\/cs\/vyrobce\/inkoustova-tiskarna-na-desky-plosnych-spoju\/","title":{"rendered":"Inkoustov\u00e1 tisk\u00e1rna PCB"},"content":{"rendered":"<p><iframe loading=\"lazy\" title=\"PCB Character Inkjet Printing Machine #pcbmanufacturing  #inkjetprinter\" width=\"1020\" height=\"765\" src=\"https:\/\/www.youtube.com\/embed\/obnZk4ts6VE?feature=oembed\" frameborder=\"0\" allow=\"accelerometer; autoplay; clipboard-write; encrypted-media; gyroscope; picture-in-picture; web-share\" referrerpolicy=\"strict-origin-when-cross-origin\" allowfullscreen><\/iframe><\/p>\n<p><strong>Pou\u017eit\u00ed: pro tisk legend na desky plo\u0161n\u00fdch spoj\u016f<\/strong><\/p>\n\n<table id=\"tablepress-24\" class=\"tablepress tablepress-id-24\">\n<thead>\n<tr class=\"row-1\">\n\t<th class=\"column-1\">Polo\u017eka<\/th><th class=\"column-2\">Detail<\/th>\n<\/tr>\n<\/thead>\n<tbody class=\"row-striping row-hover\">\n<tr class=\"row-2\">\n\t<td class=\"column-1\">Maxim\u00e1ln\u00ed velikost tisku:<\/td><td class=\"column-2\">620 mm x 720 mm<\/td>\n<\/tr>\n<tr class=\"row-3\">\n\t<td class=\"column-1\">Tlou\u0161\u0165ka panelu:<\/td><td class=\"column-2\">0,1 mm-10 mm<\/td>\n<\/tr>\n<tr class=\"row-4\">\n\t<td class=\"column-1\">Minim\u00e1ln\u00ed\/maxim\u00e1ln\u00ed rozli\u0161en\u00ed:<\/td><td class=\"column-2\">720\/1440 dpi<\/td>\n<\/tr>\n<tr class=\"row-5\">\n\t<td class=\"column-1\">Minim\u00e1ln\u00ed \u0161\u00ed\u0159ka \u010d\u00e1ry:<\/td><td class=\"column-2\">3mil(0,075mm)<\/td>\n<\/tr>\n<tr class=\"row-6\">\n\t<td class=\"column-1\">Minim\u00e1ln\u00ed v\u00fd\u0161ka legendy:<\/td><td class=\"column-2\">20mil(0,5mm)<\/td>\n<\/tr>\n<tr class=\"row-7\">\n\t<td class=\"column-1\">Hloubka ostrosti:<\/td><td class=\"column-2\">126mil(3,2mm)<\/td>\n<\/tr>\n<tr class=\"row-8\">\n\t<td class=\"column-1\">Metoda zarovn\u00e1n\u00ed:<\/td><td class=\"column-2\">Jednobodov\u00e9 t\u0159\u00edbodov\u00e9 nebo \u010dty\u0159bodov\u00e9 polohov\u00e1n\u00ed CCD (automatick\u00e9)<\/td>\n<\/tr>\n<tr class=\"row-9\">\n\t<td class=\"column-1\">Pracovn\u00ed rychlost:<\/td><td class=\"column-2\">3,5 ~ 4 strany za minutu<\/td>\n<\/tr>\n<tr class=\"row-10\">\n\t<td class=\"column-1\">Inkoust:<\/td><td class=\"column-2\">Coants, TAIYO a dal\u0161\u00ed zna\u010dky<\/td>\n<\/tr>\n<tr class=\"row-11\">\n\t<td class=\"column-1\">Re\u017eim tisku:<\/td><td class=\"column-2\">Strana A-A nebo strana A-B<\/td>\n<\/tr>\n<tr class=\"row-12\">\n\t<td class=\"column-1\">\u010cist\u00e1 hmotnost stroje:<\/td><td class=\"column-2\">3500 KG<\/td>\n<\/tr>\n<tr class=\"row-13\">\n\t<td class=\"column-1\">Po\u010d\u00edta\u010d<\/td><td class=\"column-2\">Windows10<\/td>\n<\/tr>\n<tr class=\"row-14\">\n\t<td class=\"column-1\">Syst\u00e9m vytvrzov\u00e1n\u00ed:<\/td><td class=\"column-2\">UV-LED lampa a jej\u00ed chladic\u00ed syst\u00e9m<\/td>\n<\/tr>\n<tr class=\"row-15\">\n\t<td class=\"column-1\">Standardn\u00ed nap\u00e1jen\u00ed:<\/td><td class=\"column-2\">AC220V; 50HZ<\/td>\n<\/tr>\n<tr class=\"row-16\">\n\t<td class=\"column-1\">Standardn\u00ed p\u0159\u00edvod vzduchu:<\/td><td class=\"column-2\">0,45-0,65MPA<\/td>\n<\/tr>\n<tr class=\"row-17\">\n\t<td class=\"column-1\">Po\u017eadavky na d\u00edlnu:<\/td><td class=\"column-2\">\u010dist\u00fd prostor \u2265 100 000 t\u0159\u00edda<\/td>\n<\/tr>\n<tr class=\"row-18\">\n\t<td class=\"column-1\">Klimatizace:<\/td><td class=\"column-2\">udr\u017eujte provozn\u00ed vlhkost a teplotu; neumis\u0165ujte za\u0159\u00edzen\u00ed do v\u00fdstupu vzduchu.<\/td>\n<\/tr>\n<tr class=\"row-19\">\n\t<td class=\"column-1\">Teplota:<\/td><td class=\"column-2\">20\u2103-24\u2103<\/td>\n<\/tr>\n<tr class=\"row-20\">\n\t<td class=\"column-1\">Pevnost podlahy:<\/td><td class=\"column-2\">V\u00edce ne\u017e 1000 kg\/m\u00b2 20 Vibrace podlahy Nep\u0159ibli\u017eujte se k za\u0159\u00edzen\u00edm se siln\u00fdmi vibracemi.<\/td>\n<\/tr>\n<tr class=\"row-21\">\n\t<td class=\"column-1\">Slune\u010dn\u00ed sv\u011btlo:<\/td><td class=\"column-2\">Vyhn\u011bte se p\u0159\u00edm\u00e9mu slune\u010dn\u00edmu z\u00e1\u0159en\u00ed<\/td>\n<\/tr>\n<tr class=\"row-22\">\n\t<td class=\"column-1\">V\u00fdkon hostitele:<\/td><td class=\"column-2\">5KVA<\/td>\n<\/tr>\n<tr class=\"row-23\">\n\t<td class=\"column-1\">Nap\u00e1jen\u00ed hostitele:<\/td><td class=\"column-2\">220 V; 50 HZ;<\/td>\n<\/tr>\n<tr class=\"row-24\">\n\t<td class=\"column-1\">Hlavn\u00ed vyp\u00edna\u010d:<\/td><td class=\"column-2\">32A<\/td>\n<\/tr>\n<tr class=\"row-25\">\n\t<td class=\"column-1\">S\u00ed\u0165:<\/td><td class=\"column-2\">45 p\u0159\u00edstav<\/td>\n<\/tr>\n<tr class=\"row-26\">\n\t<td class=\"column-1\">Kategorie tisku:<\/td><td class=\"column-2\">znak\/cyklus zm\u011bny\/QR k\u00f3d\/\u010d\u00e1rov\u00fd k\u00f3d<\/td>\n<\/tr>\n<tr class=\"row-27\">\n\t<td class=\"column-1\">Detekce tlou\u0161\u0165ky desky:<\/td><td class=\"column-2\">Laserov\u00e9 senzory KEYENCE<\/td>\n<\/tr>\n<tr class=\"row-28\">\n\t<td class=\"column-1\">P\u0159esnost detekce:<\/td><td class=\"column-2\">0,1 mm<\/td>\n<\/tr>\n<\/tbody>\n<\/table>\n\n<a href=\"https:\/\/kw-pcb-machine.com\/cs\/kontakt\/\" class=\"button primary is-shade box-shadow-3 box-shadow-5-hover\"  style=\"border-radius:5px;\">\n    <span>\u017d\u00e1dost o cenovou nab\u00eddku<\/span>\n  <\/a>","protected":false},"excerpt":{"rendered":"<ul>\n<li><strong>1. Tisk ve vysok\u00e9m rozli\u0161en\u00ed<\/strong><br \/>\nInkoustov\u00e1 tisk\u00e1rna PCB je vybavena \u0161pi\u010dkov\u00fdmi tiskov\u00fdmi hlavami, kter\u00e9 jsou schopny tisknout ve velmi vysok\u00e9m rozli\u0161en\u00ed. To zaji\u0161\u0165uje p\u0159esn\u00e9 a jasn\u00e9 vzory obvod\u016f, jemn\u00e9 stopy a detailn\u00ed komponenty, tak\u017ee je ide\u00e1ln\u00ed pro komplexn\u00ed n\u00e1vrhy desek plo\u0161n\u00fdch spoj\u016f.<\/li>\n<li><strong>2. Vysok\u00e1 rychlost tisku<\/strong><br \/>\nNa\u0161e inkoustov\u00e1 tisk\u00e1rna PCB je navr\u017eena pro vysoce efektivn\u00ed v\u00fdrobu a vyzna\u010duje se vysokou rychlost\u00ed tisku bez sn\u00ed\u017een\u00ed kvality. Tato vlastnost v\u00fdrazn\u011b zkracuje v\u00fdrobn\u00ed \u010das a zvy\u0161uje v\u00fdkonnost, \u010d\u00edm\u017e spl\u0148uje po\u017eadavky velkoobjemov\u00e9 v\u00fdroby desek plo\u0161n\u00fdch spoj\u016f.<\/li>\n<li><strong>3. V\u0161estrann\u00e1 kompatibilita materi\u00e1l\u016f<\/strong><br \/>\nNa\u0161e inkoustov\u00e1 tisk\u00e1rna plo\u0161n\u00fdch spoj\u016f podporuje \u0161irokou \u0161k\u00e1lu materi\u00e1l\u016f, v\u010detn\u011b standardn\u00edho materi\u00e1lu FR4, flexibiln\u00edch plo\u0161n\u00fdch spoj\u016f a dal\u0161\u00edch specializovan\u00fdch substr\u00e1t\u016f. Je schopna tisknout na jednostrann\u00e9 i v\u00edcevrstv\u00e9 desky plo\u0161n\u00fdch spoj\u016f, co\u017e poskytuje flexibilitu pro r\u016fzn\u00e9 typy v\u00fdroby desek plo\u0161n\u00fdch spoj\u016f.<\/li>\n<\/ul>","protected":false},"featured_media":1820,"comment_status":"open","ping_status":"closed","template":"","meta":[],"product_brand":[],"product_cat":[50,43],"product_tag":[],"class_list":{"0":"post-1819","1":"product","2":"type-product","3":"status-publish","4":"has-post-thumbnail","6":"product_cat-new-pcb-fabrication-machine","7":"product_cat-screen-legend","9":"first","10":"instock","11":"shipping-taxable","12":"product-type-simple"},"yoast_head":"<!-- This site is optimized with the Yoast SEO plugin v25.5 - https:\/\/yoast.com\/wordpress\/plugins\/seo\/ -->\n<title>High-Precision PCB Inkjet Printer for Reliable Circuit Board Printing<\/title>\n<meta name=\"description\" content=\"Achieve superior precision and quality in PCB production with our state-of-the-art inkjet printers. Perfect for printing high-definition circuit board designs, our machines deliver accurate results with minimal waste, ideal for both small and large-scale PCB manufacturers.\" \/>\n<meta name=\"robots\" content=\"index, follow, max-snippet:-1, max-image-preview:large, max-video-preview:-1\" \/>\n<link rel=\"canonical\" href=\"https:\/\/kw-pcb-machine.com\/cs\/vyrobce\/inkoustova-tiskarna-na-desky-plosnych-spoju\/\" \/>\n<meta property=\"og:locale\" content=\"cs_CZ\" \/>\n<meta property=\"og:type\" content=\"article\" \/>\n<meta property=\"og:title\" content=\"High-Precision PCB Inkjet Printer for Reliable Circuit Board Printing\" \/>\n<meta property=\"og:description\" content=\"Achieve superior precision and quality in PCB production with our state-of-the-art inkjet printers. Perfect for printing high-definition circuit board designs, our machines deliver accurate results with minimal waste, ideal for both small and large-scale PCB manufacturers.\" \/>\n<meta property=\"og:url\" content=\"https:\/\/kw-pcb-machine.com\/cs\/vyrobce\/inkoustova-tiskarna-na-desky-plosnych-spoju\/\" \/>\n<meta property=\"og:site_name\" content=\"Kewei Industries HK limited\" \/>\n<meta property=\"article:modified_time\" content=\"2024-12-25T11:49:56+00:00\" \/>\n<meta property=\"og:image\" content=\"https:\/\/kw-pcb-machine.com\/wp-content\/uploads\/2024\/12\/pcb-inkjet-printer.webp\" \/>\n\t<meta property=\"og:image:width\" content=\"600\" \/>\n\t<meta property=\"og:image:height\" content=\"600\" \/>\n\t<meta property=\"og:image:type\" content=\"image\/webp\" \/>\n<meta name=\"twitter:card\" content=\"summary_large_image\" \/>\n<meta name=\"twitter:label1\" content=\"Odhadovan\u00e1 doba \u010dten\u00ed\" \/>\n\t<meta name=\"twitter:data1\" content=\"1 minuta\" \/>\n<script type=\"application\/ld+json\" class=\"yoast-schema-graph\">{\"@context\":\"https:\/\/schema.org\",\"@graph\":[{\"@type\":\"WebPage\",\"@id\":\"https:\/\/kw-pcb-machine.com\/manufacturer\/pcb-inkjet-printer\/\",\"url\":\"https:\/\/kw-pcb-machine.com\/manufacturer\/pcb-inkjet-printer\/\",\"name\":\"High-Precision PCB Inkjet Printer for Reliable Circuit Board Printing\",\"isPartOf\":{\"@id\":\"https:\/\/kw-pcb-machine.com\/#website\"},\"primaryImageOfPage\":{\"@id\":\"https:\/\/kw-pcb-machine.com\/manufacturer\/pcb-inkjet-printer\/#primaryimage\"},\"image\":{\"@id\":\"https:\/\/kw-pcb-machine.com\/manufacturer\/pcb-inkjet-printer\/#primaryimage\"},\"thumbnailUrl\":\"https:\/\/kw-pcb-machine.com\/wp-content\/uploads\/2024\/12\/pcb-inkjet-printer.webp\",\"datePublished\":\"2024-12-02T11:54:28+00:00\",\"dateModified\":\"2024-12-25T11:49:56+00:00\",\"description\":\"Achieve superior precision and quality in PCB production with our state-of-the-art inkjet printers. Perfect for printing high-definition circuit board designs, our machines deliver accurate results with minimal waste, ideal for both small and large-scale PCB manufacturers.\",\"breadcrumb\":{\"@id\":\"https:\/\/kw-pcb-machine.com\/manufacturer\/pcb-inkjet-printer\/#breadcrumb\"},\"inLanguage\":\"cs\",\"potentialAction\":[{\"@type\":\"ReadAction\",\"target\":[\"https:\/\/kw-pcb-machine.com\/manufacturer\/pcb-inkjet-printer\/\"]}]},{\"@type\":\"ImageObject\",\"inLanguage\":\"cs\",\"@id\":\"https:\/\/kw-pcb-machine.com\/manufacturer\/pcb-inkjet-printer\/#primaryimage\",\"url\":\"https:\/\/kw-pcb-machine.com\/wp-content\/uploads\/2024\/12\/pcb-inkjet-printer.webp\",\"contentUrl\":\"https:\/\/kw-pcb-machine.com\/wp-content\/uploads\/2024\/12\/pcb-inkjet-printer.webp\",\"width\":600,\"height\":600,\"caption\":\"pcb inkjet printer\"},{\"@type\":\"BreadcrumbList\",\"@id\":\"https:\/\/kw-pcb-machine.com\/manufacturer\/pcb-inkjet-printer\/#breadcrumb\",\"itemListElement\":[{\"@type\":\"ListItem\",\"position\":1,\"name\":\"Home\",\"item\":\"https:\/\/kw-pcb-machine.com\/\"},{\"@type\":\"ListItem\",\"position\":2,\"name\":\"Products\",\"item\":\"https:\/\/kw-pcb-machine.com\/shop\/\"},{\"@type\":\"ListItem\",\"position\":3,\"name\":\"PCB Inkjet Printer\"}]},{\"@type\":\"WebSite\",\"@id\":\"https:\/\/kw-pcb-machine.com\/#website\",\"url\":\"https:\/\/kw-pcb-machine.com\/\",\"name\":\"Kewei Industries HK limited\",\"description\":\"Printed Circuit Board (PCB) Making Machine Supplier\",\"potentialAction\":[{\"@type\":\"SearchAction\",\"target\":{\"@type\":\"EntryPoint\",\"urlTemplate\":\"https:\/\/kw-pcb-machine.com\/?s={search_term_string}\"},\"query-input\":{\"@type\":\"PropertyValueSpecification\",\"valueRequired\":true,\"valueName\":\"search_term_string\"}}],\"inLanguage\":\"cs\"}]}<\/script>\n<!-- \/ Yoast SEO plugin. -->","yoast_head_json":{"title":"Vysoce p\u0159esn\u00e1 inkoustov\u00e1 tisk\u00e1rna plo\u0161n\u00fdch spoj\u016f pro spolehliv\u00fd tisk desek plo\u0161n\u00fdch spoj\u016f","description":"Dos\u00e1hn\u011bte vynikaj\u00edc\u00ed p\u0159esnosti a kvality p\u0159i v\u00fdrob\u011b desek plo\u0161n\u00fdch spoj\u016f pomoc\u00ed na\u0161ich nejmodern\u011bj\u0161\u00edch inkoustov\u00fdch tisk\u00e1ren. Na\u0161e stroje jsou ide\u00e1ln\u00ed pro tisk n\u00e1vrh\u016f desek plo\u0161n\u00fdch spoj\u016f s vysok\u00fdm rozli\u0161en\u00edm a poskytuj\u00ed p\u0159esn\u00e9 v\u00fdsledky s minim\u00e1ln\u00edm odpadem, co\u017e je ide\u00e1ln\u00ed pro mal\u00e9 i velk\u00e9 v\u00fdrobce desek plo\u0161n\u00fdch spoj\u016f.","robots":{"index":"index","follow":"follow","max-snippet":"max-snippet:-1","max-image-preview":"max-image-preview:large","max-video-preview":"max-video-preview:-1"},"canonical":"https:\/\/kw-pcb-machine.com\/cs\/vyrobce\/inkoustova-tiskarna-na-desky-plosnych-spoju\/","og_locale":"cs_CZ","og_type":"article","og_title":"High-Precision PCB Inkjet Printer for Reliable Circuit Board Printing","og_description":"Achieve superior precision and quality in PCB production with our state-of-the-art inkjet printers. Perfect for printing high-definition circuit board designs, our machines deliver accurate results with minimal waste, ideal for both small and large-scale PCB manufacturers.","og_url":"https:\/\/kw-pcb-machine.com\/cs\/vyrobce\/inkoustova-tiskarna-na-desky-plosnych-spoju\/","og_site_name":"Kewei Industries HK limited","article_modified_time":"2024-12-25T11:49:56+00:00","og_image":[{"width":600,"height":600,"url":"https:\/\/kw-pcb-machine.com\/wp-content\/uploads\/2024\/12\/pcb-inkjet-printer.webp","type":"image\/webp"}],"twitter_card":"summary_large_image","twitter_misc":{"Odhadovan\u00e1 doba \u010dten\u00ed":"1 minuta"},"schema":{"@context":"https:\/\/schema.org","@graph":[{"@type":"WebPage","@id":"https:\/\/kw-pcb-machine.com\/manufacturer\/pcb-inkjet-printer\/","url":"https:\/\/kw-pcb-machine.com\/manufacturer\/pcb-inkjet-printer\/","name":"Vysoce p\u0159esn\u00e1 inkoustov\u00e1 tisk\u00e1rna plo\u0161n\u00fdch spoj\u016f pro spolehliv\u00fd tisk desek plo\u0161n\u00fdch spoj\u016f","isPartOf":{"@id":"https:\/\/kw-pcb-machine.com\/#website"},"primaryImageOfPage":{"@id":"https:\/\/kw-pcb-machine.com\/manufacturer\/pcb-inkjet-printer\/#primaryimage"},"image":{"@id":"https:\/\/kw-pcb-machine.com\/manufacturer\/pcb-inkjet-printer\/#primaryimage"},"thumbnailUrl":"https:\/\/kw-pcb-machine.com\/wp-content\/uploads\/2024\/12\/pcb-inkjet-printer.webp","datePublished":"2024-12-02T11:54:28+00:00","dateModified":"2024-12-25T11:49:56+00:00","description":"Dos\u00e1hn\u011bte vynikaj\u00edc\u00ed p\u0159esnosti a kvality p\u0159i v\u00fdrob\u011b desek plo\u0161n\u00fdch spoj\u016f pomoc\u00ed na\u0161ich nejmodern\u011bj\u0161\u00edch inkoustov\u00fdch tisk\u00e1ren. Na\u0161e stroje jsou ide\u00e1ln\u00ed pro tisk n\u00e1vrh\u016f desek plo\u0161n\u00fdch spoj\u016f s vysok\u00fdm rozli\u0161en\u00edm a poskytuj\u00ed p\u0159esn\u00e9 v\u00fdsledky s minim\u00e1ln\u00edm odpadem, co\u017e je ide\u00e1ln\u00ed pro mal\u00e9 i velk\u00e9 v\u00fdrobce desek plo\u0161n\u00fdch spoj\u016f.","breadcrumb":{"@id":"https:\/\/kw-pcb-machine.com\/manufacturer\/pcb-inkjet-printer\/#breadcrumb"},"inLanguage":"cs","potentialAction":[{"@type":"ReadAction","target":["https:\/\/kw-pcb-machine.com\/manufacturer\/pcb-inkjet-printer\/"]}]},{"@type":"ImageObject","inLanguage":"cs","@id":"https:\/\/kw-pcb-machine.com\/manufacturer\/pcb-inkjet-printer\/#primaryimage","url":"https:\/\/kw-pcb-machine.com\/wp-content\/uploads\/2024\/12\/pcb-inkjet-printer.webp","contentUrl":"https:\/\/kw-pcb-machine.com\/wp-content\/uploads\/2024\/12\/pcb-inkjet-printer.webp","width":600,"height":600,"caption":"pcb inkjet printer"},{"@type":"BreadcrumbList","@id":"https:\/\/kw-pcb-machine.com\/manufacturer\/pcb-inkjet-printer\/#breadcrumb","itemListElement":[{"@type":"ListItem","position":1,"name":"Home","item":"https:\/\/kw-pcb-machine.com\/"},{"@type":"ListItem","position":2,"name":"Products","item":"https:\/\/kw-pcb-machine.com\/shop\/"},{"@type":"ListItem","position":3,"name":"PCB Inkjet Printer"}]},{"@type":"WebSite","@id":"https:\/\/kw-pcb-machine.com\/#website","url":"https:\/\/kw-pcb-machine.com\/","name":"Kewei Industries HK limited","description":"Dodavatel stroj\u016f na v\u00fdrobu desek s plo\u0161n\u00fdmi spoji (PCB)","potentialAction":[{"@type":"SearchAction","target":{"@type":"EntryPoint","urlTemplate":"https:\/\/kw-pcb-machine.com\/?s={search_term_string}"},"query-input":{"@type":"PropertyValueSpecification","valueRequired":true,"valueName":"search_term_string"}}],"inLanguage":"cs"}]}},"_links":{"self":[{"href":"https:\/\/kw-pcb-machine.com\/cs\/wp-json\/wp\/v2\/product\/1819","targetHints":{"allow":["GET"]}}],"collection":[{"href":"https:\/\/kw-pcb-machine.com\/cs\/wp-json\/wp\/v2\/product"}],"about":[{"href":"https:\/\/kw-pcb-machine.com\/cs\/wp-json\/wp\/v2\/types\/product"}],"replies":[{"embeddable":true,"href":"https:\/\/kw-pcb-machine.com\/cs\/wp-json\/wp\/v2\/comments?post=1819"}],"wp:featuredmedia":[{"embeddable":true,"href":"https:\/\/kw-pcb-machine.com\/cs\/wp-json\/wp\/v2\/media\/1820"}],"wp:attachment":[{"href":"https:\/\/kw-pcb-machine.com\/cs\/wp-json\/wp\/v2\/media?parent=1819"}],"wp:term":[{"taxonomy":"product_brand","embeddable":true,"href":"https:\/\/kw-pcb-machine.com\/cs\/wp-json\/wp\/v2\/product_brand?post=1819"},{"taxonomy":"product_cat","embeddable":true,"href":"https:\/\/kw-pcb-machine.com\/cs\/wp-json\/wp\/v2\/product_cat?post=1819"},{"taxonomy":"product_tag","embeddable":true,"href":"https:\/\/kw-pcb-machine.com\/cs\/wp-json\/wp\/v2\/product_tag?post=1819"}],"curies":[{"name":"wp","href":"https:\/\/api.w.org\/{rel}","templated":true}]}}