{"id":1824,"date":"2024-12-10T03:34:00","date_gmt":"2024-12-10T03:34:00","guid":{"rendered":"https:\/\/kw-pcb-machine.com\/?post_type=product&#038;p=1824"},"modified":"2024-12-24T08:31:32","modified_gmt":"2024-12-24T08:31:32","slug":"pec-na-peceni-desek-plosnych-spoju","status":"publish","type":"product","link":"https:\/\/kw-pcb-machine.com\/cs\/vyrobce\/pec-na-peceni-desek-plosnych-spoju\/","title":{"rendered":"Pe\u010dic\u00ed trouba s PCB"},"content":{"rendered":"<p><strong>Pou\u017eit\u00ed: pro pe\u010den\u00ed na desk\u00e1ch plo\u0161n\u00fdch spoj\u016f<\/strong><\/p>\n\n<table id=\"tablepress-25\" class=\"tablepress tablepress-id-25\">\n<thead>\n<tr class=\"row-1\">\n\t<th class=\"column-1\">Polo\u017eka<\/th><th class=\"column-2\">Detail<\/th>\n<\/tr>\n<\/thead>\n<tbody class=\"row-striping row-hover\">\n<tr class=\"row-2\">\n\t<td class=\"column-1\">Power<\/td><td class=\"column-2\">AC380V; 3\u03c6; 50HZ; 20KW<\/td>\n<\/tr>\n<tr class=\"row-3\">\n\t<td class=\"column-1\">Vnit\u0159n\u00ed rozm\u011br<\/td><td class=\"column-2\">W900mm\u00d7D1000mm\u00d7H1600mm<\/td>\n<\/tr>\n<tr class=\"row-4\">\n\t<td class=\"column-1\">Vn\u011bj\u0161\u00ed rozm\u011br<\/td><td class=\"column-2\">\u01601240 mm \u00d7 H1100 mm \u00d7 V2000 mm - bez motoru (referen\u010dn\u00ed velikost)<\/td>\n<\/tr>\n<tr class=\"row-5\">\n\t<td class=\"column-1\">Teplotn\u00ed rozsah<\/td><td class=\"column-2\">Norm\u00e1ln\u00ed teplota\uff5e200 \u2103;<br \/>\nNorm\u00e1ln\u00ed teplota\uff5e150 \u2103, trv\u00e1 asi 15 minut (test pr\u00e1zdn\u00e9 pece) 150 \u2103 se b\u011b\u017en\u011b pou\u017e\u00edv\u00e1.<\/td>\n<\/tr>\n<tr class=\"row-6\">\n\t<td class=\"column-1\">Rovnom\u011brnost teploty<\/td><td class=\"column-2\">Rovnom\u011brnost teploty \u00b12%\u2103 (test pr\u00e1zdn\u00e9 pece), p\u0159esnost regulace \u00b11\u2103.<\/td>\n<\/tr>\n<tr class=\"row-7\">\n\t<td class=\"column-1\">Regul\u00e1tor teploty<\/td><td class=\"column-2\">Automatick\u00fd regul\u00e1tor teploty RKC-C900 japonsk\u00e9 v\u00fdroby (digit\u00e1ln\u00ed nastaven\u00ed, LED displej, v\u00fdstup SSR, vysoce p\u0159esn\u00fd regul\u00e1tor automatick\u00e9ho v\u00fdpo\u010dtu PID).<\/td>\n<\/tr>\n<\/tbody>\n<\/table>\n<!-- #tablepress-25 from cache -->\n<a href=\"https:\/\/kw-pcb-machine.com\/cs\/kontakt\/\" class=\"button primary is-shade box-shadow-3 box-shadow-5-hover\"  style=\"border-radius:5px;\">\n    <span>\u017d\u00e1dost o cenovou nab\u00eddku<\/span>\n  <\/a>","protected":false},"excerpt":{"rendered":"<ul>\n<li><strong>P\u0159esn\u00e1 regulace teploty:<\/strong> Pece na pe\u010den\u00ed desek plo\u0161n\u00fdch spoj\u016f nab\u00edzej\u00ed pokro\u010dilou regulaci teploty, kter\u00e1 zaji\u0161\u0165uje konzistentn\u00ed rozlo\u017een\u00ed tepla pro rovnom\u011brn\u00e9 p\u00e1jen\u00ed a optim\u00e1ln\u00ed v\u00fdkon desek plo\u0161n\u00fdch spoj\u016f.<\/li>\n<li><strong>Zlep\u0161en\u00e1 kvalita p\u00e1jen\u00ed:<\/strong> D\u00edky \u0159\u00edzen\u00e9mu nastaven\u00ed teploty tyto pece minimalizuj\u00ed v\u00fdskyt vad, jako jsou studen\u00e9 spoje nebo p\u00e1jen\u00e9 m\u016fstky, a poskytuj\u00ed vysoce kvalitn\u00ed v\u00fdsledky p\u00e1jen\u00ed a spolehliv\u00e9 spoje.<\/li>\n<li><strong>Zv\u00fd\u0161en\u00e1 efektivita v\u00fdroby:<\/strong> Rychl\u00e9 cykly oh\u0159evu a chlazen\u00ed v pec\u00edch na pe\u010den\u00ed desek plo\u0161n\u00fdch spoj\u016f urychluj\u00ed v\u00fdrobn\u00ed proces, sni\u017euj\u00ed prostoje a zvy\u0161uj\u00ed celkovou v\u00fdrobn\u00ed kapacitu.<\/li>\n<\/ul>","protected":false},"featured_media":1825,"comment_status":"open","ping_status":"closed","template":"","meta":[],"product_brand":[],"product_cat":[50,44],"product_tag":[],"class_list":{"0":"post-1824","1":"product","2":"type-product","3":"status-publish","4":"has-post-thumbnail","6":"product_cat-new-pcb-fabrication-machine","7":"product_cat-pcb-oven","9":"first","10":"instock","11":"shipping-taxable","12":"product-type-simple"},"yoast_head":"<!-- This site is optimized with the Yoast SEO plugin v25.5 - https:\/\/yoast.com\/wordpress\/plugins\/seo\/ -->\n<title>Efficient PCB Baking Ovens for Perfect Circuit Board Production<\/title>\n<meta name=\"description\" content=\"Explore our premium PCB baking ovens, designed for precise and efficient baking. Enhance your circuit board production with reliable temperature control and advanced features.\" \/>\n<meta name=\"robots\" content=\"index, follow, max-snippet:-1, max-image-preview:large, max-video-preview:-1\" \/>\n<link rel=\"canonical\" href=\"https:\/\/kw-pcb-machine.com\/cs\/vyrobce\/pec-na-peceni-desek-plosnych-spoju\/\" \/>\n<meta property=\"og:locale\" content=\"cs_CZ\" \/>\n<meta property=\"og:type\" content=\"article\" \/>\n<meta property=\"og:title\" content=\"Efficient PCB Baking Ovens for Perfect Circuit Board Production\" \/>\n<meta property=\"og:description\" content=\"Explore our premium PCB baking ovens, designed for precise and efficient baking. Enhance your circuit board production with reliable temperature control and advanced features.\" \/>\n<meta property=\"og:url\" content=\"https:\/\/kw-pcb-machine.com\/cs\/vyrobce\/pec-na-peceni-desek-plosnych-spoju\/\" \/>\n<meta property=\"og:site_name\" content=\"Kewei Industries HK limited\" \/>\n<meta property=\"article:modified_time\" content=\"2024-12-24T08:31:32+00:00\" \/>\n<meta property=\"og:image\" content=\"https:\/\/kw-pcb-machine.com\/wp-content\/uploads\/2024\/12\/pcb-oven-1.webp\" \/>\n\t<meta property=\"og:image:width\" content=\"600\" \/>\n\t<meta property=\"og:image:height\" content=\"671\" \/>\n\t<meta property=\"og:image:type\" content=\"image\/webp\" \/>\n<meta name=\"twitter:card\" content=\"summary_large_image\" \/>\n<meta name=\"twitter:label1\" content=\"Odhadovan\u00e1 doba \u010dten\u00ed\" \/>\n\t<meta name=\"twitter:data1\" content=\"1 minuta\" \/>\n<script type=\"application\/ld+json\" class=\"yoast-schema-graph\">{\"@context\":\"https:\/\/schema.org\",\"@graph\":[{\"@type\":\"WebPage\",\"@id\":\"https:\/\/kw-pcb-machine.com\/manufacturer\/pcb-baking-oven\/\",\"url\":\"https:\/\/kw-pcb-machine.com\/manufacturer\/pcb-baking-oven\/\",\"name\":\"Efficient PCB Baking Ovens for Perfect Circuit Board Production\",\"isPartOf\":{\"@id\":\"https:\/\/kw-pcb-machine.com\/#website\"},\"primaryImageOfPage\":{\"@id\":\"https:\/\/kw-pcb-machine.com\/manufacturer\/pcb-baking-oven\/#primaryimage\"},\"image\":{\"@id\":\"https:\/\/kw-pcb-machine.com\/manufacturer\/pcb-baking-oven\/#primaryimage\"},\"thumbnailUrl\":\"https:\/\/kw-pcb-machine.com\/wp-content\/uploads\/2024\/12\/pcb-oven-1.webp\",\"datePublished\":\"2024-12-10T03:34:00+00:00\",\"dateModified\":\"2024-12-24T08:31:32+00:00\",\"description\":\"Explore our premium PCB baking ovens, designed for precise and efficient baking. Enhance your circuit board production with reliable temperature control and advanced features.\",\"breadcrumb\":{\"@id\":\"https:\/\/kw-pcb-machine.com\/manufacturer\/pcb-baking-oven\/#breadcrumb\"},\"inLanguage\":\"cs\",\"potentialAction\":[{\"@type\":\"ReadAction\",\"target\":[\"https:\/\/kw-pcb-machine.com\/manufacturer\/pcb-baking-oven\/\"]}]},{\"@type\":\"ImageObject\",\"inLanguage\":\"cs\",\"@id\":\"https:\/\/kw-pcb-machine.com\/manufacturer\/pcb-baking-oven\/#primaryimage\",\"url\":\"https:\/\/kw-pcb-machine.com\/wp-content\/uploads\/2024\/12\/pcb-oven-1.webp\",\"contentUrl\":\"https:\/\/kw-pcb-machine.com\/wp-content\/uploads\/2024\/12\/pcb-oven-1.webp\",\"width\":600,\"height\":671,\"caption\":\"pcb oven\"},{\"@type\":\"BreadcrumbList\",\"@id\":\"https:\/\/kw-pcb-machine.com\/manufacturer\/pcb-baking-oven\/#breadcrumb\",\"itemListElement\":[{\"@type\":\"ListItem\",\"position\":1,\"name\":\"Home\",\"item\":\"https:\/\/kw-pcb-machine.com\/\"},{\"@type\":\"ListItem\",\"position\":2,\"name\":\"Products\",\"item\":\"https:\/\/kw-pcb-machine.com\/shop\/\"},{\"@type\":\"ListItem\",\"position\":3,\"name\":\"PCB Baking Oven\"}]},{\"@type\":\"WebSite\",\"@id\":\"https:\/\/kw-pcb-machine.com\/#website\",\"url\":\"https:\/\/kw-pcb-machine.com\/\",\"name\":\"Kewei Industries HK limited\",\"description\":\"Printed Circuit Board (PCB) Making Machine Supplier\",\"potentialAction\":[{\"@type\":\"SearchAction\",\"target\":{\"@type\":\"EntryPoint\",\"urlTemplate\":\"https:\/\/kw-pcb-machine.com\/?s={search_term_string}\"},\"query-input\":{\"@type\":\"PropertyValueSpecification\",\"valueRequired\":true,\"valueName\":\"search_term_string\"}}],\"inLanguage\":\"cs\"}]}<\/script>\n<!-- \/ Yoast SEO plugin. -->","yoast_head_json":{"title":"Efektivn\u00ed pece na pe\u010den\u00ed desek plo\u0161n\u00fdch spoj\u016f pro dokonalou v\u00fdrobu desek plo\u0161n\u00fdch spoj\u016f","description":"Prozkoumejte na\u0161e \u0161pi\u010dkov\u00e9 peka\u0159sk\u00e9 trouby s deskami plo\u0161n\u00fdch spoj\u016f, kter\u00e9 jsou navr\u017eeny pro p\u0159esn\u00e9 a efektivn\u00ed pe\u010den\u00ed. Zlep\u0161ete svou v\u00fdrobu desek plo\u0161n\u00fdch spoj\u016f d\u00edky spolehliv\u00e9 regulaci teploty a pokro\u010dil\u00fdm funkc\u00edm.","robots":{"index":"index","follow":"follow","max-snippet":"max-snippet:-1","max-image-preview":"max-image-preview:large","max-video-preview":"max-video-preview:-1"},"canonical":"https:\/\/kw-pcb-machine.com\/cs\/vyrobce\/pec-na-peceni-desek-plosnych-spoju\/","og_locale":"cs_CZ","og_type":"article","og_title":"Efficient PCB Baking Ovens for Perfect Circuit Board Production","og_description":"Explore our premium PCB baking ovens, designed for precise and efficient baking. Enhance your circuit board production with reliable temperature control and advanced features.","og_url":"https:\/\/kw-pcb-machine.com\/cs\/vyrobce\/pec-na-peceni-desek-plosnych-spoju\/","og_site_name":"Kewei Industries HK limited","article_modified_time":"2024-12-24T08:31:32+00:00","og_image":[{"width":600,"height":671,"url":"https:\/\/kw-pcb-machine.com\/wp-content\/uploads\/2024\/12\/pcb-oven-1.webp","type":"image\/webp"}],"twitter_card":"summary_large_image","twitter_misc":{"Odhadovan\u00e1 doba \u010dten\u00ed":"1 minuta"},"schema":{"@context":"https:\/\/schema.org","@graph":[{"@type":"WebPage","@id":"https:\/\/kw-pcb-machine.com\/manufacturer\/pcb-baking-oven\/","url":"https:\/\/kw-pcb-machine.com\/manufacturer\/pcb-baking-oven\/","name":"Efektivn\u00ed pece na pe\u010den\u00ed desek plo\u0161n\u00fdch spoj\u016f pro dokonalou v\u00fdrobu desek plo\u0161n\u00fdch spoj\u016f","isPartOf":{"@id":"https:\/\/kw-pcb-machine.com\/#website"},"primaryImageOfPage":{"@id":"https:\/\/kw-pcb-machine.com\/manufacturer\/pcb-baking-oven\/#primaryimage"},"image":{"@id":"https:\/\/kw-pcb-machine.com\/manufacturer\/pcb-baking-oven\/#primaryimage"},"thumbnailUrl":"https:\/\/kw-pcb-machine.com\/wp-content\/uploads\/2024\/12\/pcb-oven-1.webp","datePublished":"2024-12-10T03:34:00+00:00","dateModified":"2024-12-24T08:31:32+00:00","description":"Prozkoumejte na\u0161e \u0161pi\u010dkov\u00e9 peka\u0159sk\u00e9 trouby s deskami plo\u0161n\u00fdch spoj\u016f, kter\u00e9 jsou navr\u017eeny pro p\u0159esn\u00e9 a efektivn\u00ed pe\u010den\u00ed. Zlep\u0161ete svou v\u00fdrobu desek plo\u0161n\u00fdch spoj\u016f d\u00edky spolehliv\u00e9 regulaci teploty a pokro\u010dil\u00fdm funkc\u00edm.","breadcrumb":{"@id":"https:\/\/kw-pcb-machine.com\/manufacturer\/pcb-baking-oven\/#breadcrumb"},"inLanguage":"cs","potentialAction":[{"@type":"ReadAction","target":["https:\/\/kw-pcb-machine.com\/manufacturer\/pcb-baking-oven\/"]}]},{"@type":"ImageObject","inLanguage":"cs","@id":"https:\/\/kw-pcb-machine.com\/manufacturer\/pcb-baking-oven\/#primaryimage","url":"https:\/\/kw-pcb-machine.com\/wp-content\/uploads\/2024\/12\/pcb-oven-1.webp","contentUrl":"https:\/\/kw-pcb-machine.com\/wp-content\/uploads\/2024\/12\/pcb-oven-1.webp","width":600,"height":671,"caption":"pcb oven"},{"@type":"BreadcrumbList","@id":"https:\/\/kw-pcb-machine.com\/manufacturer\/pcb-baking-oven\/#breadcrumb","itemListElement":[{"@type":"ListItem","position":1,"name":"Home","item":"https:\/\/kw-pcb-machine.com\/"},{"@type":"ListItem","position":2,"name":"Products","item":"https:\/\/kw-pcb-machine.com\/shop\/"},{"@type":"ListItem","position":3,"name":"PCB Baking Oven"}]},{"@type":"WebSite","@id":"https:\/\/kw-pcb-machine.com\/#website","url":"https:\/\/kw-pcb-machine.com\/","name":"Kewei Industries HK limited","description":"Dodavatel stroj\u016f na v\u00fdrobu desek s plo\u0161n\u00fdmi spoji (PCB)","potentialAction":[{"@type":"SearchAction","target":{"@type":"EntryPoint","urlTemplate":"https:\/\/kw-pcb-machine.com\/?s={search_term_string}"},"query-input":{"@type":"PropertyValueSpecification","valueRequired":true,"valueName":"search_term_string"}}],"inLanguage":"cs"}]}},"_links":{"self":[{"href":"https:\/\/kw-pcb-machine.com\/cs\/wp-json\/wp\/v2\/product\/1824","targetHints":{"allow":["GET"]}}],"collection":[{"href":"https:\/\/kw-pcb-machine.com\/cs\/wp-json\/wp\/v2\/product"}],"about":[{"href":"https:\/\/kw-pcb-machine.com\/cs\/wp-json\/wp\/v2\/types\/product"}],"replies":[{"embeddable":true,"href":"https:\/\/kw-pcb-machine.com\/cs\/wp-json\/wp\/v2\/comments?post=1824"}],"wp:featuredmedia":[{"embeddable":true,"href":"https:\/\/kw-pcb-machine.com\/cs\/wp-json\/wp\/v2\/media\/1825"}],"wp:attachment":[{"href":"https:\/\/kw-pcb-machine.com\/cs\/wp-json\/wp\/v2\/media?parent=1824"}],"wp:term":[{"taxonomy":"product_brand","embeddable":true,"href":"https:\/\/kw-pcb-machine.com\/cs\/wp-json\/wp\/v2\/product_brand?post=1824"},{"taxonomy":"product_cat","embeddable":true,"href":"https:\/\/kw-pcb-machine.com\/cs\/wp-json\/wp\/v2\/product_cat?post=1824"},{"taxonomy":"product_tag","embeddable":true,"href":"https:\/\/kw-pcb-machine.com\/cs\/wp-json\/wp\/v2\/product_tag?post=1824"}],"curies":[{"name":"wp","href":"https:\/\/api.w.org\/{rel}","templated":true}]}}