{"id":1846,"date":"2024-12-13T07:25:37","date_gmt":"2024-12-13T07:25:37","guid":{"rendered":"https:\/\/kw-pcb-machine.com\/?post_type=product&#038;p=1846"},"modified":"2024-12-25T06:10:04","modified_gmt":"2024-12-25T06:10:04","slug":"pcb-aoi-stroj","status":"publish","type":"product","link":"https:\/\/kw-pcb-machine.com\/cs\/vyrobce\/pcb-aoi-stroj\/","title":{"rendered":"Stroj PCB AOI"},"content":{"rendered":"<p><iframe loading=\"lazy\" title=\"Automatick\u00e1 optick\u00e1 kontrola (AOI) pro v\u00fdrobu desek #pcb #aoi\" width=\"1020\" height=\"574\" src=\"https:\/\/www.youtube.com\/embed\/fvjJPRfXklc?feature=oembed\" frameborder=\"0\" allow=\"accelerometer; autoplay; clipboard-write; encrypted-media; gyroscope; picture-in-picture; web-share\" referrerpolicy=\"strict-origin-when-cross-origin\" allowfullscreen><\/iframe><\/p>\n<p><strong>Pou\u017eit\u00ed: pro kontrolu desek plo\u0161n\u00fdch spoj\u016f nebo f\u00f3li\u00ed<\/strong><\/p>\n\n<table id=\"tablepress-28\" class=\"tablepress tablepress-id-28\">\n<thead>\n<tr class=\"row-1\">\n\t<th class=\"column-1\">Polo\u017eka<\/th><th class=\"column-2\">Detail<\/th>\n<\/tr>\n<\/thead>\n<tbody class=\"row-striping row-hover\">\n<tr class=\"row-2\">\n\t<td class=\"column-1\">Technologick\u00fd rozsah<\/td><td class=\"column-2\">A\u017e 1,2 mil (30 \u00b5m) \u0159\u00e1dek a prostor<\/td>\n<\/tr>\n<tr class=\"row-3\">\n\t<td class=\"column-1\">Kontrolovan\u00e9 produkty<\/td><td class=\"column-2\">Vnit\u0159n\u00ed vrstvy: Sign\u00e1ln\u00ed, silov\u00e1 a zemn\u00ed, sm\u00ed\u0161en\u00e1, k\u0159\u00ed\u017eov\u00e9 st\u00edn\u011bn\u00ed, vnit\u0159n\u00ed s otvory, n\u00e1nosy,<br \/>\nVn\u011bj\u0161\u00ed vrstvy: Sign\u00e1ln\u00ed, sm\u00ed\u0161en\u00e9, k\u0159\u00ed\u017eov\u00e9 st\u00edn\u011bn\u00ed, n\u00e1nosy<br \/>\nN\u00e1stavbov\u00e9 vrstvy: Laservias (konformn\u00ed a nekonformn\u00ed masky)<\/td>\n<\/tr>\n<tr class=\"row-4\">\n\t<td class=\"column-1\">Kontrolovan\u00e9 materi\u00e1ly<\/td><td class=\"column-2\">Konven\u010dn\u00ed: m\u011b\u010f (leskl\u00e1, matn\u00e1), leptan\u00e1 p\u0159\u00edsada nebo pokoven\u00e1 m\u011b\u010f, <br \/>\nreverzn\u011b upraven\u00e1 f\u00f3lie (RTF), dvakr\u00e1t upraven\u00e1 m\u011b\u010f, pozlacen\u00e9 vodi\u010de. Jak\u00e9koli<br \/>\n lamin\u00e1t v\u010detn\u011b FR4, tetrafunkce, teflonu, Rogera atd.<br \/>\nMateri\u00e1l Flex: Polyimid, polyester<br \/>\nPokro\u010dil\u00e9 materi\u00e1ly pro sestaven\u00ed desek: Jak\u00fdkoli lamin\u00e1t v\u010detn\u011b RCC<br \/>\nFotorezist: Modr\u00e1, fialov\u00e1 a hn\u011bd\u00e1<\/td>\n<\/tr>\n<tr class=\"row-5\">\n\t<td class=\"column-1\">Zji\u0161t\u011bn\u00e9 z\u00e1vady<\/td><td class=\"column-2\">Zkraty, otvory, poru\u0161en\u00ed minim\u00e1ln\u00edho veden\u00ed\/prostoru, z\u00e1\u0159ezy, v\u00fd\u010dn\u011blky, prom\u00e1\u010dknut\u00ed, m\u011bd\u011bn\u00e9 st\u0159\u00edkance, <br \/>\nd\u00edrkov\u00e1n\u00ed, <br \/>\nchyb\u011bj\u00edc\u00ed nebo nadbyte\u010dn\u00e9 prvky, nespr\u00e1vn\u00e1 velikost a poloha prvk\u016f, v\u016fle a rozd\u011blen\u00ed roviny. <br \/>\nporu\u0161ov\u00e1n\u00ed p\u0159edpis\u016f, blokov\u00e1n\u00ed <br \/>\notvory, poru\u0161en\u00ed prstenc\u016f, poru\u0161en\u00ed SMT.<\/td>\n<\/tr>\n<tr class=\"row-6\">\n\t<td class=\"column-1\">Metoda kontroly<\/td><td class=\"column-2\">Zkraty, otvory, poru\u0161en\u00ed minim\u00e1ln\u00edho veden\u00ed\/prostoru, z\u00e1\u0159ezy, v\u00fd\u010dn\u011blky, prom\u00e1\u010dknut\u00ed, m\u011bd\u011bn\u00e9 st\u0159\u00edkance, <br \/>\nd\u00edrkov\u00e1n\u00ed, <br \/>\nchyb\u011bj\u00edc\u00ed nebo nadbyte\u010dn\u00e9 prvky, nespr\u00e1vn\u00e1 velikost a poloha prvk\u016f, v\u016fle a rozd\u011blen\u00ed roviny. <br \/>\nporu\u0161ov\u00e1n\u00ed p\u0159edpis\u016f, blokov\u00e1n\u00ed <br \/>\notvory, poru\u0161en\u00ed prstenc\u016f, poru\u0161en\u00ed SMT.<\/td>\n<\/tr>\n<tr class=\"row-7\">\n\t<td class=\"column-1\">Rozm\u011bry panelu<\/td><td class=\"column-2\">Rozsah tlou\u0161\u0165ky: 1-300 mil (25-7500 \u00b5m)<br \/>\nMax. Velikost panelu\/kontrolovan\u00e1 plocha: 26\" x 24\" (660 x 610 mm)<br \/>\nMax. Velikost panelu\/kontrolovan\u00e9 plochy s velk\u00fdm stolem: 26\" x 31\" (660 x 787 mm)<\/td>\n<\/tr>\n<tr class=\"row-8\">\n\t<td class=\"column-1\">Nastaven\u00ed zdroj\u016f dat<\/td><td class=\"column-2\">CAM<\/td>\n<\/tr>\n<\/tbody>\n<\/table>\n<!-- #tablepress-28 from cache -->\n<a href=\"https:\/\/kw-pcb-machine.com\/cs\/kontakt\/\" class=\"button primary is-shade box-shadow-3 box-shadow-5-hover\"  style=\"border-radius:5px;\">\n    <span>\u017d\u00e1dost o cenovou nab\u00eddku<\/span>\n  <\/a>","protected":false},"excerpt":{"rendered":"<ul>\n<li>1. <strong>Zobrazov\u00e1n\u00ed s vysok\u00fdm rozli\u0161en\u00edm pro p\u0159esnou detekci defekt\u016f<\/strong><\/li>\n<li>Na\u0161e stroje AOI jsou vybaveny pokro\u010dil\u00fdmi kamerami s vysok\u00fdm rozli\u0161en\u00edm, kter\u00e9 po\u0159izuj\u00ed detailn\u00ed sn\u00edmky povrch\u016f desek plo\u0161n\u00fdch spoj\u016f a zaji\u0161\u0165uj\u00ed p\u0159esnou detekci vad, jako jsou probl\u00e9my s p\u00e1jen\u00edm, nespr\u00e1vn\u00e9 um\u00edst\u011bn\u00ed sou\u010d\u00e1stek a vady obvod\u016f.<\/li>\n<li>2. <strong>Automatizovan\u00e1 kontrola se zp\u011btnou vazbou v re\u00e1ln\u00e9m \u010dase<\/strong><\/li>\n<li>Tyto stroje AOI nab\u00edzej\u00ed pln\u011b automatizovan\u00e9 kontroln\u00ed funkce a poskytuj\u00ed obsluze zp\u011btnou vazbu v re\u00e1ln\u00e9m \u010dase pro okam\u017eit\u00e1 n\u00e1pravn\u00e1 opat\u0159en\u00ed. To zvy\u0161uje efektivitu v\u00fdroby a minimalizuje prostoje.<\/li>\n<li>3. <strong>Pokro\u010dil\u00fd software pro zpracov\u00e1n\u00ed obrazu<\/strong><\/li>\n<li>Syst\u00e9m AOI vyu\u017e\u00edv\u00e1 sofistikovan\u00fd software pro zpracov\u00e1n\u00ed obrazu, kter\u00fd porovn\u00e1v\u00e1 po\u0159\u00edzen\u00e9 sn\u00edmky s p\u016fvodn\u00edmi soubory n\u00e1vrhu desek plo\u0161n\u00fdch spoj\u016f, p\u0159esn\u011b identifikuje vady a zaji\u0161\u0165uje shodu se specifikacemi.<\/li>\n<\/ul>","protected":false},"featured_media":1847,"comment_status":"open","ping_status":"closed","template":"","meta":[],"product_brand":[],"product_cat":[50,41],"product_tag":[],"class_list":{"0":"post-1846","1":"product","2":"type-product","3":"status-publish","4":"has-post-thumbnail","6":"product_cat-new-pcb-fabrication-machine","7":"product_cat-pcb-aoi-machine","9":"first","10":"instock","11":"shipping-taxable","12":"product-type-simple"},"yoast_head":"<!-- This site is optimized with the Yoast SEO plugin v25.5 - https:\/\/yoast.com\/wordpress\/plugins\/seo\/ -->\n<title>Reliable AOI Machines for Efficient PCB Inspection and Error Detection<\/title>\n<meta name=\"description\" content=\"Optimize your PCB production with reliable AOI machines. Our systems provide real-time feedback and comprehensive inspection, reducing defects, improving efficiency, and ensuring high-quality standards for every PCB.\" \/>\n<meta name=\"robots\" content=\"index, follow, max-snippet:-1, max-image-preview:large, max-video-preview:-1\" \/>\n<link rel=\"canonical\" href=\"https:\/\/kw-pcb-machine.com\/cs\/vyrobce\/pcb-aoi-stroj\/\" \/>\n<meta property=\"og:locale\" content=\"cs_CZ\" \/>\n<meta property=\"og:type\" content=\"article\" \/>\n<meta property=\"og:title\" content=\"Reliable AOI Machines for Efficient PCB Inspection and Error Detection\" \/>\n<meta property=\"og:description\" content=\"Optimize your PCB production with reliable AOI machines. Our systems provide real-time feedback and comprehensive inspection, reducing defects, improving efficiency, and ensuring high-quality standards for every PCB.\" \/>\n<meta property=\"og:url\" content=\"https:\/\/kw-pcb-machine.com\/cs\/vyrobce\/pcb-aoi-stroj\/\" \/>\n<meta property=\"og:site_name\" content=\"Kewei Industries HK limited\" \/>\n<meta property=\"article:modified_time\" content=\"2024-12-25T06:10:04+00:00\" \/>\n<meta property=\"og:image\" content=\"https:\/\/kw-pcb-machine.com\/wp-content\/uploads\/2024\/12\/aoi-machine-for-PCB.webp\" \/>\n\t<meta property=\"og:image:width\" content=\"600\" \/>\n\t<meta property=\"og:image:height\" content=\"652\" \/>\n\t<meta property=\"og:image:type\" content=\"image\/webp\" \/>\n<meta name=\"twitter:card\" content=\"summary_large_image\" \/>\n<meta name=\"twitter:label1\" content=\"Odhadovan\u00e1 doba \u010dten\u00ed\" \/>\n\t<meta name=\"twitter:data1\" content=\"1 minuta\" \/>\n<script type=\"application\/ld+json\" class=\"yoast-schema-graph\">{\"@context\":\"https:\/\/schema.org\",\"@graph\":[{\"@type\":\"WebPage\",\"@id\":\"https:\/\/kw-pcb-machine.com\/manufacturer\/pcb-aoi-machine\/\",\"url\":\"https:\/\/kw-pcb-machine.com\/manufacturer\/pcb-aoi-machine\/\",\"name\":\"Reliable AOI Machines for Efficient PCB Inspection and Error Detection\",\"isPartOf\":{\"@id\":\"https:\/\/kw-pcb-machine.com\/#website\"},\"primaryImageOfPage\":{\"@id\":\"https:\/\/kw-pcb-machine.com\/manufacturer\/pcb-aoi-machine\/#primaryimage\"},\"image\":{\"@id\":\"https:\/\/kw-pcb-machine.com\/manufacturer\/pcb-aoi-machine\/#primaryimage\"},\"thumbnailUrl\":\"https:\/\/kw-pcb-machine.com\/wp-content\/uploads\/2024\/12\/aoi-machine-for-PCB.webp\",\"datePublished\":\"2024-12-13T07:25:37+00:00\",\"dateModified\":\"2024-12-25T06:10:04+00:00\",\"description\":\"Optimize your PCB production with reliable AOI machines. Our systems provide real-time feedback and comprehensive inspection, reducing defects, improving efficiency, and ensuring high-quality standards for every PCB.\",\"breadcrumb\":{\"@id\":\"https:\/\/kw-pcb-machine.com\/manufacturer\/pcb-aoi-machine\/#breadcrumb\"},\"inLanguage\":\"cs\",\"potentialAction\":[{\"@type\":\"ReadAction\",\"target\":[\"https:\/\/kw-pcb-machine.com\/manufacturer\/pcb-aoi-machine\/\"]}]},{\"@type\":\"ImageObject\",\"inLanguage\":\"cs\",\"@id\":\"https:\/\/kw-pcb-machine.com\/manufacturer\/pcb-aoi-machine\/#primaryimage\",\"url\":\"https:\/\/kw-pcb-machine.com\/wp-content\/uploads\/2024\/12\/aoi-machine-for-PCB.webp\",\"contentUrl\":\"https:\/\/kw-pcb-machine.com\/wp-content\/uploads\/2024\/12\/aoi-machine-for-PCB.webp\",\"width\":600,\"height\":652,\"caption\":\"aoi machine for PCB\"},{\"@type\":\"BreadcrumbList\",\"@id\":\"https:\/\/kw-pcb-machine.com\/manufacturer\/pcb-aoi-machine\/#breadcrumb\",\"itemListElement\":[{\"@type\":\"ListItem\",\"position\":1,\"name\":\"Home\",\"item\":\"https:\/\/kw-pcb-machine.com\/\"},{\"@type\":\"ListItem\",\"position\":2,\"name\":\"Products\",\"item\":\"https:\/\/kw-pcb-machine.com\/shop\/\"},{\"@type\":\"ListItem\",\"position\":3,\"name\":\"PCB AOI Machine\"}]},{\"@type\":\"WebSite\",\"@id\":\"https:\/\/kw-pcb-machine.com\/#website\",\"url\":\"https:\/\/kw-pcb-machine.com\/\",\"name\":\"Kewei Industries HK limited\",\"description\":\"Printed Circuit Board (PCB) Making Machine Supplier\",\"potentialAction\":[{\"@type\":\"SearchAction\",\"target\":{\"@type\":\"EntryPoint\",\"urlTemplate\":\"https:\/\/kw-pcb-machine.com\/?s={search_term_string}\"},\"query-input\":{\"@type\":\"PropertyValueSpecification\",\"valueRequired\":true,\"valueName\":\"search_term_string\"}}],\"inLanguage\":\"cs\"}]}<\/script>\n<!-- \/ Yoast SEO plugin. -->","yoast_head_json":{"title":"Spolehliv\u00e9 stroje AOI pro efektivn\u00ed kontrolu desek plo\u0161n\u00fdch spoj\u016f a detekci chyb","description":"Optimalizujte v\u00fdrobu desek plo\u0161n\u00fdch spoj\u016f pomoc\u00ed spolehliv\u00fdch stroj\u016f AOI. Na\u0161e syst\u00e9my poskytuj\u00ed zp\u011btnou vazbu v re\u00e1ln\u00e9m \u010dase a komplexn\u00ed kontrolu, \u010d\u00edm\u017e sni\u017euj\u00ed po\u010det vad, zvy\u0161uj\u00ed efektivitu a zaji\u0161\u0165uj\u00ed vysokou kvalitu ka\u017ed\u00e9 desky plo\u0161n\u00fdch spoj\u016f.","robots":{"index":"index","follow":"follow","max-snippet":"max-snippet:-1","max-image-preview":"max-image-preview:large","max-video-preview":"max-video-preview:-1"},"canonical":"https:\/\/kw-pcb-machine.com\/cs\/vyrobce\/pcb-aoi-stroj\/","og_locale":"cs_CZ","og_type":"article","og_title":"Reliable AOI Machines for Efficient PCB Inspection and Error Detection","og_description":"Optimize your PCB production with reliable AOI machines. Our systems provide real-time feedback and comprehensive inspection, reducing defects, improving efficiency, and ensuring high-quality standards for every PCB.","og_url":"https:\/\/kw-pcb-machine.com\/cs\/vyrobce\/pcb-aoi-stroj\/","og_site_name":"Kewei Industries HK limited","article_modified_time":"2024-12-25T06:10:04+00:00","og_image":[{"width":600,"height":652,"url":"https:\/\/kw-pcb-machine.com\/wp-content\/uploads\/2024\/12\/aoi-machine-for-PCB.webp","type":"image\/webp"}],"twitter_card":"summary_large_image","twitter_misc":{"Odhadovan\u00e1 doba \u010dten\u00ed":"1 minuta"},"schema":{"@context":"https:\/\/schema.org","@graph":[{"@type":"WebPage","@id":"https:\/\/kw-pcb-machine.com\/manufacturer\/pcb-aoi-machine\/","url":"https:\/\/kw-pcb-machine.com\/manufacturer\/pcb-aoi-machine\/","name":"Spolehliv\u00e9 stroje AOI pro efektivn\u00ed kontrolu desek plo\u0161n\u00fdch spoj\u016f a detekci chyb","isPartOf":{"@id":"https:\/\/kw-pcb-machine.com\/#website"},"primaryImageOfPage":{"@id":"https:\/\/kw-pcb-machine.com\/manufacturer\/pcb-aoi-machine\/#primaryimage"},"image":{"@id":"https:\/\/kw-pcb-machine.com\/manufacturer\/pcb-aoi-machine\/#primaryimage"},"thumbnailUrl":"https:\/\/kw-pcb-machine.com\/wp-content\/uploads\/2024\/12\/aoi-machine-for-PCB.webp","datePublished":"2024-12-13T07:25:37+00:00","dateModified":"2024-12-25T06:10:04+00:00","description":"Optimalizujte v\u00fdrobu desek plo\u0161n\u00fdch spoj\u016f pomoc\u00ed spolehliv\u00fdch stroj\u016f AOI. Na\u0161e syst\u00e9my poskytuj\u00ed zp\u011btnou vazbu v re\u00e1ln\u00e9m \u010dase a komplexn\u00ed kontrolu, \u010d\u00edm\u017e sni\u017euj\u00ed po\u010det vad, zvy\u0161uj\u00ed efektivitu a zaji\u0161\u0165uj\u00ed vysokou kvalitu ka\u017ed\u00e9 desky plo\u0161n\u00fdch spoj\u016f.","breadcrumb":{"@id":"https:\/\/kw-pcb-machine.com\/manufacturer\/pcb-aoi-machine\/#breadcrumb"},"inLanguage":"cs","potentialAction":[{"@type":"ReadAction","target":["https:\/\/kw-pcb-machine.com\/manufacturer\/pcb-aoi-machine\/"]}]},{"@type":"ImageObject","inLanguage":"cs","@id":"https:\/\/kw-pcb-machine.com\/manufacturer\/pcb-aoi-machine\/#primaryimage","url":"https:\/\/kw-pcb-machine.com\/wp-content\/uploads\/2024\/12\/aoi-machine-for-PCB.webp","contentUrl":"https:\/\/kw-pcb-machine.com\/wp-content\/uploads\/2024\/12\/aoi-machine-for-PCB.webp","width":600,"height":652,"caption":"aoi machine for PCB"},{"@type":"BreadcrumbList","@id":"https:\/\/kw-pcb-machine.com\/manufacturer\/pcb-aoi-machine\/#breadcrumb","itemListElement":[{"@type":"ListItem","position":1,"name":"Home","item":"https:\/\/kw-pcb-machine.com\/"},{"@type":"ListItem","position":2,"name":"Products","item":"https:\/\/kw-pcb-machine.com\/shop\/"},{"@type":"ListItem","position":3,"name":"PCB AOI Machine"}]},{"@type":"WebSite","@id":"https:\/\/kw-pcb-machine.com\/#website","url":"https:\/\/kw-pcb-machine.com\/","name":"Kewei Industries HK limited","description":"Dodavatel stroj\u016f na v\u00fdrobu desek s plo\u0161n\u00fdmi spoji (PCB)","potentialAction":[{"@type":"SearchAction","target":{"@type":"EntryPoint","urlTemplate":"https:\/\/kw-pcb-machine.com\/?s={search_term_string}"},"query-input":{"@type":"PropertyValueSpecification","valueRequired":true,"valueName":"search_term_string"}}],"inLanguage":"cs"}]}},"_links":{"self":[{"href":"https:\/\/kw-pcb-machine.com\/cs\/wp-json\/wp\/v2\/product\/1846","targetHints":{"allow":["GET"]}}],"collection":[{"href":"https:\/\/kw-pcb-machine.com\/cs\/wp-json\/wp\/v2\/product"}],"about":[{"href":"https:\/\/kw-pcb-machine.com\/cs\/wp-json\/wp\/v2\/types\/product"}],"replies":[{"embeddable":true,"href":"https:\/\/kw-pcb-machine.com\/cs\/wp-json\/wp\/v2\/comments?post=1846"}],"wp:featuredmedia":[{"embeddable":true,"href":"https:\/\/kw-pcb-machine.com\/cs\/wp-json\/wp\/v2\/media\/1847"}],"wp:attachment":[{"href":"https:\/\/kw-pcb-machine.com\/cs\/wp-json\/wp\/v2\/media?parent=1846"}],"wp:term":[{"taxonomy":"product_brand","embeddable":true,"href":"https:\/\/kw-pcb-machine.com\/cs\/wp-json\/wp\/v2\/product_brand?post=1846"},{"taxonomy":"product_cat","embeddable":true,"href":"https:\/\/kw-pcb-machine.com\/cs\/wp-json\/wp\/v2\/product_cat?post=1846"},{"taxonomy":"product_tag","embeddable":true,"href":"https:\/\/kw-pcb-machine.com\/cs\/wp-json\/wp\/v2\/product_tag?post=1846"}],"curies":[{"name":"wp","href":"https:\/\/api.w.org\/{rel}","templated":true}]}}