{"id":1854,"date":"2024-12-13T09:58:23","date_gmt":"2024-12-13T09:58:23","guid":{"rendered":"https:\/\/kw-pcb-machine.com\/?post_type=product&#038;p=1854"},"modified":"2024-12-24T08:14:48","modified_gmt":"2024-12-24T08:14:48","slug":"pokovene-meridlo-pruchoziho-otvoru","status":"publish","type":"product","link":"https:\/\/kw-pcb-machine.com\/cs\/vyrobce\/pokovene-meridlo-pruchoziho-otvoru\/","title":{"rendered":"M\u011b\u0159idlo pro m\u011b\u0159en\u00ed pr\u016fchoz\u00edch otvor\u016f s pokoven\u00edm"},"content":{"rendered":"<p><strong>Pou\u017eit\u00ed: Ru\u010dn\u00ed m\u011b\u0159idlo tlou\u0161\u0165ky m\u011bd\u011bn\u00e9ho povlaku, kter\u00e9 je speci\u00e1ln\u011b navr\u017eeno pro PCB<\/strong><\/p>\n\n<table id=\"tablepress-30\" class=\"tablepress tablepress-id-30\">\n<thead>\n<tr class=\"row-1\">\n\t<th class=\"column-1\">Polo\u017eka<\/th><th class=\"column-2\">Detail<\/th>\n<\/tr>\n<\/thead>\n<tbody class=\"row-striping row-hover\">\n<tr class=\"row-2\">\n\t<td class=\"column-1\">Maxim\u00e1ln\u00ed pr\u016fm\u011br otvoru, kter\u00fd lze testovat<\/td><td class=\"column-2\">35 mils (899 \u03bcm)<\/td>\n<\/tr>\n<tr class=\"row-3\">\n\t<td class=\"column-1\">Rozsah m\u011b\u0159en\u00ed tlou\u0161\u0165ky<\/td><td class=\"column-2\">0,08 - 4,0 milimetr\u016f (1 - 102 \u03bcm)<\/td>\n<\/tr>\n<tr class=\"row-4\">\n\t<td class=\"column-1\">Princip v\u00ed\u0159iv\u00fdch proud\u016f<\/td><td class=\"column-2\">Spl\u0148uj\u00ed p\u0159\u00edslu\u0161n\u00e1 ustanoven\u00ed normy ASTM-E376-96.<\/td>\n<\/tr>\n<tr class=\"row-5\">\n\t<td class=\"column-1\">P\u0159esnost<\/td><td class=\"column-2\">\u00b10,01 mil (0,25 \u03bcm) &lt; 1 mil (25 \u03bcm)<\/td>\n<\/tr>\n<tr class=\"row-6\">\n\t<td class=\"column-1\">P\u0159esnost<\/td><td class=\"column-2\">kdy\u017e 1,2 mil(30 \u03bcm) dos\u00e1hne 1,0%<\/td>\n<\/tr>\n<tr class=\"row-7\">\n\t<td class=\"column-1\">Re\u017eim kalibrace <\/td><td class=\"column-2\">Jednobodov\u00e1 standardn\u00ed korekce filmu<\/td>\n<\/tr>\n<tr class=\"row-8\">\n\t<td class=\"column-1\">Obrazovka displeje<\/td><td class=\"column-2\">Displej LCD s vysok\u00fdm jasem<\/td>\n<\/tr>\n<\/tbody>\n<\/table>\n\n<a href=\"https:\/\/kw-pcb-machine.com\/cs\/kontakt\/\" class=\"button primary is-shade box-shadow-3 box-shadow-5-hover\"  style=\"border-radius:5px;\">\n    <span>\u017d\u00e1dost o cenovou nab\u00eddku<\/span>\n  <\/a>","protected":false},"excerpt":{"rendered":"<ul>\n<li><strong>Vysoce p\u0159esn\u00e9 m\u011b\u0159en\u00ed<\/strong><\/li>\n<li>Na\u0161e m\u011b\u0159idla tlou\u0161\u0165ky n\u00e1t\u011br\u016f poskytuj\u00ed vysoce p\u0159esn\u00e1 m\u011b\u0159en\u00ed a zaji\u0161\u0165uj\u00ed p\u0159esn\u00e9 v\u00fdsledky pro r\u016fzn\u00e9 typy n\u00e1t\u011br\u016f, jako jsou barvy, pr\u00e1\u0161ky a pokovov\u00e1n\u00ed. Jsou ur\u010deny pro pr\u016fmyslov\u00e1 odv\u011btv\u00ed, kter\u00e1 vy\u017eaduj\u00ed p\u0159esn\u00e9 m\u011b\u0159en\u00ed tlou\u0161\u0165ky pro dodr\u017een\u00ed standard\u016f kontroly kvality.<\/li>\n<li><strong>P\u0159enosn\u00e9 a snadno pou\u017eiteln\u00e9<\/strong><\/li>\n<li>Na\u0161e p\u0159enosn\u00e9 m\u011b\u0159i\u010de tlou\u0161\u0165ky n\u00e1t\u011br\u016f jsou lehk\u00e9 a u\u017eivatelsky p\u0159\u00edv\u011btiv\u00e9, tak\u017ee jsou ide\u00e1ln\u00ed pro kontroly na m\u00edst\u011b a testov\u00e1n\u00ed v ter\u00e9nu. D\u00edky intuitivn\u00edmu ovl\u00e1d\u00e1n\u00ed a snadn\u00e9 kalibraci m\u016f\u017ee obsluha rychle z\u00edskat p\u0159esn\u00e1 m\u011b\u0159en\u00ed kdekoli je pot\u0159eba.<\/li>\n<\/ul>","protected":false},"featured_media":1855,"comment_status":"open","ping_status":"closed","template":"","meta":[],"product_brand":[],"product_cat":[50,49],"product_tag":[],"class_list":{"0":"post-1854","1":"product","2":"type-product","3":"status-publish","4":"has-post-thumbnail","6":"product_cat-new-pcb-fabrication-machine","7":"product_cat-pcb-manufacturing-machine","9":"first","10":"instock","11":"shipping-taxable","12":"product-type-simple"},"yoast_head":"<!-- This site is optimized with the Yoast SEO plugin v25.5 - https:\/\/yoast.com\/wordpress\/plugins\/seo\/ -->\n<title>Reliable Coating Thickness Gauge for PCB Plated Through Hole Thickness<\/title>\n<meta name=\"description\" content=\"Ensure PCB Plated Through Hole Thickness with our high-precision coating thickness gauges. Ideal for measuring PCB through-hole thickness, our gauges provide accurate readings, repeatable thru-hole measurements on PCB boards prior to and after etching.\" \/>\n<meta name=\"robots\" content=\"index, follow, max-snippet:-1, max-image-preview:large, max-video-preview:-1\" \/>\n<link rel=\"canonical\" href=\"https:\/\/kw-pcb-machine.com\/cs\/vyrobce\/pokovene-meridlo-pruchoziho-otvoru\/\" \/>\n<meta property=\"og:locale\" content=\"cs_CZ\" \/>\n<meta property=\"og:type\" content=\"article\" \/>\n<meta property=\"og:title\" content=\"Reliable Coating Thickness Gauge for PCB Plated Through Hole Thickness\" \/>\n<meta property=\"og:description\" content=\"Ensure PCB Plated Through Hole Thickness with our high-precision coating thickness gauges. Ideal for measuring PCB through-hole thickness, our gauges provide accurate readings, repeatable thru-hole measurements on PCB boards prior to and after etching.\" \/>\n<meta property=\"og:url\" content=\"https:\/\/kw-pcb-machine.com\/cs\/vyrobce\/pokovene-meridlo-pruchoziho-otvoru\/\" \/>\n<meta property=\"og:site_name\" content=\"Kewei Industries HK limited\" \/>\n<meta property=\"article:modified_time\" content=\"2024-12-24T08:14:48+00:00\" \/>\n<meta property=\"og:image\" content=\"https:\/\/kw-pcb-machine.com\/wp-content\/uploads\/2024\/12\/Hole-Copper-Thickness-Measure-Meter.webp\" \/>\n\t<meta property=\"og:image:width\" content=\"600\" \/>\n\t<meta property=\"og:image:height\" content=\"667\" \/>\n\t<meta property=\"og:image:type\" content=\"image\/webp\" \/>\n<meta name=\"twitter:card\" content=\"summary_large_image\" \/>\n<meta name=\"twitter:label1\" content=\"Odhadovan\u00e1 doba \u010dten\u00ed\" \/>\n\t<meta name=\"twitter:data1\" content=\"1 minuta\" \/>\n<script type=\"application\/ld+json\" class=\"yoast-schema-graph\">{\"@context\":\"https:\/\/schema.org\",\"@graph\":[{\"@type\":\"WebPage\",\"@id\":\"https:\/\/kw-pcb-machine.com\/manufacturer\/plated-thru-hole-measurement-gauge\/\",\"url\":\"https:\/\/kw-pcb-machine.com\/manufacturer\/plated-thru-hole-measurement-gauge\/\",\"name\":\"Reliable Coating Thickness Gauge for PCB Plated Through Hole Thickness\",\"isPartOf\":{\"@id\":\"https:\/\/kw-pcb-machine.com\/#website\"},\"primaryImageOfPage\":{\"@id\":\"https:\/\/kw-pcb-machine.com\/manufacturer\/plated-thru-hole-measurement-gauge\/#primaryimage\"},\"image\":{\"@id\":\"https:\/\/kw-pcb-machine.com\/manufacturer\/plated-thru-hole-measurement-gauge\/#primaryimage\"},\"thumbnailUrl\":\"https:\/\/kw-pcb-machine.com\/wp-content\/uploads\/2024\/12\/Hole-Copper-Thickness-Measure-Meter.webp\",\"datePublished\":\"2024-12-13T09:58:23+00:00\",\"dateModified\":\"2024-12-24T08:14:48+00:00\",\"description\":\"Ensure PCB Plated Through Hole Thickness with our high-precision coating thickness gauges. Ideal for measuring PCB through-hole thickness, our gauges provide accurate readings, repeatable thru-hole measurements on PCB boards prior to and after etching.\",\"breadcrumb\":{\"@id\":\"https:\/\/kw-pcb-machine.com\/manufacturer\/plated-thru-hole-measurement-gauge\/#breadcrumb\"},\"inLanguage\":\"cs\",\"potentialAction\":[{\"@type\":\"ReadAction\",\"target\":[\"https:\/\/kw-pcb-machine.com\/manufacturer\/plated-thru-hole-measurement-gauge\/\"]}]},{\"@type\":\"ImageObject\",\"inLanguage\":\"cs\",\"@id\":\"https:\/\/kw-pcb-machine.com\/manufacturer\/plated-thru-hole-measurement-gauge\/#primaryimage\",\"url\":\"https:\/\/kw-pcb-machine.com\/wp-content\/uploads\/2024\/12\/Hole-Copper-Thickness-Measure-Meter.webp\",\"contentUrl\":\"https:\/\/kw-pcb-machine.com\/wp-content\/uploads\/2024\/12\/Hole-Copper-Thickness-Measure-Meter.webp\",\"width\":600,\"height\":667,\"caption\":\"Hole Copper Thickness Measure Meter\"},{\"@type\":\"BreadcrumbList\",\"@id\":\"https:\/\/kw-pcb-machine.com\/manufacturer\/plated-thru-hole-measurement-gauge\/#breadcrumb\",\"itemListElement\":[{\"@type\":\"ListItem\",\"position\":1,\"name\":\"Home\",\"item\":\"https:\/\/kw-pcb-machine.com\/\"},{\"@type\":\"ListItem\",\"position\":2,\"name\":\"Products\",\"item\":\"https:\/\/kw-pcb-machine.com\/shop\/\"},{\"@type\":\"ListItem\",\"position\":3,\"name\":\"Plated Thru-hole Measurement Gauge\"}]},{\"@type\":\"WebSite\",\"@id\":\"https:\/\/kw-pcb-machine.com\/#website\",\"url\":\"https:\/\/kw-pcb-machine.com\/\",\"name\":\"Kewei Industries HK limited\",\"description\":\"Printed Circuit Board (PCB) Making Machine Supplier\",\"potentialAction\":[{\"@type\":\"SearchAction\",\"target\":{\"@type\":\"EntryPoint\",\"urlTemplate\":\"https:\/\/kw-pcb-machine.com\/?s={search_term_string}\"},\"query-input\":{\"@type\":\"PropertyValueSpecification\",\"valueRequired\":true,\"valueName\":\"search_term_string\"}}],\"inLanguage\":\"cs\"}]}<\/script>\n<!-- \/ Yoast SEO plugin. -->","yoast_head_json":{"title":"Spolehliv\u00fd m\u011b\u0159i\u010d tlou\u0161\u0165ky povlaku pro m\u011b\u0159en\u00ed tlou\u0161\u0165ky pr\u016fchoz\u00edch otvor\u016f na desk\u00e1ch plo\u0161n\u00fdch spoj\u016f","description":"Zajist\u011bte si tlou\u0161\u0165ku pr\u016fchoz\u00edch otvor\u016f na desk\u00e1ch plo\u0161n\u00fdch spoj\u016f pomoc\u00ed na\u0161ich vysoce p\u0159esn\u00fdch m\u011b\u0159idel tlou\u0161\u0165ky povlaku. Na\u0161e m\u011b\u0159idla jsou ide\u00e1ln\u00ed pro m\u011b\u0159en\u00ed tlou\u0161\u0165ky pr\u016fchoz\u00edch otvor\u016f v desk\u00e1ch plo\u0161n\u00fdch spoj\u016f a poskytuj\u00ed p\u0159esn\u00e9 \u00fadaje a opakovateln\u00e9 m\u011b\u0159en\u00ed pr\u016fchoz\u00edch otvor\u016f na desk\u00e1ch plo\u0161n\u00fdch spoj\u016f p\u0159ed lept\u00e1n\u00edm a po n\u011bm.","robots":{"index":"index","follow":"follow","max-snippet":"max-snippet:-1","max-image-preview":"max-image-preview:large","max-video-preview":"max-video-preview:-1"},"canonical":"https:\/\/kw-pcb-machine.com\/cs\/vyrobce\/pokovene-meridlo-pruchoziho-otvoru\/","og_locale":"cs_CZ","og_type":"article","og_title":"Reliable Coating Thickness Gauge for PCB Plated Through Hole Thickness","og_description":"Ensure PCB Plated Through Hole Thickness with our high-precision coating thickness gauges. Ideal for measuring PCB through-hole thickness, our gauges provide accurate readings, repeatable thru-hole measurements on PCB boards prior to and after etching.","og_url":"https:\/\/kw-pcb-machine.com\/cs\/vyrobce\/pokovene-meridlo-pruchoziho-otvoru\/","og_site_name":"Kewei Industries HK limited","article_modified_time":"2024-12-24T08:14:48+00:00","og_image":[{"width":600,"height":667,"url":"https:\/\/kw-pcb-machine.com\/wp-content\/uploads\/2024\/12\/Hole-Copper-Thickness-Measure-Meter.webp","type":"image\/webp"}],"twitter_card":"summary_large_image","twitter_misc":{"Odhadovan\u00e1 doba \u010dten\u00ed":"1 minuta"},"schema":{"@context":"https:\/\/schema.org","@graph":[{"@type":"WebPage","@id":"https:\/\/kw-pcb-machine.com\/manufacturer\/plated-thru-hole-measurement-gauge\/","url":"https:\/\/kw-pcb-machine.com\/manufacturer\/plated-thru-hole-measurement-gauge\/","name":"Spolehliv\u00fd m\u011b\u0159i\u010d tlou\u0161\u0165ky povlaku pro m\u011b\u0159en\u00ed tlou\u0161\u0165ky pr\u016fchoz\u00edch otvor\u016f na desk\u00e1ch plo\u0161n\u00fdch spoj\u016f","isPartOf":{"@id":"https:\/\/kw-pcb-machine.com\/#website"},"primaryImageOfPage":{"@id":"https:\/\/kw-pcb-machine.com\/manufacturer\/plated-thru-hole-measurement-gauge\/#primaryimage"},"image":{"@id":"https:\/\/kw-pcb-machine.com\/manufacturer\/plated-thru-hole-measurement-gauge\/#primaryimage"},"thumbnailUrl":"https:\/\/kw-pcb-machine.com\/wp-content\/uploads\/2024\/12\/Hole-Copper-Thickness-Measure-Meter.webp","datePublished":"2024-12-13T09:58:23+00:00","dateModified":"2024-12-24T08:14:48+00:00","description":"Zajist\u011bte si tlou\u0161\u0165ku pr\u016fchoz\u00edch otvor\u016f na desk\u00e1ch plo\u0161n\u00fdch spoj\u016f pomoc\u00ed na\u0161ich vysoce p\u0159esn\u00fdch m\u011b\u0159idel tlou\u0161\u0165ky povlaku. Na\u0161e m\u011b\u0159idla jsou ide\u00e1ln\u00ed pro m\u011b\u0159en\u00ed tlou\u0161\u0165ky pr\u016fchoz\u00edch otvor\u016f v desk\u00e1ch plo\u0161n\u00fdch spoj\u016f a poskytuj\u00ed p\u0159esn\u00e9 \u00fadaje a opakovateln\u00e9 m\u011b\u0159en\u00ed pr\u016fchoz\u00edch otvor\u016f na desk\u00e1ch plo\u0161n\u00fdch spoj\u016f p\u0159ed lept\u00e1n\u00edm a po n\u011bm.","breadcrumb":{"@id":"https:\/\/kw-pcb-machine.com\/manufacturer\/plated-thru-hole-measurement-gauge\/#breadcrumb"},"inLanguage":"cs","potentialAction":[{"@type":"ReadAction","target":["https:\/\/kw-pcb-machine.com\/manufacturer\/plated-thru-hole-measurement-gauge\/"]}]},{"@type":"ImageObject","inLanguage":"cs","@id":"https:\/\/kw-pcb-machine.com\/manufacturer\/plated-thru-hole-measurement-gauge\/#primaryimage","url":"https:\/\/kw-pcb-machine.com\/wp-content\/uploads\/2024\/12\/Hole-Copper-Thickness-Measure-Meter.webp","contentUrl":"https:\/\/kw-pcb-machine.com\/wp-content\/uploads\/2024\/12\/Hole-Copper-Thickness-Measure-Meter.webp","width":600,"height":667,"caption":"Hole Copper Thickness Measure Meter"},{"@type":"BreadcrumbList","@id":"https:\/\/kw-pcb-machine.com\/manufacturer\/plated-thru-hole-measurement-gauge\/#breadcrumb","itemListElement":[{"@type":"ListItem","position":1,"name":"Home","item":"https:\/\/kw-pcb-machine.com\/"},{"@type":"ListItem","position":2,"name":"Products","item":"https:\/\/kw-pcb-machine.com\/shop\/"},{"@type":"ListItem","position":3,"name":"Plated Thru-hole Measurement Gauge"}]},{"@type":"WebSite","@id":"https:\/\/kw-pcb-machine.com\/#website","url":"https:\/\/kw-pcb-machine.com\/","name":"Kewei Industries HK limited","description":"Dodavatel stroj\u016f na v\u00fdrobu desek s plo\u0161n\u00fdmi spoji (PCB)","potentialAction":[{"@type":"SearchAction","target":{"@type":"EntryPoint","urlTemplate":"https:\/\/kw-pcb-machine.com\/?s={search_term_string}"},"query-input":{"@type":"PropertyValueSpecification","valueRequired":true,"valueName":"search_term_string"}}],"inLanguage":"cs"}]}},"_links":{"self":[{"href":"https:\/\/kw-pcb-machine.com\/cs\/wp-json\/wp\/v2\/product\/1854","targetHints":{"allow":["GET"]}}],"collection":[{"href":"https:\/\/kw-pcb-machine.com\/cs\/wp-json\/wp\/v2\/product"}],"about":[{"href":"https:\/\/kw-pcb-machine.com\/cs\/wp-json\/wp\/v2\/types\/product"}],"replies":[{"embeddable":true,"href":"https:\/\/kw-pcb-machine.com\/cs\/wp-json\/wp\/v2\/comments?post=1854"}],"wp:featuredmedia":[{"embeddable":true,"href":"https:\/\/kw-pcb-machine.com\/cs\/wp-json\/wp\/v2\/media\/1855"}],"wp:attachment":[{"href":"https:\/\/kw-pcb-machine.com\/cs\/wp-json\/wp\/v2\/media?parent=1854"}],"wp:term":[{"taxonomy":"product_brand","embeddable":true,"href":"https:\/\/kw-pcb-machine.com\/cs\/wp-json\/wp\/v2\/product_brand?post=1854"},{"taxonomy":"product_cat","embeddable":true,"href":"https:\/\/kw-pcb-machine.com\/cs\/wp-json\/wp\/v2\/product_cat?post=1854"},{"taxonomy":"product_tag","embeddable":true,"href":"https:\/\/kw-pcb-machine.com\/cs\/wp-json\/wp\/v2\/product_tag?post=1854"}],"curies":[{"name":"wp","href":"https:\/\/api.w.org\/{rel}","templated":true}]}}