{"id":1860,"date":"2024-12-23T08:39:38","date_gmt":"2024-12-23T08:39:38","guid":{"rendered":"https:\/\/kw-pcb-machine.com\/?post_type=product&#038;p=1860"},"modified":"2024-12-24T08:13:51","modified_gmt":"2024-12-24T08:13:51","slug":"rezaci-stroj-na-desky-plosnych-spoju","status":"publish","type":"product","link":"https:\/\/kw-pcb-machine.com\/cs\/vyrobce\/rezaci-stroj-na-desky-plosnych-spoju\/","title":{"rendered":"\u0158ezac\u00ed stroj na PCB"},"content":{"rendered":"<p><iframe loading=\"lazy\" title=\"V\u00e1le\u010dkov\u00fd \u0159ezac\u00ed stroj pro desky s plo\u0161n\u00fdmi spoji\" width=\"1020\" height=\"574\" src=\"https:\/\/www.youtube.com\/embed\/O_HgWfUqFlg?feature=oembed\" frameborder=\"0\" allow=\"accelerometer; autoplay; clipboard-write; encrypted-media; gyroscope; picture-in-picture; web-share\" referrerpolicy=\"strict-origin-when-cross-origin\" allowfullscreen><\/iframe><\/p>\n<p><strong>Pou\u017eit\u00ed: pro \u0159ez\u00e1n\u00ed desek plo\u0161n\u00fdch spoj\u016f<\/strong><\/p>\n\n<table id=\"tablepress-31\" class=\"tablepress tablepress-id-31\">\n<thead>\n<tr class=\"row-1\">\n\t<th class=\"column-1\">Polo\u017eka<\/th><th class=\"column-2\">Detail<\/th>\n<\/tr>\n<\/thead>\n<tbody class=\"row-striping row-hover\">\n<tr class=\"row-2\">\n\t<td class=\"column-1\">Model:<\/td><td class=\"column-2\">KI-1500<\/td>\n<\/tr>\n<tr class=\"row-3\">\n\t<td class=\"column-1\">Rozm\u011br stroje:<\/td><td class=\"column-2\">1950*1315*1135 mm (D\u0160V)<\/td>\n<\/tr>\n<tr class=\"row-4\">\n\t<td class=\"column-1\">Pracovn\u00ed v\u00fd\u0161ka:<\/td><td class=\"column-2\">750 mm<\/td>\n<\/tr>\n<tr class=\"row-5\">\n\t<td class=\"column-1\">Hmotnost stroje: 1,5 t<\/td><td class=\"column-2\">1.5T<\/td>\n<\/tr>\n<tr class=\"row-6\">\n\t<td class=\"column-1\">V\u00fdkon:<\/td><td class=\"column-2\">3P,380 4KW s uzem\u0148ovac\u00edm vodi\u010dem<\/td>\n<\/tr>\n<tr class=\"row-7\">\n\t<td class=\"column-1\">Pracovn\u00ed tlou\u0161\u0165ka:<\/td><td class=\"column-2\">Ostatn\u00ed CCL0,2~3,0 mm, <br \/>\nAL CCL0,3 ~ 1,6 mm<\/td>\n<\/tr>\n<tr class=\"row-8\">\n\t<td class=\"column-1\">Max. \u0160\u00ed\u0159ka \u0159ezu:<\/td><td class=\"column-2\">1500 mm<\/td>\n<\/tr>\n<tr class=\"row-9\">\n\t<td class=\"column-1\">Standardn\u00ed \u010depel:<\/td><td class=\"column-2\">D200*d150*16T<\/td>\n<\/tr>\n<tr class=\"row-10\">\n\t<td class=\"column-1\">Rychlost ot\u00e1\u010den\u00ed \u010depele:<\/td><td class=\"column-2\">45 OT\u00c1\u010cEK ZA MINUTU<\/td>\n<\/tr>\n<tr class=\"row-11\">\n\t<td class=\"column-1\">Rychlost \u0159ez\u00e1n\u00ed:<\/td><td class=\"column-2\">15 m\/min<\/td>\n<\/tr>\n<\/tbody>\n<\/table>\n\n<a href=\"https:\/\/kw-pcb-machine.com\/cs\/kontakt\/\" class=\"button primary is-shade box-shadow-3 box-shadow-5-hover\"  style=\"border-radius:5px;\">\n    <span>\u017d\u00e1dost o cenovou nab\u00eddku<\/span>\n  <\/a>","protected":false},"excerpt":{"rendered":"<ul>\n<li><strong>Vysok\u00e1 p\u0159esnost a preciznost: <\/strong>S na\u0161imi pokro\u010dil\u00fdmi stroji na \u0159ez\u00e1n\u00ed desek plo\u0161n\u00fdch spoj\u016f dos\u00e1hnete v\u017edy p\u0159esn\u00fdch a \u010dist\u00fdch \u0159ez\u016f, co\u017e zaru\u010duje minimum chyb a st\u00e1lou kvalitu.<\/li>\n<li><strong>Odoln\u00fd design s dlouhou \u017eivotnost\u00ed: <\/strong>Na\u0161e stroje jsou vyrobeny z robustn\u00edch materi\u00e1l\u016f a jsou navr\u017eeny tak, aby vydr\u017eely velkoobjemovou v\u00fdrobu a z\u00e1rove\u0148 si zachovaly vynikaj\u00edc\u00ed v\u00fdkonnost v pr\u016fb\u011bhu \u010dasu.<\/li>\n<li><strong>U\u017eivatelsky p\u0159\u00edv\u011btiv\u00e9 ovl\u00e1d\u00e1n\u00ed: <\/strong>Na\u0161e stroje na \u0159ez\u00e1n\u00ed desek plo\u0161n\u00fdch spoj\u016f jsou vybaveny intuitivn\u00edm ovl\u00e1d\u00e1n\u00edm a automatick\u00fdmi funkcemi, tak\u017ee se snadno ovl\u00e1daj\u00ed, co\u017e sni\u017euje \u010das pot\u0159ebn\u00fd na za\u0161kolen\u00ed a n\u00e1klady na pracovn\u00ed s\u00edlu.<\/li>\n<\/ul>","protected":false},"featured_media":1861,"comment_status":"open","ping_status":"closed","template":"","meta":[],"product_brand":[],"product_cat":[50,15],"product_tag":[],"class_list":{"0":"post-1860","1":"product","2":"type-product","3":"status-publish","4":"has-post-thumbnail","6":"product_cat-new-pcb-fabrication-machine","7":"product_cat-laminate-shear","9":"first","10":"instock","11":"shipping-taxable","12":"product-type-simple"},"yoast_head":"<!-- This site is optimized with the Yoast SEO plugin v25.5 - https:\/\/yoast.com\/wordpress\/plugins\/seo\/ -->\n<title>Affordable PCB Cutting Machines \u2013 Boost Your Efficiency Today<\/title>\n<meta name=\"description\" content=\"Find cost-effective PCB cutting machines that deliver superior performance. Perfect for streamlining manufacturing processes with precision and speed.\" \/>\n<meta name=\"robots\" content=\"index, follow, max-snippet:-1, max-image-preview:large, max-video-preview:-1\" \/>\n<link rel=\"canonical\" href=\"https:\/\/kw-pcb-machine.com\/cs\/vyrobce\/rezaci-stroj-na-desky-plosnych-spoju\/\" \/>\n<meta property=\"og:locale\" content=\"cs_CZ\" \/>\n<meta property=\"og:type\" content=\"article\" \/>\n<meta property=\"og:title\" content=\"Affordable PCB Cutting Machines \u2013 Boost Your Efficiency Today\" \/>\n<meta property=\"og:description\" content=\"Find cost-effective PCB cutting machines that deliver superior performance. Perfect for streamlining manufacturing processes with precision and speed.\" \/>\n<meta property=\"og:url\" content=\"https:\/\/kw-pcb-machine.com\/cs\/vyrobce\/rezaci-stroj-na-desky-plosnych-spoju\/\" \/>\n<meta property=\"og:site_name\" content=\"Kewei Industries HK limited\" \/>\n<meta property=\"article:modified_time\" content=\"2024-12-24T08:13:51+00:00\" \/>\n<meta property=\"og:image\" content=\"https:\/\/kw-pcb-machine.com\/wp-content\/uploads\/2024\/12\/pcb-cutting-machine.webp\" \/>\n\t<meta property=\"og:image:width\" content=\"600\" \/>\n\t<meta property=\"og:image:height\" content=\"600\" \/>\n\t<meta property=\"og:image:type\" content=\"image\/webp\" \/>\n<meta name=\"twitter:card\" content=\"summary_large_image\" \/>\n<meta name=\"twitter:label1\" content=\"Odhadovan\u00e1 doba \u010dten\u00ed\" \/>\n\t<meta name=\"twitter:data1\" content=\"1 minuta\" \/>\n<script type=\"application\/ld+json\" class=\"yoast-schema-graph\">{\"@context\":\"https:\/\/schema.org\",\"@graph\":[{\"@type\":\"WebPage\",\"@id\":\"https:\/\/kw-pcb-machine.com\/manufacturer\/pcb-cutting-machine\/\",\"url\":\"https:\/\/kw-pcb-machine.com\/manufacturer\/pcb-cutting-machine\/\",\"name\":\"Affordable PCB Cutting Machines \u2013 Boost Your Efficiency Today\",\"isPartOf\":{\"@id\":\"https:\/\/kw-pcb-machine.com\/#website\"},\"primaryImageOfPage\":{\"@id\":\"https:\/\/kw-pcb-machine.com\/manufacturer\/pcb-cutting-machine\/#primaryimage\"},\"image\":{\"@id\":\"https:\/\/kw-pcb-machine.com\/manufacturer\/pcb-cutting-machine\/#primaryimage\"},\"thumbnailUrl\":\"https:\/\/kw-pcb-machine.com\/wp-content\/uploads\/2024\/12\/pcb-cutting-machine.webp\",\"datePublished\":\"2024-12-23T08:39:38+00:00\",\"dateModified\":\"2024-12-24T08:13:51+00:00\",\"description\":\"Find cost-effective PCB cutting machines that deliver superior performance. Perfect for streamlining manufacturing processes with precision and speed.\",\"breadcrumb\":{\"@id\":\"https:\/\/kw-pcb-machine.com\/manufacturer\/pcb-cutting-machine\/#breadcrumb\"},\"inLanguage\":\"cs\",\"potentialAction\":[{\"@type\":\"ReadAction\",\"target\":[\"https:\/\/kw-pcb-machine.com\/manufacturer\/pcb-cutting-machine\/\"]}]},{\"@type\":\"ImageObject\",\"inLanguage\":\"cs\",\"@id\":\"https:\/\/kw-pcb-machine.com\/manufacturer\/pcb-cutting-machine\/#primaryimage\",\"url\":\"https:\/\/kw-pcb-machine.com\/wp-content\/uploads\/2024\/12\/pcb-cutting-machine.webp\",\"contentUrl\":\"https:\/\/kw-pcb-machine.com\/wp-content\/uploads\/2024\/12\/pcb-cutting-machine.webp\",\"width\":600,\"height\":600,\"caption\":\"pcb cutting machine\"},{\"@type\":\"BreadcrumbList\",\"@id\":\"https:\/\/kw-pcb-machine.com\/manufacturer\/pcb-cutting-machine\/#breadcrumb\",\"itemListElement\":[{\"@type\":\"ListItem\",\"position\":1,\"name\":\"Home\",\"item\":\"https:\/\/kw-pcb-machine.com\/\"},{\"@type\":\"ListItem\",\"position\":2,\"name\":\"Products\",\"item\":\"https:\/\/kw-pcb-machine.com\/shop\/\"},{\"@type\":\"ListItem\",\"position\":3,\"name\":\"PCB Cutting Machine\"}]},{\"@type\":\"WebSite\",\"@id\":\"https:\/\/kw-pcb-machine.com\/#website\",\"url\":\"https:\/\/kw-pcb-machine.com\/\",\"name\":\"Kewei Industries HK limited\",\"description\":\"Printed Circuit Board (PCB) Making Machine Supplier\",\"potentialAction\":[{\"@type\":\"SearchAction\",\"target\":{\"@type\":\"EntryPoint\",\"urlTemplate\":\"https:\/\/kw-pcb-machine.com\/?s={search_term_string}\"},\"query-input\":{\"@type\":\"PropertyValueSpecification\",\"valueRequired\":true,\"valueName\":\"search_term_string\"}}],\"inLanguage\":\"cs\"}]}<\/script>\n<!-- \/ Yoast SEO plugin. -->","yoast_head_json":{"title":"Cenov\u011b dostupn\u00e9 stroje na \u0159ez\u00e1n\u00ed desek plo\u0161n\u00fdch spoj\u016f - zvy\u0161te svou efektivitu je\u0161t\u011b dnes","description":"Najd\u011bte cenov\u011b v\u00fdhodn\u00e9 stroje na \u0159ez\u00e1n\u00ed desek plo\u0161n\u00fdch spoj\u016f, kter\u00e9 poskytuj\u00ed vynikaj\u00edc\u00ed v\u00fdkon. Ide\u00e1ln\u00ed pro zefektivn\u011bn\u00ed v\u00fdrobn\u00edch proces\u016f s p\u0159esnost\u00ed a rychlost\u00ed.","robots":{"index":"index","follow":"follow","max-snippet":"max-snippet:-1","max-image-preview":"max-image-preview:large","max-video-preview":"max-video-preview:-1"},"canonical":"https:\/\/kw-pcb-machine.com\/cs\/vyrobce\/rezaci-stroj-na-desky-plosnych-spoju\/","og_locale":"cs_CZ","og_type":"article","og_title":"Affordable PCB Cutting Machines \u2013 Boost Your Efficiency Today","og_description":"Find cost-effective PCB cutting machines that deliver superior performance. Perfect for streamlining manufacturing processes with precision and speed.","og_url":"https:\/\/kw-pcb-machine.com\/cs\/vyrobce\/rezaci-stroj-na-desky-plosnych-spoju\/","og_site_name":"Kewei Industries HK limited","article_modified_time":"2024-12-24T08:13:51+00:00","og_image":[{"width":600,"height":600,"url":"https:\/\/kw-pcb-machine.com\/wp-content\/uploads\/2024\/12\/pcb-cutting-machine.webp","type":"image\/webp"}],"twitter_card":"summary_large_image","twitter_misc":{"Odhadovan\u00e1 doba \u010dten\u00ed":"1 minuta"},"schema":{"@context":"https:\/\/schema.org","@graph":[{"@type":"WebPage","@id":"https:\/\/kw-pcb-machine.com\/manufacturer\/pcb-cutting-machine\/","url":"https:\/\/kw-pcb-machine.com\/manufacturer\/pcb-cutting-machine\/","name":"Cenov\u011b dostupn\u00e9 stroje na \u0159ez\u00e1n\u00ed desek plo\u0161n\u00fdch spoj\u016f - zvy\u0161te svou efektivitu je\u0161t\u011b dnes","isPartOf":{"@id":"https:\/\/kw-pcb-machine.com\/#website"},"primaryImageOfPage":{"@id":"https:\/\/kw-pcb-machine.com\/manufacturer\/pcb-cutting-machine\/#primaryimage"},"image":{"@id":"https:\/\/kw-pcb-machine.com\/manufacturer\/pcb-cutting-machine\/#primaryimage"},"thumbnailUrl":"https:\/\/kw-pcb-machine.com\/wp-content\/uploads\/2024\/12\/pcb-cutting-machine.webp","datePublished":"2024-12-23T08:39:38+00:00","dateModified":"2024-12-24T08:13:51+00:00","description":"Najd\u011bte cenov\u011b v\u00fdhodn\u00e9 stroje na \u0159ez\u00e1n\u00ed desek plo\u0161n\u00fdch spoj\u016f, kter\u00e9 poskytuj\u00ed vynikaj\u00edc\u00ed v\u00fdkon. Ide\u00e1ln\u00ed pro zefektivn\u011bn\u00ed v\u00fdrobn\u00edch proces\u016f s p\u0159esnost\u00ed a rychlost\u00ed.","breadcrumb":{"@id":"https:\/\/kw-pcb-machine.com\/manufacturer\/pcb-cutting-machine\/#breadcrumb"},"inLanguage":"cs","potentialAction":[{"@type":"ReadAction","target":["https:\/\/kw-pcb-machine.com\/manufacturer\/pcb-cutting-machine\/"]}]},{"@type":"ImageObject","inLanguage":"cs","@id":"https:\/\/kw-pcb-machine.com\/manufacturer\/pcb-cutting-machine\/#primaryimage","url":"https:\/\/kw-pcb-machine.com\/wp-content\/uploads\/2024\/12\/pcb-cutting-machine.webp","contentUrl":"https:\/\/kw-pcb-machine.com\/wp-content\/uploads\/2024\/12\/pcb-cutting-machine.webp","width":600,"height":600,"caption":"pcb cutting machine"},{"@type":"BreadcrumbList","@id":"https:\/\/kw-pcb-machine.com\/manufacturer\/pcb-cutting-machine\/#breadcrumb","itemListElement":[{"@type":"ListItem","position":1,"name":"Home","item":"https:\/\/kw-pcb-machine.com\/"},{"@type":"ListItem","position":2,"name":"Products","item":"https:\/\/kw-pcb-machine.com\/shop\/"},{"@type":"ListItem","position":3,"name":"PCB Cutting Machine"}]},{"@type":"WebSite","@id":"https:\/\/kw-pcb-machine.com\/#website","url":"https:\/\/kw-pcb-machine.com\/","name":"Kewei Industries HK limited","description":"Dodavatel stroj\u016f na v\u00fdrobu desek s plo\u0161n\u00fdmi spoji (PCB)","potentialAction":[{"@type":"SearchAction","target":{"@type":"EntryPoint","urlTemplate":"https:\/\/kw-pcb-machine.com\/?s={search_term_string}"},"query-input":{"@type":"PropertyValueSpecification","valueRequired":true,"valueName":"search_term_string"}}],"inLanguage":"cs"}]}},"_links":{"self":[{"href":"https:\/\/kw-pcb-machine.com\/cs\/wp-json\/wp\/v2\/product\/1860","targetHints":{"allow":["GET"]}}],"collection":[{"href":"https:\/\/kw-pcb-machine.com\/cs\/wp-json\/wp\/v2\/product"}],"about":[{"href":"https:\/\/kw-pcb-machine.com\/cs\/wp-json\/wp\/v2\/types\/product"}],"replies":[{"embeddable":true,"href":"https:\/\/kw-pcb-machine.com\/cs\/wp-json\/wp\/v2\/comments?post=1860"}],"wp:featuredmedia":[{"embeddable":true,"href":"https:\/\/kw-pcb-machine.com\/cs\/wp-json\/wp\/v2\/media\/1861"}],"wp:attachment":[{"href":"https:\/\/kw-pcb-machine.com\/cs\/wp-json\/wp\/v2\/media?parent=1860"}],"wp:term":[{"taxonomy":"product_brand","embeddable":true,"href":"https:\/\/kw-pcb-machine.com\/cs\/wp-json\/wp\/v2\/product_brand?post=1860"},{"taxonomy":"product_cat","embeddable":true,"href":"https:\/\/kw-pcb-machine.com\/cs\/wp-json\/wp\/v2\/product_cat?post=1860"},{"taxonomy":"product_tag","embeddable":true,"href":"https:\/\/kw-pcb-machine.com\/cs\/wp-json\/wp\/v2\/product_tag?post=1860"}],"curies":[{"name":"wp","href":"https:\/\/api.w.org\/{rel}","templated":true}]}}