{"id":1908,"date":"2024-12-28T08:04:52","date_gmt":"2024-12-28T08:04:52","guid":{"rendered":"https:\/\/kw-pcb-machine.com\/?post_type=product&#038;p=1908"},"modified":"2024-12-28T08:44:38","modified_gmt":"2024-12-28T08:44:38","slug":"zavadec-desek-plosnych-spoju","status":"publish","type":"product","link":"https:\/\/kw-pcb-machine.com\/cs\/vyrobce\/zavadec-desek-plosnych-spoju\/","title":{"rendered":"Zaklada\u010d desek plo\u0161n\u00fdch spoj\u016f"},"content":{"rendered":"<p><iframe loading=\"lazy\" title=\"Nakl\u00e1dac\u00ed stroj pro v\u00fdrobu PCB #pcbmanufacturing\" width=\"1020\" height=\"574\" src=\"https:\/\/www.youtube.com\/embed\/b9ee-N7iDNY?feature=oembed\" frameborder=\"0\" allow=\"accelerometer; autoplay; clipboard-write; encrypted-media; gyroscope; picture-in-picture; web-share\" referrerpolicy=\"strict-origin-when-cross-origin\" allowfullscreen><\/iframe><\/p>\n<p><strong>Pou\u017eit\u00ed: pro vkl\u00e1d\u00e1n\u00ed desek plo\u0161n\u00fdch spoj\u016f<\/strong><\/p>\n\n<table id=\"tablepress-40\" class=\"tablepress tablepress-id-40\">\n<thead>\n<tr class=\"row-1\">\n\t<th class=\"column-1\">Polo\u017eka<\/th><th class=\"column-2\">Detail<\/th>\n<\/tr>\n<\/thead>\n<tbody class=\"row-striping row-hover\">\n<tr class=\"row-2\">\n\t<td class=\"column-1\">Stroj<\/td><td class=\"column-2\">Zaklada\u010d desek plo\u0161n\u00fdch spoj\u016f<\/td>\n<\/tr>\n<tr class=\"row-3\">\n\t<td class=\"column-1\">D\u00e9lka<\/td><td class=\"column-2\">2290 mm<\/td>\n<\/tr>\n<tr class=\"row-4\">\n\t<td class=\"column-1\">\u0160\u00ed\u0159ka<\/td><td class=\"column-2\">1210 mm<\/td>\n<\/tr>\n<tr class=\"row-5\">\n\t<td class=\"column-1\">V\u00fd\u0161ka<\/td><td class=\"column-2\">1285 mm<\/td>\n<\/tr>\n<tr class=\"row-6\">\n\t<td class=\"column-1\">Pracovn\u00ed v\u00fd\u0161ka<\/td><td class=\"column-2\">980 mm (+\/- 50 mm)<\/td>\n<\/tr>\n<tr class=\"row-7\">\n\t<td class=\"column-1\">Max. Velikost panelu<\/td><td class=\"column-2\">730--650 mm<\/td>\n<\/tr>\n<tr class=\"row-8\">\n\t<td class=\"column-1\">Min. Velikost panelu<\/td><td class=\"column-2\">300-300 mm<\/td>\n<\/tr>\n<tr class=\"row-9\">\n\t<td class=\"column-1\">Tlou\u0161\u0165ka panelu<\/td><td class=\"column-2\">0,5-3,2 mm<\/td>\n<\/tr>\n<tr class=\"row-10\">\n\t<td class=\"column-1\">Nap\u00e1jen\u00ed<\/td><td class=\"column-2\">220V 50Hz 0,6KW<\/td>\n<\/tr>\n<tr class=\"row-11\">\n\t<td class=\"column-1\">Rychlost<\/td><td class=\"column-2\">9ks\/min<\/td>\n<\/tr>\n<\/tbody>\n<\/table>\n<!-- #tablepress-40 from cache -->\n<a href=\"https:\/\/kw-pcb-machine.com\/cs\/kontakt\/\" class=\"button primary is-shade box-shadow-3 box-shadow-5-hover\"  style=\"border-radius:5px;\">\n    <span>\u017d\u00e1dost o cenovou nab\u00eddku<\/span>\n  <\/a>","protected":false},"excerpt":{"rendered":"<ul>\n<li><strong>Automatizovan\u00e9 na\u010d\u00edt\u00e1n\u00ed:<\/strong>\u00a0Zaklada\u010de desek plo\u0161n\u00fdch spoj\u016f umo\u017e\u0148uj\u00ed automatizovan\u00e9 zakl\u00e1d\u00e1n\u00ed desek plo\u0161n\u00fdch spoj\u016f do v\u00fdrobn\u00edch linek, co\u017e sni\u017euje mno\u017estv\u00ed ru\u010dn\u00ed pr\u00e1ce a zvy\u0161uje efektivitu provozu.<\/li>\n<li><strong>Nastaviteln\u00e1 nastaven\u00ed:<\/strong>\u00a0Je vybaven nastaviteln\u00fdmi parametry pro r\u016fzn\u00e9 velikosti a tlou\u0161\u0165ky desek, co\u017e zaji\u0161\u0165uje kompatibilitu s r\u016fzn\u00fdmi v\u00fdrobn\u00edmi po\u017eadavky.<\/li>\n<li><strong>Vysokorychlostn\u00ed provoz:<\/strong>\u00a0Tyto naklada\u010de jsou navr\u017eeny pro vysokorychlostn\u00ed provoz a umo\u017e\u0148uj\u00ed rychl\u00fd p\u0159esun desek plo\u0161n\u00fdch spoj\u016f, \u010d\u00edm\u017e minimalizuj\u00ed prostoje a maximalizuj\u00ed pr\u016fchodnost v\u00fdroby.<\/li>\n<li><strong>U\u017eivatelsky p\u0159\u00edv\u011btiv\u00e9 rozhran\u00ed:<\/strong>\u00a0Vyzna\u010duje se u\u017eivatelsky p\u0159\u00edv\u011btiv\u00fdm rozhran\u00edm pro snadn\u00e9 ovl\u00e1d\u00e1n\u00ed a integraci do st\u00e1vaj\u00edc\u00edch syst\u00e9m\u016f, co\u017e zjednodu\u0161uje nastaven\u00ed a zkracuje dobu \u0161kolen\u00ed.<\/li>\n<\/ul>","protected":false},"featured_media":1909,"comment_status":"open","ping_status":"closed","template":"","meta":[],"product_brand":[],"product_cat":[51,49],"product_tag":[],"class_list":{"0":"post-1908","1":"product","2":"type-product","3":"status-publish","4":"has-post-thumbnail","6":"product_cat-used-pcb-fabrication-machine","7":"product_cat-pcb-manufacturing-machine","9":"first","10":"instock","11":"shipping-taxable","12":"product-type-simple"},"yoast_head":"<!-- This site is optimized with the Yoast SEO plugin v25.5 - https:\/\/yoast.com\/wordpress\/plugins\/seo\/ -->\n<title>Efficient PCB Loaders for Streamlined Production Processes<\/title>\n<meta name=\"description\" content=\"Enhance your assembly line efficiency with our advanced PCB loaders. Designed for seamless integration, they boost productivity and reduce downtime in your manufacturing operations.\" \/>\n<meta name=\"robots\" content=\"index, follow, max-snippet:-1, max-image-preview:large, max-video-preview:-1\" \/>\n<link rel=\"canonical\" href=\"https:\/\/kw-pcb-machine.com\/cs\/vyrobce\/zavadec-desek-plosnych-spoju\/\" \/>\n<meta property=\"og:locale\" content=\"cs_CZ\" \/>\n<meta property=\"og:type\" content=\"article\" \/>\n<meta property=\"og:title\" content=\"Efficient PCB Loaders for Streamlined Production Processes\" \/>\n<meta property=\"og:description\" content=\"Enhance your assembly line efficiency with our advanced PCB loaders. Designed for seamless integration, they boost productivity and reduce downtime in your manufacturing operations.\" \/>\n<meta property=\"og:url\" content=\"https:\/\/kw-pcb-machine.com\/cs\/vyrobce\/zavadec-desek-plosnych-spoju\/\" \/>\n<meta property=\"og:site_name\" content=\"Kewei Industries HK limited\" \/>\n<meta property=\"article:modified_time\" content=\"2024-12-28T08:44:38+00:00\" \/>\n<meta property=\"og:image\" content=\"https:\/\/kw-pcb-machine.com\/wp-content\/uploads\/2024\/12\/pcb-loader.webp\" \/>\n\t<meta property=\"og:image:width\" content=\"600\" \/>\n\t<meta property=\"og:image:height\" content=\"408\" \/>\n\t<meta property=\"og:image:type\" content=\"image\/webp\" \/>\n<meta name=\"twitter:card\" content=\"summary_large_image\" \/>\n<meta name=\"twitter:label1\" content=\"Odhadovan\u00e1 doba \u010dten\u00ed\" \/>\n\t<meta name=\"twitter:data1\" content=\"1 minuta\" \/>\n<script type=\"application\/ld+json\" class=\"yoast-schema-graph\">{\"@context\":\"https:\/\/schema.org\",\"@graph\":[{\"@type\":\"WebPage\",\"@id\":\"https:\/\/kw-pcb-machine.com\/manufacturer\/pcb-loader\/\",\"url\":\"https:\/\/kw-pcb-machine.com\/manufacturer\/pcb-loader\/\",\"name\":\"Efficient PCB Loaders for Streamlined Production Processes\",\"isPartOf\":{\"@id\":\"https:\/\/kw-pcb-machine.com\/#website\"},\"primaryImageOfPage\":{\"@id\":\"https:\/\/kw-pcb-machine.com\/manufacturer\/pcb-loader\/#primaryimage\"},\"image\":{\"@id\":\"https:\/\/kw-pcb-machine.com\/manufacturer\/pcb-loader\/#primaryimage\"},\"thumbnailUrl\":\"https:\/\/kw-pcb-machine.com\/wp-content\/uploads\/2024\/12\/pcb-loader.webp\",\"datePublished\":\"2024-12-28T08:04:52+00:00\",\"dateModified\":\"2024-12-28T08:44:38+00:00\",\"description\":\"Enhance your assembly line efficiency with our advanced PCB loaders. Designed for seamless integration, they boost productivity and reduce downtime in your manufacturing operations.\",\"breadcrumb\":{\"@id\":\"https:\/\/kw-pcb-machine.com\/manufacturer\/pcb-loader\/#breadcrumb\"},\"inLanguage\":\"cs\",\"potentialAction\":[{\"@type\":\"ReadAction\",\"target\":[\"https:\/\/kw-pcb-machine.com\/manufacturer\/pcb-loader\/\"]}]},{\"@type\":\"ImageObject\",\"inLanguage\":\"cs\",\"@id\":\"https:\/\/kw-pcb-machine.com\/manufacturer\/pcb-loader\/#primaryimage\",\"url\":\"https:\/\/kw-pcb-machine.com\/wp-content\/uploads\/2024\/12\/pcb-loader.webp\",\"contentUrl\":\"https:\/\/kw-pcb-machine.com\/wp-content\/uploads\/2024\/12\/pcb-loader.webp\",\"width\":600,\"height\":408,\"caption\":\"pcb loader\"},{\"@type\":\"BreadcrumbList\",\"@id\":\"https:\/\/kw-pcb-machine.com\/manufacturer\/pcb-loader\/#breadcrumb\",\"itemListElement\":[{\"@type\":\"ListItem\",\"position\":1,\"name\":\"Home\",\"item\":\"https:\/\/kw-pcb-machine.com\/\"},{\"@type\":\"ListItem\",\"position\":2,\"name\":\"Products\",\"item\":\"https:\/\/kw-pcb-machine.com\/shop\/\"},{\"@type\":\"ListItem\",\"position\":3,\"name\":\"PCB Loader\"}]},{\"@type\":\"WebSite\",\"@id\":\"https:\/\/kw-pcb-machine.com\/#website\",\"url\":\"https:\/\/kw-pcb-machine.com\/\",\"name\":\"Kewei Industries HK limited\",\"description\":\"Printed Circuit Board (PCB) Making Machine Supplier\",\"potentialAction\":[{\"@type\":\"SearchAction\",\"target\":{\"@type\":\"EntryPoint\",\"urlTemplate\":\"https:\/\/kw-pcb-machine.com\/?s={search_term_string}\"},\"query-input\":{\"@type\":\"PropertyValueSpecification\",\"valueRequired\":true,\"valueName\":\"search_term_string\"}}],\"inLanguage\":\"cs\"}]}<\/script>\n<!-- \/ Yoast SEO plugin. -->","yoast_head_json":{"title":"Efektivn\u00ed zaklada\u010de desek plo\u0161n\u00fdch spoj\u016f pro zefektivn\u011bn\u00ed v\u00fdrobn\u00edch proces\u016f","description":"Zvy\u0161te efektivitu sv\u00e9 mont\u00e1\u017en\u00ed linky pomoc\u00ed na\u0161ich pokro\u010dil\u00fdch naklada\u010d\u016f desek plo\u0161n\u00fdch spoj\u016f. Jsou navr\u017eeny pro bezprobl\u00e9movou integraci, zvy\u0161uj\u00ed produktivitu a zkracuj\u00ed prostoje ve va\u0161ich v\u00fdrobn\u00edch provozech.","robots":{"index":"index","follow":"follow","max-snippet":"max-snippet:-1","max-image-preview":"max-image-preview:large","max-video-preview":"max-video-preview:-1"},"canonical":"https:\/\/kw-pcb-machine.com\/cs\/vyrobce\/zavadec-desek-plosnych-spoju\/","og_locale":"cs_CZ","og_type":"article","og_title":"Efficient PCB Loaders for Streamlined Production Processes","og_description":"Enhance your assembly line efficiency with our advanced PCB loaders. Designed for seamless integration, they boost productivity and reduce downtime in your manufacturing operations.","og_url":"https:\/\/kw-pcb-machine.com\/cs\/vyrobce\/zavadec-desek-plosnych-spoju\/","og_site_name":"Kewei Industries HK limited","article_modified_time":"2024-12-28T08:44:38+00:00","og_image":[{"width":600,"height":408,"url":"https:\/\/kw-pcb-machine.com\/wp-content\/uploads\/2024\/12\/pcb-loader.webp","type":"image\/webp"}],"twitter_card":"summary_large_image","twitter_misc":{"Odhadovan\u00e1 doba \u010dten\u00ed":"1 minuta"},"schema":{"@context":"https:\/\/schema.org","@graph":[{"@type":"WebPage","@id":"https:\/\/kw-pcb-machine.com\/manufacturer\/pcb-loader\/","url":"https:\/\/kw-pcb-machine.com\/manufacturer\/pcb-loader\/","name":"Efektivn\u00ed zaklada\u010de desek plo\u0161n\u00fdch spoj\u016f pro zefektivn\u011bn\u00ed v\u00fdrobn\u00edch proces\u016f","isPartOf":{"@id":"https:\/\/kw-pcb-machine.com\/#website"},"primaryImageOfPage":{"@id":"https:\/\/kw-pcb-machine.com\/manufacturer\/pcb-loader\/#primaryimage"},"image":{"@id":"https:\/\/kw-pcb-machine.com\/manufacturer\/pcb-loader\/#primaryimage"},"thumbnailUrl":"https:\/\/kw-pcb-machine.com\/wp-content\/uploads\/2024\/12\/pcb-loader.webp","datePublished":"2024-12-28T08:04:52+00:00","dateModified":"2024-12-28T08:44:38+00:00","description":"Zvy\u0161te efektivitu sv\u00e9 mont\u00e1\u017en\u00ed linky pomoc\u00ed na\u0161ich pokro\u010dil\u00fdch naklada\u010d\u016f desek plo\u0161n\u00fdch spoj\u016f. Jsou navr\u017eeny pro bezprobl\u00e9movou integraci, zvy\u0161uj\u00ed produktivitu a zkracuj\u00ed prostoje ve va\u0161ich v\u00fdrobn\u00edch provozech.","breadcrumb":{"@id":"https:\/\/kw-pcb-machine.com\/manufacturer\/pcb-loader\/#breadcrumb"},"inLanguage":"cs","potentialAction":[{"@type":"ReadAction","target":["https:\/\/kw-pcb-machine.com\/manufacturer\/pcb-loader\/"]}]},{"@type":"ImageObject","inLanguage":"cs","@id":"https:\/\/kw-pcb-machine.com\/manufacturer\/pcb-loader\/#primaryimage","url":"https:\/\/kw-pcb-machine.com\/wp-content\/uploads\/2024\/12\/pcb-loader.webp","contentUrl":"https:\/\/kw-pcb-machine.com\/wp-content\/uploads\/2024\/12\/pcb-loader.webp","width":600,"height":408,"caption":"pcb loader"},{"@type":"BreadcrumbList","@id":"https:\/\/kw-pcb-machine.com\/manufacturer\/pcb-loader\/#breadcrumb","itemListElement":[{"@type":"ListItem","position":1,"name":"Home","item":"https:\/\/kw-pcb-machine.com\/"},{"@type":"ListItem","position":2,"name":"Products","item":"https:\/\/kw-pcb-machine.com\/shop\/"},{"@type":"ListItem","position":3,"name":"PCB Loader"}]},{"@type":"WebSite","@id":"https:\/\/kw-pcb-machine.com\/#website","url":"https:\/\/kw-pcb-machine.com\/","name":"Kewei Industries HK limited","description":"Dodavatel stroj\u016f na v\u00fdrobu desek s plo\u0161n\u00fdmi spoji (PCB)","potentialAction":[{"@type":"SearchAction","target":{"@type":"EntryPoint","urlTemplate":"https:\/\/kw-pcb-machine.com\/?s={search_term_string}"},"query-input":{"@type":"PropertyValueSpecification","valueRequired":true,"valueName":"search_term_string"}}],"inLanguage":"cs"}]}},"_links":{"self":[{"href":"https:\/\/kw-pcb-machine.com\/cs\/wp-json\/wp\/v2\/product\/1908","targetHints":{"allow":["GET"]}}],"collection":[{"href":"https:\/\/kw-pcb-machine.com\/cs\/wp-json\/wp\/v2\/product"}],"about":[{"href":"https:\/\/kw-pcb-machine.com\/cs\/wp-json\/wp\/v2\/types\/product"}],"replies":[{"embeddable":true,"href":"https:\/\/kw-pcb-machine.com\/cs\/wp-json\/wp\/v2\/comments?post=1908"}],"wp:featuredmedia":[{"embeddable":true,"href":"https:\/\/kw-pcb-machine.com\/cs\/wp-json\/wp\/v2\/media\/1909"}],"wp:attachment":[{"href":"https:\/\/kw-pcb-machine.com\/cs\/wp-json\/wp\/v2\/media?parent=1908"}],"wp:term":[{"taxonomy":"product_brand","embeddable":true,"href":"https:\/\/kw-pcb-machine.com\/cs\/wp-json\/wp\/v2\/product_brand?post=1908"},{"taxonomy":"product_cat","embeddable":true,"href":"https:\/\/kw-pcb-machine.com\/cs\/wp-json\/wp\/v2\/product_cat?post=1908"},{"taxonomy":"product_tag","embeddable":true,"href":"https:\/\/kw-pcb-machine.com\/cs\/wp-json\/wp\/v2\/product_tag?post=1908"}],"curies":[{"name":"wp","href":"https:\/\/api.w.org\/{rel}","templated":true}]}}