{"id":1756,"date":"2024-11-21T10:07:16","date_gmt":"2024-11-21T10:07:16","guid":{"rendered":"https:\/\/kw-pcb-machine.com\/?post_type=product&#038;p=1756"},"modified":"2024-12-24T08:39:30","modified_gmt":"2024-12-24T08:39:30","slug":"pcb-ldi","status":"publish","type":"product","link":"https:\/\/kw-pcb-machine.com\/es\/fabricante\/pcb-ldi\/","title":{"rendered":"PCB LDI"},"content":{"rendered":"<p><strong>Aplicaci\u00f3n: M\u00e1quina de imagen directa l\u00e1ser para PCB (marca Orbotech\uff09.<\/strong><\/p>\n\n<table id=\"tablepress-13\" class=\"tablepress tablepress-id-13\">\n<thead>\n<tr class=\"row-1\">\n\t<th class=\"column-1\">Art\u00edculo<\/th><th class=\"column-2\">Talla<\/th>\n<\/tr>\n<\/thead>\n<tbody class=\"row-striping row-hover\">\n<tr class=\"row-2\">\n\t<td class=\"column-1\">Modelo:<\/td><td class=\"column-2\">Paragon-SM 20<\/td>\n<\/tr>\n<tr class=\"row-3\">\n\t<td class=\"column-1\">Resoluciones:<\/td><td class=\"column-2\">8000 ppp<\/td>\n<\/tr>\n<tr class=\"row-4\">\n\t<td class=\"column-1\">Rendimiento*(m\u00e1x. impresiones\/hora 18\" x 24\")\uff1a<\/td><td class=\"column-2\">@10mJ\/cm2 SR: 160<br \/>\n@100mJ\/cm2 SR: 80<\/td>\n<\/tr>\n<tr class=\"row-5\">\n\t<td class=\"column-1\">Tama\u00f1o m\u00ednimo:<\/td><td class=\"column-2\">1 mill\u00f3n<\/td>\n<\/tr>\n<tr class=\"row-6\">\n\t<td class=\"column-1\">Rugosidad de los bordes:<\/td><td class=\"column-2\">+\/-0,1 millones<\/td>\n<\/tr>\n<tr class=\"row-7\">\n\t<td class=\"column-1\">Longitud de onda de exposici\u00f3n:<\/td><td class=\"column-2\">Gama UV, 355 nm, 16 W<\/td>\n<\/tr>\n<tr class=\"row-8\">\n\t<td class=\"column-1\">Rango de energ\u00eda (mJ\/cm2):<\/td><td class=\"column-2\">10-2200<\/td>\n<\/tr>\n<tr class=\"row-9\">\n\t<td class=\"column-1\">Precisi\u00f3n de posicionamiento (FTG):<\/td><td class=\"column-2\">+\/-0,5 millones<\/td>\n<\/tr>\n<tr class=\"row-10\">\n\t<td class=\"column-1\">Registro de lado a lado:<\/td><td class=\"column-2\">1 mill\u00f3n<\/td>\n<\/tr>\n<tr class=\"row-11\">\n\t<td class=\"column-1\">M\u00e1x. Tama\u00f1o del sustrato:<\/td><td class=\"column-2\">25*32''<\/td>\n<\/tr>\n<tr class=\"row-12\">\n\t<td class=\"column-1\">M\u00e1x. \u00c1rea de exposici\u00f3n:<\/td><td class=\"column-2\">24*32''<\/td>\n<\/tr>\n<tr class=\"row-13\">\n\t<td class=\"column-1\">Espesor del sustrato:<\/td><td class=\"column-2\">0.001''-0.315''<\/td>\n<\/tr>\n<tr class=\"row-14\">\n\t<td class=\"column-1\">Aplicaciones:<\/td><td class=\"column-2\">M\u00e1scara de soldadura\/Capas interiores y exteriores\/Capas de acumulaci\u00f3n secuencial\/PCB flexibles y r\u00edgido-flexibles<\/td>\n<\/tr>\n<\/tbody>\n<\/table>\n<!-- #tablepress-13 from cache -->\n<a href=\"https:\/\/kw-pcb-machine.com\/es\/pongase-en-contacto-con\/\" class=\"button primary is-shade box-shadow-3 box-shadow-5-hover\"  style=\"border-radius:5px;\">\n    <span>Solicitar presupuesto<\/span>\n  <\/a>","protected":false},"excerpt":{"rendered":"<ul>\n<li><strong>Im\u00e1genes de alta precisi\u00f3n<\/strong><br \/>\nLos sistemas LDI para PCB utilizan tecnolog\u00eda l\u00e1ser para exponer directamente la capa fotorresistente sobre la PCB, lo que proporciona un patr\u00f3n de alta resoluci\u00f3n con l\u00edneas finas y tolerancias ajustadas. Esto garantiza la reproducci\u00f3n exacta de dise\u00f1os de circuitos complejos.<\/li>\n<li><strong>Reducci\u00f3n de los costes de producci\u00f3n<\/strong><br \/>\nAl eliminar la necesidad de fotom\u00e1scaras y equipos de exposici\u00f3n tradicionales, PCB LDI reduce significativamente los costes de material y el tiempo de preparaci\u00f3n. Tambi\u00e9n minimiza los errores, lo que se traduce en menos reprocesados y menores costes generales de producci\u00f3n.<\/li>\n<li><strong>Plazos de entrega m\u00e1s r\u00e1pidos<\/strong><br \/>\nLos sistemas LDI ofrecen una mayor velocidad de procesamiento de im\u00e1genes en comparaci\u00f3n con los m\u00e9todos tradicionales, lo que acelera el proceso de fabricaci\u00f3n de placas de circuito impreso. Esto es especialmente ventajoso para tiradas de producci\u00f3n de gran volumen o sensibles al tiempo.<\/li>\n<li><strong>Mayor flexibilidad de dise\u00f1o<\/strong><br \/>\nCon la LDI para PCB, los fabricantes pueden cambiar f\u00e1cilmente entre distintos dise\u00f1os sin necesidad de nuevas m\u00e1scaras, lo que permite una mayor flexibilidad en la producci\u00f3n de tiradas de bajo a medio volumen de distintos dise\u00f1os de PCB. Tambi\u00e9n permite patrones de circuito m\u00e1s intrincados y complejos que son dif\u00edciles de conseguir con la fotolitograf\u00eda tradicional.<\/li>\n<\/ul>","protected":false},"featured_media":1758,"comment_status":"open","ping_status":"closed","template":"","meta":[],"product_brand":[],"product_cat":[51,40],"product_tag":[],"class_list":{"0":"post-1756","1":"product","2":"type-product","3":"status-publish","4":"has-post-thumbnail","6":"product_cat-used-pcb-fabrication-machine","7":"product_cat-exposure-ldi","9":"first","10":"instock","11":"shipping-taxable","12":"product-type-simple"},"yoast_head":"<!-- This site is optimized with the Yoast SEO plugin v25.5 - https:\/\/yoast.com\/wordpress\/plugins\/seo\/ -->\n<title>Leading PCB LDI Machines for High-Resolution Circuit Board Imaging<\/title>\n<meta name=\"description\" content=\"Upgrade your PCB fabrication process with our state-of-the-art LDI machines. Designed for high-resolution, fast imaging, and consistent results, our Laser Direct Imaging technology ensures your PCBs meet the highest industry standards. Improve your production line\u2019s speed and accuracy with our top-tier LDI solutions.\" \/>\n<meta name=\"robots\" content=\"index, follow, max-snippet:-1, max-image-preview:large, max-video-preview:-1\" \/>\n<link rel=\"canonical\" href=\"https:\/\/kw-pcb-machine.com\/es\/fabricante\/pcb-ldi\/\" \/>\n<meta property=\"og:locale\" content=\"es_ES\" \/>\n<meta property=\"og:type\" content=\"article\" \/>\n<meta property=\"og:title\" content=\"Leading PCB LDI Machines for High-Resolution Circuit Board Imaging\" \/>\n<meta property=\"og:description\" content=\"Upgrade your PCB fabrication process with our state-of-the-art LDI machines. Designed for high-resolution, fast imaging, and consistent results, our Laser Direct Imaging technology ensures your PCBs meet the highest industry standards. Improve your production line\u2019s speed and accuracy with our top-tier LDI solutions.\" \/>\n<meta property=\"og:url\" content=\"https:\/\/kw-pcb-machine.com\/es\/fabricante\/pcb-ldi\/\" \/>\n<meta property=\"og:site_name\" content=\"Kewei Industries HK limited\" \/>\n<meta property=\"article:modified_time\" content=\"2024-12-24T08:39:30+00:00\" \/>\n<meta property=\"og:image\" content=\"https:\/\/kw-pcb-machine.com\/wp-content\/uploads\/2024\/11\/LDI-Orbotech-Prargon-SM20.webp\" \/>\n\t<meta property=\"og:image:width\" content=\"600\" \/>\n\t<meta property=\"og:image:height\" content=\"513\" \/>\n\t<meta property=\"og:image:type\" content=\"image\/webp\" \/>\n<meta name=\"twitter:card\" content=\"summary_large_image\" \/>\n<meta name=\"twitter:label1\" content=\"Tiempo de lectura\" \/>\n\t<meta name=\"twitter:data1\" content=\"1 minuto\" \/>\n<script type=\"application\/ld+json\" class=\"yoast-schema-graph\">{\"@context\":\"https:\/\/schema.org\",\"@graph\":[{\"@type\":\"WebPage\",\"@id\":\"https:\/\/kw-pcb-machine.com\/manufacturer\/pcb-ldi\/\",\"url\":\"https:\/\/kw-pcb-machine.com\/manufacturer\/pcb-ldi\/\",\"name\":\"Leading PCB LDI Machines for High-Resolution Circuit Board Imaging\",\"isPartOf\":{\"@id\":\"https:\/\/kw-pcb-machine.com\/#website\"},\"primaryImageOfPage\":{\"@id\":\"https:\/\/kw-pcb-machine.com\/manufacturer\/pcb-ldi\/#primaryimage\"},\"image\":{\"@id\":\"https:\/\/kw-pcb-machine.com\/manufacturer\/pcb-ldi\/#primaryimage\"},\"thumbnailUrl\":\"https:\/\/kw-pcb-machine.com\/wp-content\/uploads\/2024\/11\/LDI-Orbotech-Prargon-SM20.webp\",\"datePublished\":\"2024-11-21T10:07:16+00:00\",\"dateModified\":\"2024-12-24T08:39:30+00:00\",\"description\":\"Upgrade your PCB fabrication process with our state-of-the-art LDI machines. Designed for high-resolution, fast imaging, and consistent results, our Laser Direct Imaging technology ensures your PCBs meet the highest industry standards. Improve your production line\u2019s speed and accuracy with our top-tier LDI solutions.\",\"breadcrumb\":{\"@id\":\"https:\/\/kw-pcb-machine.com\/manufacturer\/pcb-ldi\/#breadcrumb\"},\"inLanguage\":\"es\",\"potentialAction\":[{\"@type\":\"ReadAction\",\"target\":[\"https:\/\/kw-pcb-machine.com\/manufacturer\/pcb-ldi\/\"]}]},{\"@type\":\"ImageObject\",\"inLanguage\":\"es\",\"@id\":\"https:\/\/kw-pcb-machine.com\/manufacturer\/pcb-ldi\/#primaryimage\",\"url\":\"https:\/\/kw-pcb-machine.com\/wp-content\/uploads\/2024\/11\/LDI-Orbotech-Prargon-SM20.webp\",\"contentUrl\":\"https:\/\/kw-pcb-machine.com\/wp-content\/uploads\/2024\/11\/LDI-Orbotech-Prargon-SM20.webp\",\"width\":600,\"height\":513,\"caption\":\"LDI Orbotech Prargon\"},{\"@type\":\"BreadcrumbList\",\"@id\":\"https:\/\/kw-pcb-machine.com\/manufacturer\/pcb-ldi\/#breadcrumb\",\"itemListElement\":[{\"@type\":\"ListItem\",\"position\":1,\"name\":\"Home\",\"item\":\"https:\/\/kw-pcb-machine.com\/\"},{\"@type\":\"ListItem\",\"position\":2,\"name\":\"Products\",\"item\":\"https:\/\/kw-pcb-machine.com\/shop\/\"},{\"@type\":\"ListItem\",\"position\":3,\"name\":\"PCB LDI\"}]},{\"@type\":\"WebSite\",\"@id\":\"https:\/\/kw-pcb-machine.com\/#website\",\"url\":\"https:\/\/kw-pcb-machine.com\/\",\"name\":\"Kewei Industries HK limited\",\"description\":\"Printed Circuit Board (PCB) Making Machine Supplier\",\"potentialAction\":[{\"@type\":\"SearchAction\",\"target\":{\"@type\":\"EntryPoint\",\"urlTemplate\":\"https:\/\/kw-pcb-machine.com\/?s={search_term_string}\"},\"query-input\":{\"@type\":\"PropertyValueSpecification\",\"valueRequired\":true,\"valueName\":\"search_term_string\"}}],\"inLanguage\":\"es\"}]}<\/script>\n<!-- \/ Yoast SEO plugin. -->","yoast_head_json":{"title":"M\u00e1quinas LDI l\u00edderes en PCB para im\u00e1genes de alta resoluci\u00f3n de circuitos impresos","description":"Actualice su proceso de fabricaci\u00f3n de PCB con nuestras m\u00e1quinas LDI de \u00faltima generaci\u00f3n. Dise\u00f1ada para obtener im\u00e1genes r\u00e1pidas de alta resoluci\u00f3n y resultados uniformes, nuestra tecnolog\u00eda Laser Direct Imaging garantiza que sus placas de circuito impreso cumplan las normas m\u00e1s exigentes del sector. Mejore la velocidad y precisi\u00f3n de su l\u00ednea de producci\u00f3n con nuestras soluciones LDI de primer nivel.","robots":{"index":"index","follow":"follow","max-snippet":"max-snippet:-1","max-image-preview":"max-image-preview:large","max-video-preview":"max-video-preview:-1"},"canonical":"https:\/\/kw-pcb-machine.com\/es\/fabricante\/pcb-ldi\/","og_locale":"es_ES","og_type":"article","og_title":"Leading PCB LDI Machines for High-Resolution Circuit Board Imaging","og_description":"Upgrade your PCB fabrication process with our state-of-the-art LDI machines. Designed for high-resolution, fast imaging, and consistent results, our Laser Direct Imaging technology ensures your PCBs meet the highest industry standards. Improve your production line\u2019s speed and accuracy with our top-tier LDI solutions.","og_url":"https:\/\/kw-pcb-machine.com\/es\/fabricante\/pcb-ldi\/","og_site_name":"Kewei Industries HK limited","article_modified_time":"2024-12-24T08:39:30+00:00","og_image":[{"width":600,"height":513,"url":"https:\/\/kw-pcb-machine.com\/wp-content\/uploads\/2024\/11\/LDI-Orbotech-Prargon-SM20.webp","type":"image\/webp"}],"twitter_card":"summary_large_image","twitter_misc":{"Tiempo de lectura":"1 minuto"},"schema":{"@context":"https:\/\/schema.org","@graph":[{"@type":"WebPage","@id":"https:\/\/kw-pcb-machine.com\/manufacturer\/pcb-ldi\/","url":"https:\/\/kw-pcb-machine.com\/manufacturer\/pcb-ldi\/","name":"M\u00e1quinas LDI l\u00edderes en PCB para im\u00e1genes de alta resoluci\u00f3n de circuitos impresos","isPartOf":{"@id":"https:\/\/kw-pcb-machine.com\/#website"},"primaryImageOfPage":{"@id":"https:\/\/kw-pcb-machine.com\/manufacturer\/pcb-ldi\/#primaryimage"},"image":{"@id":"https:\/\/kw-pcb-machine.com\/manufacturer\/pcb-ldi\/#primaryimage"},"thumbnailUrl":"https:\/\/kw-pcb-machine.com\/wp-content\/uploads\/2024\/11\/LDI-Orbotech-Prargon-SM20.webp","datePublished":"2024-11-21T10:07:16+00:00","dateModified":"2024-12-24T08:39:30+00:00","description":"Actualice su proceso de fabricaci\u00f3n de PCB con nuestras m\u00e1quinas LDI de \u00faltima generaci\u00f3n. Dise\u00f1ada para obtener im\u00e1genes r\u00e1pidas de alta resoluci\u00f3n y resultados uniformes, nuestra tecnolog\u00eda Laser Direct Imaging garantiza que sus placas de circuito impreso cumplan las normas m\u00e1s exigentes del sector. Mejore la velocidad y precisi\u00f3n de su l\u00ednea de producci\u00f3n con nuestras soluciones LDI de primer nivel.","breadcrumb":{"@id":"https:\/\/kw-pcb-machine.com\/manufacturer\/pcb-ldi\/#breadcrumb"},"inLanguage":"es","potentialAction":[{"@type":"ReadAction","target":["https:\/\/kw-pcb-machine.com\/manufacturer\/pcb-ldi\/"]}]},{"@type":"ImageObject","inLanguage":"es","@id":"https:\/\/kw-pcb-machine.com\/manufacturer\/pcb-ldi\/#primaryimage","url":"https:\/\/kw-pcb-machine.com\/wp-content\/uploads\/2024\/11\/LDI-Orbotech-Prargon-SM20.webp","contentUrl":"https:\/\/kw-pcb-machine.com\/wp-content\/uploads\/2024\/11\/LDI-Orbotech-Prargon-SM20.webp","width":600,"height":513,"caption":"LDI Orbotech Prargon"},{"@type":"BreadcrumbList","@id":"https:\/\/kw-pcb-machine.com\/manufacturer\/pcb-ldi\/#breadcrumb","itemListElement":[{"@type":"ListItem","position":1,"name":"Home","item":"https:\/\/kw-pcb-machine.com\/"},{"@type":"ListItem","position":2,"name":"Products","item":"https:\/\/kw-pcb-machine.com\/shop\/"},{"@type":"ListItem","position":3,"name":"PCB LDI"}]},{"@type":"WebSite","@id":"https:\/\/kw-pcb-machine.com\/#website","url":"https:\/\/kw-pcb-machine.com\/","name":"Kewei Industries HK limitada","description":"Proveedor de m\u00e1quinas de fabricaci\u00f3n de circuitos impresos (PCB)","potentialAction":[{"@type":"SearchAction","target":{"@type":"EntryPoint","urlTemplate":"https:\/\/kw-pcb-machine.com\/?s={search_term_string}"},"query-input":{"@type":"PropertyValueSpecification","valueRequired":true,"valueName":"search_term_string"}}],"inLanguage":"es"}]}},"_links":{"self":[{"href":"https:\/\/kw-pcb-machine.com\/es\/wp-json\/wp\/v2\/product\/1756","targetHints":{"allow":["GET"]}}],"collection":[{"href":"https:\/\/kw-pcb-machine.com\/es\/wp-json\/wp\/v2\/product"}],"about":[{"href":"https:\/\/kw-pcb-machine.com\/es\/wp-json\/wp\/v2\/types\/product"}],"replies":[{"embeddable":true,"href":"https:\/\/kw-pcb-machine.com\/es\/wp-json\/wp\/v2\/comments?post=1756"}],"wp:featuredmedia":[{"embeddable":true,"href":"https:\/\/kw-pcb-machine.com\/es\/wp-json\/wp\/v2\/media\/1758"}],"wp:attachment":[{"href":"https:\/\/kw-pcb-machine.com\/es\/wp-json\/wp\/v2\/media?parent=1756"}],"wp:term":[{"taxonomy":"product_brand","embeddable":true,"href":"https:\/\/kw-pcb-machine.com\/es\/wp-json\/wp\/v2\/product_brand?post=1756"},{"taxonomy":"product_cat","embeddable":true,"href":"https:\/\/kw-pcb-machine.com\/es\/wp-json\/wp\/v2\/product_cat?post=1756"},{"taxonomy":"product_tag","embeddable":true,"href":"https:\/\/kw-pcb-machine.com\/es\/wp-json\/wp\/v2\/product_tag?post=1756"}],"curies":[{"name":"wp","href":"https:\/\/api.w.org\/{rel}","templated":true}]}}