{"id":1784,"date":"2024-11-21T11:54:57","date_gmt":"2024-11-21T11:54:57","guid":{"rendered":"https:\/\/kw-pcb-machine.com\/?post_type=product&#038;p=1784"},"modified":"2024-12-24T08:36:24","modified_gmt":"2024-12-24T08:36:24","slug":"chapado-enig","status":"publish","type":"product","link":"https:\/\/kw-pcb-machine.com\/es\/fabricante\/chapado-enig\/","title":{"rendered":"L\u00ednea de chapado en oro por inmersi\u00f3n"},"content":{"rendered":"<p><strong>Aplicaci\u00f3n: para el chapado en oro por inmersi\u00f3n en n\u00edquel qu\u00edmico\u00a0<\/strong><\/p>\n\n<table id=\"tablepress-18\" class=\"tablepress tablepress-id-18\">\n<thead>\n<tr class=\"row-1\">\n\t<th class=\"column-1\">Art\u00edculo<\/th><th class=\"column-2\">Detalle<\/th>\n<\/tr>\n<\/thead>\n<tbody class=\"row-striping row-hover\">\n<tr class=\"row-2\">\n\t<td class=\"column-1\">Modelo<\/td><td class=\"column-2\">N\u00edquel qu\u00edmico Oro por inmersi\u00f3n <\/td>\n<\/tr>\n<tr class=\"row-3\">\n\t<td class=\"column-1\">Capacidad del dep\u00f3sito<\/td><td class=\"column-2\">Dep\u00f3sito de 1250 mm<\/td>\n<\/tr>\n<tr class=\"row-4\">\n\t<td class=\"column-1\">Longitud total<\/td><td class=\"column-2\">20 metros<\/td>\n<\/tr>\n<tr class=\"row-5\">\n\t<td class=\"column-1\">Condici\u00f3n<\/td><td class=\"column-2\">99% nuevo y en buen estado de funcionamiento<\/td>\n<\/tr>\n<\/tbody>\n<\/table>\n<!-- #tablepress-18 from cache -->\n<a href=\"https:\/\/kw-pcb-machine.com\/es\/pongase-en-contacto-con\/\" class=\"button primary is-shade box-shadow-3 box-shadow-5-hover\"  style=\"border-radius:5px;\">\n    <span>Solicitar presupuesto<\/span>\n  <\/a>","protected":false},"excerpt":{"rendered":"<ul>\n<li><strong>Mayor resistencia a la corrosi\u00f3n<\/strong><br \/>\nEl chapado ENIG proporciona una excelente protecci\u00f3n contra la corrosi\u00f3n, especialmente la oxidaci\u00f3n, gracias a la combinaci\u00f3n de n\u00edquel qu\u00edmico y oro por inmersi\u00f3n. Esto lo hace ideal para aplicaciones en las que la fiabilidad y el rendimiento a largo plazo son esenciales.<\/li>\n<li><strong>Soldabilidad mejorada<\/strong><br \/>\nLa superficie lisa y dorada del metalizado ENIG garantiza una excelente soldabilidad. Esto es fundamental para conseguir uniones soldadas fuertes y fiables en placas de circuito impreso, especialmente en componentes de paso fino o dise\u00f1os complejos en los que la precisi\u00f3n es primordial.<\/li>\n<li><strong>Superficie plana y uniforme<\/strong><br \/>\nEl metalizado ENIG da como resultado una superficie muy plana y uniforme, esencial para las tarjetas de interconexi\u00f3n de alta densidad (HDI). La uniformidad del acabado superficial mejora la calidad del producto final, especialmente en componentes peque\u00f1os y de paso fino.<\/li>\n<li><strong>Buena conductividad el\u00e9ctrica<\/strong><br \/>\nLa capa de n\u00edquel qu\u00edmico del metalizado ENIG ofrece una buena conductividad el\u00e9ctrica, mientras que la capa de oro mejora el rendimiento en aplicaciones de alta frecuencia. Esto hace que el metalizado ENIG sea la opci\u00f3n preferida para aplicaciones electr\u00f3nicas avanzadas y de alto rendimiento, como las telecomunicaciones y la industria aeroespacial.<\/li>\n<\/ul>","protected":false},"featured_media":1786,"comment_status":"open","ping_status":"closed","template":"","meta":[],"product_brand":[],"product_cat":[51,47],"product_tag":[],"class_list":{"0":"post-1784","1":"product","2":"type-product","3":"status-publish","4":"has-post-thumbnail","6":"product_cat-used-pcb-fabrication-machine","7":"product_cat-wet-process","9":"first","10":"instock","11":"shipping-taxable","12":"product-type-simple"},"yoast_head":"<!-- This site is optimized with the Yoast SEO plugin v25.5 - https:\/\/yoast.com\/wordpress\/plugins\/seo\/ -->\n<title>High-Quality ENIG Plating for Reliable PCB Surface Finishing<\/title>\n<meta name=\"description\" content=\"Ensure superior durability and electrical performance with our ENIG plating services. Our Electroless Nickel\/Immersion Gold (ENIG) plating offers excellent corrosion resistance, flatness, and superior conductivity, making it an ideal choice for high-performance PCBs in demanding industries.\" \/>\n<meta name=\"robots\" content=\"index, follow, max-snippet:-1, max-image-preview:large, max-video-preview:-1\" \/>\n<link rel=\"canonical\" href=\"https:\/\/kw-pcb-machine.com\/es\/fabricante\/chapado-enig\/\" \/>\n<meta property=\"og:locale\" content=\"es_ES\" \/>\n<meta property=\"og:type\" content=\"article\" \/>\n<meta property=\"og:title\" content=\"High-Quality ENIG Plating for Reliable PCB Surface Finishing\" \/>\n<meta property=\"og:description\" content=\"Ensure superior durability and electrical performance with our ENIG plating services. Our Electroless Nickel\/Immersion Gold (ENIG) plating offers excellent corrosion resistance, flatness, and superior conductivity, making it an ideal choice for high-performance PCBs in demanding industries.\" \/>\n<meta property=\"og:url\" content=\"https:\/\/kw-pcb-machine.com\/es\/fabricante\/chapado-enig\/\" \/>\n<meta property=\"og:site_name\" content=\"Kewei Industries HK limited\" \/>\n<meta property=\"article:modified_time\" content=\"2024-12-24T08:36:24+00:00\" \/>\n<meta property=\"og:image\" content=\"https:\/\/kw-pcb-machine.com\/wp-content\/uploads\/2024\/11\/enig-plating.webp\" \/>\n\t<meta property=\"og:image:width\" content=\"600\" \/>\n\t<meta property=\"og:image:height\" content=\"450\" \/>\n\t<meta property=\"og:image:type\" content=\"image\/webp\" \/>\n<meta name=\"twitter:card\" content=\"summary_large_image\" \/>\n<meta name=\"twitter:label1\" content=\"Tiempo de lectura\" \/>\n\t<meta name=\"twitter:data1\" content=\"1 minuto\" \/>\n<script type=\"application\/ld+json\" class=\"yoast-schema-graph\">{\"@context\":\"https:\/\/schema.org\",\"@graph\":[{\"@type\":\"WebPage\",\"@id\":\"https:\/\/kw-pcb-machine.com\/manufacturer\/enig-plating\/\",\"url\":\"https:\/\/kw-pcb-machine.com\/manufacturer\/enig-plating\/\",\"name\":\"High-Quality ENIG Plating for Reliable PCB Surface Finishing\",\"isPartOf\":{\"@id\":\"https:\/\/kw-pcb-machine.com\/#website\"},\"primaryImageOfPage\":{\"@id\":\"https:\/\/kw-pcb-machine.com\/manufacturer\/enig-plating\/#primaryimage\"},\"image\":{\"@id\":\"https:\/\/kw-pcb-machine.com\/manufacturer\/enig-plating\/#primaryimage\"},\"thumbnailUrl\":\"https:\/\/kw-pcb-machine.com\/wp-content\/uploads\/2024\/11\/enig-plating.webp\",\"datePublished\":\"2024-11-21T11:54:57+00:00\",\"dateModified\":\"2024-12-24T08:36:24+00:00\",\"description\":\"Ensure superior durability and electrical performance with our ENIG plating services. Our Electroless Nickel\/Immersion Gold (ENIG) plating offers excellent corrosion resistance, flatness, and superior conductivity, making it an ideal choice for high-performance PCBs in demanding industries.\",\"breadcrumb\":{\"@id\":\"https:\/\/kw-pcb-machine.com\/manufacturer\/enig-plating\/#breadcrumb\"},\"inLanguage\":\"es\",\"potentialAction\":[{\"@type\":\"ReadAction\",\"target\":[\"https:\/\/kw-pcb-machine.com\/manufacturer\/enig-plating\/\"]}]},{\"@type\":\"ImageObject\",\"inLanguage\":\"es\",\"@id\":\"https:\/\/kw-pcb-machine.com\/manufacturer\/enig-plating\/#primaryimage\",\"url\":\"https:\/\/kw-pcb-machine.com\/wp-content\/uploads\/2024\/11\/enig-plating.webp\",\"contentUrl\":\"https:\/\/kw-pcb-machine.com\/wp-content\/uploads\/2024\/11\/enig-plating.webp\",\"width\":600,\"height\":450,\"caption\":\"enig plating\"},{\"@type\":\"BreadcrumbList\",\"@id\":\"https:\/\/kw-pcb-machine.com\/manufacturer\/enig-plating\/#breadcrumb\",\"itemListElement\":[{\"@type\":\"ListItem\",\"position\":1,\"name\":\"Home\",\"item\":\"https:\/\/kw-pcb-machine.com\/\"},{\"@type\":\"ListItem\",\"position\":2,\"name\":\"Products\",\"item\":\"https:\/\/kw-pcb-machine.com\/shop\/\"},{\"@type\":\"ListItem\",\"position\":3,\"name\":\"Immerison Gold Plating Line\"}]},{\"@type\":\"WebSite\",\"@id\":\"https:\/\/kw-pcb-machine.com\/#website\",\"url\":\"https:\/\/kw-pcb-machine.com\/\",\"name\":\"Kewei Industries HK limited\",\"description\":\"Printed Circuit Board (PCB) Making Machine Supplier\",\"potentialAction\":[{\"@type\":\"SearchAction\",\"target\":{\"@type\":\"EntryPoint\",\"urlTemplate\":\"https:\/\/kw-pcb-machine.com\/?s={search_term_string}\"},\"query-input\":{\"@type\":\"PropertyValueSpecification\",\"valueRequired\":true,\"valueName\":\"search_term_string\"}}],\"inLanguage\":\"es\"}]}<\/script>\n<!-- \/ Yoast SEO plugin. -->","yoast_head_json":{"title":"Metalizado ENIG de alta calidad para un acabado fiable de la superficie de las placas de circuito impreso","description":"Garantice una durabilidad y un rendimiento el\u00e9ctrico superiores con nuestros servicios de chapado ENIG. Nuestro niquelado qu\u00edmico\/dorado por inmersi\u00f3n (ENIG) ofrece una excelente resistencia a la corrosi\u00f3n, planitud y conductividad superior, lo que lo convierte en la opci\u00f3n ideal para placas de circuito impreso de alto rendimiento en sectores exigentes.","robots":{"index":"index","follow":"follow","max-snippet":"max-snippet:-1","max-image-preview":"max-image-preview:large","max-video-preview":"max-video-preview:-1"},"canonical":"https:\/\/kw-pcb-machine.com\/es\/fabricante\/chapado-enig\/","og_locale":"es_ES","og_type":"article","og_title":"High-Quality ENIG Plating for Reliable PCB Surface Finishing","og_description":"Ensure superior durability and electrical performance with our ENIG plating services. Our Electroless Nickel\/Immersion Gold (ENIG) plating offers excellent corrosion resistance, flatness, and superior conductivity, making it an ideal choice for high-performance PCBs in demanding industries.","og_url":"https:\/\/kw-pcb-machine.com\/es\/fabricante\/chapado-enig\/","og_site_name":"Kewei Industries HK limited","article_modified_time":"2024-12-24T08:36:24+00:00","og_image":[{"width":600,"height":450,"url":"https:\/\/kw-pcb-machine.com\/wp-content\/uploads\/2024\/11\/enig-plating.webp","type":"image\/webp"}],"twitter_card":"summary_large_image","twitter_misc":{"Tiempo de lectura":"1 minuto"},"schema":{"@context":"https:\/\/schema.org","@graph":[{"@type":"WebPage","@id":"https:\/\/kw-pcb-machine.com\/manufacturer\/enig-plating\/","url":"https:\/\/kw-pcb-machine.com\/manufacturer\/enig-plating\/","name":"Metalizado ENIG de alta calidad para un acabado fiable de la superficie de las placas de circuito impreso","isPartOf":{"@id":"https:\/\/kw-pcb-machine.com\/#website"},"primaryImageOfPage":{"@id":"https:\/\/kw-pcb-machine.com\/manufacturer\/enig-plating\/#primaryimage"},"image":{"@id":"https:\/\/kw-pcb-machine.com\/manufacturer\/enig-plating\/#primaryimage"},"thumbnailUrl":"https:\/\/kw-pcb-machine.com\/wp-content\/uploads\/2024\/11\/enig-plating.webp","datePublished":"2024-11-21T11:54:57+00:00","dateModified":"2024-12-24T08:36:24+00:00","description":"Garantice una durabilidad y un rendimiento el\u00e9ctrico superiores con nuestros servicios de chapado ENIG. Nuestro niquelado qu\u00edmico\/dorado por inmersi\u00f3n (ENIG) ofrece una excelente resistencia a la corrosi\u00f3n, planitud y conductividad superior, lo que lo convierte en la opci\u00f3n ideal para placas de circuito impreso de alto rendimiento en sectores exigentes.","breadcrumb":{"@id":"https:\/\/kw-pcb-machine.com\/manufacturer\/enig-plating\/#breadcrumb"},"inLanguage":"es","potentialAction":[{"@type":"ReadAction","target":["https:\/\/kw-pcb-machine.com\/manufacturer\/enig-plating\/"]}]},{"@type":"ImageObject","inLanguage":"es","@id":"https:\/\/kw-pcb-machine.com\/manufacturer\/enig-plating\/#primaryimage","url":"https:\/\/kw-pcb-machine.com\/wp-content\/uploads\/2024\/11\/enig-plating.webp","contentUrl":"https:\/\/kw-pcb-machine.com\/wp-content\/uploads\/2024\/11\/enig-plating.webp","width":600,"height":450,"caption":"enig plating"},{"@type":"BreadcrumbList","@id":"https:\/\/kw-pcb-machine.com\/manufacturer\/enig-plating\/#breadcrumb","itemListElement":[{"@type":"ListItem","position":1,"name":"Home","item":"https:\/\/kw-pcb-machine.com\/"},{"@type":"ListItem","position":2,"name":"Products","item":"https:\/\/kw-pcb-machine.com\/shop\/"},{"@type":"ListItem","position":3,"name":"Immerison Gold Plating Line"}]},{"@type":"WebSite","@id":"https:\/\/kw-pcb-machine.com\/#website","url":"https:\/\/kw-pcb-machine.com\/","name":"Kewei Industries HK limitada","description":"Proveedor de m\u00e1quinas de fabricaci\u00f3n de circuitos impresos (PCB)","potentialAction":[{"@type":"SearchAction","target":{"@type":"EntryPoint","urlTemplate":"https:\/\/kw-pcb-machine.com\/?s={search_term_string}"},"query-input":{"@type":"PropertyValueSpecification","valueRequired":true,"valueName":"search_term_string"}}],"inLanguage":"es"}]}},"_links":{"self":[{"href":"https:\/\/kw-pcb-machine.com\/es\/wp-json\/wp\/v2\/product\/1784","targetHints":{"allow":["GET"]}}],"collection":[{"href":"https:\/\/kw-pcb-machine.com\/es\/wp-json\/wp\/v2\/product"}],"about":[{"href":"https:\/\/kw-pcb-machine.com\/es\/wp-json\/wp\/v2\/types\/product"}],"replies":[{"embeddable":true,"href":"https:\/\/kw-pcb-machine.com\/es\/wp-json\/wp\/v2\/comments?post=1784"}],"wp:featuredmedia":[{"embeddable":true,"href":"https:\/\/kw-pcb-machine.com\/es\/wp-json\/wp\/v2\/media\/1786"}],"wp:attachment":[{"href":"https:\/\/kw-pcb-machine.com\/es\/wp-json\/wp\/v2\/media?parent=1784"}],"wp:term":[{"taxonomy":"product_brand","embeddable":true,"href":"https:\/\/kw-pcb-machine.com\/es\/wp-json\/wp\/v2\/product_brand?post=1784"},{"taxonomy":"product_cat","embeddable":true,"href":"https:\/\/kw-pcb-machine.com\/es\/wp-json\/wp\/v2\/product_cat?post=1784"},{"taxonomy":"product_tag","embeddable":true,"href":"https:\/\/kw-pcb-machine.com\/es\/wp-json\/wp\/v2\/product_tag?post=1784"}],"curies":[{"name":"wp","href":"https:\/\/api.w.org\/{rel}","templated":true}]}}