{"id":1854,"date":"2024-12-13T09:58:23","date_gmt":"2024-12-13T09:58:23","guid":{"rendered":"https:\/\/kw-pcb-machine.com\/?post_type=product&#038;p=1854"},"modified":"2024-12-24T08:14:48","modified_gmt":"2024-12-24T08:14:48","slug":"calibre-de-medicion-de-agujeros-pasantes-chapado","status":"publish","type":"product","link":"https:\/\/kw-pcb-machine.com\/es\/fabricante\/calibre-de-medicion-de-agujeros-pasantes-chapado\/","title":{"rendered":"Medidor pasante chapado"},"content":{"rendered":"<p><strong>Aplicaci\u00f3n: Medidor port\u00e1til del espesor del revestimiento de cobre de los orificios, dise\u00f1ado espec\u00edficamente para placas de circuito impreso.<\/strong><\/p>\n\n<table id=\"tablepress-30\" class=\"tablepress tablepress-id-30\">\n<thead>\n<tr class=\"row-1\">\n\t<th class=\"column-1\">Art\u00edculo<\/th><th class=\"column-2\">Detalle<\/th>\n<\/tr>\n<\/thead>\n<tbody class=\"row-striping row-hover\">\n<tr class=\"row-2\">\n\t<td class=\"column-1\">Se puede comprobar el di\u00e1metro m\u00e1ximo del orificio<\/td><td class=\"column-2\">35 mils (899 \u03bcm)<\/td>\n<\/tr>\n<tr class=\"row-3\">\n\t<td class=\"column-1\">Rango de medici\u00f3n del grosor<\/td><td class=\"column-2\">0,08 - 4,0 mils (1 - 102 \u03bcm)<\/td>\n<\/tr>\n<tr class=\"row-4\">\n\t<td class=\"column-1\">Principio de las corrientes de Foucault<\/td><td class=\"column-2\">Cumplir las disposiciones pertinentes de la norma ASTM-E376-96.<\/td>\n<\/tr>\n<tr class=\"row-5\">\n\t<td class=\"column-1\">Precisi\u00f3n<\/td><td class=\"column-2\">\u00b10,01 mil (0,25 \u03bcm) &lt; 1 mil (25 \u03bcm)<\/td>\n<\/tr>\n<tr class=\"row-6\">\n\t<td class=\"column-1\">Precisi\u00f3n<\/td><td class=\"column-2\">cuando 1,2 mil(30\u03bcm) alcanzan 1,0%<\/td>\n<\/tr>\n<tr class=\"row-7\">\n\t<td class=\"column-1\">Modo de calibraci\u00f3n <\/td><td class=\"column-2\">Correcci\u00f3n de pel\u00edcula est\u00e1ndar de un solo punto<\/td>\n<\/tr>\n<tr class=\"row-8\">\n\t<td class=\"column-1\">Pantalla de visualizaci\u00f3n<\/td><td class=\"column-2\">Pantalla LCD de alta luminosidad<\/td>\n<\/tr>\n<\/tbody>\n<\/table>\n<!-- #tablepress-30 from cache -->\n<a href=\"https:\/\/kw-pcb-machine.com\/es\/pongase-en-contacto-con\/\" class=\"button primary is-shade box-shadow-3 box-shadow-5-hover\"  style=\"border-radius:5px;\">\n    <span>Solicitar presupuesto<\/span>\n  <\/a>","protected":false},"excerpt":{"rendered":"<ul>\n<li><strong>Medici\u00f3n de alta precisi\u00f3n<\/strong><\/li>\n<li>Nuestros medidores de espesor de revestimientos proporcionan mediciones de alta precisi\u00f3n, garantizando resultados exactos para una variedad de tipos de revestimientos como pintura, polvo y chapado met\u00e1lico. Est\u00e1n dise\u00f1ados para industrias que requieren lecturas de espesor exactas para mantener los est\u00e1ndares de control de calidad.<\/li>\n<li><strong>Port\u00e1til y f\u00e1cil de usar<\/strong><\/li>\n<li>Nuestros medidores port\u00e1tiles de espesor de revestimientos son ligeros y f\u00e1ciles de usar, por lo que resultan ideales para inspecciones in situ y pruebas de campo. Con controles intuitivos y una calibraci\u00f3n sencilla, los operarios pueden obtener r\u00e1pidamente mediciones precisas dondequiera que se necesiten.<\/li>\n<\/ul>","protected":false},"featured_media":1855,"comment_status":"open","ping_status":"closed","template":"","meta":[],"product_brand":[],"product_cat":[50,49],"product_tag":[],"class_list":{"0":"post-1854","1":"product","2":"type-product","3":"status-publish","4":"has-post-thumbnail","6":"product_cat-new-pcb-fabrication-machine","7":"product_cat-pcb-manufacturing-machine","9":"first","10":"instock","11":"shipping-taxable","12":"product-type-simple"},"yoast_head":"<!-- This site is optimized with the Yoast SEO plugin v25.5 - https:\/\/yoast.com\/wordpress\/plugins\/seo\/ -->\n<title>Reliable Coating Thickness Gauge for PCB Plated Through Hole Thickness<\/title>\n<meta name=\"description\" content=\"Ensure PCB Plated Through Hole Thickness with our high-precision coating thickness gauges. Ideal for measuring PCB through-hole thickness, our gauges provide accurate readings, repeatable thru-hole measurements on PCB boards prior to and after etching.\" \/>\n<meta name=\"robots\" content=\"index, follow, max-snippet:-1, max-image-preview:large, max-video-preview:-1\" \/>\n<link rel=\"canonical\" href=\"https:\/\/kw-pcb-machine.com\/es\/fabricante\/calibre-de-medicion-de-agujeros-pasantes-chapado\/\" \/>\n<meta property=\"og:locale\" content=\"es_ES\" \/>\n<meta property=\"og:type\" content=\"article\" \/>\n<meta property=\"og:title\" content=\"Reliable Coating Thickness Gauge for PCB Plated Through Hole Thickness\" \/>\n<meta property=\"og:description\" content=\"Ensure PCB Plated Through Hole Thickness with our high-precision coating thickness gauges. Ideal for measuring PCB through-hole thickness, our gauges provide accurate readings, repeatable thru-hole measurements on PCB boards prior to and after etching.\" \/>\n<meta property=\"og:url\" content=\"https:\/\/kw-pcb-machine.com\/es\/fabricante\/calibre-de-medicion-de-agujeros-pasantes-chapado\/\" \/>\n<meta property=\"og:site_name\" content=\"Kewei Industries HK limited\" \/>\n<meta property=\"article:modified_time\" content=\"2024-12-24T08:14:48+00:00\" \/>\n<meta property=\"og:image\" content=\"https:\/\/kw-pcb-machine.com\/wp-content\/uploads\/2024\/12\/Hole-Copper-Thickness-Measure-Meter.webp\" \/>\n\t<meta property=\"og:image:width\" content=\"600\" \/>\n\t<meta property=\"og:image:height\" content=\"667\" \/>\n\t<meta property=\"og:image:type\" content=\"image\/webp\" \/>\n<meta name=\"twitter:card\" content=\"summary_large_image\" \/>\n<meta name=\"twitter:label1\" content=\"Tiempo de lectura\" \/>\n\t<meta name=\"twitter:data1\" content=\"1 minuto\" \/>\n<script type=\"application\/ld+json\" class=\"yoast-schema-graph\">{\"@context\":\"https:\/\/schema.org\",\"@graph\":[{\"@type\":\"WebPage\",\"@id\":\"https:\/\/kw-pcb-machine.com\/manufacturer\/plated-thru-hole-measurement-gauge\/\",\"url\":\"https:\/\/kw-pcb-machine.com\/manufacturer\/plated-thru-hole-measurement-gauge\/\",\"name\":\"Reliable Coating Thickness Gauge for PCB Plated Through Hole Thickness\",\"isPartOf\":{\"@id\":\"https:\/\/kw-pcb-machine.com\/#website\"},\"primaryImageOfPage\":{\"@id\":\"https:\/\/kw-pcb-machine.com\/manufacturer\/plated-thru-hole-measurement-gauge\/#primaryimage\"},\"image\":{\"@id\":\"https:\/\/kw-pcb-machine.com\/manufacturer\/plated-thru-hole-measurement-gauge\/#primaryimage\"},\"thumbnailUrl\":\"https:\/\/kw-pcb-machine.com\/wp-content\/uploads\/2024\/12\/Hole-Copper-Thickness-Measure-Meter.webp\",\"datePublished\":\"2024-12-13T09:58:23+00:00\",\"dateModified\":\"2024-12-24T08:14:48+00:00\",\"description\":\"Ensure PCB Plated Through Hole Thickness with our high-precision coating thickness gauges. Ideal for measuring PCB through-hole thickness, our gauges provide accurate readings, repeatable thru-hole measurements on PCB boards prior to and after etching.\",\"breadcrumb\":{\"@id\":\"https:\/\/kw-pcb-machine.com\/manufacturer\/plated-thru-hole-measurement-gauge\/#breadcrumb\"},\"inLanguage\":\"es\",\"potentialAction\":[{\"@type\":\"ReadAction\",\"target\":[\"https:\/\/kw-pcb-machine.com\/manufacturer\/plated-thru-hole-measurement-gauge\/\"]}]},{\"@type\":\"ImageObject\",\"inLanguage\":\"es\",\"@id\":\"https:\/\/kw-pcb-machine.com\/manufacturer\/plated-thru-hole-measurement-gauge\/#primaryimage\",\"url\":\"https:\/\/kw-pcb-machine.com\/wp-content\/uploads\/2024\/12\/Hole-Copper-Thickness-Measure-Meter.webp\",\"contentUrl\":\"https:\/\/kw-pcb-machine.com\/wp-content\/uploads\/2024\/12\/Hole-Copper-Thickness-Measure-Meter.webp\",\"width\":600,\"height\":667,\"caption\":\"Hole Copper Thickness Measure Meter\"},{\"@type\":\"BreadcrumbList\",\"@id\":\"https:\/\/kw-pcb-machine.com\/manufacturer\/plated-thru-hole-measurement-gauge\/#breadcrumb\",\"itemListElement\":[{\"@type\":\"ListItem\",\"position\":1,\"name\":\"Home\",\"item\":\"https:\/\/kw-pcb-machine.com\/\"},{\"@type\":\"ListItem\",\"position\":2,\"name\":\"Products\",\"item\":\"https:\/\/kw-pcb-machine.com\/shop\/\"},{\"@type\":\"ListItem\",\"position\":3,\"name\":\"Plated Thru-hole Measurement Gauge\"}]},{\"@type\":\"WebSite\",\"@id\":\"https:\/\/kw-pcb-machine.com\/#website\",\"url\":\"https:\/\/kw-pcb-machine.com\/\",\"name\":\"Kewei Industries HK limited\",\"description\":\"Printed Circuit Board (PCB) Making Machine Supplier\",\"potentialAction\":[{\"@type\":\"SearchAction\",\"target\":{\"@type\":\"EntryPoint\",\"urlTemplate\":\"https:\/\/kw-pcb-machine.com\/?s={search_term_string}\"},\"query-input\":{\"@type\":\"PropertyValueSpecification\",\"valueRequired\":true,\"valueName\":\"search_term_string\"}}],\"inLanguage\":\"es\"}]}<\/script>\n<!-- \/ Yoast SEO plugin. -->","yoast_head_json":{"title":"Medidor de espesor de revestimiento fiable para espesor de orificio pasante chapado en PCB","description":"Garantice el espesor de los orificios pasantes de las placas de circuito impreso con nuestros medidores de espesor de revestimiento de alta precisi\u00f3n. Ideales para medir el espesor de orificios pasantes de PCB, nuestros medidores proporcionan lecturas precisas y mediciones repetibles de orificios pasantes en placas de PCB antes y despu\u00e9s del grabado.","robots":{"index":"index","follow":"follow","max-snippet":"max-snippet:-1","max-image-preview":"max-image-preview:large","max-video-preview":"max-video-preview:-1"},"canonical":"https:\/\/kw-pcb-machine.com\/es\/fabricante\/calibre-de-medicion-de-agujeros-pasantes-chapado\/","og_locale":"es_ES","og_type":"article","og_title":"Reliable Coating Thickness Gauge for PCB Plated Through Hole Thickness","og_description":"Ensure PCB Plated Through Hole Thickness with our high-precision coating thickness gauges. Ideal for measuring PCB through-hole thickness, our gauges provide accurate readings, repeatable thru-hole measurements on PCB boards prior to and after etching.","og_url":"https:\/\/kw-pcb-machine.com\/es\/fabricante\/calibre-de-medicion-de-agujeros-pasantes-chapado\/","og_site_name":"Kewei Industries HK limited","article_modified_time":"2024-12-24T08:14:48+00:00","og_image":[{"width":600,"height":667,"url":"https:\/\/kw-pcb-machine.com\/wp-content\/uploads\/2024\/12\/Hole-Copper-Thickness-Measure-Meter.webp","type":"image\/webp"}],"twitter_card":"summary_large_image","twitter_misc":{"Tiempo de lectura":"1 minuto"},"schema":{"@context":"https:\/\/schema.org","@graph":[{"@type":"WebPage","@id":"https:\/\/kw-pcb-machine.com\/manufacturer\/plated-thru-hole-measurement-gauge\/","url":"https:\/\/kw-pcb-machine.com\/manufacturer\/plated-thru-hole-measurement-gauge\/","name":"Medidor de espesor de revestimiento fiable para espesor de orificio pasante chapado en PCB","isPartOf":{"@id":"https:\/\/kw-pcb-machine.com\/#website"},"primaryImageOfPage":{"@id":"https:\/\/kw-pcb-machine.com\/manufacturer\/plated-thru-hole-measurement-gauge\/#primaryimage"},"image":{"@id":"https:\/\/kw-pcb-machine.com\/manufacturer\/plated-thru-hole-measurement-gauge\/#primaryimage"},"thumbnailUrl":"https:\/\/kw-pcb-machine.com\/wp-content\/uploads\/2024\/12\/Hole-Copper-Thickness-Measure-Meter.webp","datePublished":"2024-12-13T09:58:23+00:00","dateModified":"2024-12-24T08:14:48+00:00","description":"Garantice el espesor de los orificios pasantes de las placas de circuito impreso con nuestros medidores de espesor de revestimiento de alta precisi\u00f3n. Ideales para medir el espesor de orificios pasantes de PCB, nuestros medidores proporcionan lecturas precisas y mediciones repetibles de orificios pasantes en placas de PCB antes y despu\u00e9s del grabado.","breadcrumb":{"@id":"https:\/\/kw-pcb-machine.com\/manufacturer\/plated-thru-hole-measurement-gauge\/#breadcrumb"},"inLanguage":"es","potentialAction":[{"@type":"ReadAction","target":["https:\/\/kw-pcb-machine.com\/manufacturer\/plated-thru-hole-measurement-gauge\/"]}]},{"@type":"ImageObject","inLanguage":"es","@id":"https:\/\/kw-pcb-machine.com\/manufacturer\/plated-thru-hole-measurement-gauge\/#primaryimage","url":"https:\/\/kw-pcb-machine.com\/wp-content\/uploads\/2024\/12\/Hole-Copper-Thickness-Measure-Meter.webp","contentUrl":"https:\/\/kw-pcb-machine.com\/wp-content\/uploads\/2024\/12\/Hole-Copper-Thickness-Measure-Meter.webp","width":600,"height":667,"caption":"Hole Copper Thickness Measure Meter"},{"@type":"BreadcrumbList","@id":"https:\/\/kw-pcb-machine.com\/manufacturer\/plated-thru-hole-measurement-gauge\/#breadcrumb","itemListElement":[{"@type":"ListItem","position":1,"name":"Home","item":"https:\/\/kw-pcb-machine.com\/"},{"@type":"ListItem","position":2,"name":"Products","item":"https:\/\/kw-pcb-machine.com\/shop\/"},{"@type":"ListItem","position":3,"name":"Plated Thru-hole Measurement Gauge"}]},{"@type":"WebSite","@id":"https:\/\/kw-pcb-machine.com\/#website","url":"https:\/\/kw-pcb-machine.com\/","name":"Kewei Industries HK limitada","description":"Proveedor de m\u00e1quinas de fabricaci\u00f3n de circuitos impresos (PCB)","potentialAction":[{"@type":"SearchAction","target":{"@type":"EntryPoint","urlTemplate":"https:\/\/kw-pcb-machine.com\/?s={search_term_string}"},"query-input":{"@type":"PropertyValueSpecification","valueRequired":true,"valueName":"search_term_string"}}],"inLanguage":"es"}]}},"_links":{"self":[{"href":"https:\/\/kw-pcb-machine.com\/es\/wp-json\/wp\/v2\/product\/1854","targetHints":{"allow":["GET"]}}],"collection":[{"href":"https:\/\/kw-pcb-machine.com\/es\/wp-json\/wp\/v2\/product"}],"about":[{"href":"https:\/\/kw-pcb-machine.com\/es\/wp-json\/wp\/v2\/types\/product"}],"replies":[{"embeddable":true,"href":"https:\/\/kw-pcb-machine.com\/es\/wp-json\/wp\/v2\/comments?post=1854"}],"wp:featuredmedia":[{"embeddable":true,"href":"https:\/\/kw-pcb-machine.com\/es\/wp-json\/wp\/v2\/media\/1855"}],"wp:attachment":[{"href":"https:\/\/kw-pcb-machine.com\/es\/wp-json\/wp\/v2\/media?parent=1854"}],"wp:term":[{"taxonomy":"product_brand","embeddable":true,"href":"https:\/\/kw-pcb-machine.com\/es\/wp-json\/wp\/v2\/product_brand?post=1854"},{"taxonomy":"product_cat","embeddable":true,"href":"https:\/\/kw-pcb-machine.com\/es\/wp-json\/wp\/v2\/product_cat?post=1854"},{"taxonomy":"product_tag","embeddable":true,"href":"https:\/\/kw-pcb-machine.com\/es\/wp-json\/wp\/v2\/product_tag?post=1854"}],"curies":[{"name":"wp","href":"https:\/\/api.w.org\/{rel}","templated":true}]}}