{"id":1883,"date":"2024-12-25T06:53:06","date_gmt":"2024-12-25T06:53:06","guid":{"rendered":"https:\/\/kw-pcb-machine.com\/?post_type=product&#038;p=1883"},"modified":"2024-12-25T07:13:36","modified_gmt":"2024-12-25T07:13:36","slug":"mason-bbt-mu2000-series","status":"publish","type":"product","link":"https:\/\/kw-pcb-machine.com\/es\/fabricante\/mason-bbt-mu2000-series\/","title":{"rendered":"Mason BBT Serie MU2000"},"content":{"rendered":"<p><iframe loading=\"lazy\" title=\"PCB BBT  #pcbmanufacturing #bbt\" width=\"1020\" height=\"574\" src=\"https:\/\/www.youtube.com\/embed\/L2bFWrhgNz0?feature=oembed\" frameborder=\"0\" allow=\"accelerometer; autoplay; clipboard-write; encrypted-media; gyroscope; picture-in-picture; web-share\" referrerpolicy=\"strict-origin-when-cross-origin\" allowfullscreen><\/iframe><\/p>\n<p><strong>Application: for Bare Board Testing (MASON Brand)<\/strong><\/p>\n\n<table id=\"tablepress-26\" class=\"tablepress tablepress-id-26\">\n<thead>\n<tr class=\"row-1\">\n\t<th class=\"column-1\">Art\u00edculo<\/th><th class=\"column-2\">Detalle<\/th>\n<\/tr>\n<\/thead>\n<tbody class=\"row-striping row-hover\">\n<tr class=\"row-2\">\n\t<td class=\"column-1\">Puntos de prueba<\/td><td class=\"column-2\">163840\uff08Max\uff09QD \/ 81920\uff08Max\uff09DD<\/td>\n<\/tr>\n<tr class=\"row-3\">\n\t<td class=\"column-1\">\u00c1rea de pruebas\uff08X*Y\uff09<\/td><td class=\"column-2\">M\u00edn:9,6\"\u00d7 12,8\" M\u00e1x:16\"\u00d712,8\"<\/td>\n<\/tr>\n<tr class=\"row-4\">\n\t<td class=\"column-1\">Tama\u00f1o de la placa de circuito impreso\uff08X*Y\uff09<\/td><td class=\"column-2\">M\u00ednimo\uff1a80x80mm \uff083\" x 3\"\uff09<br \/>\nMax\uff1a430x355 \uff0817\" x 14\"\uff09<\/td>\n<\/tr>\n<tr class=\"row-5\">\n\t<td class=\"column-1\">Densidad<\/td><td class=\"column-2\">0,2\uff5e8mm\uff08Manual\uff09 0,6\uff5e4,0mm\uff08Autom\u00e1tico\uff09<\/td>\n<\/tr>\n<tr class=\"row-6\">\n\t<td class=\"column-1\">Fijaci\u00f3n<\/td><td class=\"column-2\">Luminarias espec\u00edficas de Mason\uff08compatibles con luminarias de otro formato\uff09.<br \/>\nDi\u00e1metro m\u00ednimo de la clavija: 0,15 mm, distancia m\u00ednima entre clavijas: 8 mm.<\/td>\n<\/tr>\n<tr class=\"row-7\">\n\t<td class=\"column-1\">CAM<\/td><td class=\"column-2\">MUNet2000\uff08Dise\u00f1o selectivo de dispositivos, compatibilidad con listas de redes\uff09<br \/>\nMRNet2000\uff08Sistema auxiliar de reparaci\u00f3n de puntos defectuosos\uff09<\/td>\n<\/tr>\n<tr class=\"row-8\">\n\t<td class=\"column-1\">Rejilla<\/td><td class=\"column-2\">Formato Mason MXG\uff08se pueden elegir formatos de otras marcas\uff09.<\/td>\n<\/tr>\n<tr class=\"row-9\">\n\t<td class=\"column-1\">Talla<\/td><td class=\"column-2\">1030mm\u00d71180mm\u00d71680mm\uff08Manual\uff09<br \/>\n<br \/>\n3090mm\u00d71180mm\u00d71680mm\uff08Automatic\uff09<\/td>\n<\/tr>\n<\/tbody>\n<\/table>\n<!-- #tablepress-26 from cache -->\n<a href=\"https:\/\/kw-pcb-machine.com\/es\/pongase-en-contacto-con\/\" class=\"button primary is-shade box-shadow-3 box-shadow-5-hover\"  style=\"border-radius:5px;\">\n    <span>Solicitar presupuesto<\/span>\n  <\/a>","protected":false},"excerpt":{"rendered":"<ul>\n<li><strong>High Precision Fault Detection<\/strong><\/li>\n<li><strong>Comprehensive Test Coverage<\/strong><\/li>\n<li><strong>Fast Turnaround Time<\/strong><\/li>\n<li><strong>Customizable Testing Solutions<\/strong><\/li>\n<\/ul>","protected":false},"featured_media":1884,"comment_status":"open","ping_status":"closed","template":"","meta":[],"product_brand":[],"product_cat":[51,46],"product_tag":[],"class_list":{"0":"post-1883","1":"product","2":"type-product","3":"status-publish","4":"has-post-thumbnail","6":"product_cat-used-pcb-fabrication-machine","7":"product_cat-electrical-test","9":"first","10":"instock","11":"shipping-taxable","12":"product-type-simple"},"yoast_head":"<!-- This site is optimized with the Yoast SEO plugin v25.5 - https:\/\/yoast.com\/wordpress\/plugins\/seo\/ -->\n<title>Advanced BBT Test for PCB: Your Partner in Quality Assurance<\/title>\n<meta name=\"description\" content=\"Reduce production costs and improve yield with our efficient BBT test for PCB services. Our testing solutions provide accurate detection of faults, ensuring your products meet the highest standards.\" \/>\n<meta name=\"robots\" content=\"index, follow, max-snippet:-1, max-image-preview:large, max-video-preview:-1\" \/>\n<link rel=\"canonical\" href=\"https:\/\/kw-pcb-machine.com\/es\/fabricante\/mason-bbt-mu2000-series\/\" \/>\n<meta property=\"og:locale\" content=\"es_ES\" \/>\n<meta property=\"og:type\" content=\"article\" \/>\n<meta property=\"og:title\" content=\"Advanced BBT Test for PCB: Your Partner in Quality Assurance\" \/>\n<meta property=\"og:description\" content=\"Reduce production costs and improve yield with our efficient BBT test for PCB services. Our testing solutions provide accurate detection of faults, ensuring your products meet the highest standards.\" \/>\n<meta property=\"og:url\" content=\"https:\/\/kw-pcb-machine.com\/es\/fabricante\/mason-bbt-mu2000-series\/\" \/>\n<meta property=\"og:site_name\" content=\"Kewei Industries HK limited\" \/>\n<meta property=\"article:modified_time\" content=\"2024-12-25T07:13:36+00:00\" \/>\n<meta property=\"og:image\" content=\"https:\/\/kw-pcb-machine.com\/wp-content\/uploads\/2024\/12\/bbt-test-for-pcb-1.webp\" \/>\n\t<meta property=\"og:image:width\" content=\"600\" \/>\n\t<meta property=\"og:image:height\" content=\"450\" \/>\n\t<meta property=\"og:image:type\" content=\"image\/webp\" \/>\n<meta name=\"twitter:card\" content=\"summary_large_image\" \/>\n<meta name=\"twitter:label1\" content=\"Tiempo de lectura\" \/>\n\t<meta name=\"twitter:data1\" content=\"1 minuto\" \/>\n<script type=\"application\/ld+json\" class=\"yoast-schema-graph\">{\"@context\":\"https:\/\/schema.org\",\"@graph\":[{\"@type\":\"WebPage\",\"@id\":\"https:\/\/kw-pcb-machine.com\/manufacturer\/mason-bbt-mu2000-series\/\",\"url\":\"https:\/\/kw-pcb-machine.com\/manufacturer\/mason-bbt-mu2000-series\/\",\"name\":\"Advanced BBT Test for PCB: Your Partner in Quality Assurance\",\"isPartOf\":{\"@id\":\"https:\/\/kw-pcb-machine.com\/#website\"},\"primaryImageOfPage\":{\"@id\":\"https:\/\/kw-pcb-machine.com\/manufacturer\/mason-bbt-mu2000-series\/#primaryimage\"},\"image\":{\"@id\":\"https:\/\/kw-pcb-machine.com\/manufacturer\/mason-bbt-mu2000-series\/#primaryimage\"},\"thumbnailUrl\":\"https:\/\/kw-pcb-machine.com\/wp-content\/uploads\/2024\/12\/bbt-test-for-pcb-1.webp\",\"datePublished\":\"2024-12-25T06:53:06+00:00\",\"dateModified\":\"2024-12-25T07:13:36+00:00\",\"description\":\"Reduce production costs and improve yield with our efficient BBT test for PCB services. Our testing solutions provide accurate detection of faults, ensuring your products meet the highest standards.\",\"breadcrumb\":{\"@id\":\"https:\/\/kw-pcb-machine.com\/manufacturer\/mason-bbt-mu2000-series\/#breadcrumb\"},\"inLanguage\":\"es\",\"potentialAction\":[{\"@type\":\"ReadAction\",\"target\":[\"https:\/\/kw-pcb-machine.com\/manufacturer\/mason-bbt-mu2000-series\/\"]}]},{\"@type\":\"ImageObject\",\"inLanguage\":\"es\",\"@id\":\"https:\/\/kw-pcb-machine.com\/manufacturer\/mason-bbt-mu2000-series\/#primaryimage\",\"url\":\"https:\/\/kw-pcb-machine.com\/wp-content\/uploads\/2024\/12\/bbt-test-for-pcb-1.webp\",\"contentUrl\":\"https:\/\/kw-pcb-machine.com\/wp-content\/uploads\/2024\/12\/bbt-test-for-pcb-1.webp\",\"width\":600,\"height\":450,\"caption\":\"bbt test for pcb\"},{\"@type\":\"BreadcrumbList\",\"@id\":\"https:\/\/kw-pcb-machine.com\/manufacturer\/mason-bbt-mu2000-series\/#breadcrumb\",\"itemListElement\":[{\"@type\":\"ListItem\",\"position\":1,\"name\":\"Home\",\"item\":\"https:\/\/kw-pcb-machine.com\/\"},{\"@type\":\"ListItem\",\"position\":2,\"name\":\"Products\",\"item\":\"https:\/\/kw-pcb-machine.com\/shop\/\"},{\"@type\":\"ListItem\",\"position\":3,\"name\":\"Mason BBT MU2000 Series\"}]},{\"@type\":\"WebSite\",\"@id\":\"https:\/\/kw-pcb-machine.com\/#website\",\"url\":\"https:\/\/kw-pcb-machine.com\/\",\"name\":\"Kewei Industries HK limited\",\"description\":\"Printed Circuit Board (PCB) Making Machine Supplier\",\"potentialAction\":[{\"@type\":\"SearchAction\",\"target\":{\"@type\":\"EntryPoint\",\"urlTemplate\":\"https:\/\/kw-pcb-machine.com\/?s={search_term_string}\"},\"query-input\":{\"@type\":\"PropertyValueSpecification\",\"valueRequired\":true,\"valueName\":\"search_term_string\"}}],\"inLanguage\":\"es\"}]}<\/script>\n<!-- \/ Yoast SEO plugin. -->","yoast_head_json":{"title":"Advanced BBT Test for PCB: Your Partner in Quality Assurance","description":"Reduce production costs and improve yield with our efficient BBT test for PCB services. Our testing solutions provide accurate detection of faults, ensuring your products meet the highest standards.","robots":{"index":"index","follow":"follow","max-snippet":"max-snippet:-1","max-image-preview":"max-image-preview:large","max-video-preview":"max-video-preview:-1"},"canonical":"https:\/\/kw-pcb-machine.com\/es\/fabricante\/mason-bbt-mu2000-series\/","og_locale":"es_ES","og_type":"article","og_title":"Advanced BBT Test for PCB: Your Partner in Quality Assurance","og_description":"Reduce production costs and improve yield with our efficient BBT test for PCB services. Our testing solutions provide accurate detection of faults, ensuring your products meet the highest standards.","og_url":"https:\/\/kw-pcb-machine.com\/es\/fabricante\/mason-bbt-mu2000-series\/","og_site_name":"Kewei Industries HK limited","article_modified_time":"2024-12-25T07:13:36+00:00","og_image":[{"width":600,"height":450,"url":"https:\/\/kw-pcb-machine.com\/wp-content\/uploads\/2024\/12\/bbt-test-for-pcb-1.webp","type":"image\/webp"}],"twitter_card":"summary_large_image","twitter_misc":{"Tiempo de lectura":"1 minuto"},"schema":{"@context":"https:\/\/schema.org","@graph":[{"@type":"WebPage","@id":"https:\/\/kw-pcb-machine.com\/manufacturer\/mason-bbt-mu2000-series\/","url":"https:\/\/kw-pcb-machine.com\/manufacturer\/mason-bbt-mu2000-series\/","name":"Advanced BBT Test for PCB: Your Partner in Quality Assurance","isPartOf":{"@id":"https:\/\/kw-pcb-machine.com\/#website"},"primaryImageOfPage":{"@id":"https:\/\/kw-pcb-machine.com\/manufacturer\/mason-bbt-mu2000-series\/#primaryimage"},"image":{"@id":"https:\/\/kw-pcb-machine.com\/manufacturer\/mason-bbt-mu2000-series\/#primaryimage"},"thumbnailUrl":"https:\/\/kw-pcb-machine.com\/wp-content\/uploads\/2024\/12\/bbt-test-for-pcb-1.webp","datePublished":"2024-12-25T06:53:06+00:00","dateModified":"2024-12-25T07:13:36+00:00","description":"Reduce production costs and improve yield with our efficient BBT test for PCB services. Our testing solutions provide accurate detection of faults, ensuring your products meet the highest standards.","breadcrumb":{"@id":"https:\/\/kw-pcb-machine.com\/manufacturer\/mason-bbt-mu2000-series\/#breadcrumb"},"inLanguage":"es","potentialAction":[{"@type":"ReadAction","target":["https:\/\/kw-pcb-machine.com\/manufacturer\/mason-bbt-mu2000-series\/"]}]},{"@type":"ImageObject","inLanguage":"es","@id":"https:\/\/kw-pcb-machine.com\/manufacturer\/mason-bbt-mu2000-series\/#primaryimage","url":"https:\/\/kw-pcb-machine.com\/wp-content\/uploads\/2024\/12\/bbt-test-for-pcb-1.webp","contentUrl":"https:\/\/kw-pcb-machine.com\/wp-content\/uploads\/2024\/12\/bbt-test-for-pcb-1.webp","width":600,"height":450,"caption":"bbt test for pcb"},{"@type":"BreadcrumbList","@id":"https:\/\/kw-pcb-machine.com\/manufacturer\/mason-bbt-mu2000-series\/#breadcrumb","itemListElement":[{"@type":"ListItem","position":1,"name":"Home","item":"https:\/\/kw-pcb-machine.com\/"},{"@type":"ListItem","position":2,"name":"Products","item":"https:\/\/kw-pcb-machine.com\/shop\/"},{"@type":"ListItem","position":3,"name":"Mason BBT MU2000 Series"}]},{"@type":"WebSite","@id":"https:\/\/kw-pcb-machine.com\/#website","url":"https:\/\/kw-pcb-machine.com\/","name":"Kewei Industries HK limitada","description":"Proveedor de m\u00e1quinas de fabricaci\u00f3n de circuitos impresos (PCB)","potentialAction":[{"@type":"SearchAction","target":{"@type":"EntryPoint","urlTemplate":"https:\/\/kw-pcb-machine.com\/?s={search_term_string}"},"query-input":{"@type":"PropertyValueSpecification","valueRequired":true,"valueName":"search_term_string"}}],"inLanguage":"es"}]}},"_links":{"self":[{"href":"https:\/\/kw-pcb-machine.com\/es\/wp-json\/wp\/v2\/product\/1883","targetHints":{"allow":["GET"]}}],"collection":[{"href":"https:\/\/kw-pcb-machine.com\/es\/wp-json\/wp\/v2\/product"}],"about":[{"href":"https:\/\/kw-pcb-machine.com\/es\/wp-json\/wp\/v2\/types\/product"}],"replies":[{"embeddable":true,"href":"https:\/\/kw-pcb-machine.com\/es\/wp-json\/wp\/v2\/comments?post=1883"}],"wp:featuredmedia":[{"embeddable":true,"href":"https:\/\/kw-pcb-machine.com\/es\/wp-json\/wp\/v2\/media\/1884"}],"wp:attachment":[{"href":"https:\/\/kw-pcb-machine.com\/es\/wp-json\/wp\/v2\/media?parent=1883"}],"wp:term":[{"taxonomy":"product_brand","embeddable":true,"href":"https:\/\/kw-pcb-machine.com\/es\/wp-json\/wp\/v2\/product_brand?post=1883"},{"taxonomy":"product_cat","embeddable":true,"href":"https:\/\/kw-pcb-machine.com\/es\/wp-json\/wp\/v2\/product_cat?post=1883"},{"taxonomy":"product_tag","embeddable":true,"href":"https:\/\/kw-pcb-machine.com\/es\/wp-json\/wp\/v2\/product_tag?post=1883"}],"curies":[{"name":"wp","href":"https:\/\/api.w.org\/{rel}","templated":true}]}}