{"id":1736,"date":"2024-11-21T08:53:31","date_gmt":"2024-11-21T08:53:31","guid":{"rendered":"https:\/\/kw-pcb-machine.com\/?post_type=product&#038;p=1736"},"modified":"2024-12-24T08:42:06","modified_gmt":"2024-12-24T08:42:06","slug":"maquina-de-exposicion-pcb","status":"publish","type":"product","link":"https:\/\/kw-pcb-machine.com\/es_mx\/fabricante\/maquina-de-exposicion-pcb\/","title":{"rendered":"M\u00e1quina de exposici\u00f3n a PCB"},"content":{"rendered":"<p><strong>Aplicaci\u00f3n: para la exposici\u00f3n de placas de circuito impreso (PCB) \uff08Marca CBTech\uff09.<\/strong><\/p>\n\n<table id=\"tablepress-9\" class=\"tablepress tablepress-id-9\">\n<thead>\n<tr class=\"row-1\">\n\t<th class=\"column-1\">Art\u00edculo<\/th><th class=\"column-2\">Talla<\/th>\n<\/tr>\n<\/thead>\n<tbody class=\"row-striping row-hover\">\n<tr class=\"row-2\">\n\t<td class=\"column-1\">Exposici\u00f3n:<\/td><td class=\"column-2\">Una cara, Doble bandeja<\/td>\n<\/tr>\n<tr class=\"row-3\">\n\t<td class=\"column-1\">Luz:<\/td><td class=\"column-2\">Luz difusa<\/td>\n<\/tr>\n<tr class=\"row-4\">\n\t<td class=\"column-1\">Rendimiento:<\/td><td class=\"column-2\">&gt;2,0 Lados\/min<\/td>\n<\/tr>\n<tr class=\"row-5\">\n\t<td class=\"column-1\">Tama\u00f1o del panel:<\/td><td class=\"column-2\">250mm\u00d7305mm~534mm\u00d7610mm\/610\u00d7712mm(Increase)<\/td>\n<\/tr>\n<tr class=\"row-6\">\n\t<td class=\"column-1\">Interfaz:<\/td><td class=\"column-2\">Chino\/Ingl\u00e9s + Pantalla t\u00e1ctil<\/td>\n<\/tr>\n<tr class=\"row-7\">\n\t<td class=\"column-1\">Grosor:<\/td><td class=\"column-2\">0,1 mm~3,2 mm\/0,05 mm (opcional)<\/td>\n<\/tr>\n<tr class=\"row-8\">\n\t<td class=\"column-1\">Deformaci\u00f3n y torsi\u00f3n:<\/td><td class=\"column-2\">M\u00e1x. 1 mm<\/td>\n<\/tr>\n<tr class=\"row-9\">\n\t<td class=\"column-1\">Tama\u00f1o de la obra:<\/td><td class=\"column-2\">610mm\u00d7660mm(24\u201d\u00d726\u201d) \/660\u00d7762mm(26\u201d\u00d730\u201d,Increase)<\/td>\n<\/tr>\n<tr class=\"row-10\">\n\t<td class=\"column-1\">Resistir:<\/td><td class=\"column-2\">Resistencia l\u00edquida<\/td>\n<\/tr>\n<tr class=\"row-11\">\n\t<td class=\"column-1\">Energ\u00eda:<\/td><td class=\"column-2\">70mw\/cm\u00b2<\/td>\n<\/tr>\n<tr class=\"row-12\">\n\t<td class=\"column-1\">Alineaci\u00f3n \/ Inspecci\u00f3n:<\/td><td class=\"column-2\">Alineaci\u00f3n autom\u00e1tica de las ilustraciones con los paneles<\/td>\n<\/tr>\n<tr class=\"row-13\">\n\t<td class=\"column-1\">N\u00famero de c\u00e1maras:<\/td><td class=\"column-2\">4<\/td>\n<\/tr>\n<tr class=\"row-14\">\n\t<td class=\"column-1\">Precisi\u00f3n de alineaci\u00f3n:<\/td><td class=\"column-2\">3\u03c3\u226410\u03bcm<\/td>\n<\/tr>\n<tr class=\"row-15\">\n\t<td class=\"column-1\">Movimiento X-Y de las c\u00e1maras:<\/td><td class=\"column-2\">Autom\u00e1ticamente<\/td>\n<\/tr>\n<tr class=\"row-16\">\n\t<td class=\"column-1\">Ventana de la c\u00e1mara:<\/td><td class=\"column-2\">7,8mm\u00d77,2mm<\/td>\n<\/tr>\n<tr class=\"row-17\">\n\t<td class=\"column-1\">Control:<\/td><td class=\"column-2\">PC industrial + Windows<\/td>\n<\/tr>\n<tr class=\"row-18\">\n\t<td class=\"column-1\">Habitaci\u00f3n limpia:<\/td><td class=\"column-2\">habitaci\u00f3n: Clase 10.000<\/td>\n<\/tr>\n<tr class=\"row-19\">\n\t<td class=\"column-1\">Temperatura:<\/td><td class=\"column-2\">M\u00e1ximo + 3\u00b0C de diferencia<\/td>\n<\/tr>\n<tr class=\"row-20\">\n\t<td class=\"column-1\">Uniformidad:<\/td><td class=\"column-2\">534\u00d7610mm\uff1e85% ; 610\u00d7712mm\uff1e85%(Aumento)<\/td>\n<\/tr>\n<tr class=\"row-21\">\n\t<td class=\"column-1\">Preinscripci\u00f3n:<\/td><td class=\"column-2\">Borde<\/td>\n<\/tr>\n<tr class=\"row-22\">\n\t<td class=\"column-1\">PAD Shrink:<\/td><td class=\"column-2\">18\u03bcm (acr\u00edlico) ; 25,4\u03bcm (vidrio)<\/td>\n<\/tr>\n<tr class=\"row-23\">\n\t<td class=\"column-1\">Sellado del marco:<\/td><td class=\"column-2\">Presi\u00f3n del aire<\/td>\n<\/tr>\n<tr class=\"row-24\">\n\t<td class=\"column-1\">Vidrio:<\/td><td class=\"column-2\">Cristal templado<\/td>\n<\/tr>\n<tr class=\"row-25\">\n\t<td class=\"column-1\">Exposici\u00f3n del panel:<\/td><td class=\"column-2\">exposici\u00f3n: es necesario un espaciador<\/td>\n<\/tr>\n<tr class=\"row-26\">\n\t<td class=\"column-1\">Largo\/Ancho\/Alto:<\/td><td class=\"column-2\">2962mm\/1400mm\/2167mm<\/td>\n<\/tr>\n<tr class=\"row-27\">\n\t<td class=\"column-1\">Largo\/Ancho\/Alto (enfriador):<\/td><td class=\"column-2\">760mm\/1020mm\/1800mm<\/td>\n<\/tr>\n<tr class=\"row-28\">\n\t<td class=\"column-1\">El\u00e9ctrico:<\/td><td class=\"column-2\">220V\/380V,60\/50Hz,3\u03c64W,30KVA+7.5KVA(chiller)<\/td>\n<\/tr>\n<tr class=\"row-29\">\n\t<td class=\"column-1\">Agua de refrigeraci\u00f3n: Presi\u00f3n:<\/td><td class=\"column-2\">Presi\u00f3n:2.5~3KG,7-12\u00b0C Flujo, 60L\/min,1 \"PIPE<\/td>\n<\/tr>\n<tr class=\"row-30\">\n\t<td class=\"column-1\">Fuente de aire:<\/td><td class=\"column-2\">Flow 150~200L\/min,\u03c612mm,5.5kg\/cm\u00b2<\/td>\n<\/tr>\n<tr class=\"row-31\">\n\t<td class=\"column-1\">Escape:<\/td><td class=\"column-2\">4\"\u00d71<\/td>\n<\/tr>\n<\/tbody>\n<\/table>\n<!-- #tablepress-9 from cache -->\n<a href=\"https:\/\/kw-pcb-machine.com\/es_mx\/pongase-en-contacto-con\/\" class=\"button primary is-shade box-shadow-3 box-shadow-5-hover\"  style=\"border-radius:5px;\">\n    <span>Solicitar presupuesto<\/span>\n  <\/a>","protected":false},"excerpt":{"rendered":"<ul>\n<li><strong>Alta precisi\u00f3n<\/strong>: Garantiza una transferencia de im\u00e1genes precisa y detallada, produciendo patrones de circuitos de alta calidad con bordes n\u00edtidos.<\/li>\n<li><strong>Mayor eficacia<\/strong>: Acelera el proceso de exposici\u00f3n, reduciendo el tiempo de producci\u00f3n y mejorando la productividad del flujo de trabajo.<\/li>\n<li><strong>Versatilidad<\/strong>: Compatible con diversos materiales fotorresistentes y tama\u00f1os de placas de circuito impreso, lo que la hace adecuada tanto para la creaci\u00f3n de prototipos como para la producci\u00f3n en serie.<\/li>\n<li><strong>Dise\u00f1o f\u00e1cil de usar<\/strong>: Dispone de controles intuitivos y configuraciones ajustables, lo que permite un funcionamiento sencillo y la personalizaci\u00f3n para satisfacer necesidades de fabricaci\u00f3n espec\u00edficas.<\/li>\n<\/ul>","protected":false},"featured_media":1737,"comment_status":"open","ping_status":"closed","template":"","meta":[],"product_brand":[],"product_cat":[51,40],"product_tag":[],"class_list":{"0":"post-1736","1":"product","2":"type-product","3":"status-publish","4":"has-post-thumbnail","6":"product_cat-used-pcb-fabrication-machine","7":"product_cat-exposure-ldi","9":"first","10":"instock","11":"shipping-taxable","12":"product-type-simple"},"yoast_head":"<!-- This site is optimized with the Yoast SEO plugin v25.5 - https:\/\/yoast.com\/wordpress\/plugins\/seo\/ -->\n<title>Efficient PCB Exposure Machines for Your PCB Production<\/title>\n<meta name=\"description\" content=\"Upgrade your PCB manufacturing with our reliable PCB exposure machines. Engineered for fast operation and precise light exposure, these machines guarantee accurate image transfer and high production yields. Perfect for businesses aiming to optimize performance and reduce production time.&quot;\" \/>\n<meta name=\"robots\" content=\"index, follow, max-snippet:-1, max-image-preview:large, max-video-preview:-1\" \/>\n<link rel=\"canonical\" href=\"https:\/\/kw-pcb-machine.com\/es_mx\/fabricante\/maquina-de-exposicion-pcb\/\" \/>\n<meta property=\"og:locale\" content=\"es_MX\" \/>\n<meta property=\"og:type\" content=\"article\" \/>\n<meta property=\"og:title\" content=\"Efficient PCB Exposure Machines for Your PCB Production\" \/>\n<meta property=\"og:description\" content=\"Upgrade your PCB manufacturing with our reliable PCB exposure machines. Engineered for fast operation and precise light exposure, these machines guarantee accurate image transfer and high production yields. Perfect for businesses aiming to optimize performance and reduce production time.&quot;\" \/>\n<meta property=\"og:url\" content=\"https:\/\/kw-pcb-machine.com\/es_mx\/fabricante\/maquina-de-exposicion-pcb\/\" \/>\n<meta property=\"og:site_name\" content=\"Kewei Industries HK limited\" \/>\n<meta property=\"article:modified_time\" content=\"2024-12-24T08:42:06+00:00\" \/>\n<meta property=\"og:image\" content=\"https:\/\/kw-pcb-machine.com\/wp-content\/uploads\/2024\/11\/pcb-exposure-machine.webp\" \/>\n\t<meta property=\"og:image:width\" content=\"600\" \/>\n\t<meta property=\"og:image:height\" content=\"512\" \/>\n\t<meta property=\"og:image:type\" content=\"image\/webp\" \/>\n<meta name=\"twitter:card\" content=\"summary_large_image\" \/>\n<meta name=\"twitter:label1\" content=\"Tiempo de lectura\" \/>\n\t<meta name=\"twitter:data1\" content=\"1 minuto\" \/>\n<script type=\"application\/ld+json\" class=\"yoast-schema-graph\">{\"@context\":\"https:\/\/schema.org\",\"@graph\":[{\"@type\":\"WebPage\",\"@id\":\"https:\/\/kw-pcb-machine.com\/manufacturer\/pcb-exposure-machine\/\",\"url\":\"https:\/\/kw-pcb-machine.com\/manufacturer\/pcb-exposure-machine\/\",\"name\":\"Efficient PCB Exposure Machines for Your PCB Production\",\"isPartOf\":{\"@id\":\"https:\/\/kw-pcb-machine.com\/#website\"},\"primaryImageOfPage\":{\"@id\":\"https:\/\/kw-pcb-machine.com\/manufacturer\/pcb-exposure-machine\/#primaryimage\"},\"image\":{\"@id\":\"https:\/\/kw-pcb-machine.com\/manufacturer\/pcb-exposure-machine\/#primaryimage\"},\"thumbnailUrl\":\"https:\/\/kw-pcb-machine.com\/wp-content\/uploads\/2024\/11\/pcb-exposure-machine.webp\",\"datePublished\":\"2024-11-21T08:53:31+00:00\",\"dateModified\":\"2024-12-24T08:42:06+00:00\",\"description\":\"Upgrade your PCB manufacturing with our reliable PCB exposure machines. Engineered for fast operation and precise light exposure, these machines guarantee accurate image transfer and high production yields. Perfect for businesses aiming to optimize performance and reduce production time.\\\"\",\"breadcrumb\":{\"@id\":\"https:\/\/kw-pcb-machine.com\/manufacturer\/pcb-exposure-machine\/#breadcrumb\"},\"inLanguage\":\"es\",\"potentialAction\":[{\"@type\":\"ReadAction\",\"target\":[\"https:\/\/kw-pcb-machine.com\/manufacturer\/pcb-exposure-machine\/\"]}]},{\"@type\":\"ImageObject\",\"inLanguage\":\"es\",\"@id\":\"https:\/\/kw-pcb-machine.com\/manufacturer\/pcb-exposure-machine\/#primaryimage\",\"url\":\"https:\/\/kw-pcb-machine.com\/wp-content\/uploads\/2024\/11\/pcb-exposure-machine.webp\",\"contentUrl\":\"https:\/\/kw-pcb-machine.com\/wp-content\/uploads\/2024\/11\/pcb-exposure-machine.webp\",\"width\":600,\"height\":512,\"caption\":\"pcb exposure machine\"},{\"@type\":\"BreadcrumbList\",\"@id\":\"https:\/\/kw-pcb-machine.com\/manufacturer\/pcb-exposure-machine\/#breadcrumb\",\"itemListElement\":[{\"@type\":\"ListItem\",\"position\":1,\"name\":\"Home\",\"item\":\"https:\/\/kw-pcb-machine.com\/\"},{\"@type\":\"ListItem\",\"position\":2,\"name\":\"Products\",\"item\":\"https:\/\/kw-pcb-machine.com\/shop\/\"},{\"@type\":\"ListItem\",\"position\":3,\"name\":\"PCB Exposure Machine\"}]},{\"@type\":\"WebSite\",\"@id\":\"https:\/\/kw-pcb-machine.com\/#website\",\"url\":\"https:\/\/kw-pcb-machine.com\/\",\"name\":\"Kewei Industries HK limited\",\"description\":\"Printed Circuit Board (PCB) Making Machine Supplier\",\"potentialAction\":[{\"@type\":\"SearchAction\",\"target\":{\"@type\":\"EntryPoint\",\"urlTemplate\":\"https:\/\/kw-pcb-machine.com\/?s={search_term_string}\"},\"query-input\":{\"@type\":\"PropertyValueSpecification\",\"valueRequired\":true,\"valueName\":\"search_term_string\"}}],\"inLanguage\":\"es\"}]}<\/script>\n<!-- \/ Yoast SEO plugin. -->","yoast_head_json":{"title":"M\u00e1quinas de exposici\u00f3n de PCB eficientes para su producci\u00f3n de PCB","description":"Mejore su fabricaci\u00f3n de placas de circuito impreso con nuestras fiables m\u00e1quinas de exposici\u00f3n de placas de circuito impreso. Dise\u00f1adas para un funcionamiento r\u00e1pido y una exposici\u00f3n precisa a la luz, estas m\u00e1quinas garantizan una transferencia precisa de la imagen y un alto rendimiento de la producci\u00f3n. Perfectas para empresas que buscan optimizar el rendimiento y reducir el tiempo de producci\u00f3n.\"","robots":{"index":"index","follow":"follow","max-snippet":"max-snippet:-1","max-image-preview":"max-image-preview:large","max-video-preview":"max-video-preview:-1"},"canonical":"https:\/\/kw-pcb-machine.com\/es_mx\/fabricante\/maquina-de-exposicion-pcb\/","og_locale":"es_MX","og_type":"article","og_title":"Efficient PCB Exposure Machines for Your PCB Production","og_description":"Upgrade your PCB manufacturing with our reliable PCB exposure machines. Engineered for fast operation and precise light exposure, these machines guarantee accurate image transfer and high production yields. Perfect for businesses aiming to optimize performance and reduce production time.\"","og_url":"https:\/\/kw-pcb-machine.com\/es_mx\/fabricante\/maquina-de-exposicion-pcb\/","og_site_name":"Kewei Industries HK limited","article_modified_time":"2024-12-24T08:42:06+00:00","og_image":[{"width":600,"height":512,"url":"https:\/\/kw-pcb-machine.com\/wp-content\/uploads\/2024\/11\/pcb-exposure-machine.webp","type":"image\/webp"}],"twitter_card":"summary_large_image","twitter_misc":{"Tiempo de lectura":"1 minuto"},"schema":{"@context":"https:\/\/schema.org","@graph":[{"@type":"WebPage","@id":"https:\/\/kw-pcb-machine.com\/manufacturer\/pcb-exposure-machine\/","url":"https:\/\/kw-pcb-machine.com\/manufacturer\/pcb-exposure-machine\/","name":"M\u00e1quinas de exposici\u00f3n de PCB eficientes para su producci\u00f3n de PCB","isPartOf":{"@id":"https:\/\/kw-pcb-machine.com\/#website"},"primaryImageOfPage":{"@id":"https:\/\/kw-pcb-machine.com\/manufacturer\/pcb-exposure-machine\/#primaryimage"},"image":{"@id":"https:\/\/kw-pcb-machine.com\/manufacturer\/pcb-exposure-machine\/#primaryimage"},"thumbnailUrl":"https:\/\/kw-pcb-machine.com\/wp-content\/uploads\/2024\/11\/pcb-exposure-machine.webp","datePublished":"2024-11-21T08:53:31+00:00","dateModified":"2024-12-24T08:42:06+00:00","description":"Mejore su fabricaci\u00f3n de placas de circuito impreso con nuestras fiables m\u00e1quinas de exposici\u00f3n de placas de circuito impreso. Dise\u00f1adas para un funcionamiento r\u00e1pido y una exposici\u00f3n precisa a la luz, estas m\u00e1quinas garantizan una transferencia precisa de la imagen y un alto rendimiento de la producci\u00f3n. Perfectas para empresas que buscan optimizar el rendimiento y reducir el tiempo de producci\u00f3n.\"","breadcrumb":{"@id":"https:\/\/kw-pcb-machine.com\/manufacturer\/pcb-exposure-machine\/#breadcrumb"},"inLanguage":"es","potentialAction":[{"@type":"ReadAction","target":["https:\/\/kw-pcb-machine.com\/manufacturer\/pcb-exposure-machine\/"]}]},{"@type":"ImageObject","inLanguage":"es","@id":"https:\/\/kw-pcb-machine.com\/manufacturer\/pcb-exposure-machine\/#primaryimage","url":"https:\/\/kw-pcb-machine.com\/wp-content\/uploads\/2024\/11\/pcb-exposure-machine.webp","contentUrl":"https:\/\/kw-pcb-machine.com\/wp-content\/uploads\/2024\/11\/pcb-exposure-machine.webp","width":600,"height":512,"caption":"pcb exposure machine"},{"@type":"BreadcrumbList","@id":"https:\/\/kw-pcb-machine.com\/manufacturer\/pcb-exposure-machine\/#breadcrumb","itemListElement":[{"@type":"ListItem","position":1,"name":"Home","item":"https:\/\/kw-pcb-machine.com\/"},{"@type":"ListItem","position":2,"name":"Products","item":"https:\/\/kw-pcb-machine.com\/shop\/"},{"@type":"ListItem","position":3,"name":"PCB Exposure Machine"}]},{"@type":"WebSite","@id":"https:\/\/kw-pcb-machine.com\/#website","url":"https:\/\/kw-pcb-machine.com\/","name":"Kewei Industries HK limitada","description":"Proveedor de m\u00e1quinas de fabricaci\u00f3n de circuitos impresos (PCB)","potentialAction":[{"@type":"SearchAction","target":{"@type":"EntryPoint","urlTemplate":"https:\/\/kw-pcb-machine.com\/?s={search_term_string}"},"query-input":{"@type":"PropertyValueSpecification","valueRequired":true,"valueName":"search_term_string"}}],"inLanguage":"es"}]}},"_links":{"self":[{"href":"https:\/\/kw-pcb-machine.com\/es_mx\/wp-json\/wp\/v2\/product\/1736","targetHints":{"allow":["GET"]}}],"collection":[{"href":"https:\/\/kw-pcb-machine.com\/es_mx\/wp-json\/wp\/v2\/product"}],"about":[{"href":"https:\/\/kw-pcb-machine.com\/es_mx\/wp-json\/wp\/v2\/types\/product"}],"replies":[{"embeddable":true,"href":"https:\/\/kw-pcb-machine.com\/es_mx\/wp-json\/wp\/v2\/comments?post=1736"}],"wp:featuredmedia":[{"embeddable":true,"href":"https:\/\/kw-pcb-machine.com\/es_mx\/wp-json\/wp\/v2\/media\/1737"}],"wp:attachment":[{"href":"https:\/\/kw-pcb-machine.com\/es_mx\/wp-json\/wp\/v2\/media?parent=1736"}],"wp:term":[{"taxonomy":"product_brand","embeddable":true,"href":"https:\/\/kw-pcb-machine.com\/es_mx\/wp-json\/wp\/v2\/product_brand?post=1736"},{"taxonomy":"product_cat","embeddable":true,"href":"https:\/\/kw-pcb-machine.com\/es_mx\/wp-json\/wp\/v2\/product_cat?post=1736"},{"taxonomy":"product_tag","embeddable":true,"href":"https:\/\/kw-pcb-machine.com\/es_mx\/wp-json\/wp\/v2\/product_tag?post=1736"}],"curies":[{"name":"wp","href":"https:\/\/api.w.org\/{rel}","templated":true}]}}