{"id":1740,"date":"2024-11-21T09:08:00","date_gmt":"2024-11-21T09:08:00","guid":{"rendered":"https:\/\/kw-pcb-machine.com\/?post_type=product&#038;p=1740"},"modified":"2024-12-24T08:41:25","modified_gmt":"2024-12-24T08:41:25","slug":"schmoll-pcb-driller","status":"publish","type":"product","link":"https:\/\/kw-pcb-machine.com\/es_mx\/fabricante\/schmoll-pcb-driller\/","title":{"rendered":"Perforadora Schmoll PCB"},"content":{"rendered":"<p><strong>Aplicaci\u00f3n: para placa de circuito impreso (PCB) taladro \uff08Schmoll marca\uff09.<\/strong><\/p>\n\n<table id=\"tablepress-10\" class=\"tablepress tablepress-id-10\">\n<thead>\n<tr class=\"row-1\">\n\t<th class=\"column-1\">Art\u00edculo<\/th><th class=\"column-2\">Talla<\/th>\n<\/tr>\n<\/thead>\n<tbody class=\"row-striping row-hover\">\n<tr class=\"row-2\">\n\t<td class=\"column-1\">Modelo:<\/td><td class=\"column-2\">N 6<\/td>\n<\/tr>\n<tr class=\"row-3\">\n\t<td class=\"column-1\">N\u00ba de husillo:<\/td><td class=\"column-2\">6<\/td>\n<\/tr>\n<tr class=\"row-4\">\n\t<td class=\"column-1\">Husillo girado:<\/td><td class=\"column-2\">180 rpm<\/td>\n<\/tr>\n<tr class=\"row-5\">\n\t<td class=\"column-1\">Panel de procesamiento:<\/td><td class=\"column-2\">558*650mm<\/td>\n<\/tr>\n<tr class=\"row-6\">\n\t<td class=\"column-1\">Aplicaci\u00f3n:<\/td><td class=\"column-2\">una cara. doble cara, multicapa PCB<\/td>\n<\/tr>\n<tr class=\"row-7\">\n\t<td class=\"column-1\">Gama de herramientas:<\/td><td class=\"column-2\">0,2~6,50 mm<\/td>\n<\/tr>\n<tr class=\"row-8\">\n\t<td class=\"column-1\">Precisi\u00f3n:<\/td><td class=\"column-2\">+\/-18um<\/td>\n<\/tr>\n<tr class=\"row-9\">\n\t<td class=\"column-1\">Funci\u00f3n CBD:<\/td><td class=\"column-2\">Detecci\u00f3n de brocas rotas en tiempo real, funci\u00f3n de perforaci\u00f3n r\u00e1pida -optimizaci\u00f3n de la carrera Z].<\/td>\n<\/tr>\n<tr class=\"row-10\">\n\t<td class=\"column-1\">PFIS:<\/td><td class=\"column-2\">Interruptor del pie de presi\u00f3n entre orificio de 8 mm y orificio de 2 mm<\/td>\n<\/tr>\n<tr class=\"row-11\">\n\t<td class=\"column-1\">Poder:<\/td><td class=\"column-2\">380\/400V\u00b15%(potencia de entrada de la m\u00e1quina),50\/60 Hz,trif\u00e1sica, 30 KVA<\/td>\n<\/tr>\n<tr class=\"row-12\">\n\t<td class=\"column-1\">Dimensiones de la m\u00e1quina Lx An x Al:<\/td><td class=\"column-2\">4.050x1.920x1.775 mm<\/td>\n<\/tr>\n<tr class=\"row-13\">\n\t<td class=\"column-1\">Peso de la m\u00e1quina (neto\/bruto):<\/td><td class=\"column-2\">unos 10.600 kg<\/td>\n<\/tr>\n<\/tbody>\n<\/table>\n<!-- #tablepress-10 from cache -->\n<a href=\"https:\/\/kw-pcb-machine.com\/es_mx\/pongase-en-contacto-con\/\" class=\"button primary is-shade box-shadow-3 box-shadow-5-hover\"  style=\"border-radius:5px;\">\n    <span>Solicitar presupuesto<\/span>\n  <\/a>","protected":false},"excerpt":{"rendered":"<ul>\n<li><strong>Alta precisi\u00f3n<\/strong>: Equipado con tecnolog\u00eda avanzada para garantizar una colocaci\u00f3n exacta de los orificios y un taladrado de alta calidad, esencial para dise\u00f1os complejos de placas de circuito impreso.<\/li>\n<li><strong>R\u00e1pida velocidad de procesamiento<\/strong>: Dise\u00f1adas para un alto rendimiento, estas m\u00e1quinas reducen significativamente el tiempo de perforaci\u00f3n, mejorando la eficiencia global de la producci\u00f3n.<\/li>\n<li><strong>Personalizaci\u00f3n flexible<\/strong>: Ofrece configuraciones ajustables para adaptarse a una amplia gama de tama\u00f1os de PCB, materiales y tipos de orificios, proporcionando versatilidad para diferentes necesidades de fabricaci\u00f3n.<\/li>\n<li><strong>Durabilidad y fiabilidad<\/strong>: Construidas con componentes robustos para un rendimiento duradero, las taladradoras Schmoll est\u00e1n dise\u00f1adas para soportar una producci\u00f3n de gran volumen y un mantenimiento m\u00ednimo.<\/li>\n<\/ul>","protected":false},"featured_media":1742,"comment_status":"open","ping_status":"closed","template":"","meta":[],"product_brand":[],"product_cat":[51,36],"product_tag":[],"class_list":{"0":"post-1740","1":"product","2":"type-product","3":"status-publish","4":"has-post-thumbnail","6":"product_cat-used-pcb-fabrication-machine","7":"product_cat-driller-router-cnc","9":"first","10":"instock","11":"shipping-taxable","12":"product-type-simple"},"yoast_head":"<!-- This site is optimized with the Yoast SEO plugin v25.5 - https:\/\/yoast.com\/wordpress\/plugins\/seo\/ -->\n<title>High-Precision Schmoll PCB Drilling Machines for Accurate Hole Placement<\/title>\n<meta name=\"description\" content=\"Upgrade your PCB production with Schmoll PCB drilling machines, renowned for their exceptional precision and reliability. These advanced machines ensure accurate hole placement, improving the quality and performance of your circuit boards. Perfect for both small-batch and large-scale production, they deliver consistent results every time.&quot;\" \/>\n<meta name=\"robots\" content=\"index, follow, max-snippet:-1, max-image-preview:large, max-video-preview:-1\" \/>\n<link rel=\"canonical\" href=\"https:\/\/kw-pcb-machine.com\/es_mx\/fabricante\/schmoll-pcb-driller\/\" \/>\n<meta property=\"og:locale\" content=\"es_MX\" \/>\n<meta property=\"og:type\" content=\"article\" \/>\n<meta property=\"og:title\" content=\"High-Precision Schmoll PCB Drilling Machines for Accurate Hole Placement\" \/>\n<meta property=\"og:description\" content=\"Upgrade your PCB production with Schmoll PCB drilling machines, renowned for their exceptional precision and reliability. These advanced machines ensure accurate hole placement, improving the quality and performance of your circuit boards. Perfect for both small-batch and large-scale production, they deliver consistent results every time.&quot;\" \/>\n<meta property=\"og:url\" content=\"https:\/\/kw-pcb-machine.com\/es_mx\/fabricante\/schmoll-pcb-driller\/\" \/>\n<meta property=\"og:site_name\" content=\"Kewei Industries HK limited\" \/>\n<meta property=\"article:modified_time\" content=\"2024-12-24T08:41:25+00:00\" \/>\n<meta property=\"og:image\" content=\"https:\/\/kw-pcb-machine.com\/wp-content\/uploads\/2024\/11\/Schmoll-PCB-Drilling-Machine.webp\" \/>\n\t<meta property=\"og:image:width\" content=\"600\" \/>\n\t<meta property=\"og:image:height\" content=\"457\" \/>\n\t<meta property=\"og:image:type\" content=\"image\/webp\" \/>\n<meta name=\"twitter:card\" content=\"summary_large_image\" \/>\n<meta name=\"twitter:label1\" content=\"Tiempo de lectura\" \/>\n\t<meta name=\"twitter:data1\" content=\"1 minuto\" \/>\n<script type=\"application\/ld+json\" class=\"yoast-schema-graph\">{\"@context\":\"https:\/\/schema.org\",\"@graph\":[{\"@type\":\"WebPage\",\"@id\":\"https:\/\/kw-pcb-machine.com\/manufacturer\/schmoll-pcb-driller\/\",\"url\":\"https:\/\/kw-pcb-machine.com\/manufacturer\/schmoll-pcb-driller\/\",\"name\":\"High-Precision Schmoll PCB Drilling Machines for Accurate Hole Placement\",\"isPartOf\":{\"@id\":\"https:\/\/kw-pcb-machine.com\/#website\"},\"primaryImageOfPage\":{\"@id\":\"https:\/\/kw-pcb-machine.com\/manufacturer\/schmoll-pcb-driller\/#primaryimage\"},\"image\":{\"@id\":\"https:\/\/kw-pcb-machine.com\/manufacturer\/schmoll-pcb-driller\/#primaryimage\"},\"thumbnailUrl\":\"https:\/\/kw-pcb-machine.com\/wp-content\/uploads\/2024\/11\/Schmoll-PCB-Drilling-Machine.webp\",\"datePublished\":\"2024-11-21T09:08:00+00:00\",\"dateModified\":\"2024-12-24T08:41:25+00:00\",\"description\":\"Upgrade your PCB production with Schmoll PCB drilling machines, renowned for their exceptional precision and reliability. These advanced machines ensure accurate hole placement, improving the quality and performance of your circuit boards. Perfect for both small-batch and large-scale production, they deliver consistent results every time.\\\"\",\"breadcrumb\":{\"@id\":\"https:\/\/kw-pcb-machine.com\/manufacturer\/schmoll-pcb-driller\/#breadcrumb\"},\"inLanguage\":\"es\",\"potentialAction\":[{\"@type\":\"ReadAction\",\"target\":[\"https:\/\/kw-pcb-machine.com\/manufacturer\/schmoll-pcb-driller\/\"]}]},{\"@type\":\"ImageObject\",\"inLanguage\":\"es\",\"@id\":\"https:\/\/kw-pcb-machine.com\/manufacturer\/schmoll-pcb-driller\/#primaryimage\",\"url\":\"https:\/\/kw-pcb-machine.com\/wp-content\/uploads\/2024\/11\/Schmoll-PCB-Drilling-Machine.webp\",\"contentUrl\":\"https:\/\/kw-pcb-machine.com\/wp-content\/uploads\/2024\/11\/Schmoll-PCB-Drilling-Machine.webp\",\"width\":600,\"height\":457,\"caption\":\"Schmoll PCB Drilling Machine\"},{\"@type\":\"BreadcrumbList\",\"@id\":\"https:\/\/kw-pcb-machine.com\/manufacturer\/schmoll-pcb-driller\/#breadcrumb\",\"itemListElement\":[{\"@type\":\"ListItem\",\"position\":1,\"name\":\"Home\",\"item\":\"https:\/\/kw-pcb-machine.com\/\"},{\"@type\":\"ListItem\",\"position\":2,\"name\":\"Products\",\"item\":\"https:\/\/kw-pcb-machine.com\/shop\/\"},{\"@type\":\"ListItem\",\"position\":3,\"name\":\"Schmoll PCB Driller\"}]},{\"@type\":\"WebSite\",\"@id\":\"https:\/\/kw-pcb-machine.com\/#website\",\"url\":\"https:\/\/kw-pcb-machine.com\/\",\"name\":\"Kewei Industries HK limited\",\"description\":\"Printed Circuit Board (PCB) Making Machine Supplier\",\"potentialAction\":[{\"@type\":\"SearchAction\",\"target\":{\"@type\":\"EntryPoint\",\"urlTemplate\":\"https:\/\/kw-pcb-machine.com\/?s={search_term_string}\"},\"query-input\":{\"@type\":\"PropertyValueSpecification\",\"valueRequired\":true,\"valueName\":\"search_term_string\"}}],\"inLanguage\":\"es\"}]}<\/script>\n<!-- \/ Yoast SEO plugin. -->","yoast_head_json":{"title":"Taladradoras de placas de circuito impreso Schmoll de alta precisi\u00f3n para una colocaci\u00f3n exacta de los orificios","description":"Mejore su producci\u00f3n de placas de circuito impreso con las taladradoras de placas de circuito impreso Schmoll, famosas por su excepcional precisi\u00f3n y fiabilidad. Estas avanzadas m\u00e1quinas garantizan la colocaci\u00f3n exacta de los orificios, mejorando la calidad y el rendimiento de sus placas de circuito impreso. Perfectas tanto para la producci\u00f3n de lotes peque\u00f1os como a gran escala, ofrecen resultados uniformes en todo momento.\"","robots":{"index":"index","follow":"follow","max-snippet":"max-snippet:-1","max-image-preview":"max-image-preview:large","max-video-preview":"max-video-preview:-1"},"canonical":"https:\/\/kw-pcb-machine.com\/es_mx\/fabricante\/schmoll-pcb-driller\/","og_locale":"es_MX","og_type":"article","og_title":"High-Precision Schmoll PCB Drilling Machines for Accurate Hole Placement","og_description":"Upgrade your PCB production with Schmoll PCB drilling machines, renowned for their exceptional precision and reliability. These advanced machines ensure accurate hole placement, improving the quality and performance of your circuit boards. Perfect for both small-batch and large-scale production, they deliver consistent results every time.\"","og_url":"https:\/\/kw-pcb-machine.com\/es_mx\/fabricante\/schmoll-pcb-driller\/","og_site_name":"Kewei Industries HK limited","article_modified_time":"2024-12-24T08:41:25+00:00","og_image":[{"width":600,"height":457,"url":"https:\/\/kw-pcb-machine.com\/wp-content\/uploads\/2024\/11\/Schmoll-PCB-Drilling-Machine.webp","type":"image\/webp"}],"twitter_card":"summary_large_image","twitter_misc":{"Tiempo de lectura":"1 minuto"},"schema":{"@context":"https:\/\/schema.org","@graph":[{"@type":"WebPage","@id":"https:\/\/kw-pcb-machine.com\/manufacturer\/schmoll-pcb-driller\/","url":"https:\/\/kw-pcb-machine.com\/manufacturer\/schmoll-pcb-driller\/","name":"Taladradoras de placas de circuito impreso Schmoll de alta precisi\u00f3n para una colocaci\u00f3n exacta de los orificios","isPartOf":{"@id":"https:\/\/kw-pcb-machine.com\/#website"},"primaryImageOfPage":{"@id":"https:\/\/kw-pcb-machine.com\/manufacturer\/schmoll-pcb-driller\/#primaryimage"},"image":{"@id":"https:\/\/kw-pcb-machine.com\/manufacturer\/schmoll-pcb-driller\/#primaryimage"},"thumbnailUrl":"https:\/\/kw-pcb-machine.com\/wp-content\/uploads\/2024\/11\/Schmoll-PCB-Drilling-Machine.webp","datePublished":"2024-11-21T09:08:00+00:00","dateModified":"2024-12-24T08:41:25+00:00","description":"Mejore su producci\u00f3n de placas de circuito impreso con las taladradoras de placas de circuito impreso Schmoll, famosas por su excepcional precisi\u00f3n y fiabilidad. Estas avanzadas m\u00e1quinas garantizan la colocaci\u00f3n exacta de los orificios, mejorando la calidad y el rendimiento de sus placas de circuito impreso. Perfectas tanto para la producci\u00f3n de lotes peque\u00f1os como a gran escala, ofrecen resultados uniformes en todo momento.\"","breadcrumb":{"@id":"https:\/\/kw-pcb-machine.com\/manufacturer\/schmoll-pcb-driller\/#breadcrumb"},"inLanguage":"es","potentialAction":[{"@type":"ReadAction","target":["https:\/\/kw-pcb-machine.com\/manufacturer\/schmoll-pcb-driller\/"]}]},{"@type":"ImageObject","inLanguage":"es","@id":"https:\/\/kw-pcb-machine.com\/manufacturer\/schmoll-pcb-driller\/#primaryimage","url":"https:\/\/kw-pcb-machine.com\/wp-content\/uploads\/2024\/11\/Schmoll-PCB-Drilling-Machine.webp","contentUrl":"https:\/\/kw-pcb-machine.com\/wp-content\/uploads\/2024\/11\/Schmoll-PCB-Drilling-Machine.webp","width":600,"height":457,"caption":"Schmoll PCB Drilling Machine"},{"@type":"BreadcrumbList","@id":"https:\/\/kw-pcb-machine.com\/manufacturer\/schmoll-pcb-driller\/#breadcrumb","itemListElement":[{"@type":"ListItem","position":1,"name":"Home","item":"https:\/\/kw-pcb-machine.com\/"},{"@type":"ListItem","position":2,"name":"Products","item":"https:\/\/kw-pcb-machine.com\/shop\/"},{"@type":"ListItem","position":3,"name":"Schmoll PCB Driller"}]},{"@type":"WebSite","@id":"https:\/\/kw-pcb-machine.com\/#website","url":"https:\/\/kw-pcb-machine.com\/","name":"Kewei Industries HK limitada","description":"Proveedor de m\u00e1quinas de fabricaci\u00f3n de circuitos impresos (PCB)","potentialAction":[{"@type":"SearchAction","target":{"@type":"EntryPoint","urlTemplate":"https:\/\/kw-pcb-machine.com\/?s={search_term_string}"},"query-input":{"@type":"PropertyValueSpecification","valueRequired":true,"valueName":"search_term_string"}}],"inLanguage":"es"}]}},"_links":{"self":[{"href":"https:\/\/kw-pcb-machine.com\/es_mx\/wp-json\/wp\/v2\/product\/1740","targetHints":{"allow":["GET"]}}],"collection":[{"href":"https:\/\/kw-pcb-machine.com\/es_mx\/wp-json\/wp\/v2\/product"}],"about":[{"href":"https:\/\/kw-pcb-machine.com\/es_mx\/wp-json\/wp\/v2\/types\/product"}],"replies":[{"embeddable":true,"href":"https:\/\/kw-pcb-machine.com\/es_mx\/wp-json\/wp\/v2\/comments?post=1740"}],"wp:featuredmedia":[{"embeddable":true,"href":"https:\/\/kw-pcb-machine.com\/es_mx\/wp-json\/wp\/v2\/media\/1742"}],"wp:attachment":[{"href":"https:\/\/kw-pcb-machine.com\/es_mx\/wp-json\/wp\/v2\/media?parent=1740"}],"wp:term":[{"taxonomy":"product_brand","embeddable":true,"href":"https:\/\/kw-pcb-machine.com\/es_mx\/wp-json\/wp\/v2\/product_brand?post=1740"},{"taxonomy":"product_cat","embeddable":true,"href":"https:\/\/kw-pcb-machine.com\/es_mx\/wp-json\/wp\/v2\/product_cat?post=1740"},{"taxonomy":"product_tag","embeddable":true,"href":"https:\/\/kw-pcb-machine.com\/es_mx\/wp-json\/wp\/v2\/product_tag?post=1740"}],"curies":[{"name":"wp","href":"https:\/\/api.w.org\/{rel}","templated":true}]}}