{"id":1790,"date":"2024-11-22T10:11:27","date_gmt":"2024-11-22T10:11:27","guid":{"rendered":"https:\/\/kw-pcb-machine.com\/?post_type=product&#038;p=1790"},"modified":"2024-12-25T03:42:03","modified_gmt":"2024-12-25T03:42:03","slug":"fresadora-de-2-husillos-pcb","status":"publish","type":"product","link":"https:\/\/kw-pcb-machine.com\/es_mx\/fabricante\/fresadora-de-2-husillos-pcb\/","title":{"rendered":"M\u00e1quina fresadora de 2 husillos para PCB"},"content":{"rendered":"<p><iframe loading=\"lazy\" title=\"PCB 2-Spindle CNC Drilling an Routing Machine\" width=\"1020\" height=\"574\" src=\"https:\/\/www.youtube.com\/embed\/1M12_yUSYwQ?feature=oembed\" frameborder=\"0\" allow=\"accelerometer; autoplay; clipboard-write; encrypted-media; gyroscope; picture-in-picture; web-share\" referrerpolicy=\"strict-origin-when-cross-origin\" allowfullscreen><\/iframe><\/p>\n<p><strong>Aplicaci\u00f3n: para fresado y trazado de circuitos impresos (PCB)\u00a0<\/strong><\/p>\n\n<table id=\"tablepress-19\" class=\"tablepress tablepress-id-19\">\n<thead>\n<tr class=\"row-1\">\n\t<th class=\"column-1\">Art\u00edculo<\/th><th class=\"column-2\">Detalle<\/th>\n<\/tr>\n<\/thead>\n<tbody class=\"row-striping row-hover\">\n<tr class=\"row-2\">\n\t<td class=\"column-1\">Modelo de m\u00e1quina:<\/td><td class=\"column-2\">5363-1X2<\/td>\n<\/tr>\n<tr class=\"row-3\">\n\t<td class=\"column-1\">N\u00famero de eje:<\/td><td class=\"column-2\">2<\/td>\n<\/tr>\n<tr class=\"row-4\">\n\t<td class=\"column-1\">N\u00famero de servomotor del eje Z:<\/td><td class=\"column-2\">1<\/td>\n<\/tr>\n<tr class=\"row-5\">\n\t<td class=\"column-1\">Servomotor Marca:<\/td><td class=\"column-2\">Delta<\/td>\n<\/tr>\n<tr class=\"row-6\">\n\t<td class=\"column-1\">Rango de trabajo por cabezal:<\/td><td class=\"column-2\">535*635<\/td>\n<\/tr>\n<tr class=\"row-7\">\n\t<td class=\"column-1\">Rango de movimiento X\/ Y\/ Z:<\/td><td class=\"column-2\">535\/ 635\/ 80mm<\/td>\n<\/tr>\n<tr class=\"row-8\">\n\t<td class=\"column-1\">Cambio de herramienta:<\/td><td class=\"column-2\">Cambio autom\u00e1tico de herramientas<\/td>\n<\/tr>\n<tr class=\"row-9\">\n\t<td class=\"column-1\">N\u00famero de poste de herramientas:<\/td><td class=\"column-2\">10\/ Husillo<\/td>\n<\/tr>\n<tr class=\"row-10\">\n\t<td class=\"column-1\">Huso:<\/td><td class=\"column-2\">Husillo 60000RMP 1.8KW<\/td>\n<\/tr>\n<tr class=\"row-11\">\n\t<td class=\"column-1\">Inversor:<\/td><td class=\"column-2\">Delta<\/td>\n<\/tr>\n<tr class=\"row-12\">\n\t<td class=\"column-1\">Tama\u00f1o de bit de enrutamiento:<\/td><td class=\"column-2\">0,8~\u03a63,175mm<\/td>\n<\/tr>\n<tr class=\"row-13\">\n\t<td class=\"column-1\">Sistema de control:<\/td><td class=\"column-2\">Sistema de fresado CNC en ingl\u00e9s<\/td>\n<\/tr>\n<tr class=\"row-14\">\n\t<td class=\"column-1\">Controlador:<\/td><td class=\"column-2\">Googletech<\/td>\n<\/tr>\n<tr class=\"row-15\">\n\t<td class=\"column-1\">Velocidad de desplazamiento X\/Y:<\/td><td class=\"column-2\">14 m\/min (24 m\/min opcional)<\/td>\n<\/tr>\n<tr class=\"row-16\">\n\t<td class=\"column-1\">Precisi\u00f3n de posicionamiento:<\/td><td class=\"column-2\">\u00b10,075 mm\/300 mm<\/td>\n<\/tr>\n<tr class=\"row-17\">\n\t<td class=\"column-1\">Precisi\u00f3n de repetici\u00f3n:<\/td><td class=\"column-2\">\u00b10,05 mm\/300 mm<\/td>\n<\/tr>\n<tr class=\"row-18\">\n\t<td class=\"column-1\">Formato de perforaci\u00f3n:<\/td><td class=\"column-2\">Excellon, WK, Protel, S&amp;M1000\/300\/5000,TXT.NC.ROU.<\/td>\n<\/tr>\n<tr class=\"row-19\">\n\t<td class=\"column-1\">Otras funciones:<\/td><td class=\"column-2\">Advertencia de presi\u00f3n de aire, Advertencia de presi\u00f3n de agua, Conmutaci\u00f3n de herramienta en vac\u00edo, Advertencia de sobrecorriente del husillo.<\/td>\n<\/tr>\n<tr class=\"row-20\">\n\t<td class=\"column-1\">Dimensi\u00f3n de la m\u00e1quina:<\/td><td class=\"column-2\">1700*A1700*Al1600mm<\/td>\n<\/tr>\n<tr class=\"row-21\">\n\t<td class=\"column-1\">Peso de la m\u00e1quina:<\/td><td class=\"column-2\">1800Kg<\/td>\n<\/tr>\n<\/tbody>\n<\/table>\n<!-- #tablepress-19 from cache -->\n<a href=\"https:\/\/kw-pcb-machine.com\/es_mx\/pongase-en-contacto-con\/\" class=\"button primary is-shade box-shadow-3 box-shadow-5-hover\"  style=\"border-radius:5px;\">\n    <span>Solicitar presupuesto<\/span>\n  <\/a>","protected":false},"excerpt":{"rendered":"<ul>\n<li><strong>Corte de alta precisi\u00f3n<\/strong>: Garantiza un enrutamiento preciso para dise\u00f1os de PCB complejos con un margen de error m\u00ednimo.<\/li>\n<li><strong>Configuraci\u00f3n de rutas personalizable<\/strong>: Velocidad, profundidad y configuraciones de herramienta ajustables para diversas necesidades de fabricaci\u00f3n.<\/li>\n<li><strong>Construcci\u00f3n duradera y larga vida \u00fatil<\/strong>: Dise\u00f1ado con materiales robustos para un rendimiento constante en la producci\u00f3n de grandes vol\u00famenes.<\/li>\n<li><strong>Interfaz f\u00e1cil de usar<\/strong>: Controles intuitivos e integraci\u00f3n de software para facilitar el funcionamiento y reducir el tiempo de configuraci\u00f3n.<\/li>\n<\/ul>","protected":false},"featured_media":1795,"comment_status":"open","ping_status":"closed","template":"","meta":[],"product_brand":[],"product_cat":[51,36],"product_tag":[],"class_list":{"0":"post-1790","1":"product","2":"type-product","3":"status-publish","4":"has-post-thumbnail","6":"product_cat-used-pcb-fabrication-machine","7":"product_cat-driller-router-cnc","9":"first","10":"instock","11":"shipping-taxable","12":"product-type-simple"},"yoast_head":"<!-- This site is optimized with the Yoast SEO plugin v25.5 - https:\/\/yoast.com\/wordpress\/plugins\/seo\/ -->\n<title>Top-Quality PCB Router Machines: Boost Your Production Speed and Accuracy<\/title>\n<meta name=\"description\" content=\"Upgrade your production line with top-quality PCB router machines. Deliver faster, more accurate PCB prototyping and assembly today!\" \/>\n<meta name=\"robots\" content=\"index, follow, max-snippet:-1, max-image-preview:large, max-video-preview:-1\" \/>\n<link rel=\"canonical\" href=\"https:\/\/kw-pcb-machine.com\/es_mx\/fabricante\/fresadora-de-2-husillos-pcb\/\" \/>\n<meta property=\"og:locale\" content=\"es_MX\" \/>\n<meta property=\"og:type\" content=\"article\" \/>\n<meta property=\"og:title\" content=\"Top-Quality PCB Router Machines: Boost Your Production Speed and Accuracy\" \/>\n<meta property=\"og:description\" content=\"Upgrade your production line with top-quality PCB router machines. Deliver faster, more accurate PCB prototyping and assembly today!\" \/>\n<meta property=\"og:url\" content=\"https:\/\/kw-pcb-machine.com\/es_mx\/fabricante\/fresadora-de-2-husillos-pcb\/\" \/>\n<meta property=\"og:site_name\" content=\"Kewei Industries HK limited\" \/>\n<meta property=\"article:modified_time\" content=\"2024-12-25T03:42:03+00:00\" \/>\n<meta property=\"og:image\" content=\"https:\/\/kw-pcb-machine.com\/wp-content\/uploads\/2024\/11\/pcb-router-machine-2.webp\" \/>\n\t<meta property=\"og:image:width\" content=\"600\" \/>\n\t<meta property=\"og:image:height\" content=\"544\" \/>\n\t<meta property=\"og:image:type\" content=\"image\/webp\" \/>\n<meta name=\"twitter:card\" content=\"summary_large_image\" \/>\n<meta name=\"twitter:label1\" content=\"Tiempo de lectura\" \/>\n\t<meta name=\"twitter:data1\" content=\"1 minuto\" \/>\n<script type=\"application\/ld+json\" class=\"yoast-schema-graph\">{\"@context\":\"https:\/\/schema.org\",\"@graph\":[{\"@type\":\"WebPage\",\"@id\":\"https:\/\/kw-pcb-machine.com\/manufacturer\/pcb-2-spindle-router-machine\/\",\"url\":\"https:\/\/kw-pcb-machine.com\/manufacturer\/pcb-2-spindle-router-machine\/\",\"name\":\"Top-Quality PCB Router Machines: Boost Your Production Speed and Accuracy\",\"isPartOf\":{\"@id\":\"https:\/\/kw-pcb-machine.com\/#website\"},\"primaryImageOfPage\":{\"@id\":\"https:\/\/kw-pcb-machine.com\/manufacturer\/pcb-2-spindle-router-machine\/#primaryimage\"},\"image\":{\"@id\":\"https:\/\/kw-pcb-machine.com\/manufacturer\/pcb-2-spindle-router-machine\/#primaryimage\"},\"thumbnailUrl\":\"https:\/\/kw-pcb-machine.com\/wp-content\/uploads\/2024\/11\/pcb-router-machine-2.webp\",\"datePublished\":\"2024-11-22T10:11:27+00:00\",\"dateModified\":\"2024-12-25T03:42:03+00:00\",\"description\":\"Upgrade your production line with top-quality PCB router machines. Deliver faster, more accurate PCB prototyping and assembly today!\",\"breadcrumb\":{\"@id\":\"https:\/\/kw-pcb-machine.com\/manufacturer\/pcb-2-spindle-router-machine\/#breadcrumb\"},\"inLanguage\":\"es\",\"potentialAction\":[{\"@type\":\"ReadAction\",\"target\":[\"https:\/\/kw-pcb-machine.com\/manufacturer\/pcb-2-spindle-router-machine\/\"]}]},{\"@type\":\"ImageObject\",\"inLanguage\":\"es\",\"@id\":\"https:\/\/kw-pcb-machine.com\/manufacturer\/pcb-2-spindle-router-machine\/#primaryimage\",\"url\":\"https:\/\/kw-pcb-machine.com\/wp-content\/uploads\/2024\/11\/pcb-router-machine-2.webp\",\"contentUrl\":\"https:\/\/kw-pcb-machine.com\/wp-content\/uploads\/2024\/11\/pcb-router-machine-2.webp\",\"width\":600,\"height\":544,\"caption\":\"pcb router machine\"},{\"@type\":\"BreadcrumbList\",\"@id\":\"https:\/\/kw-pcb-machine.com\/manufacturer\/pcb-2-spindle-router-machine\/#breadcrumb\",\"itemListElement\":[{\"@type\":\"ListItem\",\"position\":1,\"name\":\"Home\",\"item\":\"https:\/\/kw-pcb-machine.com\/\"},{\"@type\":\"ListItem\",\"position\":2,\"name\":\"Products\",\"item\":\"https:\/\/kw-pcb-machine.com\/shop\/\"},{\"@type\":\"ListItem\",\"position\":3,\"name\":\"PCB 2-Spindle Router Machine\"}]},{\"@type\":\"WebSite\",\"@id\":\"https:\/\/kw-pcb-machine.com\/#website\",\"url\":\"https:\/\/kw-pcb-machine.com\/\",\"name\":\"Kewei Industries HK limited\",\"description\":\"Printed Circuit Board (PCB) Making Machine Supplier\",\"potentialAction\":[{\"@type\":\"SearchAction\",\"target\":{\"@type\":\"EntryPoint\",\"urlTemplate\":\"https:\/\/kw-pcb-machine.com\/?s={search_term_string}\"},\"query-input\":{\"@type\":\"PropertyValueSpecification\",\"valueRequired\":true,\"valueName\":\"search_term_string\"}}],\"inLanguage\":\"es\"}]}<\/script>\n<!-- \/ Yoast SEO plugin. -->","yoast_head_json":{"title":"Fresadoras de PCB de alta calidad: Aumente la velocidad y la precisi\u00f3n de su producci\u00f3n","description":"Actualice su l\u00ednea de producci\u00f3n con fresadoras de PCB de alta calidad. Realice prototipos y montajes de PCB m\u00e1s r\u00e1pidos y precisos hoy mismo.","robots":{"index":"index","follow":"follow","max-snippet":"max-snippet:-1","max-image-preview":"max-image-preview:large","max-video-preview":"max-video-preview:-1"},"canonical":"https:\/\/kw-pcb-machine.com\/es_mx\/fabricante\/fresadora-de-2-husillos-pcb\/","og_locale":"es_MX","og_type":"article","og_title":"Top-Quality PCB Router Machines: Boost Your Production Speed and Accuracy","og_description":"Upgrade your production line with top-quality PCB router machines. Deliver faster, more accurate PCB prototyping and assembly today!","og_url":"https:\/\/kw-pcb-machine.com\/es_mx\/fabricante\/fresadora-de-2-husillos-pcb\/","og_site_name":"Kewei Industries HK limited","article_modified_time":"2024-12-25T03:42:03+00:00","og_image":[{"width":600,"height":544,"url":"https:\/\/kw-pcb-machine.com\/wp-content\/uploads\/2024\/11\/pcb-router-machine-2.webp","type":"image\/webp"}],"twitter_card":"summary_large_image","twitter_misc":{"Tiempo de lectura":"1 minuto"},"schema":{"@context":"https:\/\/schema.org","@graph":[{"@type":"WebPage","@id":"https:\/\/kw-pcb-machine.com\/manufacturer\/pcb-2-spindle-router-machine\/","url":"https:\/\/kw-pcb-machine.com\/manufacturer\/pcb-2-spindle-router-machine\/","name":"Fresadoras de PCB de alta calidad: Aumente la velocidad y la precisi\u00f3n de su producci\u00f3n","isPartOf":{"@id":"https:\/\/kw-pcb-machine.com\/#website"},"primaryImageOfPage":{"@id":"https:\/\/kw-pcb-machine.com\/manufacturer\/pcb-2-spindle-router-machine\/#primaryimage"},"image":{"@id":"https:\/\/kw-pcb-machine.com\/manufacturer\/pcb-2-spindle-router-machine\/#primaryimage"},"thumbnailUrl":"https:\/\/kw-pcb-machine.com\/wp-content\/uploads\/2024\/11\/pcb-router-machine-2.webp","datePublished":"2024-11-22T10:11:27+00:00","dateModified":"2024-12-25T03:42:03+00:00","description":"Actualice su l\u00ednea de producci\u00f3n con fresadoras de PCB de alta calidad. Realice prototipos y montajes de PCB m\u00e1s r\u00e1pidos y precisos hoy mismo.","breadcrumb":{"@id":"https:\/\/kw-pcb-machine.com\/manufacturer\/pcb-2-spindle-router-machine\/#breadcrumb"},"inLanguage":"es","potentialAction":[{"@type":"ReadAction","target":["https:\/\/kw-pcb-machine.com\/manufacturer\/pcb-2-spindle-router-machine\/"]}]},{"@type":"ImageObject","inLanguage":"es","@id":"https:\/\/kw-pcb-machine.com\/manufacturer\/pcb-2-spindle-router-machine\/#primaryimage","url":"https:\/\/kw-pcb-machine.com\/wp-content\/uploads\/2024\/11\/pcb-router-machine-2.webp","contentUrl":"https:\/\/kw-pcb-machine.com\/wp-content\/uploads\/2024\/11\/pcb-router-machine-2.webp","width":600,"height":544,"caption":"pcb router machine"},{"@type":"BreadcrumbList","@id":"https:\/\/kw-pcb-machine.com\/manufacturer\/pcb-2-spindle-router-machine\/#breadcrumb","itemListElement":[{"@type":"ListItem","position":1,"name":"Home","item":"https:\/\/kw-pcb-machine.com\/"},{"@type":"ListItem","position":2,"name":"Products","item":"https:\/\/kw-pcb-machine.com\/shop\/"},{"@type":"ListItem","position":3,"name":"PCB 2-Spindle Router Machine"}]},{"@type":"WebSite","@id":"https:\/\/kw-pcb-machine.com\/#website","url":"https:\/\/kw-pcb-machine.com\/","name":"Kewei Industries HK limitada","description":"Proveedor de m\u00e1quinas de fabricaci\u00f3n de circuitos impresos (PCB)","potentialAction":[{"@type":"SearchAction","target":{"@type":"EntryPoint","urlTemplate":"https:\/\/kw-pcb-machine.com\/?s={search_term_string}"},"query-input":{"@type":"PropertyValueSpecification","valueRequired":true,"valueName":"search_term_string"}}],"inLanguage":"es"}]}},"_links":{"self":[{"href":"https:\/\/kw-pcb-machine.com\/es_mx\/wp-json\/wp\/v2\/product\/1790","targetHints":{"allow":["GET"]}}],"collection":[{"href":"https:\/\/kw-pcb-machine.com\/es_mx\/wp-json\/wp\/v2\/product"}],"about":[{"href":"https:\/\/kw-pcb-machine.com\/es_mx\/wp-json\/wp\/v2\/types\/product"}],"replies":[{"embeddable":true,"href":"https:\/\/kw-pcb-machine.com\/es_mx\/wp-json\/wp\/v2\/comments?post=1790"}],"wp:featuredmedia":[{"embeddable":true,"href":"https:\/\/kw-pcb-machine.com\/es_mx\/wp-json\/wp\/v2\/media\/1795"}],"wp:attachment":[{"href":"https:\/\/kw-pcb-machine.com\/es_mx\/wp-json\/wp\/v2\/media?parent=1790"}],"wp:term":[{"taxonomy":"product_brand","embeddable":true,"href":"https:\/\/kw-pcb-machine.com\/es_mx\/wp-json\/wp\/v2\/product_brand?post=1790"},{"taxonomy":"product_cat","embeddable":true,"href":"https:\/\/kw-pcb-machine.com\/es_mx\/wp-json\/wp\/v2\/product_cat?post=1790"},{"taxonomy":"product_tag","embeddable":true,"href":"https:\/\/kw-pcb-machine.com\/es_mx\/wp-json\/wp\/v2\/product_tag?post=1790"}],"curies":[{"name":"wp","href":"https:\/\/api.w.org\/{rel}","templated":true}]}}