{"id":1819,"date":"2024-12-02T11:54:28","date_gmt":"2024-12-02T11:54:28","guid":{"rendered":"https:\/\/kw-pcb-machine.com\/?post_type=product&#038;p=1819"},"modified":"2024-12-25T11:49:56","modified_gmt":"2024-12-25T11:49:56","slug":"impresora-pcb-inkjet","status":"publish","type":"product","link":"https:\/\/kw-pcb-machine.com\/es_mx\/fabricante\/impresora-pcb-inkjet\/","title":{"rendered":"Impresora de chorro de tinta para PCB"},"content":{"rendered":"<p><iframe loading=\"lazy\" title=\"PCB Character Inkjet Printing Machine #pcbmanufacturing  #inkjetprinter\" width=\"1020\" height=\"765\" src=\"https:\/\/www.youtube.com\/embed\/obnZk4ts6VE?feature=oembed\" frameborder=\"0\" allow=\"accelerometer; autoplay; clipboard-write; encrypted-media; gyroscope; picture-in-picture; web-share\" referrerpolicy=\"strict-origin-when-cross-origin\" allowfullscreen><\/iframe><\/p>\n<p><strong>Aplicaci\u00f3n: para la impresi\u00f3n de leyendas de PCB<\/strong><\/p>\n\n<table id=\"tablepress-24\" class=\"tablepress tablepress-id-24\">\n<thead>\n<tr class=\"row-1\">\n\t<th class=\"column-1\">Art\u00edculo<\/th><th class=\"column-2\">Detalle<\/th>\n<\/tr>\n<\/thead>\n<tbody class=\"row-striping row-hover\">\n<tr class=\"row-2\">\n\t<td class=\"column-1\">Tama\u00f1o m\u00e1ximo de impresi\u00f3n:<\/td><td class=\"column-2\">620 mm x 720 mm<\/td>\n<\/tr>\n<tr class=\"row-3\">\n\t<td class=\"column-1\">Espesor del panel:<\/td><td class=\"column-2\">0,1 mm-10 mm<\/td>\n<\/tr>\n<tr class=\"row-4\">\n\t<td class=\"column-1\">Resoluci\u00f3n m\u00ednima\/m\u00e1xima:<\/td><td class=\"column-2\">720\/1440 ppp<\/td>\n<\/tr>\n<tr class=\"row-5\">\n\t<td class=\"column-1\">Anchura m\u00ednima de l\u00ednea:<\/td><td class=\"column-2\">3 mil (0,075 mm)<\/td>\n<\/tr>\n<tr class=\"row-6\">\n\t<td class=\"column-1\">Altura m\u00ednima de la leyenda:<\/td><td class=\"column-2\">20 mil\u00edmetros (0,5 mm)<\/td>\n<\/tr>\n<tr class=\"row-7\">\n\t<td class=\"column-1\">Profundidad de campo:<\/td><td class=\"column-2\">126 mil (3,2 mm)<\/td>\n<\/tr>\n<tr class=\"row-8\">\n\t<td class=\"column-1\">M\u00e9todo de alineaci\u00f3n:<\/td><td class=\"column-2\">CCD \u00fanico posicionamiento en tres o cuatro puntos (autom\u00e1tico)<\/td>\n<\/tr>\n<tr class=\"row-9\">\n\t<td class=\"column-1\">Velocidad de trabajo:<\/td><td class=\"column-2\">3,5~4 caras por minuto<\/td>\n<\/tr>\n<tr class=\"row-10\">\n\t<td class=\"column-1\">Tinta:<\/td><td class=\"column-2\">Coants, TAIYO y otras marcas<\/td>\n<\/tr>\n<tr class=\"row-11\">\n\t<td class=\"column-1\">Modo de impresi\u00f3n:<\/td><td class=\"column-2\">Lado A-A o A-B<\/td>\n<\/tr>\n<tr class=\"row-12\">\n\t<td class=\"column-1\">M\u00e1quina Peso neto:<\/td><td class=\"column-2\">3500KG<\/td>\n<\/tr>\n<tr class=\"row-13\">\n\t<td class=\"column-1\">Ordenador<\/td><td class=\"column-2\">Windows10<\/td>\n<\/tr>\n<tr class=\"row-14\">\n\t<td class=\"column-1\">Sistema de curado:<\/td><td class=\"column-2\">L\u00e1mpara UV-LED y su sistema de refrigeraci\u00f3n<\/td>\n<\/tr>\n<tr class=\"row-15\">\n\t<td class=\"column-1\">Fuente de alimentaci\u00f3n est\u00e1ndar:<\/td><td class=\"column-2\">AC220V; 50HZ<\/td>\n<\/tr>\n<tr class=\"row-16\">\n\t<td class=\"column-1\">Norma de suministro de aire:<\/td><td class=\"column-2\">0,45-0,65MPA<\/td>\n<\/tr>\n<tr class=\"row-17\">\n\t<td class=\"column-1\">Requisitos del taller:<\/td><td class=\"column-2\">sala blanca \u2265 clase 100.000<\/td>\n<\/tr>\n<tr class=\"row-18\">\n\t<td class=\"column-1\">Aire acondicionado:<\/td><td class=\"column-2\">mantener la humedad y la temperatura de funcionamiento; no colocar el aparato en la salida de aire<\/td>\n<\/tr>\n<tr class=\"row-19\">\n\t<td class=\"column-1\">Temperatura:<\/td><td class=\"column-2\">20\u2103-24\u2103<\/td>\n<\/tr>\n<tr class=\"row-20\">\n\t<td class=\"column-1\">Fuerza del suelo:<\/td><td class=\"column-2\">M\u00e1s de 1000KG\/m\u00b2 20 Vibraci\u00f3n del suelo Mantener alejado de equipos con fuertes vibraciones<\/td>\n<\/tr>\n<tr class=\"row-21\">\n\t<td class=\"column-1\">La luz del sol:<\/td><td class=\"column-2\">Evitar la luz solar directa<\/td>\n<\/tr>\n<tr class=\"row-22\">\n\t<td class=\"column-1\">Potencia de acogida:<\/td><td class=\"column-2\">5KVA<\/td>\n<\/tr>\n<tr class=\"row-23\">\n\t<td class=\"column-1\">Fuente de alimentaci\u00f3n del host:<\/td><td class=\"column-2\">220V; 50HZ;<\/td>\n<\/tr>\n<tr class=\"row-24\">\n\t<td class=\"column-1\">Interruptor principal:<\/td><td class=\"column-2\">32A<\/td>\n<\/tr>\n<tr class=\"row-25\">\n\t<td class=\"column-1\">Red:<\/td><td class=\"column-2\">45 puertos<\/td>\n<\/tr>\n<tr class=\"row-26\">\n\t<td class=\"column-1\">Categor\u00eda de impresi\u00f3n:<\/td><td class=\"column-2\">car\u00e1cter\/ciclo de cambio\/c\u00f3digo QR\/c\u00f3digo de barras<\/td>\n<\/tr>\n<tr class=\"row-27\">\n\t<td class=\"column-1\">Detecci\u00f3n del espesor de la placa:<\/td><td class=\"column-2\">Sensores l\u00e1ser KEYENCE<\/td>\n<\/tr>\n<tr class=\"row-28\">\n\t<td class=\"column-1\">Precisi\u00f3n de detecci\u00f3n:<\/td><td class=\"column-2\">0,1 mm<\/td>\n<\/tr>\n<\/tbody>\n<\/table>\n<!-- #tablepress-24 from cache -->\n<a href=\"https:\/\/kw-pcb-machine.com\/es_mx\/pongase-en-contacto-con\/\" class=\"button primary is-shade box-shadow-3 box-shadow-5-hover\"  style=\"border-radius:5px;\">\n    <span>Solicitar presupuesto<\/span>\n  <\/a>","protected":false},"excerpt":{"rendered":"<ul>\n<li><strong>1. Impresi\u00f3n de alta resoluci\u00f3n<\/strong><br \/>\nLa impresora de inyecci\u00f3n de tinta para PCB est\u00e1 equipada con cabezales de impresi\u00f3n de \u00faltima generaci\u00f3n capaces de ofrecer una resoluci\u00f3n ultra alta. Esto garantiza patrones de circuito precisos y claros, trazos de l\u00edneas finas y componentes detallados, lo que la hace ideal para dise\u00f1os de PCB complejos.<\/li>\n<li><strong>2. R\u00e1pida velocidad de impresi\u00f3n<\/strong><br \/>\nDise\u00f1ada para una fabricaci\u00f3n de alta eficiencia, nuestra impresora de inyecci\u00f3n de tinta para PCB ofrece una alta velocidad de impresi\u00f3n sin comprometer la calidad. Esta caracter\u00edstica reduce significativamente el tiempo de producci\u00f3n y aumenta el rendimiento, satisfaciendo las demandas de producci\u00f3n de PCB de gran volumen.<\/li>\n<li><strong>3. Compatibilidad con materiales vers\u00e1tiles<\/strong><br \/>\nNuestra impresora de inyecci\u00f3n de tinta para PCB admite una amplia gama de materiales, incluidos FR4 est\u00e1ndar, PCB flexibles y otros sustratos especializados. Es capaz de imprimir tanto en placas de circuito impreso de una cara como de varias capas, lo que proporciona flexibilidad para diversos tipos de fabricaci\u00f3n de placas de circuito impreso.<\/li>\n<\/ul>","protected":false},"featured_media":1820,"comment_status":"open","ping_status":"closed","template":"","meta":[],"product_brand":[],"product_cat":[50,43],"product_tag":[],"class_list":{"0":"post-1819","1":"product","2":"type-product","3":"status-publish","4":"has-post-thumbnail","6":"product_cat-new-pcb-fabrication-machine","7":"product_cat-screen-legend","9":"first","10":"instock","11":"shipping-taxable","12":"product-type-simple"},"yoast_head":"<!-- This site is optimized with the Yoast SEO plugin v25.5 - https:\/\/yoast.com\/wordpress\/plugins\/seo\/ -->\n<title>High-Precision PCB Inkjet Printer for Reliable Circuit Board Printing<\/title>\n<meta name=\"description\" content=\"Achieve superior precision and quality in PCB production with our state-of-the-art inkjet printers. Perfect for printing high-definition circuit board designs, our machines deliver accurate results with minimal waste, ideal for both small and large-scale PCB manufacturers.\" \/>\n<meta name=\"robots\" content=\"index, follow, max-snippet:-1, max-image-preview:large, max-video-preview:-1\" \/>\n<link rel=\"canonical\" href=\"https:\/\/kw-pcb-machine.com\/es_mx\/fabricante\/impresora-pcb-inkjet\/\" \/>\n<meta property=\"og:locale\" content=\"es_MX\" \/>\n<meta property=\"og:type\" content=\"article\" \/>\n<meta property=\"og:title\" content=\"High-Precision PCB Inkjet Printer for Reliable Circuit Board Printing\" \/>\n<meta property=\"og:description\" content=\"Achieve superior precision and quality in PCB production with our state-of-the-art inkjet printers. Perfect for printing high-definition circuit board designs, our machines deliver accurate results with minimal waste, ideal for both small and large-scale PCB manufacturers.\" \/>\n<meta property=\"og:url\" content=\"https:\/\/kw-pcb-machine.com\/es_mx\/fabricante\/impresora-pcb-inkjet\/\" \/>\n<meta property=\"og:site_name\" content=\"Kewei Industries HK limited\" \/>\n<meta property=\"article:modified_time\" content=\"2024-12-25T11:49:56+00:00\" \/>\n<meta property=\"og:image\" content=\"https:\/\/kw-pcb-machine.com\/wp-content\/uploads\/2024\/12\/pcb-inkjet-printer.webp\" \/>\n\t<meta property=\"og:image:width\" content=\"600\" \/>\n\t<meta property=\"og:image:height\" content=\"600\" \/>\n\t<meta property=\"og:image:type\" content=\"image\/webp\" \/>\n<meta name=\"twitter:card\" content=\"summary_large_image\" \/>\n<meta name=\"twitter:label1\" content=\"Tiempo de lectura\" \/>\n\t<meta name=\"twitter:data1\" content=\"1 minuto\" \/>\n<script type=\"application\/ld+json\" class=\"yoast-schema-graph\">{\"@context\":\"https:\/\/schema.org\",\"@graph\":[{\"@type\":\"WebPage\",\"@id\":\"https:\/\/kw-pcb-machine.com\/manufacturer\/pcb-inkjet-printer\/\",\"url\":\"https:\/\/kw-pcb-machine.com\/manufacturer\/pcb-inkjet-printer\/\",\"name\":\"High-Precision PCB Inkjet Printer for Reliable Circuit Board Printing\",\"isPartOf\":{\"@id\":\"https:\/\/kw-pcb-machine.com\/#website\"},\"primaryImageOfPage\":{\"@id\":\"https:\/\/kw-pcb-machine.com\/manufacturer\/pcb-inkjet-printer\/#primaryimage\"},\"image\":{\"@id\":\"https:\/\/kw-pcb-machine.com\/manufacturer\/pcb-inkjet-printer\/#primaryimage\"},\"thumbnailUrl\":\"https:\/\/kw-pcb-machine.com\/wp-content\/uploads\/2024\/12\/pcb-inkjet-printer.webp\",\"datePublished\":\"2024-12-02T11:54:28+00:00\",\"dateModified\":\"2024-12-25T11:49:56+00:00\",\"description\":\"Achieve superior precision and quality in PCB production with our state-of-the-art inkjet printers. Perfect for printing high-definition circuit board designs, our machines deliver accurate results with minimal waste, ideal for both small and large-scale PCB manufacturers.\",\"breadcrumb\":{\"@id\":\"https:\/\/kw-pcb-machine.com\/manufacturer\/pcb-inkjet-printer\/#breadcrumb\"},\"inLanguage\":\"es\",\"potentialAction\":[{\"@type\":\"ReadAction\",\"target\":[\"https:\/\/kw-pcb-machine.com\/manufacturer\/pcb-inkjet-printer\/\"]}]},{\"@type\":\"ImageObject\",\"inLanguage\":\"es\",\"@id\":\"https:\/\/kw-pcb-machine.com\/manufacturer\/pcb-inkjet-printer\/#primaryimage\",\"url\":\"https:\/\/kw-pcb-machine.com\/wp-content\/uploads\/2024\/12\/pcb-inkjet-printer.webp\",\"contentUrl\":\"https:\/\/kw-pcb-machine.com\/wp-content\/uploads\/2024\/12\/pcb-inkjet-printer.webp\",\"width\":600,\"height\":600,\"caption\":\"pcb inkjet printer\"},{\"@type\":\"BreadcrumbList\",\"@id\":\"https:\/\/kw-pcb-machine.com\/manufacturer\/pcb-inkjet-printer\/#breadcrumb\",\"itemListElement\":[{\"@type\":\"ListItem\",\"position\":1,\"name\":\"Home\",\"item\":\"https:\/\/kw-pcb-machine.com\/\"},{\"@type\":\"ListItem\",\"position\":2,\"name\":\"Products\",\"item\":\"https:\/\/kw-pcb-machine.com\/shop\/\"},{\"@type\":\"ListItem\",\"position\":3,\"name\":\"PCB Inkjet Printer\"}]},{\"@type\":\"WebSite\",\"@id\":\"https:\/\/kw-pcb-machine.com\/#website\",\"url\":\"https:\/\/kw-pcb-machine.com\/\",\"name\":\"Kewei Industries HK limited\",\"description\":\"Printed Circuit Board (PCB) Making Machine Supplier\",\"potentialAction\":[{\"@type\":\"SearchAction\",\"target\":{\"@type\":\"EntryPoint\",\"urlTemplate\":\"https:\/\/kw-pcb-machine.com\/?s={search_term_string}\"},\"query-input\":{\"@type\":\"PropertyValueSpecification\",\"valueRequired\":true,\"valueName\":\"search_term_string\"}}],\"inLanguage\":\"es\"}]}<\/script>\n<!-- \/ Yoast SEO plugin. -->","yoast_head_json":{"title":"Impresora de inyecci\u00f3n de tinta PCB de alta precisi\u00f3n para una impresi\u00f3n fiable de circuitos impresos","description":"Consiga una precisi\u00f3n y calidad superiores en la producci\u00f3n de placas de circuito impreso con nuestras impresoras de inyecci\u00f3n de tinta de \u00faltima generaci\u00f3n. Perfectas para imprimir dise\u00f1os de placas de circuitos de alta definici\u00f3n, nuestras m\u00e1quinas ofrecen resultados precisos con un m\u00ednimo de residuos, ideales para fabricantes de PCB tanto a peque\u00f1a como a gran escala.","robots":{"index":"index","follow":"follow","max-snippet":"max-snippet:-1","max-image-preview":"max-image-preview:large","max-video-preview":"max-video-preview:-1"},"canonical":"https:\/\/kw-pcb-machine.com\/es_mx\/fabricante\/impresora-pcb-inkjet\/","og_locale":"es_MX","og_type":"article","og_title":"High-Precision PCB Inkjet Printer for Reliable Circuit Board Printing","og_description":"Achieve superior precision and quality in PCB production with our state-of-the-art inkjet printers. Perfect for printing high-definition circuit board designs, our machines deliver accurate results with minimal waste, ideal for both small and large-scale PCB manufacturers.","og_url":"https:\/\/kw-pcb-machine.com\/es_mx\/fabricante\/impresora-pcb-inkjet\/","og_site_name":"Kewei Industries HK limited","article_modified_time":"2024-12-25T11:49:56+00:00","og_image":[{"width":600,"height":600,"url":"https:\/\/kw-pcb-machine.com\/wp-content\/uploads\/2024\/12\/pcb-inkjet-printer.webp","type":"image\/webp"}],"twitter_card":"summary_large_image","twitter_misc":{"Tiempo de lectura":"1 minuto"},"schema":{"@context":"https:\/\/schema.org","@graph":[{"@type":"WebPage","@id":"https:\/\/kw-pcb-machine.com\/manufacturer\/pcb-inkjet-printer\/","url":"https:\/\/kw-pcb-machine.com\/manufacturer\/pcb-inkjet-printer\/","name":"Impresora de inyecci\u00f3n de tinta PCB de alta precisi\u00f3n para una impresi\u00f3n fiable de circuitos impresos","isPartOf":{"@id":"https:\/\/kw-pcb-machine.com\/#website"},"primaryImageOfPage":{"@id":"https:\/\/kw-pcb-machine.com\/manufacturer\/pcb-inkjet-printer\/#primaryimage"},"image":{"@id":"https:\/\/kw-pcb-machine.com\/manufacturer\/pcb-inkjet-printer\/#primaryimage"},"thumbnailUrl":"https:\/\/kw-pcb-machine.com\/wp-content\/uploads\/2024\/12\/pcb-inkjet-printer.webp","datePublished":"2024-12-02T11:54:28+00:00","dateModified":"2024-12-25T11:49:56+00:00","description":"Consiga una precisi\u00f3n y calidad superiores en la producci\u00f3n de placas de circuito impreso con nuestras impresoras de inyecci\u00f3n de tinta de \u00faltima generaci\u00f3n. Perfectas para imprimir dise\u00f1os de placas de circuitos de alta definici\u00f3n, nuestras m\u00e1quinas ofrecen resultados precisos con un m\u00ednimo de residuos, ideales para fabricantes de PCB tanto a peque\u00f1a como a gran escala.","breadcrumb":{"@id":"https:\/\/kw-pcb-machine.com\/manufacturer\/pcb-inkjet-printer\/#breadcrumb"},"inLanguage":"es","potentialAction":[{"@type":"ReadAction","target":["https:\/\/kw-pcb-machine.com\/manufacturer\/pcb-inkjet-printer\/"]}]},{"@type":"ImageObject","inLanguage":"es","@id":"https:\/\/kw-pcb-machine.com\/manufacturer\/pcb-inkjet-printer\/#primaryimage","url":"https:\/\/kw-pcb-machine.com\/wp-content\/uploads\/2024\/12\/pcb-inkjet-printer.webp","contentUrl":"https:\/\/kw-pcb-machine.com\/wp-content\/uploads\/2024\/12\/pcb-inkjet-printer.webp","width":600,"height":600,"caption":"pcb inkjet printer"},{"@type":"BreadcrumbList","@id":"https:\/\/kw-pcb-machine.com\/manufacturer\/pcb-inkjet-printer\/#breadcrumb","itemListElement":[{"@type":"ListItem","position":1,"name":"Home","item":"https:\/\/kw-pcb-machine.com\/"},{"@type":"ListItem","position":2,"name":"Products","item":"https:\/\/kw-pcb-machine.com\/shop\/"},{"@type":"ListItem","position":3,"name":"PCB Inkjet Printer"}]},{"@type":"WebSite","@id":"https:\/\/kw-pcb-machine.com\/#website","url":"https:\/\/kw-pcb-machine.com\/","name":"Kewei Industries HK limitada","description":"Proveedor de m\u00e1quinas de fabricaci\u00f3n de circuitos impresos (PCB)","potentialAction":[{"@type":"SearchAction","target":{"@type":"EntryPoint","urlTemplate":"https:\/\/kw-pcb-machine.com\/?s={search_term_string}"},"query-input":{"@type":"PropertyValueSpecification","valueRequired":true,"valueName":"search_term_string"}}],"inLanguage":"es"}]}},"_links":{"self":[{"href":"https:\/\/kw-pcb-machine.com\/es_mx\/wp-json\/wp\/v2\/product\/1819","targetHints":{"allow":["GET"]}}],"collection":[{"href":"https:\/\/kw-pcb-machine.com\/es_mx\/wp-json\/wp\/v2\/product"}],"about":[{"href":"https:\/\/kw-pcb-machine.com\/es_mx\/wp-json\/wp\/v2\/types\/product"}],"replies":[{"embeddable":true,"href":"https:\/\/kw-pcb-machine.com\/es_mx\/wp-json\/wp\/v2\/comments?post=1819"}],"wp:featuredmedia":[{"embeddable":true,"href":"https:\/\/kw-pcb-machine.com\/es_mx\/wp-json\/wp\/v2\/media\/1820"}],"wp:attachment":[{"href":"https:\/\/kw-pcb-machine.com\/es_mx\/wp-json\/wp\/v2\/media?parent=1819"}],"wp:term":[{"taxonomy":"product_brand","embeddable":true,"href":"https:\/\/kw-pcb-machine.com\/es_mx\/wp-json\/wp\/v2\/product_brand?post=1819"},{"taxonomy":"product_cat","embeddable":true,"href":"https:\/\/kw-pcb-machine.com\/es_mx\/wp-json\/wp\/v2\/product_cat?post=1819"},{"taxonomy":"product_tag","embeddable":true,"href":"https:\/\/kw-pcb-machine.com\/es_mx\/wp-json\/wp\/v2\/product_tag?post=1819"}],"curies":[{"name":"wp","href":"https:\/\/api.w.org\/{rel}","templated":true}]}}