{"id":1850,"date":"2024-12-13T07:53:25","date_gmt":"2024-12-13T07:53:25","guid":{"rendered":"https:\/\/kw-pcb-machine.com\/?post_type=product&#038;p=1850"},"modified":"2024-12-24T08:28:54","modified_gmt":"2024-12-24T08:28:54","slug":"pulidor-metalografico","status":"publish","type":"product","link":"https:\/\/kw-pcb-machine.com\/es_mx\/fabricante\/pulidor-metalografico\/","title":{"rendered":"Pulidora metalogr\u00e1fica"},"content":{"rendered":"<p><strong>Aplicaci\u00f3n: M\u00e1quina especializada utilizada en la preparaci\u00f3n de muestras metalogr\u00e1ficas para examen microsc\u00f3pico.<\/strong><\/p>\n\n<table id=\"tablepress-29\" class=\"tablepress tablepress-id-29\">\n<thead>\n<tr class=\"row-1\">\n\t<th class=\"column-1\">Art\u00edculo<\/th><th class=\"column-2\">Detalle<\/th>\n<\/tr>\n<\/thead>\n<tbody class=\"row-striping row-hover\">\n<tr class=\"row-2\">\n\t<td class=\"column-1\">CANT. de placa abrasiva:<\/td><td class=\"column-2\">2<\/td>\n<\/tr>\n<tr class=\"row-3\">\n\t<td class=\"column-1\">Modo de control:<\/td><td class=\"column-2\">Doble disco, doble control<\/td>\n<\/tr>\n<tr class=\"row-4\">\n\t<td class=\"column-1\">Tama\u00f1o de la placa de esmerilado:<\/td><td class=\"column-2\">\u03a6200MM<\/td>\n<\/tr>\n<tr class=\"row-5\">\n\t<td class=\"column-1\">Poder:<\/td><td class=\"column-2\">700 W (motor doble); CA\/220 V<\/td>\n<\/tr>\n<tr class=\"row-6\">\n\t<td class=\"column-1\">Rodamiento brank:<\/td><td class=\"column-2\">NSK<\/td>\n<\/tr>\n<tr class=\"row-7\">\n\t<td class=\"column-1\">Velocidad:<\/td><td class=\"column-2\">0\uff5e1000rpm<\/td>\n<\/tr>\n<tr class=\"row-8\">\n\t<td class=\"column-1\">Carcasa de la m\u00e1quina:<\/td><td class=\"column-2\">Moldeo ABS<\/td>\n<\/tr>\n<tr class=\"row-9\">\n\t<td class=\"column-1\">Dimensi\u00f3n de la m\u00e1quina:<\/td><td class=\"column-2\">660*600*350MM\uff08\u03a6200\uff09<\/td>\n<\/tr>\n<tr class=\"row-10\">\n\t<td class=\"column-1\">Peso de la m\u00e1quina:<\/td><td class=\"column-2\">50 kg<\/td>\n<\/tr>\n<\/tbody>\n<\/table>\n<!-- #tablepress-29 from cache -->\n<a href=\"https:\/\/kw-pcb-machine.com\/es_mx\/pongase-en-contacto-con\/\" class=\"button primary is-shade box-shadow-3 box-shadow-5-hover\"  style=\"border-radius:5px;\">\n    <span>Solicitar presupuesto<\/span>\n  <\/a>","protected":false},"excerpt":{"rendered":"<ul>\n<li>1. <strong>Pulido de superficies de precisi\u00f3n<\/strong><\/li>\n<li>Nuestras pulidoras metalogr\u00e1ficas proporcionan un acabado de superficies de alta precisi\u00f3n, garantizando superficies lisas, sin defectos y con aspecto de espejo, esenciales para el an\u00e1lisis microestructural preciso de metales, aleaciones y materiales compuestos.<\/li>\n<li>2. <strong>Proceso de pulido en varios pasos<\/strong><\/li>\n<li>Equipadas con m\u00faltiples etapas de pulido, nuestras m\u00e1quinas permiten un refinamiento gradual de las superficies, desde el esmerilado grueso hasta el pulido ultrafino, consiguiendo el m\u00e1ximo nivel de acabado para una inspecci\u00f3n detallada del material.<\/li>\n<li>3. <strong>Control automatizado y coherencia<\/strong><\/li>\n<li>Con controles automatizados de presi\u00f3n, velocidad y rotaci\u00f3n, nuestras pulidoras metalogr\u00e1ficas garantizan resultados uniformes y repetibles, mejorando la eficacia y minimizando los errores del operario durante la preparaci\u00f3n de las muestras.<\/li>\n<li>4. <strong>Vers\u00e1til para diversos materiales<\/strong><\/li>\n<li>Nuestras pulidoras metalogr\u00e1ficas son adecuadas para una amplia gama de materiales, incluidos metales, cer\u00e1mica y materiales compuestos. Est\u00e1n dise\u00f1ados para manejar diferentes tama\u00f1os de muestra y materiales, lo que los hace vers\u00e1tiles para diversas aplicaciones industriales y de investigaci\u00f3n.<\/li>\n<\/ul>","protected":false},"featured_media":1851,"comment_status":"open","ping_status":"closed","template":"","meta":[],"product_brand":[],"product_cat":[50,48],"product_tag":[],"class_list":{"0":"post-1850","1":"product","2":"type-product","3":"status-publish","4":"has-post-thumbnail","6":"product_cat-new-pcb-fabrication-machine","7":"product_cat-lab-machine","9":"first","10":"instock","11":"shipping-taxable","12":"product-type-simple"},"yoast_head":"<!-- This site is optimized with the Yoast SEO plugin v25.5 - https:\/\/yoast.com\/wordpress\/plugins\/seo\/ -->\n<title>High-Precision Metallographic Polisher for Superior Surface Finishing<\/title>\n<meta name=\"description\" content=\"Achieve flawless sample surfaces with our advanced metallographic polishers. Ideal for materials science and metallurgy, our machines provide precise polishing for metal, alloy, and composite analysis.\" \/>\n<meta name=\"robots\" content=\"index, follow, max-snippet:-1, max-image-preview:large, max-video-preview:-1\" \/>\n<link rel=\"canonical\" href=\"https:\/\/kw-pcb-machine.com\/es_mx\/fabricante\/pulidor-metalografico\/\" \/>\n<meta property=\"og:locale\" content=\"es_MX\" \/>\n<meta property=\"og:type\" content=\"article\" \/>\n<meta property=\"og:title\" content=\"High-Precision Metallographic Polisher for Superior Surface Finishing\" \/>\n<meta property=\"og:description\" content=\"Achieve flawless sample surfaces with our advanced metallographic polishers. Ideal for materials science and metallurgy, our machines provide precise polishing for metal, alloy, and composite analysis.\" \/>\n<meta property=\"og:url\" content=\"https:\/\/kw-pcb-machine.com\/es_mx\/fabricante\/pulidor-metalografico\/\" \/>\n<meta property=\"og:site_name\" content=\"Kewei Industries HK limited\" \/>\n<meta property=\"article:modified_time\" content=\"2024-12-24T08:28:54+00:00\" \/>\n<meta property=\"og:image\" content=\"https:\/\/kw-pcb-machine.com\/wp-content\/uploads\/2024\/12\/Grinding-machine.webp\" \/>\n\t<meta property=\"og:image:width\" content=\"600\" \/>\n\t<meta property=\"og:image:height\" content=\"407\" \/>\n\t<meta property=\"og:image:type\" content=\"image\/webp\" \/>\n<meta name=\"twitter:card\" content=\"summary_large_image\" \/>\n<meta name=\"twitter:label1\" content=\"Tiempo de lectura\" \/>\n\t<meta name=\"twitter:data1\" content=\"1 minuto\" \/>\n<script type=\"application\/ld+json\" class=\"yoast-schema-graph\">{\"@context\":\"https:\/\/schema.org\",\"@graph\":[{\"@type\":\"WebPage\",\"@id\":\"https:\/\/kw-pcb-machine.com\/manufacturer\/metallographic-polisher\/\",\"url\":\"https:\/\/kw-pcb-machine.com\/manufacturer\/metallographic-polisher\/\",\"name\":\"High-Precision Metallographic Polisher for Superior Surface Finishing\",\"isPartOf\":{\"@id\":\"https:\/\/kw-pcb-machine.com\/#website\"},\"primaryImageOfPage\":{\"@id\":\"https:\/\/kw-pcb-machine.com\/manufacturer\/metallographic-polisher\/#primaryimage\"},\"image\":{\"@id\":\"https:\/\/kw-pcb-machine.com\/manufacturer\/metallographic-polisher\/#primaryimage\"},\"thumbnailUrl\":\"https:\/\/kw-pcb-machine.com\/wp-content\/uploads\/2024\/12\/Grinding-machine.webp\",\"datePublished\":\"2024-12-13T07:53:25+00:00\",\"dateModified\":\"2024-12-24T08:28:54+00:00\",\"description\":\"Achieve flawless sample surfaces with our advanced metallographic polishers. Ideal for materials science and metallurgy, our machines provide precise polishing for metal, alloy, and composite analysis.\",\"breadcrumb\":{\"@id\":\"https:\/\/kw-pcb-machine.com\/manufacturer\/metallographic-polisher\/#breadcrumb\"},\"inLanguage\":\"es\",\"potentialAction\":[{\"@type\":\"ReadAction\",\"target\":[\"https:\/\/kw-pcb-machine.com\/manufacturer\/metallographic-polisher\/\"]}]},{\"@type\":\"ImageObject\",\"inLanguage\":\"es\",\"@id\":\"https:\/\/kw-pcb-machine.com\/manufacturer\/metallographic-polisher\/#primaryimage\",\"url\":\"https:\/\/kw-pcb-machine.com\/wp-content\/uploads\/2024\/12\/Grinding-machine.webp\",\"contentUrl\":\"https:\/\/kw-pcb-machine.com\/wp-content\/uploads\/2024\/12\/Grinding-machine.webp\",\"width\":600,\"height\":407,\"caption\":\"Grinding machine for PCB\"},{\"@type\":\"BreadcrumbList\",\"@id\":\"https:\/\/kw-pcb-machine.com\/manufacturer\/metallographic-polisher\/#breadcrumb\",\"itemListElement\":[{\"@type\":\"ListItem\",\"position\":1,\"name\":\"Home\",\"item\":\"https:\/\/kw-pcb-machine.com\/\"},{\"@type\":\"ListItem\",\"position\":2,\"name\":\"Products\",\"item\":\"https:\/\/kw-pcb-machine.com\/shop\/\"},{\"@type\":\"ListItem\",\"position\":3,\"name\":\"Metallographic Polisher\"}]},{\"@type\":\"WebSite\",\"@id\":\"https:\/\/kw-pcb-machine.com\/#website\",\"url\":\"https:\/\/kw-pcb-machine.com\/\",\"name\":\"Kewei Industries HK limited\",\"description\":\"Printed Circuit Board (PCB) Making Machine Supplier\",\"potentialAction\":[{\"@type\":\"SearchAction\",\"target\":{\"@type\":\"EntryPoint\",\"urlTemplate\":\"https:\/\/kw-pcb-machine.com\/?s={search_term_string}\"},\"query-input\":{\"@type\":\"PropertyValueSpecification\",\"valueRequired\":true,\"valueName\":\"search_term_string\"}}],\"inLanguage\":\"es\"}]}<\/script>\n<!-- \/ Yoast SEO plugin. -->","yoast_head_json":{"title":"Pulidora metalogr\u00e1fica de alta precisi\u00f3n para un acabado superficial superior","description":"Consiga superficies de muestra impecables con nuestros avanzados pulidores metalogr\u00e1ficos. Ideales para la ciencia de los materiales y la metalurgia, nuestras m\u00e1quinas proporcionan un pulido preciso para el an\u00e1lisis de metales, aleaciones y materiales compuestos.","robots":{"index":"index","follow":"follow","max-snippet":"max-snippet:-1","max-image-preview":"max-image-preview:large","max-video-preview":"max-video-preview:-1"},"canonical":"https:\/\/kw-pcb-machine.com\/es_mx\/fabricante\/pulidor-metalografico\/","og_locale":"es_MX","og_type":"article","og_title":"High-Precision Metallographic Polisher for Superior Surface Finishing","og_description":"Achieve flawless sample surfaces with our advanced metallographic polishers. Ideal for materials science and metallurgy, our machines provide precise polishing for metal, alloy, and composite analysis.","og_url":"https:\/\/kw-pcb-machine.com\/es_mx\/fabricante\/pulidor-metalografico\/","og_site_name":"Kewei Industries HK limited","article_modified_time":"2024-12-24T08:28:54+00:00","og_image":[{"width":600,"height":407,"url":"https:\/\/kw-pcb-machine.com\/wp-content\/uploads\/2024\/12\/Grinding-machine.webp","type":"image\/webp"}],"twitter_card":"summary_large_image","twitter_misc":{"Tiempo de lectura":"1 minuto"},"schema":{"@context":"https:\/\/schema.org","@graph":[{"@type":"WebPage","@id":"https:\/\/kw-pcb-machine.com\/manufacturer\/metallographic-polisher\/","url":"https:\/\/kw-pcb-machine.com\/manufacturer\/metallographic-polisher\/","name":"Pulidora metalogr\u00e1fica de alta precisi\u00f3n para un acabado superficial superior","isPartOf":{"@id":"https:\/\/kw-pcb-machine.com\/#website"},"primaryImageOfPage":{"@id":"https:\/\/kw-pcb-machine.com\/manufacturer\/metallographic-polisher\/#primaryimage"},"image":{"@id":"https:\/\/kw-pcb-machine.com\/manufacturer\/metallographic-polisher\/#primaryimage"},"thumbnailUrl":"https:\/\/kw-pcb-machine.com\/wp-content\/uploads\/2024\/12\/Grinding-machine.webp","datePublished":"2024-12-13T07:53:25+00:00","dateModified":"2024-12-24T08:28:54+00:00","description":"Consiga superficies de muestra impecables con nuestros avanzados pulidores metalogr\u00e1ficos. Ideales para la ciencia de los materiales y la metalurgia, nuestras m\u00e1quinas proporcionan un pulido preciso para el an\u00e1lisis de metales, aleaciones y materiales compuestos.","breadcrumb":{"@id":"https:\/\/kw-pcb-machine.com\/manufacturer\/metallographic-polisher\/#breadcrumb"},"inLanguage":"es","potentialAction":[{"@type":"ReadAction","target":["https:\/\/kw-pcb-machine.com\/manufacturer\/metallographic-polisher\/"]}]},{"@type":"ImageObject","inLanguage":"es","@id":"https:\/\/kw-pcb-machine.com\/manufacturer\/metallographic-polisher\/#primaryimage","url":"https:\/\/kw-pcb-machine.com\/wp-content\/uploads\/2024\/12\/Grinding-machine.webp","contentUrl":"https:\/\/kw-pcb-machine.com\/wp-content\/uploads\/2024\/12\/Grinding-machine.webp","width":600,"height":407,"caption":"Grinding machine for PCB"},{"@type":"BreadcrumbList","@id":"https:\/\/kw-pcb-machine.com\/manufacturer\/metallographic-polisher\/#breadcrumb","itemListElement":[{"@type":"ListItem","position":1,"name":"Home","item":"https:\/\/kw-pcb-machine.com\/"},{"@type":"ListItem","position":2,"name":"Products","item":"https:\/\/kw-pcb-machine.com\/shop\/"},{"@type":"ListItem","position":3,"name":"Metallographic Polisher"}]},{"@type":"WebSite","@id":"https:\/\/kw-pcb-machine.com\/#website","url":"https:\/\/kw-pcb-machine.com\/","name":"Kewei Industries HK limitada","description":"Proveedor de m\u00e1quinas de fabricaci\u00f3n de circuitos impresos (PCB)","potentialAction":[{"@type":"SearchAction","target":{"@type":"EntryPoint","urlTemplate":"https:\/\/kw-pcb-machine.com\/?s={search_term_string}"},"query-input":{"@type":"PropertyValueSpecification","valueRequired":true,"valueName":"search_term_string"}}],"inLanguage":"es"}]}},"_links":{"self":[{"href":"https:\/\/kw-pcb-machine.com\/es_mx\/wp-json\/wp\/v2\/product\/1850","targetHints":{"allow":["GET"]}}],"collection":[{"href":"https:\/\/kw-pcb-machine.com\/es_mx\/wp-json\/wp\/v2\/product"}],"about":[{"href":"https:\/\/kw-pcb-machine.com\/es_mx\/wp-json\/wp\/v2\/types\/product"}],"replies":[{"embeddable":true,"href":"https:\/\/kw-pcb-machine.com\/es_mx\/wp-json\/wp\/v2\/comments?post=1850"}],"wp:featuredmedia":[{"embeddable":true,"href":"https:\/\/kw-pcb-machine.com\/es_mx\/wp-json\/wp\/v2\/media\/1851"}],"wp:attachment":[{"href":"https:\/\/kw-pcb-machine.com\/es_mx\/wp-json\/wp\/v2\/media?parent=1850"}],"wp:term":[{"taxonomy":"product_brand","embeddable":true,"href":"https:\/\/kw-pcb-machine.com\/es_mx\/wp-json\/wp\/v2\/product_brand?post=1850"},{"taxonomy":"product_cat","embeddable":true,"href":"https:\/\/kw-pcb-machine.com\/es_mx\/wp-json\/wp\/v2\/product_cat?post=1850"},{"taxonomy":"product_tag","embeddable":true,"href":"https:\/\/kw-pcb-machine.com\/es_mx\/wp-json\/wp\/v2\/product_tag?post=1850"}],"curies":[{"name":"wp","href":"https:\/\/api.w.org\/{rel}","templated":true}]}}