{"id":1896,"date":"2024-12-25T09:08:36","date_gmt":"2024-12-25T09:08:36","guid":{"rendered":"https:\/\/kw-pcb-machine.com\/?post_type=product&#038;p=1896"},"modified":"2024-12-25T09:16:58","modified_gmt":"2024-12-25T09:16:58","slug":"desbarbadora-pcb","status":"publish","type":"product","link":"https:\/\/kw-pcb-machine.com\/es_mx\/fabricante\/desbarbadora-pcb\/","title":{"rendered":"Desbarbadora de PCB"},"content":{"rendered":"<p><strong>Aplicaci\u00f3n: para el desbarbado de PCB<\/strong><\/p>\n\n<table id=\"tablepress-37\" class=\"tablepress tablepress-id-37\">\n<thead>\n<tr class=\"row-1\">\n\t<th class=\"column-1\">Art\u00edculo<\/th><th class=\"column-2\">Detalle<\/th>\n<\/tr>\n<\/thead>\n<tbody class=\"row-striping row-hover\">\n<tr class=\"row-2\">\n\t<td class=\"column-1\">M\u00e1quina<\/td><td class=\"column-2\">Desbarbadora de PCB KI1020<\/td>\n<\/tr>\n<tr class=\"row-3\">\n\t<td class=\"column-1\">Altura de carga del rodillo convertidor:<\/td><td class=\"column-2\">1000+\/-50mm<\/td>\n<\/tr>\n<tr class=\"row-4\">\n\t<td class=\"column-1\">Potencia necesaria:<\/td><td class=\"column-2\">3P+N+G, 380V, 50HZ, 21A, 7KW<\/td>\n<\/tr>\n<tr class=\"row-5\">\n\t<td class=\"column-1\">Colector de conductos:<\/td><td class=\"column-2\">Di\u00e1metro exterior del puerto de recogida de polvo 100MM<br \/>\nVolumen de aire de captaci\u00f3n de polvo 500-800m3\/H<\/td>\n<\/tr>\n<tr class=\"row-6\">\n\t<td class=\"column-1\">Presi\u00f3n del aire de alimentaci\u00f3n<\/td><td class=\"column-2\">4-6\u338f\/\u33a0<\/td>\n<\/tr>\n<tr class=\"row-7\">\n\t<td class=\"column-1\">Ajuste del grosor del panel:<\/td><td class=\"column-2\">autom\u00e1ticamente<\/td>\n<\/tr>\n<tr class=\"row-8\">\n\t<td class=\"column-1\">Tama\u00f1o m\u00e1ximo del panel de rectificado:<\/td><td class=\"column-2\">720*720mm<\/td>\n<\/tr>\n<tr class=\"row-9\">\n\t<td class=\"column-1\">Tama\u00f1o m\u00edn. del panel de molienda :<\/td><td class=\"column-2\">200*200mm<\/td>\n<\/tr>\n<tr class=\"row-10\">\n\t<td class=\"column-1\">Espesor m\u00e1ximo del panel de rectificado:<\/td><td class=\"column-2\">3,5 mm<\/td>\n<\/tr>\n<tr class=\"row-11\">\n\t<td class=\"column-1\">Espesor m\u00edn. del panel de rectificado:<\/td><td class=\"column-2\">0,5 mm<\/td>\n<\/tr>\n<tr class=\"row-12\">\n\t<td class=\"column-1\">Velocidad de transporte:<\/td><td class=\"column-2\">1M\/in~12M\/min<\/td>\n<\/tr>\n<tr class=\"row-13\">\n\t<td class=\"column-1\">Dimensi\u00f3n de la m\u00e1quina:<\/td><td class=\"column-2\">1810*1200*1250mm<\/td>\n<\/tr>\n<tr class=\"row-14\">\n\t<td class=\"column-1\">Peso de la m\u00e1quina:<\/td><td class=\"column-2\">700 kg<\/td>\n<\/tr>\n<\/tbody>\n<\/table>\n<!-- #tablepress-37 from cache -->\n<a href=\"https:\/\/kw-pcb-machine.com\/es_mx\/pongase-en-contacto-con\/\" class=\"button primary is-shade box-shadow-3 box-shadow-5-hover\"  style=\"border-radius:5px;\">\n    <span>Solicitar presupuesto<\/span>\n  <\/a>","protected":false},"excerpt":{"rendered":"<ul>\n<li><strong>Mayor precisi\u00f3n y calidad<\/strong><\/li>\n<li><strong>Mayor eficiencia de la producci\u00f3n<\/strong><\/li>\n<li><strong>Resultados coherentes<\/strong><\/li>\n<li><strong>Ahorro de costes<\/strong><\/li>\n<li><strong>Mayor seguridad<\/strong><\/li>\n<li><strong>Versatilidad y adaptabilidad<\/strong><\/li>\n<\/ul>","protected":false},"featured_media":1897,"comment_status":"open","ping_status":"closed","template":"","meta":[],"product_brand":[],"product_cat":[50,49],"product_tag":[],"class_list":{"0":"post-1896","1":"product","2":"type-product","3":"status-publish","4":"has-post-thumbnail","6":"product_cat-new-pcb-fabrication-machine","7":"product_cat-pcb-manufacturing-machine","9":"first","10":"instock","11":"shipping-taxable","12":"product-type-simple"},"yoast_head":"<!-- This site is optimized with the Yoast SEO plugin v25.5 - https:\/\/yoast.com\/wordpress\/plugins\/seo\/ -->\n<title>Precision PCB Deburring Machines for Cleaner, Smoother Boards<\/title>\n<meta name=\"description\" content=\"Experience cleaner and smoother circuit boards with our precision PCB Deburring Machines. Designed for maximum efficiency and reliability, our machines help eliminate rough edges, enhancing the overall quality of your products\" \/>\n<meta name=\"robots\" content=\"index, follow, max-snippet:-1, max-image-preview:large, max-video-preview:-1\" \/>\n<link rel=\"canonical\" href=\"https:\/\/kw-pcb-machine.com\/es_mx\/fabricante\/desbarbadora-pcb\/\" \/>\n<meta property=\"og:locale\" content=\"es_MX\" \/>\n<meta property=\"og:type\" content=\"article\" \/>\n<meta property=\"og:title\" content=\"Precision PCB Deburring Machines for Cleaner, Smoother Boards\" \/>\n<meta property=\"og:description\" content=\"Experience cleaner and smoother circuit boards with our precision PCB Deburring Machines. Designed for maximum efficiency and reliability, our machines help eliminate rough edges, enhancing the overall quality of your products\" \/>\n<meta property=\"og:url\" content=\"https:\/\/kw-pcb-machine.com\/es_mx\/fabricante\/desbarbadora-pcb\/\" \/>\n<meta property=\"og:site_name\" content=\"Kewei Industries HK limited\" \/>\n<meta property=\"article:modified_time\" content=\"2024-12-25T09:16:58+00:00\" \/>\n<meta property=\"og:image\" content=\"https:\/\/kw-pcb-machine.com\/wp-content\/uploads\/2024\/12\/pcb-deburring-machine.webp\" \/>\n\t<meta property=\"og:image:width\" content=\"600\" \/>\n\t<meta property=\"og:image:height\" content=\"600\" \/>\n\t<meta property=\"og:image:type\" content=\"image\/webp\" \/>\n<meta name=\"twitter:card\" content=\"summary_large_image\" \/>\n<meta name=\"twitter:label1\" content=\"Tiempo de lectura\" \/>\n\t<meta name=\"twitter:data1\" content=\"1 minuto\" \/>\n<script type=\"application\/ld+json\" class=\"yoast-schema-graph\">{\"@context\":\"https:\/\/schema.org\",\"@graph\":[{\"@type\":\"WebPage\",\"@id\":\"https:\/\/kw-pcb-machine.com\/manufacturer\/pcb-deburring-machine\/\",\"url\":\"https:\/\/kw-pcb-machine.com\/manufacturer\/pcb-deburring-machine\/\",\"name\":\"Precision PCB Deburring Machines for Cleaner, Smoother Boards\",\"isPartOf\":{\"@id\":\"https:\/\/kw-pcb-machine.com\/#website\"},\"primaryImageOfPage\":{\"@id\":\"https:\/\/kw-pcb-machine.com\/manufacturer\/pcb-deburring-machine\/#primaryimage\"},\"image\":{\"@id\":\"https:\/\/kw-pcb-machine.com\/manufacturer\/pcb-deburring-machine\/#primaryimage\"},\"thumbnailUrl\":\"https:\/\/kw-pcb-machine.com\/wp-content\/uploads\/2024\/12\/pcb-deburring-machine.webp\",\"datePublished\":\"2024-12-25T09:08:36+00:00\",\"dateModified\":\"2024-12-25T09:16:58+00:00\",\"description\":\"Experience cleaner and smoother circuit boards with our precision PCB Deburring Machines. Designed for maximum efficiency and reliability, our machines help eliminate rough edges, enhancing the overall quality of your products\",\"breadcrumb\":{\"@id\":\"https:\/\/kw-pcb-machine.com\/manufacturer\/pcb-deburring-machine\/#breadcrumb\"},\"inLanguage\":\"es\",\"potentialAction\":[{\"@type\":\"ReadAction\",\"target\":[\"https:\/\/kw-pcb-machine.com\/manufacturer\/pcb-deburring-machine\/\"]}]},{\"@type\":\"ImageObject\",\"inLanguage\":\"es\",\"@id\":\"https:\/\/kw-pcb-machine.com\/manufacturer\/pcb-deburring-machine\/#primaryimage\",\"url\":\"https:\/\/kw-pcb-machine.com\/wp-content\/uploads\/2024\/12\/pcb-deburring-machine.webp\",\"contentUrl\":\"https:\/\/kw-pcb-machine.com\/wp-content\/uploads\/2024\/12\/pcb-deburring-machine.webp\",\"width\":600,\"height\":600,\"caption\":\"pcb deburring machine\"},{\"@type\":\"BreadcrumbList\",\"@id\":\"https:\/\/kw-pcb-machine.com\/manufacturer\/pcb-deburring-machine\/#breadcrumb\",\"itemListElement\":[{\"@type\":\"ListItem\",\"position\":1,\"name\":\"Home\",\"item\":\"https:\/\/kw-pcb-machine.com\/\"},{\"@type\":\"ListItem\",\"position\":2,\"name\":\"Products\",\"item\":\"https:\/\/kw-pcb-machine.com\/shop\/\"},{\"@type\":\"ListItem\",\"position\":3,\"name\":\"PCB Deburring Machine\"}]},{\"@type\":\"WebSite\",\"@id\":\"https:\/\/kw-pcb-machine.com\/#website\",\"url\":\"https:\/\/kw-pcb-machine.com\/\",\"name\":\"Kewei Industries HK limited\",\"description\":\"Printed Circuit Board (PCB) Making Machine Supplier\",\"potentialAction\":[{\"@type\":\"SearchAction\",\"target\":{\"@type\":\"EntryPoint\",\"urlTemplate\":\"https:\/\/kw-pcb-machine.com\/?s={search_term_string}\"},\"query-input\":{\"@type\":\"PropertyValueSpecification\",\"valueRequired\":true,\"valueName\":\"search_term_string\"}}],\"inLanguage\":\"es\"}]}<\/script>\n<!-- \/ Yoast SEO plugin. -->","yoast_head_json":{"title":"Desbarbadoras de precisi\u00f3n para placas de circuito impreso m\u00e1s limpias y lisas","description":"Experimente placas de circuitos m\u00e1s limpias y lisas con nuestras desbarbadoras de PCB de precisi\u00f3n. Dise\u00f1adas para ofrecer la m\u00e1xima eficiencia y fiabilidad, nuestras m\u00e1quinas ayudan a eliminar los bordes \u00e1speros, mejorando la calidad general de sus productos.","robots":{"index":"index","follow":"follow","max-snippet":"max-snippet:-1","max-image-preview":"max-image-preview:large","max-video-preview":"max-video-preview:-1"},"canonical":"https:\/\/kw-pcb-machine.com\/es_mx\/fabricante\/desbarbadora-pcb\/","og_locale":"es_MX","og_type":"article","og_title":"Precision PCB Deburring Machines for Cleaner, Smoother Boards","og_description":"Experience cleaner and smoother circuit boards with our precision PCB Deburring Machines. Designed for maximum efficiency and reliability, our machines help eliminate rough edges, enhancing the overall quality of your products","og_url":"https:\/\/kw-pcb-machine.com\/es_mx\/fabricante\/desbarbadora-pcb\/","og_site_name":"Kewei Industries HK limited","article_modified_time":"2024-12-25T09:16:58+00:00","og_image":[{"width":600,"height":600,"url":"https:\/\/kw-pcb-machine.com\/wp-content\/uploads\/2024\/12\/pcb-deburring-machine.webp","type":"image\/webp"}],"twitter_card":"summary_large_image","twitter_misc":{"Tiempo de lectura":"1 minuto"},"schema":{"@context":"https:\/\/schema.org","@graph":[{"@type":"WebPage","@id":"https:\/\/kw-pcb-machine.com\/manufacturer\/pcb-deburring-machine\/","url":"https:\/\/kw-pcb-machine.com\/manufacturer\/pcb-deburring-machine\/","name":"Desbarbadoras de precisi\u00f3n para placas de circuito impreso m\u00e1s limpias y lisas","isPartOf":{"@id":"https:\/\/kw-pcb-machine.com\/#website"},"primaryImageOfPage":{"@id":"https:\/\/kw-pcb-machine.com\/manufacturer\/pcb-deburring-machine\/#primaryimage"},"image":{"@id":"https:\/\/kw-pcb-machine.com\/manufacturer\/pcb-deburring-machine\/#primaryimage"},"thumbnailUrl":"https:\/\/kw-pcb-machine.com\/wp-content\/uploads\/2024\/12\/pcb-deburring-machine.webp","datePublished":"2024-12-25T09:08:36+00:00","dateModified":"2024-12-25T09:16:58+00:00","description":"Experimente placas de circuitos m\u00e1s limpias y lisas con nuestras desbarbadoras de PCB de precisi\u00f3n. Dise\u00f1adas para ofrecer la m\u00e1xima eficiencia y fiabilidad, nuestras m\u00e1quinas ayudan a eliminar los bordes \u00e1speros, mejorando la calidad general de sus productos.","breadcrumb":{"@id":"https:\/\/kw-pcb-machine.com\/manufacturer\/pcb-deburring-machine\/#breadcrumb"},"inLanguage":"es","potentialAction":[{"@type":"ReadAction","target":["https:\/\/kw-pcb-machine.com\/manufacturer\/pcb-deburring-machine\/"]}]},{"@type":"ImageObject","inLanguage":"es","@id":"https:\/\/kw-pcb-machine.com\/manufacturer\/pcb-deburring-machine\/#primaryimage","url":"https:\/\/kw-pcb-machine.com\/wp-content\/uploads\/2024\/12\/pcb-deburring-machine.webp","contentUrl":"https:\/\/kw-pcb-machine.com\/wp-content\/uploads\/2024\/12\/pcb-deburring-machine.webp","width":600,"height":600,"caption":"pcb deburring machine"},{"@type":"BreadcrumbList","@id":"https:\/\/kw-pcb-machine.com\/manufacturer\/pcb-deburring-machine\/#breadcrumb","itemListElement":[{"@type":"ListItem","position":1,"name":"Home","item":"https:\/\/kw-pcb-machine.com\/"},{"@type":"ListItem","position":2,"name":"Products","item":"https:\/\/kw-pcb-machine.com\/shop\/"},{"@type":"ListItem","position":3,"name":"PCB Deburring Machine"}]},{"@type":"WebSite","@id":"https:\/\/kw-pcb-machine.com\/#website","url":"https:\/\/kw-pcb-machine.com\/","name":"Kewei Industries HK limitada","description":"Proveedor de m\u00e1quinas de fabricaci\u00f3n de circuitos impresos (PCB)","potentialAction":[{"@type":"SearchAction","target":{"@type":"EntryPoint","urlTemplate":"https:\/\/kw-pcb-machine.com\/?s={search_term_string}"},"query-input":{"@type":"PropertyValueSpecification","valueRequired":true,"valueName":"search_term_string"}}],"inLanguage":"es"}]}},"_links":{"self":[{"href":"https:\/\/kw-pcb-machine.com\/es_mx\/wp-json\/wp\/v2\/product\/1896","targetHints":{"allow":["GET"]}}],"collection":[{"href":"https:\/\/kw-pcb-machine.com\/es_mx\/wp-json\/wp\/v2\/product"}],"about":[{"href":"https:\/\/kw-pcb-machine.com\/es_mx\/wp-json\/wp\/v2\/types\/product"}],"replies":[{"embeddable":true,"href":"https:\/\/kw-pcb-machine.com\/es_mx\/wp-json\/wp\/v2\/comments?post=1896"}],"wp:featuredmedia":[{"embeddable":true,"href":"https:\/\/kw-pcb-machine.com\/es_mx\/wp-json\/wp\/v2\/media\/1897"}],"wp:attachment":[{"href":"https:\/\/kw-pcb-machine.com\/es_mx\/wp-json\/wp\/v2\/media?parent=1896"}],"wp:term":[{"taxonomy":"product_brand","embeddable":true,"href":"https:\/\/kw-pcb-machine.com\/es_mx\/wp-json\/wp\/v2\/product_brand?post=1896"},{"taxonomy":"product_cat","embeddable":true,"href":"https:\/\/kw-pcb-machine.com\/es_mx\/wp-json\/wp\/v2\/product_cat?post=1896"},{"taxonomy":"product_tag","embeddable":true,"href":"https:\/\/kw-pcb-machine.com\/es_mx\/wp-json\/wp\/v2\/product_tag?post=1896"}],"curies":[{"name":"wp","href":"https:\/\/api.w.org\/{rel}","templated":true}]}}