{"id":1972,"date":"2026-04-21T09:06:35","date_gmt":"2026-04-21T09:06:35","guid":{"rendered":"https:\/\/kw-pcb-machine.com\/?post_type=product&#038;p=1972"},"modified":"2026-04-23T09:02:31","modified_gmt":"2026-04-23T09:02:31","slug":"pcb-4-spindle-drilling-machine","status":"publish","type":"product","link":"https:\/\/kw-pcb-machine.com\/es_mx\/fabricante\/pcb-4-spindle-drilling-machine\/","title":{"rendered":"4-Spindle Drilling Machine"},"content":{"rendered":"<p><strong>Application: High precision PCB board drilling machine for efficient, accurate hole processing of various circuit boards. (New Machine)<\/strong><\/p>\n\n<table id=\"tablepress-47\" class=\"tablepress tablepress-id-47\">\n<thead>\n<tr class=\"row-1\">\n\t<th class=\"column-1\">Art\u00edculo<\/th><th class=\"column-2\">Para.<\/th>\n<\/tr>\n<\/thead>\n<tbody class=\"row-striping row-hover\">\n<tr class=\"row-2\">\n\t<td class=\"column-1\">Modelo<\/td><td class=\"column-2\">4-Spindle CNC Drilling Machine SD4<\/td>\n<\/tr>\n<tr class=\"row-3\">\n\t<td class=\"column-1\">Cuerpo de la m\u00e1quina\t<\/td><td class=\"column-2\">Granito (bancada de torno, base)<\/td>\n<\/tr>\n<tr class=\"row-4\">\n\t<td class=\"column-1\">N\u00ba de husillo<\/td><td class=\"column-2\">4<\/td>\n<\/tr>\n<tr class=\"row-5\">\n\t<td class=\"column-1\">Velocidad del cabezal<\/td><td class=\"column-2\">160000rpm<\/td>\n<\/tr>\n<tr class=\"row-6\">\n\t<td class=\"column-1\">Paso del husillo<\/td><td class=\"column-2\">650 mm<\/td>\n<\/tr>\n<tr class=\"row-7\">\n\t<td class=\"column-1\">Tama\u00f1o de pinza\uff08Mangos de herramienta\uff09<\/td><td class=\"column-2\">\u03c63.175<\/td>\n<\/tr>\n<tr class=\"row-8\">\n\t<td class=\"column-1\">Protecci\u00f3n contra sobrecorriente del husillo\t<\/td><td class=\"column-2\">Dispositivo de vigilancia y protecci\u00f3n a tiempo completo<\/td>\n<\/tr>\n<tr class=\"row-9\">\n\t<td class=\"column-1\">Refrigeraci\u00f3n del husillo\t<\/td><td class=\"column-2\">Refrigerador de temperatura constante a tiempo completo<\/td>\n<\/tr>\n<tr class=\"row-10\">\n\t<td class=\"column-1\">Marca del inversor<\/td><td class=\"column-2\">Delta<\/td>\n<\/tr>\n<tr class=\"row-11\">\n\t<td class=\"column-1\">Sistema de accionamiento\t<\/td><td class=\"column-2\">Motor lineal de los ejes X, Y, servomotor de CA del eje Z<\/td>\n<\/tr>\n<tr class=\"row-12\">\n\t<td class=\"column-1\">marca de servomotor<\/td><td class=\"column-2\">Panasonic<\/td>\n<\/tr>\n<tr class=\"row-13\">\n\t<td class=\"column-1\">\u00c1rea de procesamiento monohusillo<\/td><td class=\"column-2\">650 mm \u00d7 720 mm<\/td>\n<\/tr>\n<tr class=\"row-14\">\n\t<td class=\"column-1\">Recorrido efectivo de los ejes X, Y, Z<\/td><td class=\"column-2\">650mm\u00d7830mm\u00d760<\/td>\n<\/tr>\n<tr class=\"row-15\">\n\t<td class=\"column-1\">Velocidad m\u00e1x. de desplazamiento de los ejes X, Y<\/td><td class=\"column-2\">50 m\/min<\/td>\n<\/tr>\n<tr class=\"row-16\">\n\t<td class=\"column-1\">Velocidad m\u00e1x. de desplazamiento del eje Z<\/td><td class=\"column-2\">30 m\/min<\/td>\n<\/tr>\n<tr class=\"row-17\">\n\t<td class=\"column-1\">Requisitos de presi\u00f3n de aire\t<\/td><td class=\"column-2\">0,7Mpa 0,05m\u00b3\/min, punto de roc\u00edo<3\u2103, oil content<0.1mg\/m, solid matter<1<\/td>\n<\/tr>\n<tr class=\"row-18\">\n\t<td class=\"column-1\">Potencia necesaria\t<\/td><td class=\"column-2\">Rango de fluctuaci\u00f3n de tensi\u00f3n 380V 50HZ 7,5KW trif\u00e1sico <5<\/td>\n<\/tr>\n<\/tbody>\n<\/table>\n<!-- #tablepress-47 from cache -->\n<a href=\"https:\/\/kw-pcb-machine.com\/es_mx\/pongase-en-contacto-con\/\" class=\"button primary is-shade box-shadow-3 box-shadow-5-hover\"  style=\"border-radius:5px;\">\n    <span>Solicitar presupuesto<\/span>\n  <\/a>","protected":false},"excerpt":{"rendered":"<ul>\n<li><strong>The whole machine is made of high-quality granite (including bed body, beam, and bed legs).<\/strong><\/li>\n<li><strong>Tool change modes can be freely switched among automatic, manual, and semi-automatic.<\/strong><\/li>\n<li><strong>CBD contact-type broken tool detection system.<\/strong><\/li>\n<li><strong>Tool depth detection and diameter detection.<\/strong><\/li>\n<\/ul>","protected":false},"featured_media":1973,"comment_status":"open","ping_status":"closed","template":"","meta":[],"product_brand":[],"product_cat":[36,50],"product_tag":[],"class_list":{"0":"post-1972","1":"product","2":"type-product","3":"status-publish","4":"has-post-thumbnail","6":"product_cat-driller-router-cnc","7":"product_cat-new-pcb-fabrication-machine","9":"first","10":"instock","11":"shipping-taxable","12":"product-type-simple"},"yoast_head":"<!-- This site is optimized with the Yoast SEO plugin v27.4 - https:\/\/yoast.com\/product\/yoast-seo-wordpress\/ -->\n<title>Automatic CNC PCB Board Drilling Machine with High Efficiency<\/title>\n<meta name=\"description\" content=\"Our CNC PCB drilling machine features stable performance and low noise, delivering accurate drilling for prototype and mass PCB manufacturing\" \/>\n<meta name=\"robots\" content=\"index, follow, max-snippet:-1, max-image-preview:large, max-video-preview:-1\" \/>\n<link rel=\"canonical\" href=\"https:\/\/kw-pcb-machine.com\/es_mx\/fabricante\/pcb-4-spindle-drilling-machine\/\" \/>\n<meta property=\"og:locale\" content=\"es_MX\" \/>\n<meta property=\"og:type\" content=\"article\" \/>\n<meta property=\"og:title\" content=\"Automatic CNC PCB Board Drilling Machine with High Efficiency\" \/>\n<meta property=\"og:description\" content=\"Our CNC PCB drilling machine features stable performance and low noise, delivering accurate drilling for prototype and mass PCB manufacturing\" \/>\n<meta property=\"og:url\" content=\"https:\/\/kw-pcb-machine.com\/es_mx\/fabricante\/pcb-4-spindle-drilling-machine\/\" \/>\n<meta property=\"og:site_name\" content=\"Kewei Industries HK limited\" \/>\n<meta property=\"article:modified_time\" content=\"2026-04-23T09:02:31+00:00\" \/>\n<meta property=\"og:image\" content=\"https:\/\/kw-pcb-machine.com\/wp-content\/uploads\/2026\/04\/pcb-board-drilling-machine.jpg\" \/>\n\t<meta property=\"og:image:width\" content=\"600\" \/>\n\t<meta property=\"og:image:height\" content=\"600\" \/>\n\t<meta property=\"og:image:type\" content=\"image\/jpeg\" \/>\n<meta name=\"twitter:card\" content=\"summary_large_image\" \/>\n<meta name=\"twitter:label1\" content=\"Tiempo de lectura\" \/>\n\t<meta name=\"twitter:data1\" content=\"1 minuto\" \/>\n<script type=\"application\/ld+json\" class=\"yoast-schema-graph\">{\"@context\":\"https:\\\/\\\/schema.org\",\"@graph\":[{\"@type\":\"WebPage\",\"@id\":\"https:\\\/\\\/kw-pcb-machine.com\\\/manufacturer\\\/pcb-4-spindle-drilling-machine\\\/\",\"url\":\"https:\\\/\\\/kw-pcb-machine.com\\\/manufacturer\\\/pcb-4-spindle-drilling-machine\\\/\",\"name\":\"Automatic CNC PCB Board Drilling Machine with High Efficiency\",\"isPartOf\":{\"@id\":\"https:\\\/\\\/kw-pcb-machine.com\\\/#website\"},\"primaryImageOfPage\":{\"@id\":\"https:\\\/\\\/kw-pcb-machine.com\\\/manufacturer\\\/pcb-4-spindle-drilling-machine\\\/#primaryimage\"},\"image\":{\"@id\":\"https:\\\/\\\/kw-pcb-machine.com\\\/manufacturer\\\/pcb-4-spindle-drilling-machine\\\/#primaryimage\"},\"thumbnailUrl\":\"https:\\\/\\\/kw-pcb-machine.com\\\/wp-content\\\/uploads\\\/2026\\\/04\\\/pcb-board-drilling-machine.jpg\",\"datePublished\":\"2026-04-21T09:06:35+00:00\",\"dateModified\":\"2026-04-23T09:02:31+00:00\",\"description\":\"Our CNC PCB drilling machine features stable performance and low noise, delivering accurate drilling for prototype and mass PCB manufacturing\",\"breadcrumb\":{\"@id\":\"https:\\\/\\\/kw-pcb-machine.com\\\/manufacturer\\\/pcb-4-spindle-drilling-machine\\\/#breadcrumb\"},\"inLanguage\":\"es\",\"potentialAction\":[{\"@type\":\"ReadAction\",\"target\":[\"https:\\\/\\\/kw-pcb-machine.com\\\/manufacturer\\\/pcb-4-spindle-drilling-machine\\\/\"]}]},{\"@type\":\"ImageObject\",\"inLanguage\":\"es\",\"@id\":\"https:\\\/\\\/kw-pcb-machine.com\\\/manufacturer\\\/pcb-4-spindle-drilling-machine\\\/#primaryimage\",\"url\":\"https:\\\/\\\/kw-pcb-machine.com\\\/wp-content\\\/uploads\\\/2026\\\/04\\\/pcb-board-drilling-machine.jpg\",\"contentUrl\":\"https:\\\/\\\/kw-pcb-machine.com\\\/wp-content\\\/uploads\\\/2026\\\/04\\\/pcb-board-drilling-machine.jpg\",\"width\":600,\"height\":600,\"caption\":\"pcb board drilling machine\"},{\"@type\":\"BreadcrumbList\",\"@id\":\"https:\\\/\\\/kw-pcb-machine.com\\\/manufacturer\\\/pcb-4-spindle-drilling-machine\\\/#breadcrumb\",\"itemListElement\":[{\"@type\":\"ListItem\",\"position\":1,\"name\":\"Home\",\"item\":\"https:\\\/\\\/kw-pcb-machine.com\\\/\"},{\"@type\":\"ListItem\",\"position\":2,\"name\":\"Products\",\"item\":\"https:\\\/\\\/kw-pcb-machine.com\\\/shop\\\/\"},{\"@type\":\"ListItem\",\"position\":3,\"name\":\"4-Spindle Drilling Machine\"}]},{\"@type\":\"WebSite\",\"@id\":\"https:\\\/\\\/kw-pcb-machine.com\\\/#website\",\"url\":\"https:\\\/\\\/kw-pcb-machine.com\\\/\",\"name\":\"Kewei Industries HK limited\",\"description\":\"Printed Circuit Board (PCB) Making Machine Supplier\",\"potentialAction\":[{\"@type\":\"SearchAction\",\"target\":{\"@type\":\"EntryPoint\",\"urlTemplate\":\"https:\\\/\\\/kw-pcb-machine.com\\\/?s={search_term_string}\"},\"query-input\":{\"@type\":\"PropertyValueSpecification\",\"valueRequired\":true,\"valueName\":\"search_term_string\"}}],\"inLanguage\":\"es\"}]}<\/script>\n<!-- \/ Yoast SEO plugin. -->","yoast_head_json":{"title":"Automatic CNC PCB Board Drilling Machine with High Efficiency","description":"Our CNC PCB drilling machine features stable performance and low noise, delivering accurate drilling for prototype and mass PCB manufacturing","robots":{"index":"index","follow":"follow","max-snippet":"max-snippet:-1","max-image-preview":"max-image-preview:large","max-video-preview":"max-video-preview:-1"},"canonical":"https:\/\/kw-pcb-machine.com\/es_mx\/fabricante\/pcb-4-spindle-drilling-machine\/","og_locale":"es_MX","og_type":"article","og_title":"Automatic CNC PCB Board Drilling Machine with High Efficiency","og_description":"Our CNC PCB drilling machine features stable performance and low noise, delivering accurate drilling for prototype and mass PCB manufacturing","og_url":"https:\/\/kw-pcb-machine.com\/es_mx\/fabricante\/pcb-4-spindle-drilling-machine\/","og_site_name":"Kewei Industries HK limited","article_modified_time":"2026-04-23T09:02:31+00:00","og_image":[{"width":600,"height":600,"url":"https:\/\/kw-pcb-machine.com\/wp-content\/uploads\/2026\/04\/pcb-board-drilling-machine.jpg","type":"image\/jpeg"}],"twitter_card":"summary_large_image","twitter_misc":{"Tiempo de lectura":"1 minuto"},"schema":{"@context":"https:\/\/schema.org","@graph":[{"@type":"WebPage","@id":"https:\/\/kw-pcb-machine.com\/manufacturer\/pcb-4-spindle-drilling-machine\/","url":"https:\/\/kw-pcb-machine.com\/manufacturer\/pcb-4-spindle-drilling-machine\/","name":"Automatic CNC PCB Board Drilling Machine with High Efficiency","isPartOf":{"@id":"https:\/\/kw-pcb-machine.com\/#website"},"primaryImageOfPage":{"@id":"https:\/\/kw-pcb-machine.com\/manufacturer\/pcb-4-spindle-drilling-machine\/#primaryimage"},"image":{"@id":"https:\/\/kw-pcb-machine.com\/manufacturer\/pcb-4-spindle-drilling-machine\/#primaryimage"},"thumbnailUrl":"https:\/\/kw-pcb-machine.com\/wp-content\/uploads\/2026\/04\/pcb-board-drilling-machine.jpg","datePublished":"2026-04-21T09:06:35+00:00","dateModified":"2026-04-23T09:02:31+00:00","description":"Our CNC PCB drilling machine features stable performance and low noise, delivering accurate drilling for prototype and mass PCB manufacturing","breadcrumb":{"@id":"https:\/\/kw-pcb-machine.com\/manufacturer\/pcb-4-spindle-drilling-machine\/#breadcrumb"},"inLanguage":"es","potentialAction":[{"@type":"ReadAction","target":["https:\/\/kw-pcb-machine.com\/manufacturer\/pcb-4-spindle-drilling-machine\/"]}]},{"@type":"ImageObject","inLanguage":"es","@id":"https:\/\/kw-pcb-machine.com\/manufacturer\/pcb-4-spindle-drilling-machine\/#primaryimage","url":"https:\/\/kw-pcb-machine.com\/wp-content\/uploads\/2026\/04\/pcb-board-drilling-machine.jpg","contentUrl":"https:\/\/kw-pcb-machine.com\/wp-content\/uploads\/2026\/04\/pcb-board-drilling-machine.jpg","width":600,"height":600,"caption":"pcb board drilling machine"},{"@type":"BreadcrumbList","@id":"https:\/\/kw-pcb-machine.com\/manufacturer\/pcb-4-spindle-drilling-machine\/#breadcrumb","itemListElement":[{"@type":"ListItem","position":1,"name":"Home","item":"https:\/\/kw-pcb-machine.com\/"},{"@type":"ListItem","position":2,"name":"Products","item":"https:\/\/kw-pcb-machine.com\/shop\/"},{"@type":"ListItem","position":3,"name":"4-Spindle Drilling Machine"}]},{"@type":"WebSite","@id":"https:\/\/kw-pcb-machine.com\/#website","url":"https:\/\/kw-pcb-machine.com\/","name":"Kewei Industries HK limitada","description":"Proveedor de m\u00e1quinas de fabricaci\u00f3n de circuitos impresos (PCB)","potentialAction":[{"@type":"SearchAction","target":{"@type":"EntryPoint","urlTemplate":"https:\/\/kw-pcb-machine.com\/?s={search_term_string}"},"query-input":{"@type":"PropertyValueSpecification","valueRequired":true,"valueName":"search_term_string"}}],"inLanguage":"es"}]}},"_links":{"self":[{"href":"https:\/\/kw-pcb-machine.com\/es_mx\/wp-json\/wp\/v2\/product\/1972","targetHints":{"allow":["GET"]}}],"collection":[{"href":"https:\/\/kw-pcb-machine.com\/es_mx\/wp-json\/wp\/v2\/product"}],"about":[{"href":"https:\/\/kw-pcb-machine.com\/es_mx\/wp-json\/wp\/v2\/types\/product"}],"replies":[{"embeddable":true,"href":"https:\/\/kw-pcb-machine.com\/es_mx\/wp-json\/wp\/v2\/comments?post=1972"}],"wp:featuredmedia":[{"embeddable":true,"href":"https:\/\/kw-pcb-machine.com\/es_mx\/wp-json\/wp\/v2\/media\/1973"}],"wp:attachment":[{"href":"https:\/\/kw-pcb-machine.com\/es_mx\/wp-json\/wp\/v2\/media?parent=1972"}],"wp:term":[{"taxonomy":"product_brand","embeddable":true,"href":"https:\/\/kw-pcb-machine.com\/es_mx\/wp-json\/wp\/v2\/product_brand?post=1972"},{"taxonomy":"product_cat","embeddable":true,"href":"https:\/\/kw-pcb-machine.com\/es_mx\/wp-json\/wp\/v2\/product_cat?post=1972"},{"taxonomy":"product_tag","embeddable":true,"href":"https:\/\/kw-pcb-machine.com\/es_mx\/wp-json\/wp\/v2\/product_tag?post=1972"}],"curies":[{"name":"wp","href":"https:\/\/api.w.org\/{rel}","templated":true}]}}