{"id":1736,"date":"2024-11-21T08:53:31","date_gmt":"2024-11-21T08:53:31","guid":{"rendered":"https:\/\/kw-pcb-machine.com\/?post_type=product&#038;p=1736"},"modified":"2024-12-24T08:42:06","modified_gmt":"2024-12-24T08:42:06","slug":"machine-dexposition-de-circuits-imprimes","status":"publish","type":"product","link":"https:\/\/kw-pcb-machine.com\/fr\/fabricant\/machine-dexposition-de-circuits-imprimes\/","title":{"rendered":"Machine d'exposition des circuits imprim\u00e9s"},"content":{"rendered":"<p><strong>Application : pour l'exposition des circuits imprim\u00e9s \uff08CBTech Brand\uff09<\/strong><\/p>\n\n<table id=\"tablepress-9\" class=\"tablepress tablepress-id-9\">\n<thead>\n<tr class=\"row-1\">\n\t<th class=\"column-1\">Objet<\/th><th class=\"column-2\">Taille<\/th>\n<\/tr>\n<\/thead>\n<tbody class=\"row-striping row-hover\">\n<tr class=\"row-2\">\n\t<td class=\"column-1\">Exposition :<\/td><td class=\"column-2\">Simple face, double plateau<\/td>\n<\/tr>\n<tr class=\"row-3\">\n\t<td class=\"column-1\">L\u00e9ger :<\/td><td class=\"column-2\">Lumi\u00e8re gratt\u00e9e<\/td>\n<\/tr>\n<tr class=\"row-4\">\n\t<td class=\"column-1\">D\u00e9bit :<\/td><td class=\"column-2\">&gt;2,0 c\u00f4t\u00e9s\/min<\/td>\n<\/tr>\n<tr class=\"row-5\">\n\t<td class=\"column-1\">Taille du panneau :<\/td><td class=\"column-2\">250mm\u00d7305mm~534mm\u00d7610mm\/610\u00d7712mm(Increase)<\/td>\n<\/tr>\n<tr class=\"row-6\">\n\t<td class=\"column-1\">Interface :<\/td><td class=\"column-2\">Chinois\/anglais + \u00e9cran tactile<\/td>\n<\/tr>\n<tr class=\"row-7\">\n\t<td class=\"column-1\">\u00c9paisseur :<\/td><td class=\"column-2\">0,1mm~3,2mm\/0,05mm (en option)<\/td>\n<\/tr>\n<tr class=\"row-8\">\n\t<td class=\"column-1\">La torsion et l'ourdissage :<\/td><td class=\"column-2\">Max 1mm<\/td>\n<\/tr>\n<tr class=\"row-9\">\n\t<td class=\"column-1\">Taille de l'\u0153uvre :<\/td><td class=\"column-2\">610mm\u00d7660mm(24\u201d\u00d726\u201d) \/660\u00d7762mm(26\u201d\u00d730\u201d,Increase)<\/td>\n<\/tr>\n<tr class=\"row-10\">\n\t<td class=\"column-1\">R\u00e9sister :<\/td><td class=\"column-2\">R\u00e9sistances liquides<\/td>\n<\/tr>\n<tr class=\"row-11\">\n\t<td class=\"column-1\">L'\u00e9nergie :<\/td><td class=\"column-2\">70mw\/cm\u00b2<\/td>\n<\/tr>\n<tr class=\"row-12\">\n\t<td class=\"column-1\">Alignement \/Inspection :<\/td><td class=\"column-2\">Alignement automatique de la maquette sur le panneau<\/td>\n<\/tr>\n<tr class=\"row-13\">\n\t<td class=\"column-1\">Nombre de cam\u00e9ras :<\/td><td class=\"column-2\">4<\/td>\n<\/tr>\n<tr class=\"row-14\">\n\t<td class=\"column-1\">Pr\u00e9cision de l'alignement :<\/td><td class=\"column-2\">3\u03c3\u226410\u03bcm<\/td>\n<\/tr>\n<tr class=\"row-15\">\n\t<td class=\"column-1\">Mouvement X-Y des cam\u00e9ras :<\/td><td class=\"column-2\">Automatiquement<\/td>\n<\/tr>\n<tr class=\"row-16\">\n\t<td class=\"column-1\">Fen\u00eatre de l'appareil photo :<\/td><td class=\"column-2\">7,8mm\u00d77,2mm<\/td>\n<\/tr>\n<tr class=\"row-17\">\n\t<td class=\"column-1\">Contr\u00f4le :<\/td><td class=\"column-2\">PC industriel + Windows<\/td>\n<\/tr>\n<tr class=\"row-18\">\n\t<td class=\"column-1\">Chambre propre :<\/td><td class=\"column-2\">chambre : Classe 10 000<\/td>\n<\/tr>\n<tr class=\"row-19\">\n\t<td class=\"column-1\">Temp\u00e9rature :<\/td><td class=\"column-2\">Diff\u00e9rence maximale de + 3\u00b0C<\/td>\n<\/tr>\n<tr class=\"row-20\">\n\t<td class=\"column-1\">Uniformit\u00e9 :<\/td><td class=\"column-2\">534\u00d7610mm\uff1e85% ; 610\u00d7712mm\uff1e85%(Augmentation)<\/td>\n<\/tr>\n<tr class=\"row-21\">\n\t<td class=\"column-1\">Inscription pr\u00e9alable :<\/td><td class=\"column-2\">Bord<\/td>\n<\/tr>\n<tr class=\"row-22\">\n\t<td class=\"column-1\">PAD Shrink :<\/td><td class=\"column-2\">18\u03bcm (Acrylique) ; 25.4\u03bcm (Verre)<\/td>\n<\/tr>\n<tr class=\"row-23\">\n\t<td class=\"column-1\">Etanch\u00e9it\u00e9 du cadre :<\/td><td class=\"column-2\">Pression atmosph\u00e9rique<\/td>\n<\/tr>\n<tr class=\"row-24\">\n\t<td class=\"column-1\">Le verre :<\/td><td class=\"column-2\">Verre tremp\u00e9<\/td>\n<\/tr>\n<tr class=\"row-25\">\n\t<td class=\"column-1\">Exposition du panel :<\/td><td class=\"column-2\">exposition : entretoise n\u00e9cessaire<\/td>\n<\/tr>\n<tr class=\"row-26\">\n\t<td class=\"column-1\">Longueur\/largeur\/hauteur :<\/td><td class=\"column-2\">2962mm\/1400mm\/2167mm<\/td>\n<\/tr>\n<tr class=\"row-27\">\n\t<td class=\"column-1\">Longueur\/largeur\/hauteur (refroidisseur) :<\/td><td class=\"column-2\">760mm\/1020mm\/1800mm<\/td>\n<\/tr>\n<tr class=\"row-28\">\n\t<td class=\"column-1\">\u00c9lectrique :<\/td><td class=\"column-2\">220V\/380V,60\/50Hz,3\u03c64W,30KVA+7.5KVA(chiller)<\/td>\n<\/tr>\n<tr class=\"row-29\">\n\t<td class=\"column-1\">Eau de refroidissement : Pression :<\/td><td class=\"column-2\">Pression : 2.5~3KG,7-12\u00b0C D\u00e9bit, 60L\/min,1 \"PIPE<\/td>\n<\/tr>\n<tr class=\"row-30\">\n\t<td class=\"column-1\">Source d'air :<\/td><td class=\"column-2\">Flow 150~200L\/min,\u03c612mm,5.5kg\/cm\u00b2<\/td>\n<\/tr>\n<tr class=\"row-31\">\n\t<td class=\"column-1\">\u00c9chappement :<\/td><td class=\"column-2\">4\"\u00d71<\/td>\n<\/tr>\n<\/tbody>\n<\/table>\n<!-- #tablepress-9 from cache -->\n<a href=\"https:\/\/kw-pcb-machine.com\/fr\/contact\/\" class=\"button primary is-shade box-shadow-3 box-shadow-5-hover\"  style=\"border-radius:5px;\">\n    <span>Demande de devis<\/span>\n  <\/a>","protected":false},"excerpt":{"rendered":"<ul>\n<li><strong>Haute pr\u00e9cision<\/strong>: Assure un transfert d'image pr\u00e9cis et d\u00e9taill\u00e9, produisant des sch\u00e9mas de circuit de haute qualit\u00e9 avec des bords nets.<\/li>\n<li><strong>Efficacit\u00e9 accrue<\/strong>: Acc\u00e9l\u00e8re le processus d'exposition, r\u00e9duit le temps de production et am\u00e9liore la productivit\u00e9 du flux de travail.<\/li>\n<li><strong>Polyvalence<\/strong>: Compatible avec diff\u00e9rents mat\u00e9riaux de r\u00e9sine photosensible et tailles de circuits imprim\u00e9s, il convient aussi bien au prototypage qu'\u00e0 la production de masse.<\/li>\n<li><strong>Conception conviviale<\/strong>: Les commandes intuitives et les param\u00e8tres r\u00e9glables permettent une utilisation facile et une personnalisation pour r\u00e9pondre aux besoins sp\u00e9cifiques de la fabrication.<\/li>\n<\/ul>","protected":false},"featured_media":1737,"comment_status":"open","ping_status":"closed","template":"","meta":[],"product_brand":[],"product_cat":[51,40],"product_tag":[],"class_list":{"0":"post-1736","1":"product","2":"type-product","3":"status-publish","4":"has-post-thumbnail","6":"product_cat-used-pcb-fabrication-machine","7":"product_cat-exposure-ldi","9":"first","10":"instock","11":"shipping-taxable","12":"product-type-simple"},"yoast_head":"<!-- This site is optimized with the Yoast SEO plugin v25.5 - https:\/\/yoast.com\/wordpress\/plugins\/seo\/ -->\n<title>Efficient PCB Exposure Machines for Your PCB Production<\/title>\n<meta name=\"description\" content=\"Upgrade your PCB manufacturing with our reliable PCB exposure machines. Engineered for fast operation and precise light exposure, these machines guarantee accurate image transfer and high production yields. Perfect for businesses aiming to optimize performance and reduce production time.&quot;\" \/>\n<meta name=\"robots\" content=\"index, follow, max-snippet:-1, max-image-preview:large, max-video-preview:-1\" \/>\n<link rel=\"canonical\" href=\"https:\/\/kw-pcb-machine.com\/fr\/fabricant\/machine-dexposition-de-circuits-imprimes\/\" \/>\n<meta property=\"og:locale\" content=\"fr_FR\" \/>\n<meta property=\"og:type\" content=\"article\" \/>\n<meta property=\"og:title\" content=\"Efficient PCB Exposure Machines for Your PCB Production\" \/>\n<meta property=\"og:description\" content=\"Upgrade your PCB manufacturing with our reliable PCB exposure machines. Engineered for fast operation and precise light exposure, these machines guarantee accurate image transfer and high production yields. Perfect for businesses aiming to optimize performance and reduce production time.&quot;\" \/>\n<meta property=\"og:url\" content=\"https:\/\/kw-pcb-machine.com\/fr\/fabricant\/machine-dexposition-de-circuits-imprimes\/\" \/>\n<meta property=\"og:site_name\" content=\"Kewei Industries HK limited\" \/>\n<meta property=\"article:modified_time\" content=\"2024-12-24T08:42:06+00:00\" \/>\n<meta property=\"og:image\" content=\"https:\/\/kw-pcb-machine.com\/wp-content\/uploads\/2024\/11\/pcb-exposure-machine.webp\" \/>\n\t<meta property=\"og:image:width\" content=\"600\" \/>\n\t<meta property=\"og:image:height\" content=\"512\" \/>\n\t<meta property=\"og:image:type\" content=\"image\/webp\" \/>\n<meta name=\"twitter:card\" content=\"summary_large_image\" \/>\n<meta name=\"twitter:label1\" content=\"Dur\u00e9e de lecture estim\u00e9e\" \/>\n\t<meta name=\"twitter:data1\" content=\"1 minute\" \/>\n<script type=\"application\/ld+json\" class=\"yoast-schema-graph\">{\"@context\":\"https:\/\/schema.org\",\"@graph\":[{\"@type\":\"WebPage\",\"@id\":\"https:\/\/kw-pcb-machine.com\/manufacturer\/pcb-exposure-machine\/\",\"url\":\"https:\/\/kw-pcb-machine.com\/manufacturer\/pcb-exposure-machine\/\",\"name\":\"Efficient PCB Exposure Machines for Your PCB Production\",\"isPartOf\":{\"@id\":\"https:\/\/kw-pcb-machine.com\/#website\"},\"primaryImageOfPage\":{\"@id\":\"https:\/\/kw-pcb-machine.com\/manufacturer\/pcb-exposure-machine\/#primaryimage\"},\"image\":{\"@id\":\"https:\/\/kw-pcb-machine.com\/manufacturer\/pcb-exposure-machine\/#primaryimage\"},\"thumbnailUrl\":\"https:\/\/kw-pcb-machine.com\/wp-content\/uploads\/2024\/11\/pcb-exposure-machine.webp\",\"datePublished\":\"2024-11-21T08:53:31+00:00\",\"dateModified\":\"2024-12-24T08:42:06+00:00\",\"description\":\"Upgrade your PCB manufacturing with our reliable PCB exposure machines. Engineered for fast operation and precise light exposure, these machines guarantee accurate image transfer and high production yields. Perfect for businesses aiming to optimize performance and reduce production time.\\\"\",\"breadcrumb\":{\"@id\":\"https:\/\/kw-pcb-machine.com\/manufacturer\/pcb-exposure-machine\/#breadcrumb\"},\"inLanguage\":\"fr-FR\",\"potentialAction\":[{\"@type\":\"ReadAction\",\"target\":[\"https:\/\/kw-pcb-machine.com\/manufacturer\/pcb-exposure-machine\/\"]}]},{\"@type\":\"ImageObject\",\"inLanguage\":\"fr-FR\",\"@id\":\"https:\/\/kw-pcb-machine.com\/manufacturer\/pcb-exposure-machine\/#primaryimage\",\"url\":\"https:\/\/kw-pcb-machine.com\/wp-content\/uploads\/2024\/11\/pcb-exposure-machine.webp\",\"contentUrl\":\"https:\/\/kw-pcb-machine.com\/wp-content\/uploads\/2024\/11\/pcb-exposure-machine.webp\",\"width\":600,\"height\":512,\"caption\":\"pcb exposure machine\"},{\"@type\":\"BreadcrumbList\",\"@id\":\"https:\/\/kw-pcb-machine.com\/manufacturer\/pcb-exposure-machine\/#breadcrumb\",\"itemListElement\":[{\"@type\":\"ListItem\",\"position\":1,\"name\":\"Home\",\"item\":\"https:\/\/kw-pcb-machine.com\/\"},{\"@type\":\"ListItem\",\"position\":2,\"name\":\"Products\",\"item\":\"https:\/\/kw-pcb-machine.com\/shop\/\"},{\"@type\":\"ListItem\",\"position\":3,\"name\":\"PCB Exposure Machine\"}]},{\"@type\":\"WebSite\",\"@id\":\"https:\/\/kw-pcb-machine.com\/#website\",\"url\":\"https:\/\/kw-pcb-machine.com\/\",\"name\":\"Kewei Industries HK limited\",\"description\":\"Printed Circuit Board (PCB) Making Machine Supplier\",\"potentialAction\":[{\"@type\":\"SearchAction\",\"target\":{\"@type\":\"EntryPoint\",\"urlTemplate\":\"https:\/\/kw-pcb-machine.com\/?s={search_term_string}\"},\"query-input\":{\"@type\":\"PropertyValueSpecification\",\"valueRequired\":true,\"valueName\":\"search_term_string\"}}],\"inLanguage\":\"fr-FR\"}]}<\/script>\n<!-- \/ Yoast SEO plugin. -->","yoast_head_json":{"title":"Machines d'exposition de circuits imprim\u00e9s efficaces pour votre production de circuits imprim\u00e9s","description":"Am\u00e9liorez votre production de circuits imprim\u00e9s gr\u00e2ce \u00e0 nos machines d'exposition fiables. Con\u00e7ues pour un fonctionnement rapide et une exposition pr\u00e9cise \u00e0 la lumi\u00e8re, ces machines garantissent un transfert d'image pr\u00e9cis et des rendements de production \u00e9lev\u00e9s. Elles sont id\u00e9ales pour les entreprises qui souhaitent optimiser leurs performances et r\u00e9duire leur temps de production.\"","robots":{"index":"index","follow":"follow","max-snippet":"max-snippet:-1","max-image-preview":"max-image-preview:large","max-video-preview":"max-video-preview:-1"},"canonical":"https:\/\/kw-pcb-machine.com\/fr\/fabricant\/machine-dexposition-de-circuits-imprimes\/","og_locale":"fr_FR","og_type":"article","og_title":"Efficient PCB Exposure Machines for Your PCB Production","og_description":"Upgrade your PCB manufacturing with our reliable PCB exposure machines. Engineered for fast operation and precise light exposure, these machines guarantee accurate image transfer and high production yields. Perfect for businesses aiming to optimize performance and reduce production time.\"","og_url":"https:\/\/kw-pcb-machine.com\/fr\/fabricant\/machine-dexposition-de-circuits-imprimes\/","og_site_name":"Kewei Industries HK limited","article_modified_time":"2024-12-24T08:42:06+00:00","og_image":[{"width":600,"height":512,"url":"https:\/\/kw-pcb-machine.com\/wp-content\/uploads\/2024\/11\/pcb-exposure-machine.webp","type":"image\/webp"}],"twitter_card":"summary_large_image","twitter_misc":{"Dur\u00e9e de lecture estim\u00e9e":"1 minute"},"schema":{"@context":"https:\/\/schema.org","@graph":[{"@type":"WebPage","@id":"https:\/\/kw-pcb-machine.com\/manufacturer\/pcb-exposure-machine\/","url":"https:\/\/kw-pcb-machine.com\/manufacturer\/pcb-exposure-machine\/","name":"Machines d'exposition de circuits imprim\u00e9s efficaces pour votre production de circuits imprim\u00e9s","isPartOf":{"@id":"https:\/\/kw-pcb-machine.com\/#website"},"primaryImageOfPage":{"@id":"https:\/\/kw-pcb-machine.com\/manufacturer\/pcb-exposure-machine\/#primaryimage"},"image":{"@id":"https:\/\/kw-pcb-machine.com\/manufacturer\/pcb-exposure-machine\/#primaryimage"},"thumbnailUrl":"https:\/\/kw-pcb-machine.com\/wp-content\/uploads\/2024\/11\/pcb-exposure-machine.webp","datePublished":"2024-11-21T08:53:31+00:00","dateModified":"2024-12-24T08:42:06+00:00","description":"Am\u00e9liorez votre production de circuits imprim\u00e9s gr\u00e2ce \u00e0 nos machines d'exposition fiables. Con\u00e7ues pour un fonctionnement rapide et une exposition pr\u00e9cise \u00e0 la lumi\u00e8re, ces machines garantissent un transfert d'image pr\u00e9cis et des rendements de production \u00e9lev\u00e9s. Elles sont id\u00e9ales pour les entreprises qui souhaitent optimiser leurs performances et r\u00e9duire leur temps de production.\"","breadcrumb":{"@id":"https:\/\/kw-pcb-machine.com\/manufacturer\/pcb-exposure-machine\/#breadcrumb"},"inLanguage":"fr-FR","potentialAction":[{"@type":"ReadAction","target":["https:\/\/kw-pcb-machine.com\/manufacturer\/pcb-exposure-machine\/"]}]},{"@type":"ImageObject","inLanguage":"fr-FR","@id":"https:\/\/kw-pcb-machine.com\/manufacturer\/pcb-exposure-machine\/#primaryimage","url":"https:\/\/kw-pcb-machine.com\/wp-content\/uploads\/2024\/11\/pcb-exposure-machine.webp","contentUrl":"https:\/\/kw-pcb-machine.com\/wp-content\/uploads\/2024\/11\/pcb-exposure-machine.webp","width":600,"height":512,"caption":"pcb exposure machine"},{"@type":"BreadcrumbList","@id":"https:\/\/kw-pcb-machine.com\/manufacturer\/pcb-exposure-machine\/#breadcrumb","itemListElement":[{"@type":"ListItem","position":1,"name":"Home","item":"https:\/\/kw-pcb-machine.com\/"},{"@type":"ListItem","position":2,"name":"Products","item":"https:\/\/kw-pcb-machine.com\/shop\/"},{"@type":"ListItem","position":3,"name":"PCB Exposure Machine"}]},{"@type":"WebSite","@id":"https:\/\/kw-pcb-machine.com\/#website","url":"https:\/\/kw-pcb-machine.com\/","name":"Kewei Industries HK limited","description":"Fournisseur de machines de fabrication de circuits imprim\u00e9s (PCB)","potentialAction":[{"@type":"SearchAction","target":{"@type":"EntryPoint","urlTemplate":"https:\/\/kw-pcb-machine.com\/?s={search_term_string}"},"query-input":{"@type":"PropertyValueSpecification","valueRequired":true,"valueName":"search_term_string"}}],"inLanguage":"fr-FR"}]}},"_links":{"self":[{"href":"https:\/\/kw-pcb-machine.com\/fr\/wp-json\/wp\/v2\/product\/1736","targetHints":{"allow":["GET"]}}],"collection":[{"href":"https:\/\/kw-pcb-machine.com\/fr\/wp-json\/wp\/v2\/product"}],"about":[{"href":"https:\/\/kw-pcb-machine.com\/fr\/wp-json\/wp\/v2\/types\/product"}],"replies":[{"embeddable":true,"href":"https:\/\/kw-pcb-machine.com\/fr\/wp-json\/wp\/v2\/comments?post=1736"}],"wp:featuredmedia":[{"embeddable":true,"href":"https:\/\/kw-pcb-machine.com\/fr\/wp-json\/wp\/v2\/media\/1737"}],"wp:attachment":[{"href":"https:\/\/kw-pcb-machine.com\/fr\/wp-json\/wp\/v2\/media?parent=1736"}],"wp:term":[{"taxonomy":"product_brand","embeddable":true,"href":"https:\/\/kw-pcb-machine.com\/fr\/wp-json\/wp\/v2\/product_brand?post=1736"},{"taxonomy":"product_cat","embeddable":true,"href":"https:\/\/kw-pcb-machine.com\/fr\/wp-json\/wp\/v2\/product_cat?post=1736"},{"taxonomy":"product_tag","embeddable":true,"href":"https:\/\/kw-pcb-machine.com\/fr\/wp-json\/wp\/v2\/product_tag?post=1736"}],"curies":[{"name":"wp","href":"https:\/\/api.w.org\/{rel}","templated":true}]}}