{"id":1740,"date":"2024-11-21T09:08:00","date_gmt":"2024-11-21T09:08:00","guid":{"rendered":"https:\/\/kw-pcb-machine.com\/?post_type=product&#038;p=1740"},"modified":"2024-12-24T08:41:25","modified_gmt":"2024-12-24T08:41:25","slug":"schmoll-pcb-driller","status":"publish","type":"product","link":"https:\/\/kw-pcb-machine.com\/fr\/fabricant\/schmoll-pcb-driller\/","title":{"rendered":"Schmoll PCB Driller"},"content":{"rendered":"<p><strong>Application : pour le per\u00e7age de circuits imprim\u00e9s \uff08Schmoll Brand\uff09<\/strong><\/p>\n\n<table id=\"tablepress-10\" class=\"tablepress tablepress-id-10\">\n<thead>\n<tr class=\"row-1\">\n\t<th class=\"column-1\">Objet<\/th><th class=\"column-2\">Taille<\/th>\n<\/tr>\n<\/thead>\n<tbody class=\"row-striping row-hover\">\n<tr class=\"row-2\">\n\t<td class=\"column-1\">Mod\u00e8le :<\/td><td class=\"column-2\">N 6<\/td>\n<\/tr>\n<tr class=\"row-3\">\n\t<td class=\"column-1\">Nombre de broches :<\/td><td class=\"column-2\">6<\/td>\n<\/tr>\n<tr class=\"row-4\">\n\t<td class=\"column-1\">Broche coup\u00e9e :<\/td><td class=\"column-2\">180krpm<\/td>\n<\/tr>\n<tr class=\"row-5\">\n\t<td class=\"column-1\">Panneau de traitement :<\/td><td class=\"column-2\">558*650mm<\/td>\n<\/tr>\n<tr class=\"row-6\">\n\t<td class=\"column-1\">Application :<\/td><td class=\"column-2\">PCB simple face, double face, multicouche<\/td>\n<\/tr>\n<tr class=\"row-7\">\n\t<td class=\"column-1\">Gamme d'outils :<\/td><td class=\"column-2\">0,2~6,50mm<\/td>\n<\/tr>\n<tr class=\"row-8\">\n\t<td class=\"column-1\">Pr\u00e9cision :<\/td><td class=\"column-2\">+\/-18um<\/td>\n<\/tr>\n<tr class=\"row-9\">\n\t<td class=\"column-1\">Fonction CBD :<\/td><td class=\"column-2\">D\u00e9tection en temps r\u00e9el des m\u00e8ches cass\u00e9es, fonction de per\u00e7age rapide - optimisation de la course en Z]<\/td>\n<\/tr>\n<tr class=\"row-10\">\n\t<td class=\"column-1\">PFIS :<\/td><td class=\"column-2\">Insertion d'un pied de pression entre un trou de 8 mm et un trou de 2 mm<\/td>\n<\/tr>\n<tr class=\"row-11\">\n\t<td class=\"column-1\">Puissance :<\/td><td class=\"column-2\">380\/400V\u00b15%(puissance d'entr\u00e9e de la machine), 50\/60 Hz, 3 phases, 30 KVA<\/td>\n<\/tr>\n<tr class=\"row-12\">\n\t<td class=\"column-1\">Dimensions de la machine Lx L x H :<\/td><td class=\"column-2\">4 050x1 920x1 775 mm<\/td>\n<\/tr>\n<tr class=\"row-13\">\n\t<td class=\"column-1\">Poids de la machine (net\/brut) :<\/td><td class=\"column-2\">environ 10 600 kg<\/td>\n<\/tr>\n<\/tbody>\n<\/table>\n<!-- #tablepress-10 from cache -->\n<a href=\"https:\/\/kw-pcb-machine.com\/fr\/contact\/\" class=\"button primary is-shade box-shadow-3 box-shadow-5-hover\"  style=\"border-radius:5px;\">\n    <span>Demande de devis<\/span>\n  <\/a>","protected":false},"excerpt":{"rendered":"<ul>\n<li><strong>Haute pr\u00e9cision<\/strong>: \u00c9quip\u00e9 d'une technologie avanc\u00e9e pour assurer un positionnement exact des trous et un per\u00e7age de haute qualit\u00e9, essentiels pour les conceptions de circuits imprim\u00e9s complexes.<\/li>\n<li><strong>Vitesse de traitement rapide<\/strong>: Con\u00e7ues pour un d\u00e9bit \u00e9lev\u00e9, ces machines r\u00e9duisent consid\u00e9rablement le temps de per\u00e7age, am\u00e9liorant ainsi l'efficacit\u00e9 globale de la production.<\/li>\n<li><strong>Personnalisation flexible<\/strong>: Offre des r\u00e9glages ajustables pour s'adapter \u00e0 une large gamme de tailles de circuits imprim\u00e9s, de mat\u00e9riaux et de types de trous, offrant ainsi une polyvalence pour diff\u00e9rents besoins de fabrication.<\/li>\n<li><strong>Durabilit\u00e9 et fiabilit\u00e9<\/strong>: Construites avec des composants robustes pour des performances durables, les machines de forage Schmoll sont con\u00e7ues pour r\u00e9sister \u00e0 une production \u00e0 haut volume et \u00e0 un entretien minimal.<\/li>\n<\/ul>","protected":false},"featured_media":1742,"comment_status":"open","ping_status":"closed","template":"","meta":[],"product_brand":[],"product_cat":[51,36],"product_tag":[],"class_list":{"0":"post-1740","1":"product","2":"type-product","3":"status-publish","4":"has-post-thumbnail","6":"product_cat-used-pcb-fabrication-machine","7":"product_cat-driller-router-cnc","9":"first","10":"instock","11":"shipping-taxable","12":"product-type-simple"},"yoast_head":"<!-- This site is optimized with the Yoast SEO plugin v25.5 - https:\/\/yoast.com\/wordpress\/plugins\/seo\/ -->\n<title>High-Precision Schmoll PCB Drilling Machines for Accurate Hole Placement<\/title>\n<meta name=\"description\" content=\"Upgrade your PCB production with Schmoll PCB drilling machines, renowned for their exceptional precision and reliability. These advanced machines ensure accurate hole placement, improving the quality and performance of your circuit boards. Perfect for both small-batch and large-scale production, they deliver consistent results every time.&quot;\" \/>\n<meta name=\"robots\" content=\"index, follow, max-snippet:-1, max-image-preview:large, max-video-preview:-1\" \/>\n<link rel=\"canonical\" href=\"https:\/\/kw-pcb-machine.com\/fr\/fabricant\/schmoll-pcb-driller\/\" \/>\n<meta property=\"og:locale\" content=\"fr_FR\" \/>\n<meta property=\"og:type\" content=\"article\" \/>\n<meta property=\"og:title\" content=\"High-Precision Schmoll PCB Drilling Machines for Accurate Hole Placement\" \/>\n<meta property=\"og:description\" content=\"Upgrade your PCB production with Schmoll PCB drilling machines, renowned for their exceptional precision and reliability. These advanced machines ensure accurate hole placement, improving the quality and performance of your circuit boards. Perfect for both small-batch and large-scale production, they deliver consistent results every time.&quot;\" \/>\n<meta property=\"og:url\" content=\"https:\/\/kw-pcb-machine.com\/fr\/fabricant\/schmoll-pcb-driller\/\" \/>\n<meta property=\"og:site_name\" content=\"Kewei Industries HK limited\" \/>\n<meta property=\"article:modified_time\" content=\"2024-12-24T08:41:25+00:00\" \/>\n<meta property=\"og:image\" content=\"https:\/\/kw-pcb-machine.com\/wp-content\/uploads\/2024\/11\/Schmoll-PCB-Drilling-Machine.webp\" \/>\n\t<meta property=\"og:image:width\" content=\"600\" \/>\n\t<meta property=\"og:image:height\" content=\"457\" \/>\n\t<meta property=\"og:image:type\" content=\"image\/webp\" \/>\n<meta name=\"twitter:card\" content=\"summary_large_image\" \/>\n<meta name=\"twitter:label1\" content=\"Dur\u00e9e de lecture estim\u00e9e\" \/>\n\t<meta name=\"twitter:data1\" content=\"1 minute\" \/>\n<script type=\"application\/ld+json\" class=\"yoast-schema-graph\">{\"@context\":\"https:\/\/schema.org\",\"@graph\":[{\"@type\":\"WebPage\",\"@id\":\"https:\/\/kw-pcb-machine.com\/manufacturer\/schmoll-pcb-driller\/\",\"url\":\"https:\/\/kw-pcb-machine.com\/manufacturer\/schmoll-pcb-driller\/\",\"name\":\"High-Precision Schmoll PCB Drilling Machines for Accurate Hole Placement\",\"isPartOf\":{\"@id\":\"https:\/\/kw-pcb-machine.com\/#website\"},\"primaryImageOfPage\":{\"@id\":\"https:\/\/kw-pcb-machine.com\/manufacturer\/schmoll-pcb-driller\/#primaryimage\"},\"image\":{\"@id\":\"https:\/\/kw-pcb-machine.com\/manufacturer\/schmoll-pcb-driller\/#primaryimage\"},\"thumbnailUrl\":\"https:\/\/kw-pcb-machine.com\/wp-content\/uploads\/2024\/11\/Schmoll-PCB-Drilling-Machine.webp\",\"datePublished\":\"2024-11-21T09:08:00+00:00\",\"dateModified\":\"2024-12-24T08:41:25+00:00\",\"description\":\"Upgrade your PCB production with Schmoll PCB drilling machines, renowned for their exceptional precision and reliability. These advanced machines ensure accurate hole placement, improving the quality and performance of your circuit boards. Perfect for both small-batch and large-scale production, they deliver consistent results every time.\\\"\",\"breadcrumb\":{\"@id\":\"https:\/\/kw-pcb-machine.com\/manufacturer\/schmoll-pcb-driller\/#breadcrumb\"},\"inLanguage\":\"fr-FR\",\"potentialAction\":[{\"@type\":\"ReadAction\",\"target\":[\"https:\/\/kw-pcb-machine.com\/manufacturer\/schmoll-pcb-driller\/\"]}]},{\"@type\":\"ImageObject\",\"inLanguage\":\"fr-FR\",\"@id\":\"https:\/\/kw-pcb-machine.com\/manufacturer\/schmoll-pcb-driller\/#primaryimage\",\"url\":\"https:\/\/kw-pcb-machine.com\/wp-content\/uploads\/2024\/11\/Schmoll-PCB-Drilling-Machine.webp\",\"contentUrl\":\"https:\/\/kw-pcb-machine.com\/wp-content\/uploads\/2024\/11\/Schmoll-PCB-Drilling-Machine.webp\",\"width\":600,\"height\":457,\"caption\":\"Schmoll PCB Drilling Machine\"},{\"@type\":\"BreadcrumbList\",\"@id\":\"https:\/\/kw-pcb-machine.com\/manufacturer\/schmoll-pcb-driller\/#breadcrumb\",\"itemListElement\":[{\"@type\":\"ListItem\",\"position\":1,\"name\":\"Home\",\"item\":\"https:\/\/kw-pcb-machine.com\/\"},{\"@type\":\"ListItem\",\"position\":2,\"name\":\"Products\",\"item\":\"https:\/\/kw-pcb-machine.com\/shop\/\"},{\"@type\":\"ListItem\",\"position\":3,\"name\":\"Schmoll PCB Driller\"}]},{\"@type\":\"WebSite\",\"@id\":\"https:\/\/kw-pcb-machine.com\/#website\",\"url\":\"https:\/\/kw-pcb-machine.com\/\",\"name\":\"Kewei Industries HK limited\",\"description\":\"Printed Circuit Board (PCB) Making Machine Supplier\",\"potentialAction\":[{\"@type\":\"SearchAction\",\"target\":{\"@type\":\"EntryPoint\",\"urlTemplate\":\"https:\/\/kw-pcb-machine.com\/?s={search_term_string}\"},\"query-input\":{\"@type\":\"PropertyValueSpecification\",\"valueRequired\":true,\"valueName\":\"search_term_string\"}}],\"inLanguage\":\"fr-FR\"}]}<\/script>\n<!-- \/ Yoast SEO plugin. -->","yoast_head_json":{"title":"Machines de per\u00e7age de circuits imprim\u00e9s Schmoll de haute pr\u00e9cision pour un positionnement pr\u00e9cis des trous","description":"Am\u00e9liorez votre production de circuits imprim\u00e9s avec les perceuses de circuits imprim\u00e9s Schmoll, r\u00e9put\u00e9es pour leur pr\u00e9cision et leur fiabilit\u00e9 exceptionnelles. Ces machines avanc\u00e9es garantissent un positionnement pr\u00e9cis des trous, am\u00e9liorant ainsi la qualit\u00e9 et les performances de vos circuits imprim\u00e9s. Parfaites pour les petites s\u00e9ries comme pour la production \u00e0 grande \u00e9chelle, elles fournissent des r\u00e9sultats constants \u00e0 chaque fois.\"","robots":{"index":"index","follow":"follow","max-snippet":"max-snippet:-1","max-image-preview":"max-image-preview:large","max-video-preview":"max-video-preview:-1"},"canonical":"https:\/\/kw-pcb-machine.com\/fr\/fabricant\/schmoll-pcb-driller\/","og_locale":"fr_FR","og_type":"article","og_title":"High-Precision Schmoll PCB Drilling Machines for Accurate Hole Placement","og_description":"Upgrade your PCB production with Schmoll PCB drilling machines, renowned for their exceptional precision and reliability. These advanced machines ensure accurate hole placement, improving the quality and performance of your circuit boards. Perfect for both small-batch and large-scale production, they deliver consistent results every time.\"","og_url":"https:\/\/kw-pcb-machine.com\/fr\/fabricant\/schmoll-pcb-driller\/","og_site_name":"Kewei Industries HK limited","article_modified_time":"2024-12-24T08:41:25+00:00","og_image":[{"width":600,"height":457,"url":"https:\/\/kw-pcb-machine.com\/wp-content\/uploads\/2024\/11\/Schmoll-PCB-Drilling-Machine.webp","type":"image\/webp"}],"twitter_card":"summary_large_image","twitter_misc":{"Dur\u00e9e de lecture estim\u00e9e":"1 minute"},"schema":{"@context":"https:\/\/schema.org","@graph":[{"@type":"WebPage","@id":"https:\/\/kw-pcb-machine.com\/manufacturer\/schmoll-pcb-driller\/","url":"https:\/\/kw-pcb-machine.com\/manufacturer\/schmoll-pcb-driller\/","name":"Machines de per\u00e7age de circuits imprim\u00e9s Schmoll de haute pr\u00e9cision pour un positionnement pr\u00e9cis des trous","isPartOf":{"@id":"https:\/\/kw-pcb-machine.com\/#website"},"primaryImageOfPage":{"@id":"https:\/\/kw-pcb-machine.com\/manufacturer\/schmoll-pcb-driller\/#primaryimage"},"image":{"@id":"https:\/\/kw-pcb-machine.com\/manufacturer\/schmoll-pcb-driller\/#primaryimage"},"thumbnailUrl":"https:\/\/kw-pcb-machine.com\/wp-content\/uploads\/2024\/11\/Schmoll-PCB-Drilling-Machine.webp","datePublished":"2024-11-21T09:08:00+00:00","dateModified":"2024-12-24T08:41:25+00:00","description":"Am\u00e9liorez votre production de circuits imprim\u00e9s avec les perceuses de circuits imprim\u00e9s Schmoll, r\u00e9put\u00e9es pour leur pr\u00e9cision et leur fiabilit\u00e9 exceptionnelles. Ces machines avanc\u00e9es garantissent un positionnement pr\u00e9cis des trous, am\u00e9liorant ainsi la qualit\u00e9 et les performances de vos circuits imprim\u00e9s. Parfaites pour les petites s\u00e9ries comme pour la production \u00e0 grande \u00e9chelle, elles fournissent des r\u00e9sultats constants \u00e0 chaque fois.\"","breadcrumb":{"@id":"https:\/\/kw-pcb-machine.com\/manufacturer\/schmoll-pcb-driller\/#breadcrumb"},"inLanguage":"fr-FR","potentialAction":[{"@type":"ReadAction","target":["https:\/\/kw-pcb-machine.com\/manufacturer\/schmoll-pcb-driller\/"]}]},{"@type":"ImageObject","inLanguage":"fr-FR","@id":"https:\/\/kw-pcb-machine.com\/manufacturer\/schmoll-pcb-driller\/#primaryimage","url":"https:\/\/kw-pcb-machine.com\/wp-content\/uploads\/2024\/11\/Schmoll-PCB-Drilling-Machine.webp","contentUrl":"https:\/\/kw-pcb-machine.com\/wp-content\/uploads\/2024\/11\/Schmoll-PCB-Drilling-Machine.webp","width":600,"height":457,"caption":"Schmoll PCB Drilling Machine"},{"@type":"BreadcrumbList","@id":"https:\/\/kw-pcb-machine.com\/manufacturer\/schmoll-pcb-driller\/#breadcrumb","itemListElement":[{"@type":"ListItem","position":1,"name":"Home","item":"https:\/\/kw-pcb-machine.com\/"},{"@type":"ListItem","position":2,"name":"Products","item":"https:\/\/kw-pcb-machine.com\/shop\/"},{"@type":"ListItem","position":3,"name":"Schmoll PCB Driller"}]},{"@type":"WebSite","@id":"https:\/\/kw-pcb-machine.com\/#website","url":"https:\/\/kw-pcb-machine.com\/","name":"Kewei Industries HK limited","description":"Fournisseur de machines de fabrication de circuits imprim\u00e9s (PCB)","potentialAction":[{"@type":"SearchAction","target":{"@type":"EntryPoint","urlTemplate":"https:\/\/kw-pcb-machine.com\/?s={search_term_string}"},"query-input":{"@type":"PropertyValueSpecification","valueRequired":true,"valueName":"search_term_string"}}],"inLanguage":"fr-FR"}]}},"_links":{"self":[{"href":"https:\/\/kw-pcb-machine.com\/fr\/wp-json\/wp\/v2\/product\/1740","targetHints":{"allow":["GET"]}}],"collection":[{"href":"https:\/\/kw-pcb-machine.com\/fr\/wp-json\/wp\/v2\/product"}],"about":[{"href":"https:\/\/kw-pcb-machine.com\/fr\/wp-json\/wp\/v2\/types\/product"}],"replies":[{"embeddable":true,"href":"https:\/\/kw-pcb-machine.com\/fr\/wp-json\/wp\/v2\/comments?post=1740"}],"wp:featuredmedia":[{"embeddable":true,"href":"https:\/\/kw-pcb-machine.com\/fr\/wp-json\/wp\/v2\/media\/1742"}],"wp:attachment":[{"href":"https:\/\/kw-pcb-machine.com\/fr\/wp-json\/wp\/v2\/media?parent=1740"}],"wp:term":[{"taxonomy":"product_brand","embeddable":true,"href":"https:\/\/kw-pcb-machine.com\/fr\/wp-json\/wp\/v2\/product_brand?post=1740"},{"taxonomy":"product_cat","embeddable":true,"href":"https:\/\/kw-pcb-machine.com\/fr\/wp-json\/wp\/v2\/product_cat?post=1740"},{"taxonomy":"product_tag","embeddable":true,"href":"https:\/\/kw-pcb-machine.com\/fr\/wp-json\/wp\/v2\/product_tag?post=1740"}],"curies":[{"name":"wp","href":"https:\/\/api.w.org\/{rel}","templated":true}]}}