{"id":1756,"date":"2024-11-21T10:07:16","date_gmt":"2024-11-21T10:07:16","guid":{"rendered":"https:\/\/kw-pcb-machine.com\/?post_type=product&#038;p=1756"},"modified":"2024-12-24T08:39:30","modified_gmt":"2024-12-24T08:39:30","slug":"pcb-ldi","status":"publish","type":"product","link":"https:\/\/kw-pcb-machine.com\/fr\/fabricant\/pcb-ldi\/","title":{"rendered":"PCB LDI"},"content":{"rendered":"<p><strong>Application : Machine d'imagerie directe au laser pour PCB (marque Orbotech\uff09)<\/strong><\/p>\n\n<table id=\"tablepress-13\" class=\"tablepress tablepress-id-13\">\n<thead>\n<tr class=\"row-1\">\n\t<th class=\"column-1\">Objet<\/th><th class=\"column-2\">Taille<\/th>\n<\/tr>\n<\/thead>\n<tbody class=\"row-striping row-hover\">\n<tr class=\"row-2\">\n\t<td class=\"column-1\">Mod\u00e8le :<\/td><td class=\"column-2\">Paragon-SM 20<\/td>\n<\/tr>\n<tr class=\"row-3\">\n\t<td class=\"column-1\">R\u00e9solutions :<\/td><td class=\"column-2\">8000dpi<\/td>\n<\/tr>\n<tr class=\"row-4\">\n\t<td class=\"column-1\">D\u00e9bit* (impressions max. par heure 18\" x 24\")\uff1a<\/td><td class=\"column-2\">@10mJ\/cm2 SR : 160<br \/>\n@100mJ\/cm2 SR : 80<\/td>\n<\/tr>\n<tr class=\"row-5\">\n\t<td class=\"column-1\">Taille minimale de l'objet :<\/td><td class=\"column-2\">1 million<\/td>\n<\/tr>\n<tr class=\"row-6\">\n\t<td class=\"column-1\">Rugosit\u00e9 des bords :<\/td><td class=\"column-2\">+\/-0.1mil<\/td>\n<\/tr>\n<tr class=\"row-7\">\n\t<td class=\"column-1\">Longueur d'onde d'exposition :<\/td><td class=\"column-2\">Gamme UV, 355nm, 16W<\/td>\n<\/tr>\n<tr class=\"row-8\">\n\t<td class=\"column-1\">Gamme d'\u00e9nergie (mJ\/cm2) :<\/td><td class=\"column-2\">10-2200<\/td>\n<\/tr>\n<tr class=\"row-9\">\n\t<td class=\"column-1\">Pr\u00e9cision du positionnement (FTG) :<\/td><td class=\"column-2\">+\/-0.5mil<\/td>\n<\/tr>\n<tr class=\"row-10\">\n\t<td class=\"column-1\">Enregistrement c\u00f4te \u00e0 c\u00f4te :<\/td><td class=\"column-2\">1 million<\/td>\n<\/tr>\n<tr class=\"row-11\">\n\t<td class=\"column-1\">Max. Taille du substrat :<\/td><td class=\"column-2\">25*32''<\/td>\n<\/tr>\n<tr class=\"row-12\">\n\t<td class=\"column-1\">Max. Zone d'exposition :<\/td><td class=\"column-2\">24*32''<\/td>\n<\/tr>\n<tr class=\"row-13\">\n\t<td class=\"column-1\">\u00c9paisseur du support :<\/td><td class=\"column-2\">0.001''-0.315''<\/td>\n<\/tr>\n<tr class=\"row-14\">\n\t<td class=\"column-1\">Applications :<\/td><td class=\"column-2\">Masque de soudure\/Couches internes et externes\/Couches d'accumulation s\u00e9quentielles\/CP flexibles et rigides-flexibles<\/td>\n<\/tr>\n<\/tbody>\n<\/table>\n<!-- #tablepress-13 from cache -->\n<a href=\"https:\/\/kw-pcb-machine.com\/fr\/contact\/\" class=\"button primary is-shade box-shadow-3 box-shadow-5-hover\"  style=\"border-radius:5px;\">\n    <span>Demande de devis<\/span>\n  <\/a>","protected":false},"excerpt":{"rendered":"<ul>\n<li><strong>Imagerie de haute pr\u00e9cision<\/strong><br \/>\nLes syst\u00e8mes PCB LDI utilisent la technologie laser pour exposer directement la couche de r\u00e9sine photosensible sur le circuit imprim\u00e9, ce qui permet d'obtenir des motifs \u00e0 haute r\u00e9solution avec des lignes fines et des tol\u00e9rances \u00e9troites. Cela permet de reproduire avec pr\u00e9cision des conceptions de circuits complexes.<\/li>\n<li><strong>R\u00e9duction des co\u00fbts de production<\/strong><br \/>\nEn \u00e9liminant le besoin de photomasques et d'\u00e9quipements d'exposition traditionnels, la technologie PCB LDI r\u00e9duit consid\u00e9rablement les co\u00fbts des mat\u00e9riaux et le temps de pr\u00e9paration. Elle minimise \u00e9galement les erreurs, ce qui permet de r\u00e9duire les retouches et les co\u00fbts de production globaux.<\/li>\n<li><strong>Des d\u00e9lais d'ex\u00e9cution plus courts<\/strong><br \/>\nLes syst\u00e8mes LDI offrent des vitesses d'imagerie et de traitement plus rapides que les m\u00e9thodes traditionnelles, ce qui acc\u00e9l\u00e8re le processus de fabrication des circuits imprim\u00e9s. Ceci est particuli\u00e8rement avantageux pour les productions en grande quantit\u00e9 ou dans des d\u00e9lais tr\u00e8s courts.<\/li>\n<li><strong>Flexibilit\u00e9 accrue de la conception<\/strong><br \/>\nAvec la technologie PCB LDI, les fabricants peuvent facilement passer d'une conception \u00e0 l'autre sans avoir besoin de nouveaux masques, ce qui permet une plus grande flexibilit\u00e9 dans la production de s\u00e9ries de faible \u00e0 moyen volume de diff\u00e9rentes conceptions de circuits imprim\u00e9s. Elle permet \u00e9galement d'obtenir des sch\u00e9mas de circuits plus complexes qui sont difficiles \u00e0 r\u00e9aliser avec la photolithographie traditionnelle.<\/li>\n<\/ul>","protected":false},"featured_media":1758,"comment_status":"open","ping_status":"closed","template":"","meta":[],"product_brand":[],"product_cat":[51,40],"product_tag":[],"class_list":{"0":"post-1756","1":"product","2":"type-product","3":"status-publish","4":"has-post-thumbnail","6":"product_cat-used-pcb-fabrication-machine","7":"product_cat-exposure-ldi","9":"first","10":"instock","11":"shipping-taxable","12":"product-type-simple"},"yoast_head":"<!-- This site is optimized with the Yoast SEO plugin v25.5 - https:\/\/yoast.com\/wordpress\/plugins\/seo\/ -->\n<title>Leading PCB LDI Machines for High-Resolution Circuit Board Imaging<\/title>\n<meta name=\"description\" content=\"Upgrade your PCB fabrication process with our state-of-the-art LDI machines. Designed for high-resolution, fast imaging, and consistent results, our Laser Direct Imaging technology ensures your PCBs meet the highest industry standards. Improve your production line\u2019s speed and accuracy with our top-tier LDI solutions.\" \/>\n<meta name=\"robots\" content=\"index, follow, max-snippet:-1, max-image-preview:large, max-video-preview:-1\" \/>\n<link rel=\"canonical\" href=\"https:\/\/kw-pcb-machine.com\/fr\/fabricant\/pcb-ldi\/\" \/>\n<meta property=\"og:locale\" content=\"fr_FR\" \/>\n<meta property=\"og:type\" content=\"article\" \/>\n<meta property=\"og:title\" content=\"Leading PCB LDI Machines for High-Resolution Circuit Board Imaging\" \/>\n<meta property=\"og:description\" content=\"Upgrade your PCB fabrication process with our state-of-the-art LDI machines. Designed for high-resolution, fast imaging, and consistent results, our Laser Direct Imaging technology ensures your PCBs meet the highest industry standards. Improve your production line\u2019s speed and accuracy with our top-tier LDI solutions.\" \/>\n<meta property=\"og:url\" content=\"https:\/\/kw-pcb-machine.com\/fr\/fabricant\/pcb-ldi\/\" \/>\n<meta property=\"og:site_name\" content=\"Kewei Industries HK limited\" \/>\n<meta property=\"article:modified_time\" content=\"2024-12-24T08:39:30+00:00\" \/>\n<meta property=\"og:image\" content=\"https:\/\/kw-pcb-machine.com\/wp-content\/uploads\/2024\/11\/LDI-Orbotech-Prargon-SM20.webp\" \/>\n\t<meta property=\"og:image:width\" content=\"600\" \/>\n\t<meta property=\"og:image:height\" content=\"513\" \/>\n\t<meta property=\"og:image:type\" content=\"image\/webp\" \/>\n<meta name=\"twitter:card\" content=\"summary_large_image\" \/>\n<meta name=\"twitter:label1\" content=\"Dur\u00e9e de lecture estim\u00e9e\" \/>\n\t<meta name=\"twitter:data1\" content=\"1 minute\" \/>\n<script type=\"application\/ld+json\" class=\"yoast-schema-graph\">{\"@context\":\"https:\/\/schema.org\",\"@graph\":[{\"@type\":\"WebPage\",\"@id\":\"https:\/\/kw-pcb-machine.com\/manufacturer\/pcb-ldi\/\",\"url\":\"https:\/\/kw-pcb-machine.com\/manufacturer\/pcb-ldi\/\",\"name\":\"Leading PCB LDI Machines for High-Resolution Circuit Board Imaging\",\"isPartOf\":{\"@id\":\"https:\/\/kw-pcb-machine.com\/#website\"},\"primaryImageOfPage\":{\"@id\":\"https:\/\/kw-pcb-machine.com\/manufacturer\/pcb-ldi\/#primaryimage\"},\"image\":{\"@id\":\"https:\/\/kw-pcb-machine.com\/manufacturer\/pcb-ldi\/#primaryimage\"},\"thumbnailUrl\":\"https:\/\/kw-pcb-machine.com\/wp-content\/uploads\/2024\/11\/LDI-Orbotech-Prargon-SM20.webp\",\"datePublished\":\"2024-11-21T10:07:16+00:00\",\"dateModified\":\"2024-12-24T08:39:30+00:00\",\"description\":\"Upgrade your PCB fabrication process with our state-of-the-art LDI machines. Designed for high-resolution, fast imaging, and consistent results, our Laser Direct Imaging technology ensures your PCBs meet the highest industry standards. Improve your production line\u2019s speed and accuracy with our top-tier LDI solutions.\",\"breadcrumb\":{\"@id\":\"https:\/\/kw-pcb-machine.com\/manufacturer\/pcb-ldi\/#breadcrumb\"},\"inLanguage\":\"fr-FR\",\"potentialAction\":[{\"@type\":\"ReadAction\",\"target\":[\"https:\/\/kw-pcb-machine.com\/manufacturer\/pcb-ldi\/\"]}]},{\"@type\":\"ImageObject\",\"inLanguage\":\"fr-FR\",\"@id\":\"https:\/\/kw-pcb-machine.com\/manufacturer\/pcb-ldi\/#primaryimage\",\"url\":\"https:\/\/kw-pcb-machine.com\/wp-content\/uploads\/2024\/11\/LDI-Orbotech-Prargon-SM20.webp\",\"contentUrl\":\"https:\/\/kw-pcb-machine.com\/wp-content\/uploads\/2024\/11\/LDI-Orbotech-Prargon-SM20.webp\",\"width\":600,\"height\":513,\"caption\":\"LDI Orbotech Prargon\"},{\"@type\":\"BreadcrumbList\",\"@id\":\"https:\/\/kw-pcb-machine.com\/manufacturer\/pcb-ldi\/#breadcrumb\",\"itemListElement\":[{\"@type\":\"ListItem\",\"position\":1,\"name\":\"Home\",\"item\":\"https:\/\/kw-pcb-machine.com\/\"},{\"@type\":\"ListItem\",\"position\":2,\"name\":\"Products\",\"item\":\"https:\/\/kw-pcb-machine.com\/shop\/\"},{\"@type\":\"ListItem\",\"position\":3,\"name\":\"PCB LDI\"}]},{\"@type\":\"WebSite\",\"@id\":\"https:\/\/kw-pcb-machine.com\/#website\",\"url\":\"https:\/\/kw-pcb-machine.com\/\",\"name\":\"Kewei Industries HK limited\",\"description\":\"Printed Circuit Board (PCB) Making Machine Supplier\",\"potentialAction\":[{\"@type\":\"SearchAction\",\"target\":{\"@type\":\"EntryPoint\",\"urlTemplate\":\"https:\/\/kw-pcb-machine.com\/?s={search_term_string}\"},\"query-input\":{\"@type\":\"PropertyValueSpecification\",\"valueRequired\":true,\"valueName\":\"search_term_string\"}}],\"inLanguage\":\"fr-FR\"}]}<\/script>\n<!-- \/ Yoast SEO plugin. -->","yoast_head_json":{"title":"Machines PCB LDI de pointe pour l'imagerie haute r\u00e9solution des circuits imprim\u00e9s","description":"Am\u00e9liorez votre processus de fabrication de circuits imprim\u00e9s gr\u00e2ce \u00e0 nos machines LDI de pointe. Con\u00e7ue pour une haute r\u00e9solution, une imagerie rapide et des r\u00e9sultats coh\u00e9rents, notre technologie d'imagerie directe par laser garantit que vos circuits imprim\u00e9s r\u00e9pondent aux normes industrielles les plus strictes. Am\u00e9liorez la vitesse et la pr\u00e9cision de votre ligne de production gr\u00e2ce \u00e0 nos solutions LDI de premier ordre.","robots":{"index":"index","follow":"follow","max-snippet":"max-snippet:-1","max-image-preview":"max-image-preview:large","max-video-preview":"max-video-preview:-1"},"canonical":"https:\/\/kw-pcb-machine.com\/fr\/fabricant\/pcb-ldi\/","og_locale":"fr_FR","og_type":"article","og_title":"Leading PCB LDI Machines for High-Resolution Circuit Board Imaging","og_description":"Upgrade your PCB fabrication process with our state-of-the-art LDI machines. Designed for high-resolution, fast imaging, and consistent results, our Laser Direct Imaging technology ensures your PCBs meet the highest industry standards. Improve your production line\u2019s speed and accuracy with our top-tier LDI solutions.","og_url":"https:\/\/kw-pcb-machine.com\/fr\/fabricant\/pcb-ldi\/","og_site_name":"Kewei Industries HK limited","article_modified_time":"2024-12-24T08:39:30+00:00","og_image":[{"width":600,"height":513,"url":"https:\/\/kw-pcb-machine.com\/wp-content\/uploads\/2024\/11\/LDI-Orbotech-Prargon-SM20.webp","type":"image\/webp"}],"twitter_card":"summary_large_image","twitter_misc":{"Dur\u00e9e de lecture estim\u00e9e":"1 minute"},"schema":{"@context":"https:\/\/schema.org","@graph":[{"@type":"WebPage","@id":"https:\/\/kw-pcb-machine.com\/manufacturer\/pcb-ldi\/","url":"https:\/\/kw-pcb-machine.com\/manufacturer\/pcb-ldi\/","name":"Machines PCB LDI de pointe pour l'imagerie haute r\u00e9solution des circuits imprim\u00e9s","isPartOf":{"@id":"https:\/\/kw-pcb-machine.com\/#website"},"primaryImageOfPage":{"@id":"https:\/\/kw-pcb-machine.com\/manufacturer\/pcb-ldi\/#primaryimage"},"image":{"@id":"https:\/\/kw-pcb-machine.com\/manufacturer\/pcb-ldi\/#primaryimage"},"thumbnailUrl":"https:\/\/kw-pcb-machine.com\/wp-content\/uploads\/2024\/11\/LDI-Orbotech-Prargon-SM20.webp","datePublished":"2024-11-21T10:07:16+00:00","dateModified":"2024-12-24T08:39:30+00:00","description":"Am\u00e9liorez votre processus de fabrication de circuits imprim\u00e9s gr\u00e2ce \u00e0 nos machines LDI de pointe. Con\u00e7ue pour une haute r\u00e9solution, une imagerie rapide et des r\u00e9sultats coh\u00e9rents, notre technologie d'imagerie directe par laser garantit que vos circuits imprim\u00e9s r\u00e9pondent aux normes industrielles les plus strictes. Am\u00e9liorez la vitesse et la pr\u00e9cision de votre ligne de production gr\u00e2ce \u00e0 nos solutions LDI de premier ordre.","breadcrumb":{"@id":"https:\/\/kw-pcb-machine.com\/manufacturer\/pcb-ldi\/#breadcrumb"},"inLanguage":"fr-FR","potentialAction":[{"@type":"ReadAction","target":["https:\/\/kw-pcb-machine.com\/manufacturer\/pcb-ldi\/"]}]},{"@type":"ImageObject","inLanguage":"fr-FR","@id":"https:\/\/kw-pcb-machine.com\/manufacturer\/pcb-ldi\/#primaryimage","url":"https:\/\/kw-pcb-machine.com\/wp-content\/uploads\/2024\/11\/LDI-Orbotech-Prargon-SM20.webp","contentUrl":"https:\/\/kw-pcb-machine.com\/wp-content\/uploads\/2024\/11\/LDI-Orbotech-Prargon-SM20.webp","width":600,"height":513,"caption":"LDI Orbotech Prargon"},{"@type":"BreadcrumbList","@id":"https:\/\/kw-pcb-machine.com\/manufacturer\/pcb-ldi\/#breadcrumb","itemListElement":[{"@type":"ListItem","position":1,"name":"Home","item":"https:\/\/kw-pcb-machine.com\/"},{"@type":"ListItem","position":2,"name":"Products","item":"https:\/\/kw-pcb-machine.com\/shop\/"},{"@type":"ListItem","position":3,"name":"PCB LDI"}]},{"@type":"WebSite","@id":"https:\/\/kw-pcb-machine.com\/#website","url":"https:\/\/kw-pcb-machine.com\/","name":"Kewei Industries HK limited","description":"Fournisseur de machines de fabrication de circuits imprim\u00e9s (PCB)","potentialAction":[{"@type":"SearchAction","target":{"@type":"EntryPoint","urlTemplate":"https:\/\/kw-pcb-machine.com\/?s={search_term_string}"},"query-input":{"@type":"PropertyValueSpecification","valueRequired":true,"valueName":"search_term_string"}}],"inLanguage":"fr-FR"}]}},"_links":{"self":[{"href":"https:\/\/kw-pcb-machine.com\/fr\/wp-json\/wp\/v2\/product\/1756","targetHints":{"allow":["GET"]}}],"collection":[{"href":"https:\/\/kw-pcb-machine.com\/fr\/wp-json\/wp\/v2\/product"}],"about":[{"href":"https:\/\/kw-pcb-machine.com\/fr\/wp-json\/wp\/v2\/types\/product"}],"replies":[{"embeddable":true,"href":"https:\/\/kw-pcb-machine.com\/fr\/wp-json\/wp\/v2\/comments?post=1756"}],"wp:featuredmedia":[{"embeddable":true,"href":"https:\/\/kw-pcb-machine.com\/fr\/wp-json\/wp\/v2\/media\/1758"}],"wp:attachment":[{"href":"https:\/\/kw-pcb-machine.com\/fr\/wp-json\/wp\/v2\/media?parent=1756"}],"wp:term":[{"taxonomy":"product_brand","embeddable":true,"href":"https:\/\/kw-pcb-machine.com\/fr\/wp-json\/wp\/v2\/product_brand?post=1756"},{"taxonomy":"product_cat","embeddable":true,"href":"https:\/\/kw-pcb-machine.com\/fr\/wp-json\/wp\/v2\/product_cat?post=1756"},{"taxonomy":"product_tag","embeddable":true,"href":"https:\/\/kw-pcb-machine.com\/fr\/wp-json\/wp\/v2\/product_tag?post=1756"}],"curies":[{"name":"wp","href":"https:\/\/api.w.org\/{rel}","templated":true}]}}