{"id":1784,"date":"2024-11-21T11:54:57","date_gmt":"2024-11-21T11:54:57","guid":{"rendered":"https:\/\/kw-pcb-machine.com\/?post_type=product&#038;p=1784"},"modified":"2024-12-24T08:36:24","modified_gmt":"2024-12-24T08:36:24","slug":"enig-plating","status":"publish","type":"product","link":"https:\/\/kw-pcb-machine.com\/fr\/fabricant\/enig-plating\/","title":{"rendered":"Ligne de placage d'or Immerison"},"content":{"rendered":"<p><strong>Application : pour le placage d'or par immersion dans le nickel chimique\u00a0<\/strong><\/p>\n\n<table id=\"tablepress-18\" class=\"tablepress tablepress-id-18\">\n<thead>\n<tr class=\"row-1\">\n\t<th class=\"column-1\">Objet<\/th><th class=\"column-2\">D\u00e9tail<\/th>\n<\/tr>\n<\/thead>\n<tbody class=\"row-striping row-hover\">\n<tr class=\"row-2\">\n\t<td class=\"column-1\">Mod\u00e8le<\/td><td class=\"column-2\">Nickel chimique Or par immersion <\/td>\n<\/tr>\n<tr class=\"row-3\">\n\t<td class=\"column-1\">Capacit\u00e9 du r\u00e9servoir<\/td><td class=\"column-2\">Taille du r\u00e9servoir 1250mm<\/td>\n<\/tr>\n<tr class=\"row-4\">\n\t<td class=\"column-1\">Longueur totale<\/td><td class=\"column-2\">20 m\u00e8tres<\/td>\n<\/tr>\n<tr class=\"row-5\">\n\t<td class=\"column-1\">Condition<\/td><td class=\"column-2\">99% neuf et en bon \u00e9tat de fonctionnement<\/td>\n<\/tr>\n<\/tbody>\n<\/table>\n<!-- #tablepress-18 from cache -->\n<a href=\"https:\/\/kw-pcb-machine.com\/fr\/contact\/\" class=\"button primary is-shade box-shadow-3 box-shadow-5-hover\"  style=\"border-radius:5px;\">\n    <span>Demande de devis<\/span>\n  <\/a>","protected":false},"excerpt":{"rendered":"<ul>\n<li><strong>R\u00e9sistance sup\u00e9rieure \u00e0 la corrosion<\/strong><br \/>\nLe placage ENIG offre une excellente protection contre la corrosion, en particulier contre l'oxydation, gr\u00e2ce \u00e0 la combinaison du nickel chimique et de l'or d'immersion. Il est donc id\u00e9al pour les applications o\u00f9 la fiabilit\u00e9 et les performances \u00e0 long terme sont essentielles.<\/li>\n<li><strong>Am\u00e9lioration de la soudabilit\u00e9<\/strong><br \/>\nLa surface lisse et dor\u00e9e du placage ENIG garantit une excellente soudabilit\u00e9. Ceci est essentiel pour obtenir des joints de soudure solides et fiables dans les circuits imprim\u00e9s, en particulier dans les composants \u00e0 pas fin ou les conceptions complexes o\u00f9 la pr\u00e9cision est primordiale.<\/li>\n<li><strong>Surface plane et uniforme<\/strong><br \/>\nLe placage ENIG permet d'obtenir une surface tr\u00e8s plate et uniforme, ce qui est essentiel pour les cartes d'interconnexion \u00e0 haute densit\u00e9 (HDI). L'uniformit\u00e9 de la finition de la surface am\u00e9liore la qualit\u00e9 du produit final, en particulier pour les petits composants \u00e0 pas fin.<\/li>\n<li><strong>Bonne conductivit\u00e9 \u00e9lectrique<\/strong><br \/>\nLa couche de nickel chimique dans le placage ENIG offre une bonne conductivit\u00e9 \u00e9lectrique, tandis que la couche d'or am\u00e9liore les performances dans les applications \u00e0 haute fr\u00e9quence. Cela fait du placage ENIG un choix privil\u00e9gi\u00e9 pour les applications \u00e9lectroniques avanc\u00e9es et \u00e0 haute performance, telles que les t\u00e9l\u00e9communications et l'a\u00e9rospatiale.<\/li>\n<\/ul>","protected":false},"featured_media":1786,"comment_status":"open","ping_status":"closed","template":"","meta":[],"product_brand":[],"product_cat":[51,47],"product_tag":[],"class_list":{"0":"post-1784","1":"product","2":"type-product","3":"status-publish","4":"has-post-thumbnail","6":"product_cat-used-pcb-fabrication-machine","7":"product_cat-wet-process","9":"first","10":"instock","11":"shipping-taxable","12":"product-type-simple"},"yoast_head":"<!-- This site is optimized with the Yoast SEO plugin v25.5 - https:\/\/yoast.com\/wordpress\/plugins\/seo\/ -->\n<title>High-Quality ENIG Plating for Reliable PCB Surface Finishing<\/title>\n<meta name=\"description\" content=\"Ensure superior durability and electrical performance with our ENIG plating services. Our Electroless Nickel\/Immersion Gold (ENIG) plating offers excellent corrosion resistance, flatness, and superior conductivity, making it an ideal choice for high-performance PCBs in demanding industries.\" \/>\n<meta name=\"robots\" content=\"index, follow, max-snippet:-1, max-image-preview:large, max-video-preview:-1\" \/>\n<link rel=\"canonical\" href=\"https:\/\/kw-pcb-machine.com\/fr\/fabricant\/enig-plating\/\" \/>\n<meta property=\"og:locale\" content=\"fr_FR\" \/>\n<meta property=\"og:type\" content=\"article\" \/>\n<meta property=\"og:title\" content=\"High-Quality ENIG Plating for Reliable PCB Surface Finishing\" \/>\n<meta property=\"og:description\" content=\"Ensure superior durability and electrical performance with our ENIG plating services. Our Electroless Nickel\/Immersion Gold (ENIG) plating offers excellent corrosion resistance, flatness, and superior conductivity, making it an ideal choice for high-performance PCBs in demanding industries.\" \/>\n<meta property=\"og:url\" content=\"https:\/\/kw-pcb-machine.com\/fr\/fabricant\/enig-plating\/\" \/>\n<meta property=\"og:site_name\" content=\"Kewei Industries HK limited\" \/>\n<meta property=\"article:modified_time\" content=\"2024-12-24T08:36:24+00:00\" \/>\n<meta property=\"og:image\" content=\"https:\/\/kw-pcb-machine.com\/wp-content\/uploads\/2024\/11\/enig-plating.webp\" \/>\n\t<meta property=\"og:image:width\" content=\"600\" \/>\n\t<meta property=\"og:image:height\" content=\"450\" \/>\n\t<meta property=\"og:image:type\" content=\"image\/webp\" \/>\n<meta name=\"twitter:card\" content=\"summary_large_image\" \/>\n<meta name=\"twitter:label1\" content=\"Dur\u00e9e de lecture estim\u00e9e\" \/>\n\t<meta name=\"twitter:data1\" content=\"1 minute\" \/>\n<script type=\"application\/ld+json\" class=\"yoast-schema-graph\">{\"@context\":\"https:\/\/schema.org\",\"@graph\":[{\"@type\":\"WebPage\",\"@id\":\"https:\/\/kw-pcb-machine.com\/manufacturer\/enig-plating\/\",\"url\":\"https:\/\/kw-pcb-machine.com\/manufacturer\/enig-plating\/\",\"name\":\"High-Quality ENIG Plating for Reliable PCB Surface Finishing\",\"isPartOf\":{\"@id\":\"https:\/\/kw-pcb-machine.com\/#website\"},\"primaryImageOfPage\":{\"@id\":\"https:\/\/kw-pcb-machine.com\/manufacturer\/enig-plating\/#primaryimage\"},\"image\":{\"@id\":\"https:\/\/kw-pcb-machine.com\/manufacturer\/enig-plating\/#primaryimage\"},\"thumbnailUrl\":\"https:\/\/kw-pcb-machine.com\/wp-content\/uploads\/2024\/11\/enig-plating.webp\",\"datePublished\":\"2024-11-21T11:54:57+00:00\",\"dateModified\":\"2024-12-24T08:36:24+00:00\",\"description\":\"Ensure superior durability and electrical performance with our ENIG plating services. Our Electroless Nickel\/Immersion Gold (ENIG) plating offers excellent corrosion resistance, flatness, and superior conductivity, making it an ideal choice for high-performance PCBs in demanding industries.\",\"breadcrumb\":{\"@id\":\"https:\/\/kw-pcb-machine.com\/manufacturer\/enig-plating\/#breadcrumb\"},\"inLanguage\":\"fr-FR\",\"potentialAction\":[{\"@type\":\"ReadAction\",\"target\":[\"https:\/\/kw-pcb-machine.com\/manufacturer\/enig-plating\/\"]}]},{\"@type\":\"ImageObject\",\"inLanguage\":\"fr-FR\",\"@id\":\"https:\/\/kw-pcb-machine.com\/manufacturer\/enig-plating\/#primaryimage\",\"url\":\"https:\/\/kw-pcb-machine.com\/wp-content\/uploads\/2024\/11\/enig-plating.webp\",\"contentUrl\":\"https:\/\/kw-pcb-machine.com\/wp-content\/uploads\/2024\/11\/enig-plating.webp\",\"width\":600,\"height\":450,\"caption\":\"enig plating\"},{\"@type\":\"BreadcrumbList\",\"@id\":\"https:\/\/kw-pcb-machine.com\/manufacturer\/enig-plating\/#breadcrumb\",\"itemListElement\":[{\"@type\":\"ListItem\",\"position\":1,\"name\":\"Home\",\"item\":\"https:\/\/kw-pcb-machine.com\/\"},{\"@type\":\"ListItem\",\"position\":2,\"name\":\"Products\",\"item\":\"https:\/\/kw-pcb-machine.com\/shop\/\"},{\"@type\":\"ListItem\",\"position\":3,\"name\":\"Immerison Gold Plating Line\"}]},{\"@type\":\"WebSite\",\"@id\":\"https:\/\/kw-pcb-machine.com\/#website\",\"url\":\"https:\/\/kw-pcb-machine.com\/\",\"name\":\"Kewei Industries HK limited\",\"description\":\"Printed Circuit Board (PCB) Making Machine Supplier\",\"potentialAction\":[{\"@type\":\"SearchAction\",\"target\":{\"@type\":\"EntryPoint\",\"urlTemplate\":\"https:\/\/kw-pcb-machine.com\/?s={search_term_string}\"},\"query-input\":{\"@type\":\"PropertyValueSpecification\",\"valueRequired\":true,\"valueName\":\"search_term_string\"}}],\"inLanguage\":\"fr-FR\"}]}<\/script>\n<!-- \/ Yoast SEO plugin. -->","yoast_head_json":{"title":"Placage ENIG de haute qualit\u00e9 pour une finition de surface fiable des circuits imprim\u00e9s","description":"Garantissez une durabilit\u00e9 et des performances \u00e9lectriques sup\u00e9rieures gr\u00e2ce \u00e0 nos services de placage ENIG. Notre placage de nickel chimique et d'or en immersion (ENIG) offre une excellente r\u00e9sistance \u00e0 la corrosion, une plan\u00e9it\u00e9 et une conductivit\u00e9 sup\u00e9rieure, ce qui en fait un choix id\u00e9al pour les circuits imprim\u00e9s de haute performance dans les industries exigeantes.","robots":{"index":"index","follow":"follow","max-snippet":"max-snippet:-1","max-image-preview":"max-image-preview:large","max-video-preview":"max-video-preview:-1"},"canonical":"https:\/\/kw-pcb-machine.com\/fr\/fabricant\/enig-plating\/","og_locale":"fr_FR","og_type":"article","og_title":"High-Quality ENIG Plating for Reliable PCB Surface Finishing","og_description":"Ensure superior durability and electrical performance with our ENIG plating services. Our Electroless Nickel\/Immersion Gold (ENIG) plating offers excellent corrosion resistance, flatness, and superior conductivity, making it an ideal choice for high-performance PCBs in demanding industries.","og_url":"https:\/\/kw-pcb-machine.com\/fr\/fabricant\/enig-plating\/","og_site_name":"Kewei Industries HK limited","article_modified_time":"2024-12-24T08:36:24+00:00","og_image":[{"width":600,"height":450,"url":"https:\/\/kw-pcb-machine.com\/wp-content\/uploads\/2024\/11\/enig-plating.webp","type":"image\/webp"}],"twitter_card":"summary_large_image","twitter_misc":{"Dur\u00e9e de lecture estim\u00e9e":"1 minute"},"schema":{"@context":"https:\/\/schema.org","@graph":[{"@type":"WebPage","@id":"https:\/\/kw-pcb-machine.com\/manufacturer\/enig-plating\/","url":"https:\/\/kw-pcb-machine.com\/manufacturer\/enig-plating\/","name":"Placage ENIG de haute qualit\u00e9 pour une finition de surface fiable des circuits imprim\u00e9s","isPartOf":{"@id":"https:\/\/kw-pcb-machine.com\/#website"},"primaryImageOfPage":{"@id":"https:\/\/kw-pcb-machine.com\/manufacturer\/enig-plating\/#primaryimage"},"image":{"@id":"https:\/\/kw-pcb-machine.com\/manufacturer\/enig-plating\/#primaryimage"},"thumbnailUrl":"https:\/\/kw-pcb-machine.com\/wp-content\/uploads\/2024\/11\/enig-plating.webp","datePublished":"2024-11-21T11:54:57+00:00","dateModified":"2024-12-24T08:36:24+00:00","description":"Garantissez une durabilit\u00e9 et des performances \u00e9lectriques sup\u00e9rieures gr\u00e2ce \u00e0 nos services de placage ENIG. Notre placage de nickel chimique et d'or en immersion (ENIG) offre une excellente r\u00e9sistance \u00e0 la corrosion, une plan\u00e9it\u00e9 et une conductivit\u00e9 sup\u00e9rieure, ce qui en fait un choix id\u00e9al pour les circuits imprim\u00e9s de haute performance dans les industries exigeantes.","breadcrumb":{"@id":"https:\/\/kw-pcb-machine.com\/manufacturer\/enig-plating\/#breadcrumb"},"inLanguage":"fr-FR","potentialAction":[{"@type":"ReadAction","target":["https:\/\/kw-pcb-machine.com\/manufacturer\/enig-plating\/"]}]},{"@type":"ImageObject","inLanguage":"fr-FR","@id":"https:\/\/kw-pcb-machine.com\/manufacturer\/enig-plating\/#primaryimage","url":"https:\/\/kw-pcb-machine.com\/wp-content\/uploads\/2024\/11\/enig-plating.webp","contentUrl":"https:\/\/kw-pcb-machine.com\/wp-content\/uploads\/2024\/11\/enig-plating.webp","width":600,"height":450,"caption":"enig plating"},{"@type":"BreadcrumbList","@id":"https:\/\/kw-pcb-machine.com\/manufacturer\/enig-plating\/#breadcrumb","itemListElement":[{"@type":"ListItem","position":1,"name":"Home","item":"https:\/\/kw-pcb-machine.com\/"},{"@type":"ListItem","position":2,"name":"Products","item":"https:\/\/kw-pcb-machine.com\/shop\/"},{"@type":"ListItem","position":3,"name":"Immerison Gold Plating Line"}]},{"@type":"WebSite","@id":"https:\/\/kw-pcb-machine.com\/#website","url":"https:\/\/kw-pcb-machine.com\/","name":"Kewei Industries HK limited","description":"Fournisseur de machines de fabrication de circuits imprim\u00e9s (PCB)","potentialAction":[{"@type":"SearchAction","target":{"@type":"EntryPoint","urlTemplate":"https:\/\/kw-pcb-machine.com\/?s={search_term_string}"},"query-input":{"@type":"PropertyValueSpecification","valueRequired":true,"valueName":"search_term_string"}}],"inLanguage":"fr-FR"}]}},"_links":{"self":[{"href":"https:\/\/kw-pcb-machine.com\/fr\/wp-json\/wp\/v2\/product\/1784","targetHints":{"allow":["GET"]}}],"collection":[{"href":"https:\/\/kw-pcb-machine.com\/fr\/wp-json\/wp\/v2\/product"}],"about":[{"href":"https:\/\/kw-pcb-machine.com\/fr\/wp-json\/wp\/v2\/types\/product"}],"replies":[{"embeddable":true,"href":"https:\/\/kw-pcb-machine.com\/fr\/wp-json\/wp\/v2\/comments?post=1784"}],"wp:featuredmedia":[{"embeddable":true,"href":"https:\/\/kw-pcb-machine.com\/fr\/wp-json\/wp\/v2\/media\/1786"}],"wp:attachment":[{"href":"https:\/\/kw-pcb-machine.com\/fr\/wp-json\/wp\/v2\/media?parent=1784"}],"wp:term":[{"taxonomy":"product_brand","embeddable":true,"href":"https:\/\/kw-pcb-machine.com\/fr\/wp-json\/wp\/v2\/product_brand?post=1784"},{"taxonomy":"product_cat","embeddable":true,"href":"https:\/\/kw-pcb-machine.com\/fr\/wp-json\/wp\/v2\/product_cat?post=1784"},{"taxonomy":"product_tag","embeddable":true,"href":"https:\/\/kw-pcb-machine.com\/fr\/wp-json\/wp\/v2\/product_tag?post=1784"}],"curies":[{"name":"wp","href":"https:\/\/api.w.org\/{rel}","templated":true}]}}