{"id":1819,"date":"2024-12-02T11:54:28","date_gmt":"2024-12-02T11:54:28","guid":{"rendered":"https:\/\/kw-pcb-machine.com\/?post_type=product&#038;p=1819"},"modified":"2024-12-25T11:49:56","modified_gmt":"2024-12-25T11:49:56","slug":"imprimante-a-jet-dencre-sur-circuit-imprime","status":"publish","type":"product","link":"https:\/\/kw-pcb-machine.com\/fr\/fabricant\/imprimante-a-jet-dencre-sur-circuit-imprime\/","title":{"rendered":"Imprimante \u00e0 jet d'encre pour circuits imprim\u00e9s"},"content":{"rendered":"<p><iframe loading=\"lazy\" title=\"Machine d&#039;impression \u00e0 jet d&#039;encre de caract\u00e8res de circuits imprim\u00e9s #pcbfabrication 1TP5Imprimante \u00e0 jet d&#039;encre\" width=\"1020\" height=\"765\" src=\"https:\/\/www.youtube.com\/embed\/obnZk4ts6VE?feature=oembed\" frameborder=\"0\" allow=\"accelerometer; autoplay; clipboard-write; encrypted-media; gyroscope; picture-in-picture; web-share\" referrerpolicy=\"strict-origin-when-cross-origin\" allowfullscreen><\/iframe><\/p>\n<p><strong>Application : pour l'impression des l\u00e9gendes de PCB<\/strong><\/p>\n\n<table id=\"tablepress-24\" class=\"tablepress tablepress-id-24\">\n<thead>\n<tr class=\"row-1\">\n\t<th class=\"column-1\">Objet<\/th><th class=\"column-2\">D\u00e9tail<\/th>\n<\/tr>\n<\/thead>\n<tbody class=\"row-striping row-hover\">\n<tr class=\"row-2\">\n\t<td class=\"column-1\">Taille maximale d'impression :<\/td><td class=\"column-2\">620mm x 720mm<\/td>\n<\/tr>\n<tr class=\"row-3\">\n\t<td class=\"column-1\">\u00c9paisseur du panneau :<\/td><td class=\"column-2\">0,1mm-10mm<\/td>\n<\/tr>\n<tr class=\"row-4\">\n\t<td class=\"column-1\">R\u00e9solution minimale\/maximale :<\/td><td class=\"column-2\">720\/1440dpi<\/td>\n<\/tr>\n<tr class=\"row-5\">\n\t<td class=\"column-1\">Largeur minimale de la ligne :<\/td><td class=\"column-2\">3mil(0.075mm)<\/td>\n<\/tr>\n<tr class=\"row-6\">\n\t<td class=\"column-1\">Hauteur minimale de la l\u00e9gende :<\/td><td class=\"column-2\">20mil(0.5mm)<\/td>\n<\/tr>\n<tr class=\"row-7\">\n\t<td class=\"column-1\">Profondeur de champ :<\/td><td class=\"column-2\">126mil(3.2mm)<\/td>\n<\/tr>\n<tr class=\"row-8\">\n\t<td class=\"column-1\">M\u00e9thode d'alignement :<\/td><td class=\"column-2\">CCD simple positionnement en trois ou quatre points (automatique)<\/td>\n<\/tr>\n<tr class=\"row-9\">\n\t<td class=\"column-1\">Vitesse de travail :<\/td><td class=\"column-2\">3,5~4 faces par minute<\/td>\n<\/tr>\n<tr class=\"row-10\">\n\t<td class=\"column-1\">Encre :<\/td><td class=\"column-2\">Coants, TAIYO et autres marques<\/td>\n<\/tr>\n<tr class=\"row-11\">\n\t<td class=\"column-1\">Mode d'impression :<\/td><td class=\"column-2\">C\u00f4t\u00e9 A-A ou c\u00f4t\u00e9 A-B<\/td>\n<\/tr>\n<tr class=\"row-12\">\n\t<td class=\"column-1\">Machine Poids net :<\/td><td class=\"column-2\">3500KG<\/td>\n<\/tr>\n<tr class=\"row-13\">\n\t<td class=\"column-1\">Ordinateur<\/td><td class=\"column-2\">Windows10<\/td>\n<\/tr>\n<tr class=\"row-14\">\n\t<td class=\"column-1\">Syst\u00e8me de polym\u00e9risation :<\/td><td class=\"column-2\">Lampe UV-LED et son syst\u00e8me de refroidissement<\/td>\n<\/tr>\n<tr class=\"row-15\">\n\t<td class=\"column-1\">Norme d'alimentation \u00e9lectrique :<\/td><td class=\"column-2\">AC220V ; 50HZ<\/td>\n<\/tr>\n<tr class=\"row-16\">\n\t<td class=\"column-1\">Alimentation en air standard :<\/td><td class=\"column-2\">0,45-0,65 AMP<\/td>\n<\/tr>\n<tr class=\"row-17\">\n\t<td class=\"column-1\">Exigences de l'atelier :<\/td><td class=\"column-2\">salle blanche \u2265 100 000 classe<\/td>\n<\/tr>\n<tr class=\"row-18\">\n\t<td class=\"column-1\">Climatiseur :<\/td><td class=\"column-2\">maintenir l'humidit\u00e9 et la temp\u00e9rature de fonctionnement ; ne pas placer l'appareil dans la sortie d'air<\/td>\n<\/tr>\n<tr class=\"row-19\">\n\t<td class=\"column-1\">Temp\u00e9rature :<\/td><td class=\"column-2\">20\u2103-24\u2103<\/td>\n<\/tr>\n<tr class=\"row-20\">\n\t<td class=\"column-1\">R\u00e9sistance du sol :<\/td><td class=\"column-2\">Plus de 1000KG\/m\u00b2 20 Vibration du sol Tenir \u00e0 l'\u00e9cart des \u00e9quipements \u00e0 forte vibration<\/td>\n<\/tr>\n<tr class=\"row-21\">\n\t<td class=\"column-1\">La lumi\u00e8re du soleil :<\/td><td class=\"column-2\">\u00c9viter la lumi\u00e8re directe du soleil<\/td>\n<\/tr>\n<tr class=\"row-22\">\n\t<td class=\"column-1\">Puissance d'accueil :<\/td><td class=\"column-2\">5KVA<\/td>\n<\/tr>\n<tr class=\"row-23\">\n\t<td class=\"column-1\">Alimentation de l'h\u00f4te :<\/td><td class=\"column-2\">220V ; 50HZ ;<\/td>\n<\/tr>\n<tr class=\"row-24\">\n\t<td class=\"column-1\">Interrupteur principal :<\/td><td class=\"column-2\">32A<\/td>\n<\/tr>\n<tr class=\"row-25\">\n\t<td class=\"column-1\">R\u00e9seau :<\/td><td class=\"column-2\">45 port<\/td>\n<\/tr>\n<tr class=\"row-26\">\n\t<td class=\"column-1\">Cat\u00e9gorie d'impression :<\/td><td class=\"column-2\">caract\u00e8re\/cycle de changement\/code QR\/code-barres<\/td>\n<\/tr>\n<tr class=\"row-27\">\n\t<td class=\"column-1\">D\u00e9tection de l'\u00e9paisseur de la plaque :<\/td><td class=\"column-2\">Capteurs laser KEYENCE<\/td>\n<\/tr>\n<tr class=\"row-28\">\n\t<td class=\"column-1\">Pr\u00e9cision de la d\u00e9tection :<\/td><td class=\"column-2\">0,1 mm<\/td>\n<\/tr>\n<\/tbody>\n<\/table>\n<!-- #tablepress-24 from cache -->\n<a href=\"https:\/\/kw-pcb-machine.com\/fr\/contact\/\" class=\"button primary is-shade box-shadow-3 box-shadow-5-hover\"  style=\"border-radius:5px;\">\n    <span>Demande de devis<\/span>\n  <\/a>","protected":false},"excerpt":{"rendered":"<ul>\n<li><strong>1. Impression haute r\u00e9solution<\/strong><br \/>\nL'imprimante \u00e0 jet d'encre pour circuits imprim\u00e9s est \u00e9quip\u00e9e de t\u00eates d'impression de pointe capables de fournir une r\u00e9solution ultra-\u00e9lev\u00e9e. Cela permet d'obtenir des sch\u00e9mas de circuits pr\u00e9cis et clairs, des trac\u00e9s fins et des composants d\u00e9taill\u00e9s, ce qui la rend id\u00e9ale pour les conceptions de circuits imprim\u00e9s complexes.<\/li>\n<li><strong>2. Vitesse d'impression rapide<\/strong><br \/>\nCon\u00e7ue pour une fabrication \u00e0 haut rendement, notre imprimante \u00e0 jet d'encre pour circuits imprim\u00e9s offre des vitesses d'impression rapides sans compromettre la qualit\u00e9. Cette caract\u00e9ristique permet de r\u00e9duire consid\u00e9rablement le temps de production et d'augmenter le d\u00e9bit, r\u00e9pondant ainsi aux exigences de la production de circuits imprim\u00e9s en grande quantit\u00e9.<\/li>\n<li><strong>3. Compatibilit\u00e9 avec de nombreux mat\u00e9riaux<\/strong><br \/>\nNotre imprimante \u00e0 jet d'encre pour circuits imprim\u00e9s prend en charge une large gamme de mat\u00e9riaux, y compris le FR4 standard, les circuits imprim\u00e9s flexibles et d'autres substrats sp\u00e9cialis\u00e9s. Elle est capable d'imprimer sur des circuits imprim\u00e9s simple face ou multicouches, ce qui lui conf\u00e8re une grande souplesse pour divers types de fabrication de circuits imprim\u00e9s.<\/li>\n<\/ul>","protected":false},"featured_media":1820,"comment_status":"open","ping_status":"closed","template":"","meta":[],"product_brand":[],"product_cat":[50,43],"product_tag":[],"class_list":{"0":"post-1819","1":"product","2":"type-product","3":"status-publish","4":"has-post-thumbnail","6":"product_cat-new-pcb-fabrication-machine","7":"product_cat-screen-legend","9":"first","10":"instock","11":"shipping-taxable","12":"product-type-simple"},"yoast_head":"<!-- This site is optimized with the Yoast SEO plugin v25.5 - https:\/\/yoast.com\/wordpress\/plugins\/seo\/ -->\n<title>High-Precision PCB Inkjet Printer for Reliable Circuit Board Printing<\/title>\n<meta name=\"description\" content=\"Achieve superior precision and quality in PCB production with our state-of-the-art inkjet printers. Perfect for printing high-definition circuit board designs, our machines deliver accurate results with minimal waste, ideal for both small and large-scale PCB manufacturers.\" \/>\n<meta name=\"robots\" content=\"index, follow, max-snippet:-1, max-image-preview:large, max-video-preview:-1\" \/>\n<link rel=\"canonical\" href=\"https:\/\/kw-pcb-machine.com\/fr\/fabricant\/imprimante-a-jet-dencre-sur-circuit-imprime\/\" \/>\n<meta property=\"og:locale\" content=\"fr_FR\" \/>\n<meta property=\"og:type\" content=\"article\" \/>\n<meta property=\"og:title\" content=\"High-Precision PCB Inkjet Printer for Reliable Circuit Board Printing\" \/>\n<meta property=\"og:description\" content=\"Achieve superior precision and quality in PCB production with our state-of-the-art inkjet printers. Perfect for printing high-definition circuit board designs, our machines deliver accurate results with minimal waste, ideal for both small and large-scale PCB manufacturers.\" \/>\n<meta property=\"og:url\" content=\"https:\/\/kw-pcb-machine.com\/fr\/fabricant\/imprimante-a-jet-dencre-sur-circuit-imprime\/\" \/>\n<meta property=\"og:site_name\" content=\"Kewei Industries HK limited\" \/>\n<meta property=\"article:modified_time\" content=\"2024-12-25T11:49:56+00:00\" \/>\n<meta property=\"og:image\" content=\"https:\/\/kw-pcb-machine.com\/wp-content\/uploads\/2024\/12\/pcb-inkjet-printer.webp\" \/>\n\t<meta property=\"og:image:width\" content=\"600\" \/>\n\t<meta property=\"og:image:height\" content=\"600\" \/>\n\t<meta property=\"og:image:type\" content=\"image\/webp\" \/>\n<meta name=\"twitter:card\" content=\"summary_large_image\" \/>\n<meta name=\"twitter:label1\" content=\"Dur\u00e9e de lecture estim\u00e9e\" \/>\n\t<meta name=\"twitter:data1\" content=\"1 minute\" \/>\n<script type=\"application\/ld+json\" class=\"yoast-schema-graph\">{\"@context\":\"https:\/\/schema.org\",\"@graph\":[{\"@type\":\"WebPage\",\"@id\":\"https:\/\/kw-pcb-machine.com\/manufacturer\/pcb-inkjet-printer\/\",\"url\":\"https:\/\/kw-pcb-machine.com\/manufacturer\/pcb-inkjet-printer\/\",\"name\":\"High-Precision PCB Inkjet Printer for Reliable Circuit Board Printing\",\"isPartOf\":{\"@id\":\"https:\/\/kw-pcb-machine.com\/#website\"},\"primaryImageOfPage\":{\"@id\":\"https:\/\/kw-pcb-machine.com\/manufacturer\/pcb-inkjet-printer\/#primaryimage\"},\"image\":{\"@id\":\"https:\/\/kw-pcb-machine.com\/manufacturer\/pcb-inkjet-printer\/#primaryimage\"},\"thumbnailUrl\":\"https:\/\/kw-pcb-machine.com\/wp-content\/uploads\/2024\/12\/pcb-inkjet-printer.webp\",\"datePublished\":\"2024-12-02T11:54:28+00:00\",\"dateModified\":\"2024-12-25T11:49:56+00:00\",\"description\":\"Achieve superior precision and quality in PCB production with our state-of-the-art inkjet printers. Perfect for printing high-definition circuit board designs, our machines deliver accurate results with minimal waste, ideal for both small and large-scale PCB manufacturers.\",\"breadcrumb\":{\"@id\":\"https:\/\/kw-pcb-machine.com\/manufacturer\/pcb-inkjet-printer\/#breadcrumb\"},\"inLanguage\":\"fr-FR\",\"potentialAction\":[{\"@type\":\"ReadAction\",\"target\":[\"https:\/\/kw-pcb-machine.com\/manufacturer\/pcb-inkjet-printer\/\"]}]},{\"@type\":\"ImageObject\",\"inLanguage\":\"fr-FR\",\"@id\":\"https:\/\/kw-pcb-machine.com\/manufacturer\/pcb-inkjet-printer\/#primaryimage\",\"url\":\"https:\/\/kw-pcb-machine.com\/wp-content\/uploads\/2024\/12\/pcb-inkjet-printer.webp\",\"contentUrl\":\"https:\/\/kw-pcb-machine.com\/wp-content\/uploads\/2024\/12\/pcb-inkjet-printer.webp\",\"width\":600,\"height\":600,\"caption\":\"pcb inkjet printer\"},{\"@type\":\"BreadcrumbList\",\"@id\":\"https:\/\/kw-pcb-machine.com\/manufacturer\/pcb-inkjet-printer\/#breadcrumb\",\"itemListElement\":[{\"@type\":\"ListItem\",\"position\":1,\"name\":\"Home\",\"item\":\"https:\/\/kw-pcb-machine.com\/\"},{\"@type\":\"ListItem\",\"position\":2,\"name\":\"Products\",\"item\":\"https:\/\/kw-pcb-machine.com\/shop\/\"},{\"@type\":\"ListItem\",\"position\":3,\"name\":\"PCB Inkjet Printer\"}]},{\"@type\":\"WebSite\",\"@id\":\"https:\/\/kw-pcb-machine.com\/#website\",\"url\":\"https:\/\/kw-pcb-machine.com\/\",\"name\":\"Kewei Industries HK limited\",\"description\":\"Printed Circuit Board (PCB) Making Machine Supplier\",\"potentialAction\":[{\"@type\":\"SearchAction\",\"target\":{\"@type\":\"EntryPoint\",\"urlTemplate\":\"https:\/\/kw-pcb-machine.com\/?s={search_term_string}\"},\"query-input\":{\"@type\":\"PropertyValueSpecification\",\"valueRequired\":true,\"valueName\":\"search_term_string\"}}],\"inLanguage\":\"fr-FR\"}]}<\/script>\n<!-- \/ Yoast SEO plugin. -->","yoast_head_json":{"title":"Imprimante \u00e0 jet d'encre pour circuits imprim\u00e9s de haute pr\u00e9cision pour une impression fiable des circuits imprim\u00e9s","description":"Obtenez une pr\u00e9cision et une qualit\u00e9 sup\u00e9rieures dans la production de circuits imprim\u00e9s gr\u00e2ce \u00e0 nos imprimantes \u00e0 jet d'encre de pointe. Parfaites pour l'impression de circuits imprim\u00e9s haute d\u00e9finition, nos machines fournissent des r\u00e9sultats pr\u00e9cis avec un minimum de d\u00e9chets, ce qui est id\u00e9al pour les fabricants de circuits imprim\u00e9s, qu'ils soient petits ou grands.","robots":{"index":"index","follow":"follow","max-snippet":"max-snippet:-1","max-image-preview":"max-image-preview:large","max-video-preview":"max-video-preview:-1"},"canonical":"https:\/\/kw-pcb-machine.com\/fr\/fabricant\/imprimante-a-jet-dencre-sur-circuit-imprime\/","og_locale":"fr_FR","og_type":"article","og_title":"High-Precision PCB Inkjet Printer for Reliable Circuit Board Printing","og_description":"Achieve superior precision and quality in PCB production with our state-of-the-art inkjet printers. Perfect for printing high-definition circuit board designs, our machines deliver accurate results with minimal waste, ideal for both small and large-scale PCB manufacturers.","og_url":"https:\/\/kw-pcb-machine.com\/fr\/fabricant\/imprimante-a-jet-dencre-sur-circuit-imprime\/","og_site_name":"Kewei Industries HK limited","article_modified_time":"2024-12-25T11:49:56+00:00","og_image":[{"width":600,"height":600,"url":"https:\/\/kw-pcb-machine.com\/wp-content\/uploads\/2024\/12\/pcb-inkjet-printer.webp","type":"image\/webp"}],"twitter_card":"summary_large_image","twitter_misc":{"Dur\u00e9e de lecture estim\u00e9e":"1 minute"},"schema":{"@context":"https:\/\/schema.org","@graph":[{"@type":"WebPage","@id":"https:\/\/kw-pcb-machine.com\/manufacturer\/pcb-inkjet-printer\/","url":"https:\/\/kw-pcb-machine.com\/manufacturer\/pcb-inkjet-printer\/","name":"Imprimante \u00e0 jet d'encre pour circuits imprim\u00e9s de haute pr\u00e9cision pour une impression fiable des circuits imprim\u00e9s","isPartOf":{"@id":"https:\/\/kw-pcb-machine.com\/#website"},"primaryImageOfPage":{"@id":"https:\/\/kw-pcb-machine.com\/manufacturer\/pcb-inkjet-printer\/#primaryimage"},"image":{"@id":"https:\/\/kw-pcb-machine.com\/manufacturer\/pcb-inkjet-printer\/#primaryimage"},"thumbnailUrl":"https:\/\/kw-pcb-machine.com\/wp-content\/uploads\/2024\/12\/pcb-inkjet-printer.webp","datePublished":"2024-12-02T11:54:28+00:00","dateModified":"2024-12-25T11:49:56+00:00","description":"Obtenez une pr\u00e9cision et une qualit\u00e9 sup\u00e9rieures dans la production de circuits imprim\u00e9s gr\u00e2ce \u00e0 nos imprimantes \u00e0 jet d'encre de pointe. Parfaites pour l'impression de circuits imprim\u00e9s haute d\u00e9finition, nos machines fournissent des r\u00e9sultats pr\u00e9cis avec un minimum de d\u00e9chets, ce qui est id\u00e9al pour les fabricants de circuits imprim\u00e9s, qu'ils soient petits ou grands.","breadcrumb":{"@id":"https:\/\/kw-pcb-machine.com\/manufacturer\/pcb-inkjet-printer\/#breadcrumb"},"inLanguage":"fr-FR","potentialAction":[{"@type":"ReadAction","target":["https:\/\/kw-pcb-machine.com\/manufacturer\/pcb-inkjet-printer\/"]}]},{"@type":"ImageObject","inLanguage":"fr-FR","@id":"https:\/\/kw-pcb-machine.com\/manufacturer\/pcb-inkjet-printer\/#primaryimage","url":"https:\/\/kw-pcb-machine.com\/wp-content\/uploads\/2024\/12\/pcb-inkjet-printer.webp","contentUrl":"https:\/\/kw-pcb-machine.com\/wp-content\/uploads\/2024\/12\/pcb-inkjet-printer.webp","width":600,"height":600,"caption":"pcb inkjet printer"},{"@type":"BreadcrumbList","@id":"https:\/\/kw-pcb-machine.com\/manufacturer\/pcb-inkjet-printer\/#breadcrumb","itemListElement":[{"@type":"ListItem","position":1,"name":"Home","item":"https:\/\/kw-pcb-machine.com\/"},{"@type":"ListItem","position":2,"name":"Products","item":"https:\/\/kw-pcb-machine.com\/shop\/"},{"@type":"ListItem","position":3,"name":"PCB Inkjet Printer"}]},{"@type":"WebSite","@id":"https:\/\/kw-pcb-machine.com\/#website","url":"https:\/\/kw-pcb-machine.com\/","name":"Kewei Industries HK limited","description":"Fournisseur de machines de fabrication de circuits imprim\u00e9s (PCB)","potentialAction":[{"@type":"SearchAction","target":{"@type":"EntryPoint","urlTemplate":"https:\/\/kw-pcb-machine.com\/?s={search_term_string}"},"query-input":{"@type":"PropertyValueSpecification","valueRequired":true,"valueName":"search_term_string"}}],"inLanguage":"fr-FR"}]}},"_links":{"self":[{"href":"https:\/\/kw-pcb-machine.com\/fr\/wp-json\/wp\/v2\/product\/1819","targetHints":{"allow":["GET"]}}],"collection":[{"href":"https:\/\/kw-pcb-machine.com\/fr\/wp-json\/wp\/v2\/product"}],"about":[{"href":"https:\/\/kw-pcb-machine.com\/fr\/wp-json\/wp\/v2\/types\/product"}],"replies":[{"embeddable":true,"href":"https:\/\/kw-pcb-machine.com\/fr\/wp-json\/wp\/v2\/comments?post=1819"}],"wp:featuredmedia":[{"embeddable":true,"href":"https:\/\/kw-pcb-machine.com\/fr\/wp-json\/wp\/v2\/media\/1820"}],"wp:attachment":[{"href":"https:\/\/kw-pcb-machine.com\/fr\/wp-json\/wp\/v2\/media?parent=1819"}],"wp:term":[{"taxonomy":"product_brand","embeddable":true,"href":"https:\/\/kw-pcb-machine.com\/fr\/wp-json\/wp\/v2\/product_brand?post=1819"},{"taxonomy":"product_cat","embeddable":true,"href":"https:\/\/kw-pcb-machine.com\/fr\/wp-json\/wp\/v2\/product_cat?post=1819"},{"taxonomy":"product_tag","embeddable":true,"href":"https:\/\/kw-pcb-machine.com\/fr\/wp-json\/wp\/v2\/product_tag?post=1819"}],"curies":[{"name":"wp","href":"https:\/\/api.w.org\/{rel}","templated":true}]}}