{"id":1829,"date":"2024-12-11T07:55:36","date_gmt":"2024-12-11T07:55:36","guid":{"rendered":"https:\/\/kw-pcb-machine.com\/?post_type=product&#038;p=1829"},"modified":"2024-12-24T08:30:52","modified_gmt":"2024-12-24T08:30:52","slug":"machine-dessai-de-cartes-nues","status":"publish","type":"product","link":"https:\/\/kw-pcb-machine.com\/fr\/fabricant\/machine-dessai-de-cartes-nues\/","title":{"rendered":"Machine \u00e0 tester les cartes nues"},"content":{"rendered":"<p><strong>Application : pour le test de cartes nues<\/strong><\/p>\n\n<table id=\"tablepress-26\" class=\"tablepress tablepress-id-26\">\n<thead>\n<tr class=\"row-1\">\n\t<th class=\"column-1\">Objet<\/th><th class=\"column-2\">D\u00e9tail<\/th>\n<\/tr>\n<\/thead>\n<tbody class=\"row-striping row-hover\">\n<tr class=\"row-2\">\n\t<td class=\"column-1\">Points de contr\u00f4le<\/td><td class=\"column-2\">163840\uff08Max\uff09QD \/ 81920\uff08Max\uff09DD<\/td>\n<\/tr>\n<tr class=\"row-3\">\n\t<td class=\"column-1\">Zone d'essai\uff08X*Y\uff09<\/td><td class=\"column-2\">Min:9.6\"\u00d7 12.8\" Max:16\"\u00d712.8\"<\/td>\n<\/tr>\n<tr class=\"row-4\">\n\t<td class=\"column-1\">Taille du PCB\uff08X*Y\uff09<\/td><td class=\"column-2\">Min\uff1a80x80mm \uff083\" x 3\"\uff09<br \/>\nMax\uff1a430x355 \uff0817\" x 14\"\uff09<\/td>\n<\/tr>\n<tr class=\"row-5\">\n\t<td class=\"column-1\">Densit\u00e9<\/td><td class=\"column-2\">0.2\uff5e8mm\uff08Manuel\uff09 0.6\uff5e4.0mm\uff08Automatique\uff09<\/td>\n<\/tr>\n<tr class=\"row-6\">\n\t<td class=\"column-1\">Fixation<\/td><td class=\"column-2\">Appareils sp\u00e9cifiques \u00e0 la ma\u00e7onnerie\uff08compatibles avec des appareils d'un autre format\uff09<br \/>\nDiam\u00e8tre minimal de la broche : 0,15 mm, distance minimale entre les broches\uff1a8mil<\/td>\n<\/tr>\n<tr class=\"row-7\">\n\t<td class=\"column-1\">CAM<\/td><td class=\"column-2\">MUNet2000\uff08Selective fixture design, Net list support\uff09 (en anglais)<br \/>\nMRNet2000\uff08Bad point auxiliary repair system\uff09 (Syst\u00e8me de r\u00e9paration auxiliaire des mauvais points)<\/td>\n<\/tr>\n<tr class=\"row-8\">\n\t<td class=\"column-1\">Grille<\/td><td class=\"column-2\">Mason MXG format\uff08formats d'autres marques peuvent \u00eatre choisis\uff09<\/td>\n<\/tr>\n<tr class=\"row-9\">\n\t<td class=\"column-1\">Taille<\/td><td class=\"column-2\">1030mm\u00d71180mm\u00d71680mm\uff08Manual\uff09<br \/>\n<br \/>\n3090mm\u00d71180mm\u00d71680mm\uff08Automatic\uff09<\/td>\n<\/tr>\n<\/tbody>\n<\/table>\n<!-- #tablepress-26 from cache -->\n<a href=\"https:\/\/kw-pcb-machine.com\/fr\/contact\/\" class=\"button primary is-shade box-shadow-3 box-shadow-5-hover\"  style=\"border-radius:5px;\">\n    <span>Demande de devis<\/span>\n  <\/a>","protected":false},"excerpt":{"rendered":"<ul>\n<li><strong>Essais de haute pr\u00e9cision :<\/strong> Nos solutions BBT pour PCB assurent une d\u00e9tection pr\u00e9cise des circuits ouverts, des courts-circuits et d'autres d\u00e9fauts, garantissant ainsi des performances de qualit\u00e9 sup\u00e9rieure.<\/li>\n<li><strong>\u00c9volutivit\u00e9 pour la production de masse :<\/strong> Con\u00e7u pour r\u00e9pondre aux exigences de la fabrication de circuits imprim\u00e9s \u00e0 petite et \u00e0 grande \u00e9chelle, il fournit des tests fiables pour les op\u00e9rations \u00e0 haut volume.<\/li>\n<li><strong>Int\u00e9gration des technologies avanc\u00e9es :<\/strong> \u00c9quip\u00e9 de technologies d'essai de pointe, telles que la sonde volante et les m\u00e9thodes bas\u00e9es sur l'appareillage, pour des r\u00e9sultats efficaces et rapides.<\/li>\n<\/ul>","protected":false},"featured_media":1830,"comment_status":"open","ping_status":"closed","template":"","meta":[],"product_brand":[],"product_cat":[51,46],"product_tag":[],"class_list":{"0":"post-1829","1":"product","2":"type-product","3":"status-publish","4":"has-post-thumbnail","6":"product_cat-used-pcb-fabrication-machine","7":"product_cat-electrical-test","9":"first","10":"instock","11":"shipping-taxable","12":"product-type-simple"},"yoast_head":"<!-- This site is optimized with the Yoast SEO plugin v25.5 - https:\/\/yoast.com\/wordpress\/plugins\/seo\/ -->\n<title>Advanced PCB BBT (Bare Board Testing) for Quality Assurance<\/title>\n<meta name=\"description\" content=\"Ensure the reliability of your PCBs with our high-quality Bare Board Testing (BBT) solutions. Optimize circuit validation and improve manufacturing quality.\" \/>\n<meta name=\"robots\" content=\"index, follow, max-snippet:-1, max-image-preview:large, max-video-preview:-1\" \/>\n<link rel=\"canonical\" href=\"https:\/\/kw-pcb-machine.com\/fr\/fabricant\/machine-dessai-de-cartes-nues\/\" \/>\n<meta property=\"og:locale\" content=\"fr_FR\" \/>\n<meta property=\"og:type\" content=\"article\" \/>\n<meta property=\"og:title\" content=\"Advanced PCB BBT (Bare Board Testing) for Quality Assurance\" \/>\n<meta property=\"og:description\" content=\"Ensure the reliability of your PCBs with our high-quality Bare Board Testing (BBT) solutions. Optimize circuit validation and improve manufacturing quality.\" \/>\n<meta property=\"og:url\" content=\"https:\/\/kw-pcb-machine.com\/fr\/fabricant\/machine-dessai-de-cartes-nues\/\" \/>\n<meta property=\"og:site_name\" content=\"Kewei Industries HK limited\" \/>\n<meta property=\"article:modified_time\" content=\"2024-12-24T08:30:52+00:00\" \/>\n<meta property=\"og:image\" content=\"https:\/\/kw-pcb-machine.com\/wp-content\/uploads\/2024\/12\/bare-board-testing.webp\" \/>\n\t<meta property=\"og:image:width\" content=\"600\" \/>\n\t<meta property=\"og:image:height\" content=\"418\" \/>\n\t<meta property=\"og:image:type\" content=\"image\/webp\" \/>\n<meta name=\"twitter:card\" content=\"summary_large_image\" \/>\n<meta name=\"twitter:label1\" content=\"Dur\u00e9e de lecture estim\u00e9e\" \/>\n\t<meta name=\"twitter:data1\" content=\"1 minute\" \/>\n<script type=\"application\/ld+json\" class=\"yoast-schema-graph\">{\"@context\":\"https:\/\/schema.org\",\"@graph\":[{\"@type\":\"WebPage\",\"@id\":\"https:\/\/kw-pcb-machine.com\/manufacturer\/bare-board-testing-machine\/\",\"url\":\"https:\/\/kw-pcb-machine.com\/manufacturer\/bare-board-testing-machine\/\",\"name\":\"Advanced PCB BBT (Bare Board Testing) for Quality Assurance\",\"isPartOf\":{\"@id\":\"https:\/\/kw-pcb-machine.com\/#website\"},\"primaryImageOfPage\":{\"@id\":\"https:\/\/kw-pcb-machine.com\/manufacturer\/bare-board-testing-machine\/#primaryimage\"},\"image\":{\"@id\":\"https:\/\/kw-pcb-machine.com\/manufacturer\/bare-board-testing-machine\/#primaryimage\"},\"thumbnailUrl\":\"https:\/\/kw-pcb-machine.com\/wp-content\/uploads\/2024\/12\/bare-board-testing.webp\",\"datePublished\":\"2024-12-11T07:55:36+00:00\",\"dateModified\":\"2024-12-24T08:30:52+00:00\",\"description\":\"Ensure the reliability of your PCBs with our high-quality Bare Board Testing (BBT) solutions. Optimize circuit validation and improve manufacturing quality.\",\"breadcrumb\":{\"@id\":\"https:\/\/kw-pcb-machine.com\/manufacturer\/bare-board-testing-machine\/#breadcrumb\"},\"inLanguage\":\"fr-FR\",\"potentialAction\":[{\"@type\":\"ReadAction\",\"target\":[\"https:\/\/kw-pcb-machine.com\/manufacturer\/bare-board-testing-machine\/\"]}]},{\"@type\":\"ImageObject\",\"inLanguage\":\"fr-FR\",\"@id\":\"https:\/\/kw-pcb-machine.com\/manufacturer\/bare-board-testing-machine\/#primaryimage\",\"url\":\"https:\/\/kw-pcb-machine.com\/wp-content\/uploads\/2024\/12\/bare-board-testing.webp\",\"contentUrl\":\"https:\/\/kw-pcb-machine.com\/wp-content\/uploads\/2024\/12\/bare-board-testing.webp\",\"width\":600,\"height\":418,\"caption\":\"bare board testing\"},{\"@type\":\"BreadcrumbList\",\"@id\":\"https:\/\/kw-pcb-machine.com\/manufacturer\/bare-board-testing-machine\/#breadcrumb\",\"itemListElement\":[{\"@type\":\"ListItem\",\"position\":1,\"name\":\"Home\",\"item\":\"https:\/\/kw-pcb-machine.com\/\"},{\"@type\":\"ListItem\",\"position\":2,\"name\":\"Products\",\"item\":\"https:\/\/kw-pcb-machine.com\/shop\/\"},{\"@type\":\"ListItem\",\"position\":3,\"name\":\"Bare Board Testing Machine\"}]},{\"@type\":\"WebSite\",\"@id\":\"https:\/\/kw-pcb-machine.com\/#website\",\"url\":\"https:\/\/kw-pcb-machine.com\/\",\"name\":\"Kewei Industries HK limited\",\"description\":\"Printed Circuit Board (PCB) Making Machine Supplier\",\"potentialAction\":[{\"@type\":\"SearchAction\",\"target\":{\"@type\":\"EntryPoint\",\"urlTemplate\":\"https:\/\/kw-pcb-machine.com\/?s={search_term_string}\"},\"query-input\":{\"@type\":\"PropertyValueSpecification\",\"valueRequired\":true,\"valueName\":\"search_term_string\"}}],\"inLanguage\":\"fr-FR\"}]}<\/script>\n<!-- \/ Yoast SEO plugin. -->","yoast_head_json":{"title":"Test de cartes nues (BBT) pour l'assurance qualit\u00e9","description":"Garantissez la fiabilit\u00e9 de vos circuits imprim\u00e9s gr\u00e2ce \u00e0 nos solutions de test de cartes nues (BBT) de haute qualit\u00e9. Optimisez la validation des circuits et am\u00e9liorez la qualit\u00e9 de la fabrication.","robots":{"index":"index","follow":"follow","max-snippet":"max-snippet:-1","max-image-preview":"max-image-preview:large","max-video-preview":"max-video-preview:-1"},"canonical":"https:\/\/kw-pcb-machine.com\/fr\/fabricant\/machine-dessai-de-cartes-nues\/","og_locale":"fr_FR","og_type":"article","og_title":"Advanced PCB BBT (Bare Board Testing) for Quality Assurance","og_description":"Ensure the reliability of your PCBs with our high-quality Bare Board Testing (BBT) solutions. Optimize circuit validation and improve manufacturing quality.","og_url":"https:\/\/kw-pcb-machine.com\/fr\/fabricant\/machine-dessai-de-cartes-nues\/","og_site_name":"Kewei Industries HK limited","article_modified_time":"2024-12-24T08:30:52+00:00","og_image":[{"width":600,"height":418,"url":"https:\/\/kw-pcb-machine.com\/wp-content\/uploads\/2024\/12\/bare-board-testing.webp","type":"image\/webp"}],"twitter_card":"summary_large_image","twitter_misc":{"Dur\u00e9e de lecture estim\u00e9e":"1 minute"},"schema":{"@context":"https:\/\/schema.org","@graph":[{"@type":"WebPage","@id":"https:\/\/kw-pcb-machine.com\/manufacturer\/bare-board-testing-machine\/","url":"https:\/\/kw-pcb-machine.com\/manufacturer\/bare-board-testing-machine\/","name":"Test de cartes nues (BBT) pour l'assurance qualit\u00e9","isPartOf":{"@id":"https:\/\/kw-pcb-machine.com\/#website"},"primaryImageOfPage":{"@id":"https:\/\/kw-pcb-machine.com\/manufacturer\/bare-board-testing-machine\/#primaryimage"},"image":{"@id":"https:\/\/kw-pcb-machine.com\/manufacturer\/bare-board-testing-machine\/#primaryimage"},"thumbnailUrl":"https:\/\/kw-pcb-machine.com\/wp-content\/uploads\/2024\/12\/bare-board-testing.webp","datePublished":"2024-12-11T07:55:36+00:00","dateModified":"2024-12-24T08:30:52+00:00","description":"Garantissez la fiabilit\u00e9 de vos circuits imprim\u00e9s gr\u00e2ce \u00e0 nos solutions de test de cartes nues (BBT) de haute qualit\u00e9. Optimisez la validation des circuits et am\u00e9liorez la qualit\u00e9 de la fabrication.","breadcrumb":{"@id":"https:\/\/kw-pcb-machine.com\/manufacturer\/bare-board-testing-machine\/#breadcrumb"},"inLanguage":"fr-FR","potentialAction":[{"@type":"ReadAction","target":["https:\/\/kw-pcb-machine.com\/manufacturer\/bare-board-testing-machine\/"]}]},{"@type":"ImageObject","inLanguage":"fr-FR","@id":"https:\/\/kw-pcb-machine.com\/manufacturer\/bare-board-testing-machine\/#primaryimage","url":"https:\/\/kw-pcb-machine.com\/wp-content\/uploads\/2024\/12\/bare-board-testing.webp","contentUrl":"https:\/\/kw-pcb-machine.com\/wp-content\/uploads\/2024\/12\/bare-board-testing.webp","width":600,"height":418,"caption":"bare board testing"},{"@type":"BreadcrumbList","@id":"https:\/\/kw-pcb-machine.com\/manufacturer\/bare-board-testing-machine\/#breadcrumb","itemListElement":[{"@type":"ListItem","position":1,"name":"Home","item":"https:\/\/kw-pcb-machine.com\/"},{"@type":"ListItem","position":2,"name":"Products","item":"https:\/\/kw-pcb-machine.com\/shop\/"},{"@type":"ListItem","position":3,"name":"Bare Board Testing Machine"}]},{"@type":"WebSite","@id":"https:\/\/kw-pcb-machine.com\/#website","url":"https:\/\/kw-pcb-machine.com\/","name":"Kewei Industries HK limited","description":"Fournisseur de machines de fabrication de circuits imprim\u00e9s (PCB)","potentialAction":[{"@type":"SearchAction","target":{"@type":"EntryPoint","urlTemplate":"https:\/\/kw-pcb-machine.com\/?s={search_term_string}"},"query-input":{"@type":"PropertyValueSpecification","valueRequired":true,"valueName":"search_term_string"}}],"inLanguage":"fr-FR"}]}},"_links":{"self":[{"href":"https:\/\/kw-pcb-machine.com\/fr\/wp-json\/wp\/v2\/product\/1829","targetHints":{"allow":["GET"]}}],"collection":[{"href":"https:\/\/kw-pcb-machine.com\/fr\/wp-json\/wp\/v2\/product"}],"about":[{"href":"https:\/\/kw-pcb-machine.com\/fr\/wp-json\/wp\/v2\/types\/product"}],"replies":[{"embeddable":true,"href":"https:\/\/kw-pcb-machine.com\/fr\/wp-json\/wp\/v2\/comments?post=1829"}],"wp:featuredmedia":[{"embeddable":true,"href":"https:\/\/kw-pcb-machine.com\/fr\/wp-json\/wp\/v2\/media\/1830"}],"wp:attachment":[{"href":"https:\/\/kw-pcb-machine.com\/fr\/wp-json\/wp\/v2\/media?parent=1829"}],"wp:term":[{"taxonomy":"product_brand","embeddable":true,"href":"https:\/\/kw-pcb-machine.com\/fr\/wp-json\/wp\/v2\/product_brand?post=1829"},{"taxonomy":"product_cat","embeddable":true,"href":"https:\/\/kw-pcb-machine.com\/fr\/wp-json\/wp\/v2\/product_cat?post=1829"},{"taxonomy":"product_tag","embeddable":true,"href":"https:\/\/kw-pcb-machine.com\/fr\/wp-json\/wp\/v2\/product_tag?post=1829"}],"curies":[{"name":"wp","href":"https:\/\/api.w.org\/{rel}","templated":true}]}}