{"id":1854,"date":"2024-12-13T09:58:23","date_gmt":"2024-12-13T09:58:23","guid":{"rendered":"https:\/\/kw-pcb-machine.com\/?post_type=product&#038;p=1854"},"modified":"2024-12-24T08:14:48","modified_gmt":"2024-12-24T08:14:48","slug":"jauge-de-mesure-des-trous-traversants-plaquee","status":"publish","type":"product","link":"https:\/\/kw-pcb-machine.com\/fr\/fabricant\/jauge-de-mesure-des-trous-traversants-plaquee\/","title":{"rendered":"Jauge de mesure des trous m\u00e9tallis\u00e9s"},"content":{"rendered":"<p><strong>Application : Jauge d'\u00e9paisseur du rev\u00eatement de cuivre \u00e0 trous, portable, sp\u00e9cialement con\u00e7ue pour les circuits imprim\u00e9s.<\/strong><\/p>\n\n<table id=\"tablepress-30\" class=\"tablepress tablepress-id-30\">\n<thead>\n<tr class=\"row-1\">\n\t<th class=\"column-1\">Objet<\/th><th class=\"column-2\">D\u00e9tail<\/th>\n<\/tr>\n<\/thead>\n<tbody class=\"row-striping row-hover\">\n<tr class=\"row-2\">\n\t<td class=\"column-1\">Le diam\u00e8tre maximal du trou peut \u00eatre test\u00e9<\/td><td class=\"column-2\">35 mils (899 \u03bcm)<\/td>\n<\/tr>\n<tr class=\"row-3\">\n\t<td class=\"column-1\">Plage de mesure de l'\u00e9paisseur<\/td><td class=\"column-2\">0,08 - 4,0 mils (1 - 102 \u03bcm)<\/td>\n<\/tr>\n<tr class=\"row-4\">\n\t<td class=\"column-1\">Principe des courants de Foucault<\/td><td class=\"column-2\">Conforme aux dispositions pertinentes de la norme ASTM-E376-96<\/td>\n<\/tr>\n<tr class=\"row-5\">\n\t<td class=\"column-1\">Pr\u00e9cision<\/td><td class=\"column-2\">\u00b10,01 mil (0,25 \u03bcm) &lt; 1 mil (25 \u03bcm)<\/td>\n<\/tr>\n<tr class=\"row-6\">\n\t<td class=\"column-1\">Pr\u00e9cision<\/td><td class=\"column-2\">lorsque 1,2 mil(30\u03bcm) atteint 1,0%<\/td>\n<\/tr>\n<tr class=\"row-7\">\n\t<td class=\"column-1\">Mode d'\u00e9talonnage <\/td><td class=\"column-2\">Correction du film standard en un seul point<\/td>\n<\/tr>\n<tr class=\"row-8\">\n\t<td class=\"column-1\">\u00c9cran d'affichage<\/td><td class=\"column-2\">Ecran LCD haute luminosit\u00e9<\/td>\n<\/tr>\n<\/tbody>\n<\/table>\n<!-- #tablepress-30 from cache -->\n<a href=\"https:\/\/kw-pcb-machine.com\/fr\/contact\/\" class=\"button primary is-shade box-shadow-3 box-shadow-5-hover\"  style=\"border-radius:5px;\">\n    <span>Demande de devis<\/span>\n  <\/a>","protected":false},"excerpt":{"rendered":"<ul>\n<li><strong>Mesures de haute pr\u00e9cision<\/strong><\/li>\n<li>Nos jauges d'\u00e9paisseur de rev\u00eatement fournissent des mesures de haute pr\u00e9cision, garantissant des r\u00e9sultats exacts pour une vari\u00e9t\u00e9 de types de rev\u00eatement tels que la peinture, la poudre et le placage m\u00e9tallique. Elles sont con\u00e7ues pour les industries qui exigent des mesures d'\u00e9paisseur exactes afin de maintenir les normes de contr\u00f4le de la qualit\u00e9.<\/li>\n<li><strong>Portable et facile \u00e0 utiliser<\/strong><\/li>\n<li>Nos jauges d'\u00e9paisseur de rev\u00eatement portables sont l\u00e9g\u00e8res et faciles \u00e0 utiliser, ce qui les rend id\u00e9ales pour les inspections sur site et les essais sur le terrain. Gr\u00e2ce \u00e0 des commandes intuitives et \u00e0 un \u00e9talonnage facile, les op\u00e9rateurs peuvent rapidement obtenir des mesures pr\u00e9cises l\u00e0 o\u00f9 elles sont n\u00e9cessaires.<\/li>\n<\/ul>","protected":false},"featured_media":1855,"comment_status":"open","ping_status":"closed","template":"","meta":[],"product_brand":[],"product_cat":[50,49],"product_tag":[],"class_list":{"0":"post-1854","1":"product","2":"type-product","3":"status-publish","4":"has-post-thumbnail","6":"product_cat-new-pcb-fabrication-machine","7":"product_cat-pcb-manufacturing-machine","9":"first","10":"instock","11":"shipping-taxable","12":"product-type-simple"},"yoast_head":"<!-- This site is optimized with the Yoast SEO plugin v25.5 - https:\/\/yoast.com\/wordpress\/plugins\/seo\/ -->\n<title>Reliable Coating Thickness Gauge for PCB Plated Through Hole Thickness<\/title>\n<meta name=\"description\" content=\"Ensure PCB Plated Through Hole Thickness with our high-precision coating thickness gauges. Ideal for measuring PCB through-hole thickness, our gauges provide accurate readings, repeatable thru-hole measurements on PCB boards prior to and after etching.\" \/>\n<meta name=\"robots\" content=\"index, follow, max-snippet:-1, max-image-preview:large, max-video-preview:-1\" \/>\n<link rel=\"canonical\" href=\"https:\/\/kw-pcb-machine.com\/fr\/fabricant\/jauge-de-mesure-des-trous-traversants-plaquee\/\" \/>\n<meta property=\"og:locale\" content=\"fr_FR\" \/>\n<meta property=\"og:type\" content=\"article\" \/>\n<meta property=\"og:title\" content=\"Reliable Coating Thickness Gauge for PCB Plated Through Hole Thickness\" \/>\n<meta property=\"og:description\" content=\"Ensure PCB Plated Through Hole Thickness with our high-precision coating thickness gauges. Ideal for measuring PCB through-hole thickness, our gauges provide accurate readings, repeatable thru-hole measurements on PCB boards prior to and after etching.\" \/>\n<meta property=\"og:url\" content=\"https:\/\/kw-pcb-machine.com\/fr\/fabricant\/jauge-de-mesure-des-trous-traversants-plaquee\/\" \/>\n<meta property=\"og:site_name\" content=\"Kewei Industries HK limited\" \/>\n<meta property=\"article:modified_time\" content=\"2024-12-24T08:14:48+00:00\" \/>\n<meta property=\"og:image\" content=\"https:\/\/kw-pcb-machine.com\/wp-content\/uploads\/2024\/12\/Hole-Copper-Thickness-Measure-Meter.webp\" \/>\n\t<meta property=\"og:image:width\" content=\"600\" \/>\n\t<meta property=\"og:image:height\" content=\"667\" \/>\n\t<meta property=\"og:image:type\" content=\"image\/webp\" \/>\n<meta name=\"twitter:card\" content=\"summary_large_image\" \/>\n<meta name=\"twitter:label1\" content=\"Dur\u00e9e de lecture estim\u00e9e\" \/>\n\t<meta name=\"twitter:data1\" content=\"1 minute\" \/>\n<script type=\"application\/ld+json\" class=\"yoast-schema-graph\">{\"@context\":\"https:\/\/schema.org\",\"@graph\":[{\"@type\":\"WebPage\",\"@id\":\"https:\/\/kw-pcb-machine.com\/manufacturer\/plated-thru-hole-measurement-gauge\/\",\"url\":\"https:\/\/kw-pcb-machine.com\/manufacturer\/plated-thru-hole-measurement-gauge\/\",\"name\":\"Reliable Coating Thickness Gauge for PCB Plated Through Hole Thickness\",\"isPartOf\":{\"@id\":\"https:\/\/kw-pcb-machine.com\/#website\"},\"primaryImageOfPage\":{\"@id\":\"https:\/\/kw-pcb-machine.com\/manufacturer\/plated-thru-hole-measurement-gauge\/#primaryimage\"},\"image\":{\"@id\":\"https:\/\/kw-pcb-machine.com\/manufacturer\/plated-thru-hole-measurement-gauge\/#primaryimage\"},\"thumbnailUrl\":\"https:\/\/kw-pcb-machine.com\/wp-content\/uploads\/2024\/12\/Hole-Copper-Thickness-Measure-Meter.webp\",\"datePublished\":\"2024-12-13T09:58:23+00:00\",\"dateModified\":\"2024-12-24T08:14:48+00:00\",\"description\":\"Ensure PCB Plated Through Hole Thickness with our high-precision coating thickness gauges. Ideal for measuring PCB through-hole thickness, our gauges provide accurate readings, repeatable thru-hole measurements on PCB boards prior to and after etching.\",\"breadcrumb\":{\"@id\":\"https:\/\/kw-pcb-machine.com\/manufacturer\/plated-thru-hole-measurement-gauge\/#breadcrumb\"},\"inLanguage\":\"fr-FR\",\"potentialAction\":[{\"@type\":\"ReadAction\",\"target\":[\"https:\/\/kw-pcb-machine.com\/manufacturer\/plated-thru-hole-measurement-gauge\/\"]}]},{\"@type\":\"ImageObject\",\"inLanguage\":\"fr-FR\",\"@id\":\"https:\/\/kw-pcb-machine.com\/manufacturer\/plated-thru-hole-measurement-gauge\/#primaryimage\",\"url\":\"https:\/\/kw-pcb-machine.com\/wp-content\/uploads\/2024\/12\/Hole-Copper-Thickness-Measure-Meter.webp\",\"contentUrl\":\"https:\/\/kw-pcb-machine.com\/wp-content\/uploads\/2024\/12\/Hole-Copper-Thickness-Measure-Meter.webp\",\"width\":600,\"height\":667,\"caption\":\"Hole Copper Thickness Measure Meter\"},{\"@type\":\"BreadcrumbList\",\"@id\":\"https:\/\/kw-pcb-machine.com\/manufacturer\/plated-thru-hole-measurement-gauge\/#breadcrumb\",\"itemListElement\":[{\"@type\":\"ListItem\",\"position\":1,\"name\":\"Home\",\"item\":\"https:\/\/kw-pcb-machine.com\/\"},{\"@type\":\"ListItem\",\"position\":2,\"name\":\"Products\",\"item\":\"https:\/\/kw-pcb-machine.com\/shop\/\"},{\"@type\":\"ListItem\",\"position\":3,\"name\":\"Plated Thru-hole Measurement Gauge\"}]},{\"@type\":\"WebSite\",\"@id\":\"https:\/\/kw-pcb-machine.com\/#website\",\"url\":\"https:\/\/kw-pcb-machine.com\/\",\"name\":\"Kewei Industries HK limited\",\"description\":\"Printed Circuit Board (PCB) Making Machine Supplier\",\"potentialAction\":[{\"@type\":\"SearchAction\",\"target\":{\"@type\":\"EntryPoint\",\"urlTemplate\":\"https:\/\/kw-pcb-machine.com\/?s={search_term_string}\"},\"query-input\":{\"@type\":\"PropertyValueSpecification\",\"valueRequired\":true,\"valueName\":\"search_term_string\"}}],\"inLanguage\":\"fr-FR\"}]}<\/script>\n<!-- \/ Yoast SEO plugin. -->","yoast_head_json":{"title":"Jauge d'\u00e9paisseur de rev\u00eatement fiable pour l'\u00e9paisseur des trous traversants plaqu\u00e9s sur PCB","description":"Assurez-vous de l'\u00e9paisseur des trous traversants des circuits imprim\u00e9s gr\u00e2ce \u00e0 nos jauges d'\u00e9paisseur de rev\u00eatement de haute pr\u00e9cision. Id\u00e9ales pour mesurer l'\u00e9paisseur des trous de passage des circuits imprim\u00e9s, nos jauges fournissent des lectures pr\u00e9cises, des mesures r\u00e9p\u00e9tables des trous de passage sur les circuits imprim\u00e9s avant et apr\u00e8s la gravure.","robots":{"index":"index","follow":"follow","max-snippet":"max-snippet:-1","max-image-preview":"max-image-preview:large","max-video-preview":"max-video-preview:-1"},"canonical":"https:\/\/kw-pcb-machine.com\/fr\/fabricant\/jauge-de-mesure-des-trous-traversants-plaquee\/","og_locale":"fr_FR","og_type":"article","og_title":"Reliable Coating Thickness Gauge for PCB Plated Through Hole Thickness","og_description":"Ensure PCB Plated Through Hole Thickness with our high-precision coating thickness gauges. Ideal for measuring PCB through-hole thickness, our gauges provide accurate readings, repeatable thru-hole measurements on PCB boards prior to and after etching.","og_url":"https:\/\/kw-pcb-machine.com\/fr\/fabricant\/jauge-de-mesure-des-trous-traversants-plaquee\/","og_site_name":"Kewei Industries HK limited","article_modified_time":"2024-12-24T08:14:48+00:00","og_image":[{"width":600,"height":667,"url":"https:\/\/kw-pcb-machine.com\/wp-content\/uploads\/2024\/12\/Hole-Copper-Thickness-Measure-Meter.webp","type":"image\/webp"}],"twitter_card":"summary_large_image","twitter_misc":{"Dur\u00e9e de lecture estim\u00e9e":"1 minute"},"schema":{"@context":"https:\/\/schema.org","@graph":[{"@type":"WebPage","@id":"https:\/\/kw-pcb-machine.com\/manufacturer\/plated-thru-hole-measurement-gauge\/","url":"https:\/\/kw-pcb-machine.com\/manufacturer\/plated-thru-hole-measurement-gauge\/","name":"Jauge d'\u00e9paisseur de rev\u00eatement fiable pour l'\u00e9paisseur des trous traversants plaqu\u00e9s sur PCB","isPartOf":{"@id":"https:\/\/kw-pcb-machine.com\/#website"},"primaryImageOfPage":{"@id":"https:\/\/kw-pcb-machine.com\/manufacturer\/plated-thru-hole-measurement-gauge\/#primaryimage"},"image":{"@id":"https:\/\/kw-pcb-machine.com\/manufacturer\/plated-thru-hole-measurement-gauge\/#primaryimage"},"thumbnailUrl":"https:\/\/kw-pcb-machine.com\/wp-content\/uploads\/2024\/12\/Hole-Copper-Thickness-Measure-Meter.webp","datePublished":"2024-12-13T09:58:23+00:00","dateModified":"2024-12-24T08:14:48+00:00","description":"Assurez-vous de l'\u00e9paisseur des trous traversants des circuits imprim\u00e9s gr\u00e2ce \u00e0 nos jauges d'\u00e9paisseur de rev\u00eatement de haute pr\u00e9cision. Id\u00e9ales pour mesurer l'\u00e9paisseur des trous de passage des circuits imprim\u00e9s, nos jauges fournissent des lectures pr\u00e9cises, des mesures r\u00e9p\u00e9tables des trous de passage sur les circuits imprim\u00e9s avant et apr\u00e8s la gravure.","breadcrumb":{"@id":"https:\/\/kw-pcb-machine.com\/manufacturer\/plated-thru-hole-measurement-gauge\/#breadcrumb"},"inLanguage":"fr-FR","potentialAction":[{"@type":"ReadAction","target":["https:\/\/kw-pcb-machine.com\/manufacturer\/plated-thru-hole-measurement-gauge\/"]}]},{"@type":"ImageObject","inLanguage":"fr-FR","@id":"https:\/\/kw-pcb-machine.com\/manufacturer\/plated-thru-hole-measurement-gauge\/#primaryimage","url":"https:\/\/kw-pcb-machine.com\/wp-content\/uploads\/2024\/12\/Hole-Copper-Thickness-Measure-Meter.webp","contentUrl":"https:\/\/kw-pcb-machine.com\/wp-content\/uploads\/2024\/12\/Hole-Copper-Thickness-Measure-Meter.webp","width":600,"height":667,"caption":"Hole Copper Thickness Measure Meter"},{"@type":"BreadcrumbList","@id":"https:\/\/kw-pcb-machine.com\/manufacturer\/plated-thru-hole-measurement-gauge\/#breadcrumb","itemListElement":[{"@type":"ListItem","position":1,"name":"Home","item":"https:\/\/kw-pcb-machine.com\/"},{"@type":"ListItem","position":2,"name":"Products","item":"https:\/\/kw-pcb-machine.com\/shop\/"},{"@type":"ListItem","position":3,"name":"Plated Thru-hole Measurement Gauge"}]},{"@type":"WebSite","@id":"https:\/\/kw-pcb-machine.com\/#website","url":"https:\/\/kw-pcb-machine.com\/","name":"Kewei Industries HK limited","description":"Fournisseur de machines de fabrication de circuits imprim\u00e9s (PCB)","potentialAction":[{"@type":"SearchAction","target":{"@type":"EntryPoint","urlTemplate":"https:\/\/kw-pcb-machine.com\/?s={search_term_string}"},"query-input":{"@type":"PropertyValueSpecification","valueRequired":true,"valueName":"search_term_string"}}],"inLanguage":"fr-FR"}]}},"_links":{"self":[{"href":"https:\/\/kw-pcb-machine.com\/fr\/wp-json\/wp\/v2\/product\/1854","targetHints":{"allow":["GET"]}}],"collection":[{"href":"https:\/\/kw-pcb-machine.com\/fr\/wp-json\/wp\/v2\/product"}],"about":[{"href":"https:\/\/kw-pcb-machine.com\/fr\/wp-json\/wp\/v2\/types\/product"}],"replies":[{"embeddable":true,"href":"https:\/\/kw-pcb-machine.com\/fr\/wp-json\/wp\/v2\/comments?post=1854"}],"wp:featuredmedia":[{"embeddable":true,"href":"https:\/\/kw-pcb-machine.com\/fr\/wp-json\/wp\/v2\/media\/1855"}],"wp:attachment":[{"href":"https:\/\/kw-pcb-machine.com\/fr\/wp-json\/wp\/v2\/media?parent=1854"}],"wp:term":[{"taxonomy":"product_brand","embeddable":true,"href":"https:\/\/kw-pcb-machine.com\/fr\/wp-json\/wp\/v2\/product_brand?post=1854"},{"taxonomy":"product_cat","embeddable":true,"href":"https:\/\/kw-pcb-machine.com\/fr\/wp-json\/wp\/v2\/product_cat?post=1854"},{"taxonomy":"product_tag","embeddable":true,"href":"https:\/\/kw-pcb-machine.com\/fr\/wp-json\/wp\/v2\/product_tag?post=1854"}],"curies":[{"name":"wp","href":"https:\/\/api.w.org\/{rel}","templated":true}]}}