{"id":1860,"date":"2024-12-23T08:39:38","date_gmt":"2024-12-23T08:39:38","guid":{"rendered":"https:\/\/kw-pcb-machine.com\/?post_type=product&#038;p=1860"},"modified":"2024-12-24T08:13:51","modified_gmt":"2024-12-24T08:13:51","slug":"machine-a-decouper-les-circuits-imprimes","status":"publish","type":"product","link":"https:\/\/kw-pcb-machine.com\/fr\/fabricant\/machine-a-decouper-les-circuits-imprimes\/","title":{"rendered":"Machine \u00e0 d\u00e9couper les circuits imprim\u00e9s"},"content":{"rendered":"<p><iframe loading=\"lazy\" title=\"Machine de d\u00e9coupe \u00e0 rouleaux pour circuits imprim\u00e9s\" width=\"1020\" height=\"574\" src=\"https:\/\/www.youtube.com\/embed\/O_HgWfUqFlg?feature=oembed\" frameborder=\"0\" allow=\"accelerometer; autoplay; clipboard-write; encrypted-media; gyroscope; picture-in-picture; web-share\" referrerpolicy=\"strict-origin-when-cross-origin\" allowfullscreen><\/iframe><\/p>\n<p><strong>Application : pour la d\u00e9coupe de circuits imprim\u00e9s<\/strong><\/p>\n\n<table id=\"tablepress-31\" class=\"tablepress tablepress-id-31\">\n<thead>\n<tr class=\"row-1\">\n\t<th class=\"column-1\">Objet<\/th><th class=\"column-2\">D\u00e9tail<\/th>\n<\/tr>\n<\/thead>\n<tbody class=\"row-striping row-hover\">\n<tr class=\"row-2\">\n\t<td class=\"column-1\">Mod\u00e8le :<\/td><td class=\"column-2\">KI-1500<\/td>\n<\/tr>\n<tr class=\"row-3\">\n\t<td class=\"column-1\">Dimension de la machine :<\/td><td class=\"column-2\">1950*1315*1135mm (LWH)<\/td>\n<\/tr>\n<tr class=\"row-4\">\n\t<td class=\"column-1\">Hauteur de travail :<\/td><td class=\"column-2\">750mm<\/td>\n<\/tr>\n<tr class=\"row-5\">\n\t<td class=\"column-1\">Poids de la machine : 1,5T<\/td><td class=\"column-2\">1.5T<\/td>\n<\/tr>\n<tr class=\"row-6\">\n\t<td class=\"column-1\">Puissance :<\/td><td class=\"column-2\">3P,380 4KW avec fil de terre<\/td>\n<\/tr>\n<tr class=\"row-7\">\n\t<td class=\"column-1\">\u00c9paisseur de travail :<\/td><td class=\"column-2\">Autres CCL0,2~3,0mm, <br \/>\nAL CCL0,3~1,6mm<\/td>\n<\/tr>\n<tr class=\"row-8\">\n\t<td class=\"column-1\">Max. Largeur de coupe :<\/td><td class=\"column-2\">1500mm<\/td>\n<\/tr>\n<tr class=\"row-9\">\n\t<td class=\"column-1\">Norme de lame :<\/td><td class=\"column-2\">D200*d150*16T<\/td>\n<\/tr>\n<tr class=\"row-10\">\n\t<td class=\"column-1\">Vitesse de rotation de la lame :<\/td><td class=\"column-2\">45 RPM<\/td>\n<\/tr>\n<tr class=\"row-11\">\n\t<td class=\"column-1\">Vitesse de coupe :<\/td><td class=\"column-2\">15m\/min<\/td>\n<\/tr>\n<\/tbody>\n<\/table>\n<!-- #tablepress-31 from cache -->\n<a href=\"https:\/\/kw-pcb-machine.com\/fr\/contact\/\" class=\"button primary is-shade box-shadow-3 box-shadow-5-hover\"  style=\"border-radius:5px;\">\n    <span>Demande de devis<\/span>\n  <\/a>","protected":false},"excerpt":{"rendered":"<ul>\n<li><strong>Haute pr\u00e9cision et exactitude : <\/strong>Nos machines de d\u00e9coupe de circuits imprim\u00e9s de pointe permettent d'obtenir des coupes pr\u00e9cises et nettes \u00e0 chaque fois, ce qui garantit un minimum d'erreurs et une qualit\u00e9 constante.<\/li>\n<li><strong>Conception durable : <\/strong>Construites avec des mat\u00e9riaux robustes, nos machines sont con\u00e7ues pour r\u00e9sister \u00e0 des volumes de production \u00e9lev\u00e9s tout en conservant d'excellentes performances au fil du temps.<\/li>\n<li><strong>Fonctionnement convivial : <\/strong>\u00c9quip\u00e9es de commandes intuitives et de fonctions automatis\u00e9es, nos machines de d\u00e9coupe de circuits imprim\u00e9s sont faciles \u00e0 utiliser, ce qui r\u00e9duit le temps de formation et les co\u00fbts de main-d'\u0153uvre.<\/li>\n<\/ul>","protected":false},"featured_media":1861,"comment_status":"open","ping_status":"closed","template":"","meta":[],"product_brand":[],"product_cat":[50,15],"product_tag":[],"class_list":{"0":"post-1860","1":"product","2":"type-product","3":"status-publish","4":"has-post-thumbnail","6":"product_cat-new-pcb-fabrication-machine","7":"product_cat-laminate-shear","9":"first","10":"instock","11":"shipping-taxable","12":"product-type-simple"},"yoast_head":"<!-- This site is optimized with the Yoast SEO plugin v25.5 - https:\/\/yoast.com\/wordpress\/plugins\/seo\/ -->\n<title>Affordable PCB Cutting Machines \u2013 Boost Your Efficiency Today<\/title>\n<meta name=\"description\" content=\"Find cost-effective PCB cutting machines that deliver superior performance. Perfect for streamlining manufacturing processes with precision and speed.\" \/>\n<meta name=\"robots\" content=\"index, follow, max-snippet:-1, max-image-preview:large, max-video-preview:-1\" \/>\n<link rel=\"canonical\" href=\"https:\/\/kw-pcb-machine.com\/fr\/fabricant\/machine-a-decouper-les-circuits-imprimes\/\" \/>\n<meta property=\"og:locale\" content=\"fr_FR\" \/>\n<meta property=\"og:type\" content=\"article\" \/>\n<meta property=\"og:title\" content=\"Affordable PCB Cutting Machines \u2013 Boost Your Efficiency Today\" \/>\n<meta property=\"og:description\" content=\"Find cost-effective PCB cutting machines that deliver superior performance. Perfect for streamlining manufacturing processes with precision and speed.\" \/>\n<meta property=\"og:url\" content=\"https:\/\/kw-pcb-machine.com\/fr\/fabricant\/machine-a-decouper-les-circuits-imprimes\/\" \/>\n<meta property=\"og:site_name\" content=\"Kewei Industries HK limited\" \/>\n<meta property=\"article:modified_time\" content=\"2024-12-24T08:13:51+00:00\" \/>\n<meta property=\"og:image\" content=\"https:\/\/kw-pcb-machine.com\/wp-content\/uploads\/2024\/12\/pcb-cutting-machine.webp\" \/>\n\t<meta property=\"og:image:width\" content=\"600\" \/>\n\t<meta property=\"og:image:height\" content=\"600\" \/>\n\t<meta property=\"og:image:type\" content=\"image\/webp\" \/>\n<meta name=\"twitter:card\" content=\"summary_large_image\" \/>\n<meta name=\"twitter:label1\" content=\"Dur\u00e9e de lecture estim\u00e9e\" \/>\n\t<meta name=\"twitter:data1\" content=\"1 minute\" \/>\n<script type=\"application\/ld+json\" class=\"yoast-schema-graph\">{\"@context\":\"https:\/\/schema.org\",\"@graph\":[{\"@type\":\"WebPage\",\"@id\":\"https:\/\/kw-pcb-machine.com\/manufacturer\/pcb-cutting-machine\/\",\"url\":\"https:\/\/kw-pcb-machine.com\/manufacturer\/pcb-cutting-machine\/\",\"name\":\"Affordable PCB Cutting Machines \u2013 Boost Your Efficiency Today\",\"isPartOf\":{\"@id\":\"https:\/\/kw-pcb-machine.com\/#website\"},\"primaryImageOfPage\":{\"@id\":\"https:\/\/kw-pcb-machine.com\/manufacturer\/pcb-cutting-machine\/#primaryimage\"},\"image\":{\"@id\":\"https:\/\/kw-pcb-machine.com\/manufacturer\/pcb-cutting-machine\/#primaryimage\"},\"thumbnailUrl\":\"https:\/\/kw-pcb-machine.com\/wp-content\/uploads\/2024\/12\/pcb-cutting-machine.webp\",\"datePublished\":\"2024-12-23T08:39:38+00:00\",\"dateModified\":\"2024-12-24T08:13:51+00:00\",\"description\":\"Find cost-effective PCB cutting machines that deliver superior performance. Perfect for streamlining manufacturing processes with precision and speed.\",\"breadcrumb\":{\"@id\":\"https:\/\/kw-pcb-machine.com\/manufacturer\/pcb-cutting-machine\/#breadcrumb\"},\"inLanguage\":\"fr-FR\",\"potentialAction\":[{\"@type\":\"ReadAction\",\"target\":[\"https:\/\/kw-pcb-machine.com\/manufacturer\/pcb-cutting-machine\/\"]}]},{\"@type\":\"ImageObject\",\"inLanguage\":\"fr-FR\",\"@id\":\"https:\/\/kw-pcb-machine.com\/manufacturer\/pcb-cutting-machine\/#primaryimage\",\"url\":\"https:\/\/kw-pcb-machine.com\/wp-content\/uploads\/2024\/12\/pcb-cutting-machine.webp\",\"contentUrl\":\"https:\/\/kw-pcb-machine.com\/wp-content\/uploads\/2024\/12\/pcb-cutting-machine.webp\",\"width\":600,\"height\":600,\"caption\":\"pcb cutting machine\"},{\"@type\":\"BreadcrumbList\",\"@id\":\"https:\/\/kw-pcb-machine.com\/manufacturer\/pcb-cutting-machine\/#breadcrumb\",\"itemListElement\":[{\"@type\":\"ListItem\",\"position\":1,\"name\":\"Home\",\"item\":\"https:\/\/kw-pcb-machine.com\/\"},{\"@type\":\"ListItem\",\"position\":2,\"name\":\"Products\",\"item\":\"https:\/\/kw-pcb-machine.com\/shop\/\"},{\"@type\":\"ListItem\",\"position\":3,\"name\":\"PCB Cutting Machine\"}]},{\"@type\":\"WebSite\",\"@id\":\"https:\/\/kw-pcb-machine.com\/#website\",\"url\":\"https:\/\/kw-pcb-machine.com\/\",\"name\":\"Kewei Industries HK limited\",\"description\":\"Printed Circuit Board (PCB) Making Machine Supplier\",\"potentialAction\":[{\"@type\":\"SearchAction\",\"target\":{\"@type\":\"EntryPoint\",\"urlTemplate\":\"https:\/\/kw-pcb-machine.com\/?s={search_term_string}\"},\"query-input\":{\"@type\":\"PropertyValueSpecification\",\"valueRequired\":true,\"valueName\":\"search_term_string\"}}],\"inLanguage\":\"fr-FR\"}]}<\/script>\n<!-- \/ Yoast SEO plugin. -->","yoast_head_json":{"title":"Machines de d\u00e9coupe de circuits imprim\u00e9s abordables - Augmentez votre efficacit\u00e9 d\u00e8s aujourd'hui","description":"Trouvez des machines de d\u00e9coupe de circuits imprim\u00e9s rentables qui offrent des performances sup\u00e9rieures. Parfaites pour rationaliser les processus de fabrication avec pr\u00e9cision et rapidit\u00e9.","robots":{"index":"index","follow":"follow","max-snippet":"max-snippet:-1","max-image-preview":"max-image-preview:large","max-video-preview":"max-video-preview:-1"},"canonical":"https:\/\/kw-pcb-machine.com\/fr\/fabricant\/machine-a-decouper-les-circuits-imprimes\/","og_locale":"fr_FR","og_type":"article","og_title":"Affordable PCB Cutting Machines \u2013 Boost Your Efficiency Today","og_description":"Find cost-effective PCB cutting machines that deliver superior performance. Perfect for streamlining manufacturing processes with precision and speed.","og_url":"https:\/\/kw-pcb-machine.com\/fr\/fabricant\/machine-a-decouper-les-circuits-imprimes\/","og_site_name":"Kewei Industries HK limited","article_modified_time":"2024-12-24T08:13:51+00:00","og_image":[{"width":600,"height":600,"url":"https:\/\/kw-pcb-machine.com\/wp-content\/uploads\/2024\/12\/pcb-cutting-machine.webp","type":"image\/webp"}],"twitter_card":"summary_large_image","twitter_misc":{"Dur\u00e9e de lecture estim\u00e9e":"1 minute"},"schema":{"@context":"https:\/\/schema.org","@graph":[{"@type":"WebPage","@id":"https:\/\/kw-pcb-machine.com\/manufacturer\/pcb-cutting-machine\/","url":"https:\/\/kw-pcb-machine.com\/manufacturer\/pcb-cutting-machine\/","name":"Machines de d\u00e9coupe de circuits imprim\u00e9s abordables - Augmentez votre efficacit\u00e9 d\u00e8s aujourd'hui","isPartOf":{"@id":"https:\/\/kw-pcb-machine.com\/#website"},"primaryImageOfPage":{"@id":"https:\/\/kw-pcb-machine.com\/manufacturer\/pcb-cutting-machine\/#primaryimage"},"image":{"@id":"https:\/\/kw-pcb-machine.com\/manufacturer\/pcb-cutting-machine\/#primaryimage"},"thumbnailUrl":"https:\/\/kw-pcb-machine.com\/wp-content\/uploads\/2024\/12\/pcb-cutting-machine.webp","datePublished":"2024-12-23T08:39:38+00:00","dateModified":"2024-12-24T08:13:51+00:00","description":"Trouvez des machines de d\u00e9coupe de circuits imprim\u00e9s rentables qui offrent des performances sup\u00e9rieures. Parfaites pour rationaliser les processus de fabrication avec pr\u00e9cision et rapidit\u00e9.","breadcrumb":{"@id":"https:\/\/kw-pcb-machine.com\/manufacturer\/pcb-cutting-machine\/#breadcrumb"},"inLanguage":"fr-FR","potentialAction":[{"@type":"ReadAction","target":["https:\/\/kw-pcb-machine.com\/manufacturer\/pcb-cutting-machine\/"]}]},{"@type":"ImageObject","inLanguage":"fr-FR","@id":"https:\/\/kw-pcb-machine.com\/manufacturer\/pcb-cutting-machine\/#primaryimage","url":"https:\/\/kw-pcb-machine.com\/wp-content\/uploads\/2024\/12\/pcb-cutting-machine.webp","contentUrl":"https:\/\/kw-pcb-machine.com\/wp-content\/uploads\/2024\/12\/pcb-cutting-machine.webp","width":600,"height":600,"caption":"pcb cutting machine"},{"@type":"BreadcrumbList","@id":"https:\/\/kw-pcb-machine.com\/manufacturer\/pcb-cutting-machine\/#breadcrumb","itemListElement":[{"@type":"ListItem","position":1,"name":"Home","item":"https:\/\/kw-pcb-machine.com\/"},{"@type":"ListItem","position":2,"name":"Products","item":"https:\/\/kw-pcb-machine.com\/shop\/"},{"@type":"ListItem","position":3,"name":"PCB Cutting Machine"}]},{"@type":"WebSite","@id":"https:\/\/kw-pcb-machine.com\/#website","url":"https:\/\/kw-pcb-machine.com\/","name":"Kewei Industries HK limited","description":"Fournisseur de machines de fabrication de circuits imprim\u00e9s (PCB)","potentialAction":[{"@type":"SearchAction","target":{"@type":"EntryPoint","urlTemplate":"https:\/\/kw-pcb-machine.com\/?s={search_term_string}"},"query-input":{"@type":"PropertyValueSpecification","valueRequired":true,"valueName":"search_term_string"}}],"inLanguage":"fr-FR"}]}},"_links":{"self":[{"href":"https:\/\/kw-pcb-machine.com\/fr\/wp-json\/wp\/v2\/product\/1860","targetHints":{"allow":["GET"]}}],"collection":[{"href":"https:\/\/kw-pcb-machine.com\/fr\/wp-json\/wp\/v2\/product"}],"about":[{"href":"https:\/\/kw-pcb-machine.com\/fr\/wp-json\/wp\/v2\/types\/product"}],"replies":[{"embeddable":true,"href":"https:\/\/kw-pcb-machine.com\/fr\/wp-json\/wp\/v2\/comments?post=1860"}],"wp:featuredmedia":[{"embeddable":true,"href":"https:\/\/kw-pcb-machine.com\/fr\/wp-json\/wp\/v2\/media\/1861"}],"wp:attachment":[{"href":"https:\/\/kw-pcb-machine.com\/fr\/wp-json\/wp\/v2\/media?parent=1860"}],"wp:term":[{"taxonomy":"product_brand","embeddable":true,"href":"https:\/\/kw-pcb-machine.com\/fr\/wp-json\/wp\/v2\/product_brand?post=1860"},{"taxonomy":"product_cat","embeddable":true,"href":"https:\/\/kw-pcb-machine.com\/fr\/wp-json\/wp\/v2\/product_cat?post=1860"},{"taxonomy":"product_tag","embeddable":true,"href":"https:\/\/kw-pcb-machine.com\/fr\/wp-json\/wp\/v2\/product_tag?post=1860"}],"curies":[{"name":"wp","href":"https:\/\/api.w.org\/{rel}","templated":true}]}}