{"id":1990,"date":"2026-04-22T11:29:59","date_gmt":"2026-04-22T11:29:59","guid":{"rendered":"https:\/\/kw-pcb-machine.com\/?post_type=product&#038;p=1990"},"modified":"2026-04-23T08:59:32","modified_gmt":"2026-04-23T08:59:32","slug":"3-spindle-routing-machine","status":"publish","type":"product","link":"https:\/\/kw-pcb-machine.com\/fr\/fabricant\/3-spindle-routing-machine\/","title":{"rendered":"3-Spindle Routing Machine"},"content":{"rendered":"<p><strong>Application: Precision machining of PCBs including routing, profiling and cutting in electronic manufacturing. (New Machine)<\/strong><\/p>\n\n<table id=\"tablepress-51\" class=\"tablepress tablepress-id-51\">\n<thead>\n<tr class=\"row-1\">\n\t<th class=\"column-1\">Objet<\/th><th class=\"column-2\">Para.<\/th><th class=\"column-3\">Para.<\/th>\n<\/tr>\n<\/thead>\n<tbody class=\"row-striping row-hover\">\n<tr class=\"row-2\">\n\t<td class=\"column-1\">Product Name<\/td><td class=\"column-2\">3-Spindle Routing Machine (Standard table) SR3<\/td><td class=\"column-3\">3-Spindle  Routing Machine (Large table) SR3<\/td>\n<\/tr>\n<tr class=\"row-3\">\n\t<td class=\"column-1\">Mod\u00e8le<\/td><td class=\"column-2\">KISR3T-5668<\/td><td class=\"column-3\">KISR3T-6575<br \/>\n<\/td>\n<\/tr>\n<tr class=\"row-4\">\n\t<td class=\"column-1\">Corps de la machine\t<\/td><td class=\"column-2\">Granit (banc de tournage, base)<\/td><td class=\"column-3\">Granit (banc de tournage, base)<\/td>\n<\/tr>\n<tr class=\"row-5\">\n\t<td class=\"column-1\">Nombre de broches<\/td><td class=\"column-2\">3<\/td><td class=\"column-3\">3<\/td>\n<\/tr>\n<tr class=\"row-6\">\n\t<td class=\"column-1\">Vitesse de la broche<\/td><td class=\"column-2\">15-60k rpm<\/td><td class=\"column-3\">15-60k rpm<\/td>\n<\/tr>\n<tr class=\"row-7\">\n\t<td class=\"column-1\">Tool magazine capacity<\/td><td class=\"column-2\">3*10 (Optional: 3\u00d7100)<\/td><td class=\"column-3\">3*10 (Optional: 3\u00d7100)<\/td>\n<\/tr>\n<tr class=\"row-8\">\n\t<td class=\"column-1\">Transmission mode<\/td><td class=\"column-2\">PMI\/Hiwin ball screw (linear motor optional)<\/td><td class=\"column-3\">PMI\/Hiwin ball screw (linear motor optional)<\/td>\n<\/tr>\n<tr class=\"row-9\">\n\t<td class=\"column-1\">Motor<\/td><td class=\"column-2\">Delta\uff08Optional linear servo\uff09<\/td><td class=\"column-3\">Delta\uff08Optional linear servo\uff09<\/td>\n<\/tr>\n<tr class=\"row-10\">\n\t<td class=\"column-1\">Marque de l'onduleur<\/td><td class=\"column-2\">Delta<\/td><td class=\"column-3\">Delta<\/td>\n<\/tr>\n<tr class=\"row-11\">\n\t<td class=\"column-1\">Measure system X\/Y axis<\/td><td class=\"column-2\">Encoder (Optional imported grating ruler, minimum resolution 0.5 \u03bcm)<\/td><td class=\"column-3\">Encoder (Optional imported grating ruler, minimum resolution 0.5 \u03bcm)<\/td>\n<\/tr>\n<tr class=\"row-12\">\n\t<td class=\"column-1\">Position accuracy<\/td><td class=\"column-2\">\u00b10.005mm<\/td><td class=\"column-3\">\u00b10.005mm<\/td>\n<\/tr>\n<tr class=\"row-13\">\n\t<td class=\"column-1\">Repeatability accuracy<\/td><td class=\"column-2\">\u00b10.005mm<\/td><td class=\"column-3\">\u00b10.005mm<br \/>\n<\/td>\n<\/tr>\n<tr class=\"row-14\">\n\t<td class=\"column-1\">Tool detection<\/td><td class=\"column-2\">Length detection \/ Diameter detection (Broken tool detection optional)<\/td><td class=\"column-3\">Length detection \/ Diameter detection (Broken tool detection optional)<\/td>\n<\/tr>\n<tr class=\"row-15\">\n\t<td class=\"column-1\">Vitesse de d\u00e9placement max. des axes X et Y<\/td><td class=\"column-2\">50m\/min<\/td><td class=\"column-3\">50m\/min<\/td>\n<\/tr>\n<tr class=\"row-16\">\n\t<td class=\"column-1\">Vitesse de d\u00e9placement max. de l'axe Z<\/td><td class=\"column-2\">30m\/min<\/td><td class=\"column-3\">30m\/min<\/td>\n<\/tr>\n<tr class=\"row-17\">\n\t<td class=\"column-1\">Dimensions de la machine<\/td><td class=\"column-2\">L2740mm*W1950mm*H1900mm<\/td><td class=\"column-3\">L3000mm*W1950mm*H1900mm<\/td>\n<\/tr>\n<tr class=\"row-18\">\n\t<td class=\"column-1\">Poids net de la machine<\/td><td class=\"column-2\">4500KG<\/td><td class=\"column-3\">5000KG<\/td>\n<\/tr>\n<tr class=\"row-19\">\n\t<td class=\"column-1\">Humidity<\/td><td class=\"column-2\">50%-65%<\/td><td class=\"column-3\">50%-65%<\/td>\n<\/tr>\n<tr class=\"row-20\">\n\t<td class=\"column-1\">Noise<\/td><td class=\"column-2\">\u226465dBA<\/td><td class=\"column-3\">\u226465dBA<\/td>\n<\/tr>\n<tr class=\"row-21\">\n\t<td class=\"column-1\">Pression d'air requise\t<\/td><td class=\"column-2\">7-8 bar (2000 L\/min, with rubber hose outer diameter \u03c612 mm)<\/td><td class=\"column-3\">7-8 bar (2000 L\/min, with rubber hose outer diameter \u03c612 mm)<\/td>\n<\/tr>\n<tr class=\"row-22\">\n\t<td class=\"column-1\">Puissance requise\t<\/td><td class=\"column-2\">3PH-AC380+PE, 50\/60Hz, 10KVA<br \/>\n(External voltage stabilizer required: 380V\u00b15%, 2% accuracy, lightning protection)<\/td><td class=\"column-3\">3PH-AC380+PE, 50\/60Hz, 10KVA<br \/>\n(External voltage stabilizer required: 380V\u00b15%, 2% accuracy, lightning protection)<\/td>\n<\/tr>\n<tr class=\"row-23\">\n\t<td class=\"column-1\">Exigences en mati\u00e8re de d\u00e9poussi\u00e9rage<\/td><td class=\"column-2\">Flow: 3.6m\u00b3\/min, Negative Pressure: 12kPa, Dia: \u03c650mm<\/td><td class=\"column-3\">Flow: 3.6m\u00b3\/min, Negative Pressure: 12kPa, Dia: \u03c650mm<\/td>\n<\/tr>\n<\/tbody>\n<\/table>\n<!-- #tablepress-51 from cache -->\n<a href=\"https:\/\/kw-pcb-machine.com\/fr\/contact\/\" class=\"button primary is-shade box-shadow-3 box-shadow-5-hover\"  style=\"border-radius:5px;\">\n    <span>Demande de devis<\/span>\n  <\/a>","protected":false},"excerpt":{"rendered":"<ul>\n<li>The entire machine is constructed from high-quality granite (including the machine base, crossbeam, and machine feet).<\/li>\n<li>It features automatic tool change, automatic material ejection, air-sealed tool lifting, and spindle over-temperature alarm functions.<\/li>\n<li>The process parameters can be modified in real time according to different workpieces.<\/li>\n<li>Milling files are processed fully automatically, including automatic curve closing, connection, cutting direction, tool entry direction, etc.<\/li>\n<\/ul>","protected":false},"featured_media":1991,"comment_status":"open","ping_status":"closed","template":"","meta":[],"product_brand":[],"product_cat":[36,50],"product_tag":[],"class_list":{"0":"post-1990","1":"product","2":"type-product","3":"status-publish","4":"has-post-thumbnail","6":"product_cat-driller-router-cnc","7":"product_cat-new-pcb-fabrication-machine","9":"first","10":"instock","11":"shipping-taxable","12":"product-type-simple"},"yoast_head":"<!-- This site is optimized with the Yoast SEO plugin v27.4 - https:\/\/yoast.com\/product\/yoast-seo-wordpress\/ -->\n<title>Professional PCB Milling &amp; Routing Machine for Electronics<\/title>\n<meta name=\"description\" content=\"Stable and easy to operate, the CNC PCB milling machine ensures smooth machining and consistent quality in mass production.\" \/>\n<meta name=\"robots\" content=\"index, follow, max-snippet:-1, max-image-preview:large, max-video-preview:-1\" \/>\n<link rel=\"canonical\" href=\"https:\/\/kw-pcb-machine.com\/fr\/fabricant\/3-spindle-routing-machine\/\" \/>\n<meta property=\"og:locale\" content=\"fr_FR\" \/>\n<meta property=\"og:type\" content=\"article\" \/>\n<meta property=\"og:title\" content=\"Professional PCB Milling &amp; Routing Machine for Electronics\" \/>\n<meta property=\"og:description\" content=\"Stable and easy to operate, the CNC PCB milling machine ensures smooth machining and consistent quality in mass production.\" \/>\n<meta property=\"og:url\" content=\"https:\/\/kw-pcb-machine.com\/fr\/fabricant\/3-spindle-routing-machine\/\" \/>\n<meta property=\"og:site_name\" content=\"Kewei Industries HK limited\" \/>\n<meta property=\"article:modified_time\" content=\"2026-04-23T08:59:32+00:00\" \/>\n<meta property=\"og:image\" content=\"https:\/\/kw-pcb-machine.com\/wp-content\/uploads\/2026\/04\/printed-circuit-board-milling-machine.jpg\" \/>\n\t<meta property=\"og:image:width\" content=\"600\" \/>\n\t<meta property=\"og:image:height\" content=\"600\" \/>\n\t<meta property=\"og:image:type\" content=\"image\/jpeg\" \/>\n<meta name=\"twitter:card\" content=\"summary_large_image\" \/>\n<meta name=\"twitter:label1\" content=\"Dur\u00e9e de lecture estim\u00e9e\" \/>\n\t<meta name=\"twitter:data1\" content=\"1 minute\" \/>\n<script type=\"application\/ld+json\" class=\"yoast-schema-graph\">{\"@context\":\"https:\\\/\\\/schema.org\",\"@graph\":[{\"@type\":\"WebPage\",\"@id\":\"https:\\\/\\\/kw-pcb-machine.com\\\/manufacturer\\\/3-spindle-routing-machine\\\/\",\"url\":\"https:\\\/\\\/kw-pcb-machine.com\\\/manufacturer\\\/3-spindle-routing-machine\\\/\",\"name\":\"Professional PCB Milling & Routing Machine for Electronics\",\"isPartOf\":{\"@id\":\"https:\\\/\\\/kw-pcb-machine.com\\\/#website\"},\"primaryImageOfPage\":{\"@id\":\"https:\\\/\\\/kw-pcb-machine.com\\\/manufacturer\\\/3-spindle-routing-machine\\\/#primaryimage\"},\"image\":{\"@id\":\"https:\\\/\\\/kw-pcb-machine.com\\\/manufacturer\\\/3-spindle-routing-machine\\\/#primaryimage\"},\"thumbnailUrl\":\"https:\\\/\\\/kw-pcb-machine.com\\\/wp-content\\\/uploads\\\/2026\\\/04\\\/printed-circuit-board-milling-machine.jpg\",\"datePublished\":\"2026-04-22T11:29:59+00:00\",\"dateModified\":\"2026-04-23T08:59:32+00:00\",\"description\":\"Stable and easy to operate, the CNC PCB milling machine ensures smooth machining and consistent quality in mass production.\",\"breadcrumb\":{\"@id\":\"https:\\\/\\\/kw-pcb-machine.com\\\/manufacturer\\\/3-spindle-routing-machine\\\/#breadcrumb\"},\"inLanguage\":\"fr-FR\",\"potentialAction\":[{\"@type\":\"ReadAction\",\"target\":[\"https:\\\/\\\/kw-pcb-machine.com\\\/manufacturer\\\/3-spindle-routing-machine\\\/\"]}]},{\"@type\":\"ImageObject\",\"inLanguage\":\"fr-FR\",\"@id\":\"https:\\\/\\\/kw-pcb-machine.com\\\/manufacturer\\\/3-spindle-routing-machine\\\/#primaryimage\",\"url\":\"https:\\\/\\\/kw-pcb-machine.com\\\/wp-content\\\/uploads\\\/2026\\\/04\\\/printed-circuit-board-milling-machine.jpg\",\"contentUrl\":\"https:\\\/\\\/kw-pcb-machine.com\\\/wp-content\\\/uploads\\\/2026\\\/04\\\/printed-circuit-board-milling-machine.jpg\",\"width\":600,\"height\":600},{\"@type\":\"BreadcrumbList\",\"@id\":\"https:\\\/\\\/kw-pcb-machine.com\\\/manufacturer\\\/3-spindle-routing-machine\\\/#breadcrumb\",\"itemListElement\":[{\"@type\":\"ListItem\",\"position\":1,\"name\":\"Home\",\"item\":\"https:\\\/\\\/kw-pcb-machine.com\\\/\"},{\"@type\":\"ListItem\",\"position\":2,\"name\":\"Products\",\"item\":\"https:\\\/\\\/kw-pcb-machine.com\\\/shop\\\/\"},{\"@type\":\"ListItem\",\"position\":3,\"name\":\"3-Spindle Routing Machine\"}]},{\"@type\":\"WebSite\",\"@id\":\"https:\\\/\\\/kw-pcb-machine.com\\\/#website\",\"url\":\"https:\\\/\\\/kw-pcb-machine.com\\\/\",\"name\":\"Kewei Industries HK limited\",\"description\":\"Printed Circuit Board (PCB) Making Machine Supplier\",\"potentialAction\":[{\"@type\":\"SearchAction\",\"target\":{\"@type\":\"EntryPoint\",\"urlTemplate\":\"https:\\\/\\\/kw-pcb-machine.com\\\/?s={search_term_string}\"},\"query-input\":{\"@type\":\"PropertyValueSpecification\",\"valueRequired\":true,\"valueName\":\"search_term_string\"}}],\"inLanguage\":\"fr-FR\"}]}<\/script>\n<!-- \/ Yoast SEO plugin. -->","yoast_head_json":{"title":"Professional PCB Milling & Routing Machine for Electronics","description":"Stable and easy to operate, the CNC PCB milling machine ensures smooth machining and consistent quality in mass production.","robots":{"index":"index","follow":"follow","max-snippet":"max-snippet:-1","max-image-preview":"max-image-preview:large","max-video-preview":"max-video-preview:-1"},"canonical":"https:\/\/kw-pcb-machine.com\/fr\/fabricant\/3-spindle-routing-machine\/","og_locale":"fr_FR","og_type":"article","og_title":"Professional PCB Milling & Routing Machine for Electronics","og_description":"Stable and easy to operate, the CNC PCB milling machine ensures smooth machining and consistent quality in mass production.","og_url":"https:\/\/kw-pcb-machine.com\/fr\/fabricant\/3-spindle-routing-machine\/","og_site_name":"Kewei Industries HK limited","article_modified_time":"2026-04-23T08:59:32+00:00","og_image":[{"width":600,"height":600,"url":"https:\/\/kw-pcb-machine.com\/wp-content\/uploads\/2026\/04\/printed-circuit-board-milling-machine.jpg","type":"image\/jpeg"}],"twitter_card":"summary_large_image","twitter_misc":{"Dur\u00e9e de lecture estim\u00e9e":"1 minute"},"schema":{"@context":"https:\/\/schema.org","@graph":[{"@type":"WebPage","@id":"https:\/\/kw-pcb-machine.com\/manufacturer\/3-spindle-routing-machine\/","url":"https:\/\/kw-pcb-machine.com\/manufacturer\/3-spindle-routing-machine\/","name":"Professional PCB Milling & Routing Machine for Electronics","isPartOf":{"@id":"https:\/\/kw-pcb-machine.com\/#website"},"primaryImageOfPage":{"@id":"https:\/\/kw-pcb-machine.com\/manufacturer\/3-spindle-routing-machine\/#primaryimage"},"image":{"@id":"https:\/\/kw-pcb-machine.com\/manufacturer\/3-spindle-routing-machine\/#primaryimage"},"thumbnailUrl":"https:\/\/kw-pcb-machine.com\/wp-content\/uploads\/2026\/04\/printed-circuit-board-milling-machine.jpg","datePublished":"2026-04-22T11:29:59+00:00","dateModified":"2026-04-23T08:59:32+00:00","description":"Stable and easy to operate, the CNC PCB milling machine ensures smooth machining and consistent quality in mass production.","breadcrumb":{"@id":"https:\/\/kw-pcb-machine.com\/manufacturer\/3-spindle-routing-machine\/#breadcrumb"},"inLanguage":"fr-FR","potentialAction":[{"@type":"ReadAction","target":["https:\/\/kw-pcb-machine.com\/manufacturer\/3-spindle-routing-machine\/"]}]},{"@type":"ImageObject","inLanguage":"fr-FR","@id":"https:\/\/kw-pcb-machine.com\/manufacturer\/3-spindle-routing-machine\/#primaryimage","url":"https:\/\/kw-pcb-machine.com\/wp-content\/uploads\/2026\/04\/printed-circuit-board-milling-machine.jpg","contentUrl":"https:\/\/kw-pcb-machine.com\/wp-content\/uploads\/2026\/04\/printed-circuit-board-milling-machine.jpg","width":600,"height":600},{"@type":"BreadcrumbList","@id":"https:\/\/kw-pcb-machine.com\/manufacturer\/3-spindle-routing-machine\/#breadcrumb","itemListElement":[{"@type":"ListItem","position":1,"name":"Home","item":"https:\/\/kw-pcb-machine.com\/"},{"@type":"ListItem","position":2,"name":"Products","item":"https:\/\/kw-pcb-machine.com\/shop\/"},{"@type":"ListItem","position":3,"name":"3-Spindle Routing Machine"}]},{"@type":"WebSite","@id":"https:\/\/kw-pcb-machine.com\/#website","url":"https:\/\/kw-pcb-machine.com\/","name":"Kewei Industries HK limited","description":"Fournisseur de machines de fabrication de circuits imprim\u00e9s (PCB)","potentialAction":[{"@type":"SearchAction","target":{"@type":"EntryPoint","urlTemplate":"https:\/\/kw-pcb-machine.com\/?s={search_term_string}"},"query-input":{"@type":"PropertyValueSpecification","valueRequired":true,"valueName":"search_term_string"}}],"inLanguage":"fr-FR"}]}},"_links":{"self":[{"href":"https:\/\/kw-pcb-machine.com\/fr\/wp-json\/wp\/v2\/product\/1990","targetHints":{"allow":["GET"]}}],"collection":[{"href":"https:\/\/kw-pcb-machine.com\/fr\/wp-json\/wp\/v2\/product"}],"about":[{"href":"https:\/\/kw-pcb-machine.com\/fr\/wp-json\/wp\/v2\/types\/product"}],"replies":[{"embeddable":true,"href":"https:\/\/kw-pcb-machine.com\/fr\/wp-json\/wp\/v2\/comments?post=1990"}],"wp:featuredmedia":[{"embeddable":true,"href":"https:\/\/kw-pcb-machine.com\/fr\/wp-json\/wp\/v2\/media\/1991"}],"wp:attachment":[{"href":"https:\/\/kw-pcb-machine.com\/fr\/wp-json\/wp\/v2\/media?parent=1990"}],"wp:term":[{"taxonomy":"product_brand","embeddable":true,"href":"https:\/\/kw-pcb-machine.com\/fr\/wp-json\/wp\/v2\/product_brand?post=1990"},{"taxonomy":"product_cat","embeddable":true,"href":"https:\/\/kw-pcb-machine.com\/fr\/wp-json\/wp\/v2\/product_cat?post=1990"},{"taxonomy":"product_tag","embeddable":true,"href":"https:\/\/kw-pcb-machine.com\/fr\/wp-json\/wp\/v2\/product_tag?post=1990"}],"curies":[{"name":"wp","href":"https:\/\/api.w.org\/{rel}","templated":true}]}}